{"id":795,"date":"2025-04-29T07:51:34","date_gmt":"2025-04-29T07:51:34","guid":{"rendered":"https:\/\/dcv-berger-allemand.fr\/?page_id=795"},"modified":"2025-10-25T20:20:47","modified_gmt":"2025-10-25T20:20:47","slug":"jeunes","status":"publish","type":"page","link":"https:\/\/dcv-berger-allemand.fr\/fr_fr\/elevage\/portees-en-cours-et-a-venir\/jeunes\/","title":{"rendered":"Jeunes ou adultes"},"content":{"rendered":"<h2><a href=\"https:\/\/dcv-berger-allemand.fr\/contact\/\"><span style=\"color: #3366ff;\">Vous souhaitez des informations, savoir si nous avons des jeunes ou des adultes disponibles,\u00a0 vous \u00eates au bon endroit!<\/span><\/a><\/h2>\n<p>&nbsp;<\/p>\n<p>Tous les profils , pedigrees et r\u00e9sultats v\u00e9rifiables sur<a href=\"https:\/\/www.centrale-canine.fr\/lofselect\/recherche-chien\" target=\"_blank\" rel=\"noopener\"> le site de la centrale canine ici <\/a>ou sur working dog, lien en tapant sur le nom du chien<\/p>\n<p>&nbsp;<\/p>\n<p><span style=\"color: #ff0000;\">Actuellement Volcan Des Crocs V\u00e9ritables est dispo de suite. Id\u00e9al pour stage agent cynophile, administration, famille active ou garde de propri\u00e9t\u00e9. N&rsquo;h\u00e9sitez pas \u00e0 nous consulter !\u00a0<a href=\"https:\/\/dcv-berger-allemand.fr\/contact\/\">Contact<\/a><\/span><\/p>\n<p><a href=\"https:\/\/www.centrale-canine.fr\/lofselect\/chien\/volcan-8659859\" target=\"_blank\" rel=\"noopener\">Volcan des Crocs V\u00e9ritables<\/a><\/p>\n<p style=\"padding-left: 40px;\"><img loading=\"lazy\" decoding=\"async\" class=\"alignnone size-medium wp-image-1440\" src=\"https:\/\/dcv-berger-allemand.fr\/wp-content\/uploads\/2025\/10\/IMG_20251022_144614_edit_219691469898381-300x225.jpg\" alt=\"\" width=\"300\" height=\"225\" srcset=\"https:\/\/dcv-berger-allemand.fr\/wp-content\/uploads\/2025\/10\/IMG_20251022_144614_edit_219691469898381-300x225.jpg 300w, https:\/\/dcv-berger-allemand.fr\/wp-content\/uploads\/2025\/10\/IMG_20251022_144614_edit_219691469898381-1024x768.jpg 1024w, https:\/\/dcv-berger-allemand.fr\/wp-content\/uploads\/2025\/10\/IMG_20251022_144614_edit_219691469898381-768x576.jpg 768w, https:\/\/dcv-berger-allemand.fr\/wp-content\/uploads\/2025\/10\/IMG_20251022_144614_edit_219691469898381-1536x1152.jpg 1536w, https:\/\/dcv-berger-allemand.fr\/wp-content\/uploads\/2025\/10\/IMG_20251022_144614_edit_219691469898381-scaled.jpg 2048w, https:\/\/dcv-berger-allemand.fr\/wp-content\/uploads\/2025\/10\/IMG_20251022_144614_edit_219691469898381-16x12.jpg 16w\" sizes=\"auto, (max-width: 300px) 100vw, 300px\" \/> <img loading=\"lazy\" decoding=\"async\" class=\"alignnone size-medium wp-image-1441\" src=\"https:\/\/dcv-berger-allemand.fr\/wp-content\/uploads\/2025\/10\/IMG_20251022_144515_edit_219580853967485-300x225.jpg\" alt=\"\" width=\"300\" height=\"225\" srcset=\"https:\/\/dcv-berger-allemand.fr\/wp-content\/uploads\/2025\/10\/IMG_20251022_144515_edit_219580853967485-300x225.jpg 300w, https:\/\/dcv-berger-allemand.fr\/wp-content\/uploads\/2025\/10\/IMG_20251022_144515_edit_219580853967485-1024x768.jpg 1024w, https:\/\/dcv-berger-allemand.fr\/wp-content\/uploads\/2025\/10\/IMG_20251022_144515_edit_219580853967485-768x576.jpg 768w, https:\/\/dcv-berger-allemand.fr\/wp-content\/uploads\/2025\/10\/IMG_20251022_144515_edit_219580853967485-1536x1152.jpg 1536w, https:\/\/dcv-berger-allemand.fr\/wp-content\/uploads\/2025\/10\/IMG_20251022_144515_edit_219580853967485-16x12.jpg 16w, https:\/\/dcv-berger-allemand.fr\/wp-content\/uploads\/2025\/10\/IMG_20251022_144515_edit_219580853967485.jpg 1758w\" sizes=\"auto, (max-width: 300px) 100vw, 300px\" \/> <img loading=\"lazy\" decoding=\"async\" class=\"alignnone size-medium wp-image-1442\" src=\"https:\/\/dcv-berger-allemand.fr\/wp-content\/uploads\/2025\/10\/IMG_20251022_144535_edit_219599951000239-300x225.jpg\" alt=\"\" width=\"300\" height=\"225\" srcset=\"https:\/\/dcv-berger-allemand.fr\/wp-content\/uploads\/2025\/10\/IMG_20251022_144535_edit_219599951000239-300x225.jpg 300w, https:\/\/dcv-berger-allemand.fr\/wp-content\/uploads\/2025\/10\/IMG_20251022_144535_edit_219599951000239-1024x768.jpg 1024w, https:\/\/dcv-berger-allemand.fr\/wp-content\/uploads\/2025\/10\/IMG_20251022_144535_edit_219599951000239-768x576.jpg 768w, https:\/\/dcv-berger-allemand.fr\/wp-content\/uploads\/2025\/10\/IMG_20251022_144535_edit_219599951000239-1536x1152.jpg 1536w, https:\/\/dcv-berger-allemand.fr\/wp-content\/uploads\/2025\/10\/IMG_20251022_144535_edit_219599951000239-scaled.jpg 2048w, https:\/\/dcv-berger-allemand.fr\/wp-content\/uploads\/2025\/10\/IMG_20251022_144535_edit_219599951000239-16x12.jpg 16w\" sizes=\"auto, (max-width: 300px) 100vw, 300px\" \/> <img loading=\"lazy\" decoding=\"async\" class=\"alignnone size-medium wp-image-1443\" src=\"https:\/\/dcv-berger-allemand.fr\/wp-content\/uploads\/2025\/10\/IMG_20251022_144510_edit_219471541355340-300x261.jpg\" alt=\"\" width=\"300\" height=\"261\" srcset=\"https:\/\/dcv-berger-allemand.fr\/wp-content\/uploads\/2025\/10\/IMG_20251022_144510_edit_219471541355340-300x261.jpg 300w, https:\/\/dcv-berger-allemand.fr\/wp-content\/uploads\/2025\/10\/IMG_20251022_144510_edit_219471541355340-1024x890.jpg 1024w, https:\/\/dcv-berger-allemand.fr\/wp-content\/uploads\/2025\/10\/IMG_20251022_144510_edit_219471541355340-768x667.jpg 768w, https:\/\/dcv-berger-allemand.fr\/wp-content\/uploads\/2025\/10\/IMG_20251022_144510_edit_219471541355340-1536x1335.jpg 1536w, https:\/\/dcv-berger-allemand.fr\/wp-content\/uploads\/2025\/10\/IMG_20251022_144510_edit_219471541355340-14x12.jpg 14w, https:\/\/dcv-berger-allemand.fr\/wp-content\/uploads\/2025\/10\/IMG_20251022_144510_edit_219471541355340.jpg 1574w\" sizes=\"auto, (max-width: 300px) 100vw, 300px\" \/> <img loading=\"lazy\" decoding=\"async\" class=\"alignnone size-medium wp-image-1444\" src=\"https:\/\/dcv-berger-allemand.fr\/wp-content\/uploads\/2025\/10\/IMG_20251022_144504_edit_219449663855817-300x225.jpg\" alt=\"\" width=\"300\" height=\"225\" srcset=\"https:\/\/dcv-berger-allemand.fr\/wp-content\/uploads\/2025\/10\/IMG_20251022_144504_edit_219449663855817-300x225.jpg 300w, https:\/\/dcv-berger-allemand.fr\/wp-content\/uploads\/2025\/10\/IMG_20251022_144504_edit_219449663855817-1024x768.jpg 1024w, https:\/\/dcv-berger-allemand.fr\/wp-content\/uploads\/2025\/10\/IMG_20251022_144504_edit_219449663855817-768x576.jpg 768w, https:\/\/dcv-berger-allemand.fr\/wp-content\/uploads\/2025\/10\/IMG_20251022_144504_edit_219449663855817-1536x1152.jpg 1536w, https:\/\/dcv-berger-allemand.fr\/wp-content\/uploads\/2025\/10\/IMG_20251022_144504_edit_219449663855817-16x12.jpg 16w, https:\/\/dcv-berger-allemand.fr\/wp-content\/uploads\/2025\/10\/IMG_20251022_144504_edit_219449663855817.jpg 2031w\" sizes=\"auto, (max-width: 300px) 100vw, 300px\" \/><\/p>\n<p><strong><a href=\"https:\/\/dcv-berger-allemand.fr\/elevage\/portees-en-cours-et-a-venir\/\"><span style=\"color: #0000ff;\">Retour vers port\u00e9es en cours ou \u00e0 venir ici<\/span><\/a><\/strong><\/p>\n<div style=\"display: flex; flex-wrap: wrap; justify-content: center; gap: 10px; margin-top: 30px;\"><span style=\"color: #666666; text-align: center;\">\u00a9 2025 \u00c9levage des Crocs V\u00e9ritables<\/span><\/div>\n<p>&nbsp;<\/p>\n<div style=\"text-align: center; font-size: 16px; margin-top: 20px;\"><strong>Navigation rapide :<\/strong><\/div>\n<div style=\"text-align: center; font-size: 16px; margin-top: 20px;\"><a href=\"https:\/\/dcv-berger-allemand.fr\/\">Accueil<\/a><br \/>\n<a href=\"\/le-berger-allemand\/\">Le Berger Allemand<\/a> | <a href=\"\/sante\/\">Sant\u00e9<\/a> | <a href=\"\/selection\/\">S\u00e9lection<\/a> | <a href=\"\/vivre-avec-un-berger-allemand\/\">Vivre avec un Berger Allemand<\/a> | <a href=\"\/education-et-dressage\/\">\u00c9ducation et dressage<\/a> | <a href=\"\/elevage\/\">\u00c9levage<\/a> | <a href=\"\/photos-et-videos\/\">Photos<\/a> | <a href=\"\/contact\/\">Contact<\/a> | <a href=\"\/liens-et-bibliographie\/\">Liens <\/a> | <em><span style=\"color: #339966;\"><a style=\"color: #339966;\" href=\"https:\/\/dcv-berger-allemand.fr\/articles-et-reflexions\/\">Articles et R\u00e9flexions<\/a><\/span><\/em><\/div>\n","protected":false},"excerpt":{"rendered":"<p>Vous souhaitez des informations, savoir si nous avons des jeunes ou des adultes disponibles,\u00a0 vous \u00eates au bon endroit! &nbsp; Tous les profils , pedigrees et r\u00e9sultats v\u00e9rifiables sur le site de la centrale canine ici ou sur working dog, lien en tapant sur le nom du chien &nbsp; Actuellement Volcan Des Crocs V\u00e9ritables est [&hellip;]<\/p>\n","protected":false},"author":1,"featured_media":0,"parent":289,"menu_order":3,"comment_status":"closed","ping_status":"closed","template":"","meta":{"footnotes":""},"class_list":["post-795","page","type-page","status-publish","hentry"],"_links":{"self":[{"href":"https:\/\/dcv-berger-allemand.fr\/fr_fr\/wp-json\/wp\/v2\/pages\/795","targetHints":{"allow":["GET"]}}],"collection":[{"href":"https:\/\/dcv-berger-allemand.fr\/fr_fr\/wp-json\/wp\/v2\/pages"}],"about":[{"href":"https:\/\/dcv-berger-allemand.fr\/fr_fr\/wp-json\/wp\/v2\/types\/page"}],"author":[{"embeddable":true,"href":"https:\/\/dcv-berger-allemand.fr\/fr_fr\/wp-json\/wp\/v2\/users\/1"}],"replies":[{"embeddable":true,"href":"https:\/\/dcv-berger-allemand.fr\/fr_fr\/wp-json\/wp\/v2\/comments?post=795"}],"version-history":[{"count":14,"href":"https:\/\/dcv-berger-allemand.fr\/fr_fr\/wp-json\/wp\/v2\/pages\/795\/revisions"}],"predecessor-version":[{"id":1160,"href":"https:\/\/dcv-berger-allemand.fr\/fr_fr\/wp-json\/wp\/v2\/pages\/795\/revisions\/1160"}],"up":[{"embeddable":true,"href":"https:\/\/dcv-berger-allemand.fr\/fr_fr\/wp-json\/wp\/v2\/pages\/289"}],"wp:attachment":[{"href":"https:\/\/dcv-berger-allemand.fr\/fr_fr\/wp-json\/wp\/v2\/media?parent=795"}],"curies":[{"name":"wp","href":"https:\/\/api.w.org\/{rel}","templated":true}]}}