{"id":486,"date":"2025-04-27T07:07:04","date_gmt":"2025-04-27T07:07:04","guid":{"rendered":"https:\/\/dcv-berger-allemand.fr\/?page_id=486"},"modified":"2025-07-19T19:40:13","modified_gmt":"2025-07-19T19:40:13","slug":"galerie-videos","status":"publish","type":"page","link":"https:\/\/dcv-berger-allemand.fr\/fr_fr\/photos-et-videos\/galerie-videos\/","title":{"rendered":"Galerie Vid\u00e9os"},"content":{"rendered":"<h3>Galerie Vid\u00e9os: Nos chiens en mouvement<\/h3>\n<p style=\"text-align: left;\"><a href=\"https:\/\/youtube.com\/@descrocsveritables?si=erfuF_abRJ6mWtkV\" target=\"_blank\" rel=\"noopener\">D&rsquo;autres vid\u00e9os sur notre cha\u00eene YouTube<\/a><\/p>\n<p>&nbsp;<\/p>\n<div style=\"width: 1920px;\" class=\"wp-video\"><!--[if lt IE 9]><script>document.createElement('video');<\/script><![endif]-->\n<video class=\"wp-video-shortcode\" id=\"video-486-1\" width=\"1920\" height=\"1080\" preload=\"metadata\" controls=\"controls\"><source type=\"video\/mp4\" src=\"https:\/\/dcv-berger-allemand.fr\/wp-content\/uploads\/2025\/07\/HnVideoEditor_2025_07_06_211811920.mp4?_=1\" \/><a href=\"https:\/\/dcv-berger-allemand.fr\/wp-content\/uploads\/2025\/07\/HnVideoEditor_2025_07_06_211811920.mp4\">https:\/\/dcv-berger-allemand.fr\/wp-content\/uploads\/2025\/07\/HnVideoEditor_2025_07_06_211811920.mp4<\/a><\/video><\/div>\n<div style=\"width: 1280px;\" class=\"wp-video\"><video class=\"wp-video-shortcode\" id=\"video-486-2\" width=\"1280\" height=\"720\" preload=\"metadata\" controls=\"controls\"><source type=\"video\/mp4\" src=\"https:\/\/dcv-berger-allemand.fr\/wp-content\/uploads\/2025\/04\/VID_20240606_154515.mp4?_=2\" \/><a href=\"https:\/\/dcv-berger-allemand.fr\/wp-content\/uploads\/2025\/04\/VID_20240606_154515.mp4\">https:\/\/dcv-berger-allemand.fr\/wp-content\/uploads\/2025\/04\/VID_20240606_154515.mp4<\/a><\/video><\/div>\n<div style=\"width: 1280px;\" class=\"wp-video\"><video class=\"wp-video-shortcode\" id=\"video-486-3\" width=\"1280\" height=\"720\" preload=\"metadata\" controls=\"controls\"><source type=\"video\/mp4\" src=\"https:\/\/dcv-berger-allemand.fr\/wp-content\/uploads\/2025\/04\/HnVideoEditor_2024_07_20_094453895.mp4?_=3\" \/><a href=\"https:\/\/dcv-berger-allemand.fr\/wp-content\/uploads\/2025\/04\/HnVideoEditor_2024_07_20_094453895.mp4\">https:\/\/dcv-berger-allemand.fr\/wp-content\/uploads\/2025\/04\/HnVideoEditor_2024_07_20_094453895.mp4<\/a><\/video><\/div>\n<div style=\"width: 1280px;\" class=\"wp-video\"><video class=\"wp-video-shortcode\" id=\"video-486-4\" width=\"1280\" height=\"720\" preload=\"metadata\" controls=\"controls\"><source type=\"video\/mp4\" src=\"https:\/\/dcv-berger-allemand.fr\/wp-content\/uploads\/2025\/04\/HnVideoEditor_2024_07_25_224317344.mp4?_=4\" \/><a href=\"https:\/\/dcv-berger-allemand.fr\/wp-content\/uploads\/2025\/04\/HnVideoEditor_2024_07_25_224317344.mp4\">https:\/\/dcv-berger-allemand.fr\/wp-content\/uploads\/2025\/04\/HnVideoEditor_2024_07_25_224317344.mp4<\/a><\/video><\/div>\n<div style=\"width: 1072px;\" class=\"wp-video\"><video class=\"wp-video-shortcode\" id=\"video-486-5\" width=\"1072\" height=\"1920\" preload=\"metadata\" controls=\"controls\"><source type=\"video\/mp4\" src=\"https:\/\/dcv-berger-allemand.fr\/wp-content\/uploads\/2025\/04\/VID-20250405-WA0033.mp4?_=5\" \/><a href=\"https:\/\/dcv-berger-allemand.fr\/wp-content\/uploads\/2025\/04\/VID-20250405-WA0033.mp4\">https:\/\/dcv-berger-allemand.fr\/wp-content\/uploads\/2025\/04\/VID-20250405-WA0033.mp4<\/a><\/video><\/div>\n<div style=\"width: 1280px;\" class=\"wp-video\"><video class=\"wp-video-shortcode\" id=\"video-486-6\" width=\"1280\" height=\"720\" preload=\"metadata\" controls=\"controls\"><source type=\"video\/mp4\" src=\"https:\/\/dcv-berger-allemand.fr\/wp-content\/uploads\/2025\/04\/VID_20250405_190720.mp4?_=6\" \/><a href=\"https:\/\/dcv-berger-allemand.fr\/wp-content\/uploads\/2025\/04\/VID_20250405_190720.mp4\">https:\/\/dcv-berger-allemand.fr\/wp-content\/uploads\/2025\/04\/VID_20250405_190720.mp4<\/a><\/video><\/div>\n<div style=\"width: 1280px;\" class=\"wp-video\"><video class=\"wp-video-shortcode\" id=\"video-486-7\" width=\"1280\" height=\"720\" preload=\"metadata\" controls=\"controls\"><source type=\"video\/mp4\" src=\"https:\/\/dcv-berger-allemand.fr\/wp-content\/uploads\/2025\/04\/HnVideoEditor_2025_04_07_093558904.mp4?_=7\" \/><a href=\"https:\/\/dcv-berger-allemand.fr\/wp-content\/uploads\/2025\/04\/HnVideoEditor_2025_04_07_093558904.mp4\">https:\/\/dcv-berger-allemand.fr\/wp-content\/uploads\/2025\/04\/HnVideoEditor_2025_04_07_093558904.mp4<\/a><\/video><\/div>\n<div style=\"width: 720px;\" class=\"wp-video\"><video class=\"wp-video-shortcode\" id=\"video-486-8\" width=\"720\" height=\"720\" preload=\"metadata\" controls=\"controls\"><source type=\"video\/mp4\" src=\"https:\/\/dcv-berger-allemand.fr\/wp-content\/uploads\/2025\/04\/VID_244520322_115336_906.mp4?_=8\" \/><a href=\"https:\/\/dcv-berger-allemand.fr\/wp-content\/uploads\/2025\/04\/VID_244520322_115336_906.mp4\">https:\/\/dcv-berger-allemand.fr\/wp-content\/uploads\/2025\/04\/VID_244520322_115336_906.mp4<\/a><\/video><\/div>\n<div style=\"width: 720px;\" class=\"wp-video\"><video class=\"wp-video-shortcode\" id=\"video-486-9\" width=\"720\" height=\"720\" preload=\"metadata\" controls=\"controls\"><source type=\"video\/mp4\" src=\"https:\/\/dcv-berger-allemand.fr\/wp-content\/uploads\/2025\/04\/VID_131921222_181600_723.mp4?_=9\" \/><a href=\"https:\/\/dcv-berger-allemand.fr\/wp-content\/uploads\/2025\/04\/VID_131921222_181600_723.mp4\">https:\/\/dcv-berger-allemand.fr\/wp-content\/uploads\/2025\/04\/VID_131921222_181600_723.mp4<\/a><\/video><\/div>\n<hr \/>\n<hr \/>\n<p><a class=\"continue-button\" style=\"display: inline-block; background-color: #2c3e50; color: #ffffff; padding: 12px 24px; border-radius: 8px; text-decoration: none; font-size: 18px; transition: background-color 0.3s ease;\" href=\"https:\/\/dcv-berger-allemand.fr\/contact\/\"><br \/>\nContinuer vers la section suivante<br \/>\n<\/a><\/p>\n<div style=\"display: flex; flex-wrap: wrap; justify-content: center; gap: 10px; margin-top: 30px;\"><span style=\"color: #666666; text-align: center;\">\u00a9 2025 \u00c9levage des Crocs V\u00e9ritables<\/span><\/div>\n<p>&nbsp;<\/p>\n<div style=\"text-align: center; font-size: 16px; margin-top: 20px;\"><strong>Navigation rapide :<\/strong><\/div>\n<div style=\"text-align: center; font-size: 16px; margin-top: 20px;\"><a href=\"https:\/\/dcv-berger-allemand.fr\/\">Accueil<\/a><br \/>\n<a href=\"\/le-berger-allemand\/\">Le Berger Allemand<\/a> | <a href=\"\/sante\/\">Sant\u00e9<\/a> | <a href=\"\/selection\/\">S\u00e9lection<\/a> | <a href=\"\/vivre-avec-un-berger-allemand\/\">Vivre avec un Berger Allemand<\/a> | <a href=\"\/education-et-dressage\/\">\u00c9ducation et dressage<\/a> | <a href=\"\/elevage\/\">\u00c9levage<\/a> | <a href=\"\/photos-et-videos\/\">Photos<\/a> | <a href=\"\/contact\/\">Contact<\/a> | <a href=\"\/liens-et-bibliographie\/\">Liens <\/a> | <em><span style=\"color: #339966;\"><a style=\"color: #339966;\" href=\"https:\/\/dcv-berger-allemand.fr\/articles-et-reflexions\/\">Articles et R\u00e9flexions<\/a><\/span><\/em><\/div>\n","protected":false},"excerpt":{"rendered":"<p>Galerie Vid\u00e9os: Nos chiens en mouvement D&rsquo;autres vid\u00e9os sur notre cha\u00eene YouTube &nbsp; Continuer vers la section suivante \u00a9 2025 \u00c9levage des Crocs V\u00e9ritables &nbsp; Navigation rapide : Accueil Le Berger Allemand | Sant\u00e9 | S\u00e9lection | Vivre avec un Berger Allemand | \u00c9ducation et dressage | \u00c9levage | Photos | Contact | Liens | [&hellip;]<\/p>\n","protected":false},"author":1,"featured_media":0,"parent":144,"menu_order":2,"comment_status":"closed","ping_status":"closed","template":"","meta":{"footnotes":""},"class_list":["post-486","page","type-page","status-publish","hentry"],"_links":{"self":[{"href":"https:\/\/dcv-berger-allemand.fr\/fr_fr\/wp-json\/wp\/v2\/pages\/486","targetHints":{"allow":["GET"]}}],"collection":[{"href":"https:\/\/dcv-berger-allemand.fr\/fr_fr\/wp-json\/wp\/v2\/pages"}],"about":[{"href":"https:\/\/dcv-berger-allemand.fr\/fr_fr\/wp-json\/wp\/v2\/types\/page"}],"author":[{"embeddable":true,"href":"https:\/\/dcv-berger-allemand.fr\/fr_fr\/wp-json\/wp\/v2\/users\/1"}],"replies":[{"embeddable":true,"href":"https:\/\/dcv-berger-allemand.fr\/fr_fr\/wp-json\/wp\/v2\/comments?post=486"}],"version-history":[{"count":15,"href":"https:\/\/dcv-berger-allemand.fr\/fr_fr\/wp-json\/wp\/v2\/pages\/486\/revisions"}],"predecessor-version":[{"id":1408,"href":"https:\/\/dcv-berger-allemand.fr\/fr_fr\/wp-json\/wp\/v2\/pages\/486\/revisions\/1408"}],"up":[{"embeddable":true,"href":"https:\/\/dcv-berger-allemand.fr\/fr_fr\/wp-json\/wp\/v2\/pages\/144"}],"wp:attachment":[{"href":"https:\/\/dcv-berger-allemand.fr\/fr_fr\/wp-json\/wp\/v2\/media?parent=486"}],"curies":[{"name":"wp","href":"https:\/\/api.w.org\/{rel}","templated":true}]}}