{"id":323,"date":"2025-04-25T15:31:27","date_gmt":"2025-04-25T15:31:27","guid":{"rendered":"https:\/\/dcv-berger-allemand.fr\/?page_id=323"},"modified":"2025-05-24T17:32:41","modified_gmt":"2025-05-24T17:32:41","slug":"les-bonnes-questions-a-se-poser","status":"publish","type":"page","link":"https:\/\/dcv-berger-allemand.fr\/fr_fr\/vivre-avec-un-berger-allemand\/les-bonnes-questions-a-se-poser\/","title":{"rendered":"Les bonnes questions \u00e0 se poser"},"content":{"rendered":"<div class=\"page\" title=\"Page 57\">\n<div class=\"layoutArea\">\n<div class=\"column\">\n<h3><a href=\"https:\/\/www.defensedelanimal.fr\/actualites\/les-questions-a-se-poser-avant-dadopter\/\" target=\"_blank\" rel=\"noopener\">Les bonnes questions \u00e0 se poser avant l&rsquo;adoption, d\u00e9marche indispensable!<\/a><\/h3>\n<p><img loading=\"lazy\" decoding=\"async\" class=\"aligncenter wp-image-620\" src=\"https:\/\/dcv-berger-allemand.fr\/wp-content\/uploads\/2025\/04\/download-5-1.jpg\" alt=\"Les bonnes questions : Un chien est un \u00eatre vivant et sensible pas une peluche\" width=\"476\" height=\"539\" \/><\/p>\n<p style=\"text-align: center;\">Un chien est un \u00eatre vivant et sensible pas une peluche<\/p>\n<p>&nbsp;<\/p>\n<p>Suis-je pre\u0302t a\u0300 consacrer du temps, tous les jours, a\u0300 mon chien ? Que deviendra-t- il en cas de changement de vie (de\u0301me\u0301nagement, enfant, se\u0301paration) ? Suis-je pre\u0302t a\u0300 m\u2019investir dans l\u2019e\u0301ducation d\u2019un chien qui peut e\u0302tre dominant ou re\u0301actif s\u2019il est mal encadre\u0301 ?Est-ce que je cherche un chien pour combler un vide&#8230; ou pour construire un vrai lien, sur le long terme ?<\/p>\n<\/div>\n<\/div>\n<\/div>\n<p>&nbsp;<\/p>\n<p>&nbsp;<\/p>\n<p><a class=\"continue-button\" style=\"display: inline-block; background-color: #2c3e50; color: #ffffff; padding: 12px 24px; border-radius: 8px; text-decoration: none; font-size: 18px; transition: background-color 0.3s ease;\" href=\"https:\/\/dcv-berger-allemand.fr\/vivre-avec-un-berger-allemand\/refuge-ou-chiot-selectionne\/\"><br \/>\nContinuer vers la section suivante<br \/>\n<\/a><\/p>\n<div style=\"display: flex; flex-wrap: wrap; justify-content: center; gap: 10px; margin-top: 30px;\"><span style=\"color: #666666; text-align: center;\">\u00a9 2025 \u00c9levage des Crocs V\u00e9ritables<\/span><\/div>\n<p>&nbsp;<\/p>\n<div style=\"text-align: center; font-size: 16px; margin-top: 20px;\"><strong>Navigation rapide :<\/strong><\/div>\n<div style=\"text-align: center; font-size: 16px; margin-top: 20px;\"><a href=\"https:\/\/dcv-berger-allemand.fr\/\">Accueil<\/a><br \/><a href=\"\/le-berger-allemand\/\">Le Berger Allemand<\/a> | <a href=\"\/sante\/\">Sant\u00e9<\/a> | <a href=\"\/selection\/\">S\u00e9lection<\/a> | <a href=\"\/vivre-avec-un-berger-allemand\/\">Vivre avec un Berger Allemand<\/a> | <a href=\"\/education-et-dressage\/\">\u00c9ducation et dressage<\/a> | <a href=\"\/elevage\/\">\u00c9levage<\/a> | <a href=\"\/photos-et-videos\/\">Photos<\/a> | <a href=\"\/contact\/\">Contact<\/a> | <a href=\"\/liens-et-bibliographie\/\">Liens <\/a> | <em><span style=\"color: #339966;\"><a style=\"color: #339966;\" href=\"https:\/\/dcv-berger-allemand.fr\/articles-et-reflexions\/\">Articles et R\u00e9flexions<\/a><\/span><\/em><\/div>\n","protected":false},"excerpt":{"rendered":"<p>Les bonnes questions \u00e0 se poser avant l&rsquo;adoption, d\u00e9marche indispensable! Un chien est un \u00eatre vivant et sensible pas une peluche &nbsp; Suis-je pre\u0302t a\u0300 consacrer du temps, tous les jours, a\u0300 mon chien ? Que deviendra-t- il en cas de changement de vie (de\u0301me\u0301nagement, enfant, se\u0301paration) ? Suis-je pre\u0302t a\u0300 m\u2019investir dans l\u2019e\u0301ducation d\u2019un [&hellip;]<\/p>\n","protected":false},"author":1,"featured_media":0,"parent":141,"menu_order":0,"comment_status":"closed","ping_status":"closed","template":"","meta":{"footnotes":""},"class_list":["post-323","page","type-page","status-publish","hentry"],"_links":{"self":[{"href":"https:\/\/dcv-berger-allemand.fr\/fr_fr\/wp-json\/wp\/v2\/pages\/323","targetHints":{"allow":["GET"]}}],"collection":[{"href":"https:\/\/dcv-berger-allemand.fr\/fr_fr\/wp-json\/wp\/v2\/pages"}],"about":[{"href":"https:\/\/dcv-berger-allemand.fr\/fr_fr\/wp-json\/wp\/v2\/types\/page"}],"author":[{"embeddable":true,"href":"https:\/\/dcv-berger-allemand.fr\/fr_fr\/wp-json\/wp\/v2\/users\/1"}],"replies":[{"embeddable":true,"href":"https:\/\/dcv-berger-allemand.fr\/fr_fr\/wp-json\/wp\/v2\/comments?post=323"}],"version-history":[{"count":9,"href":"https:\/\/dcv-berger-allemand.fr\/fr_fr\/wp-json\/wp\/v2\/pages\/323\/revisions"}],"predecessor-version":[{"id":1270,"href":"https:\/\/dcv-berger-allemand.fr\/fr_fr\/wp-json\/wp\/v2\/pages\/323\/revisions\/1270"}],"up":[{"embeddable":true,"href":"https:\/\/dcv-berger-allemand.fr\/fr_fr\/wp-json\/wp\/v2\/pages\/141"}],"wp:attachment":[{"href":"https:\/\/dcv-berger-allemand.fr\/fr_fr\/wp-json\/wp\/v2\/media?parent=323"}],"curies":[{"name":"wp","href":"https:\/\/api.w.org\/{rel}","templated":true}]}}