{"id":320,"date":"2025-04-25T15:30:27","date_gmt":"2025-04-25T15:30:27","guid":{"rendered":"https:\/\/dcv-berger-allemand.fr\/?page_id=320"},"modified":"2025-05-24T17:31:57","modified_gmt":"2025-05-24T17:31:57","slug":"profils-de-maitres-adaptes","status":"publish","type":"page","link":"https:\/\/dcv-berger-allemand.fr\/fr_fr\/vivre-avec-un-berger-allemand\/profils-de-maitres-adaptes\/","title":{"rendered":"Profils de ma\u00eetres adapt\u00e9s"},"content":{"rendered":"<div class=\"page\" title=\"Page 54\">\n<div class=\"layoutArea\">\n<div class=\"column\">\n<div id=\"ez-toc-container\" class=\"ez-toc-v2_0_76 counter-hierarchy ez-toc-counter ez-toc-grey ez-toc-container-direction\">\n<div class=\"ez-toc-title-container\">\n<p class=\"ez-toc-title\" style=\"cursor:inherit\">Contenus de la page<\/p>\n<span class=\"ez-toc-title-toggle\"><a href=\"#\" class=\"ez-toc-pull-right ez-toc-btn ez-toc-btn-xs ez-toc-btn-default ez-toc-toggle\" aria-label=\"Toggle Table of Content\"><span class=\"ez-toc-js-icon-con\"><span class=\"\"><span class=\"eztoc-hide\" style=\"display:none;\">Toggle<\/span><span class=\"ez-toc-icon-toggle-span\"><svg style=\"fill: #999;color:#999\" xmlns=\"http:\/\/www.w3.org\/2000\/svg\" class=\"list-377408\" width=\"20px\" height=\"20px\" viewBox=\"0 0 24 24\" fill=\"none\"><path d=\"M6 6H4v2h2V6zm14 0H8v2h12V6zM4 11h2v2H4v-2zm16 0H8v2h12v-2zM4 16h2v2H4v-2zm16 0H8v2h12v-2z\" fill=\"currentColor\"><\/path><\/svg><svg style=\"fill: #999;color:#999\" class=\"arrow-unsorted-368013\" xmlns=\"http:\/\/www.w3.org\/2000\/svg\" width=\"10px\" height=\"10px\" viewBox=\"0 0 24 24\" version=\"1.2\" baseProfile=\"tiny\"><path d=\"M18.2 9.3l-6.2-6.3-6.2 6.3c-.2.2-.3.4-.3.7s.1.5.3.7c.2.2.4.3.7.3h11c.3 0 .5-.1.7-.3.2-.2.3-.5.3-.7s-.1-.5-.3-.7zM5.8 14.7l6.2 6.3 6.2-6.3c.2-.2.3-.5.3-.7s-.1-.5-.3-.7c-.2-.2-.4-.3-.7-.3h-11c-.3 0-.5.1-.7.3-.2.2-.3.5-.3.7s.1.5.3.7z\"\/><\/svg><\/span><\/span><\/span><\/a><\/span><\/div>\n<nav><ul class='ez-toc-list ez-toc-list-level-1 ' ><li class='ez-toc-page-1 ez-toc-heading-level-3'><a class=\"ez-toc-link ez-toc-heading-1\" href=\"https:\/\/dcv-berger-allemand.fr\/fr_fr\/vivre-avec-un-berger-allemand\/profils-de-maitres-adaptes\/#Quels_sont_les_profils_de_maitres_adaptes_a_ce_merveilleux_compagnon\" >Quels sont les profils de ma\u00eetres adapt\u00e9s \u00e0 ce merveilleux compagnon?<\/a><\/li><li class='ez-toc-page-1 ez-toc-heading-level-3'><a class=\"ez-toc-link ez-toc-heading-2\" href=\"https:\/\/dcv-berger-allemand.fr\/fr_fr\/vivre-avec-un-berger-allemand\/profils-de-maitres-adaptes\/#Et_existe-t-il_des_profils_adaptes_pour_les_familles_qui_ont_besoin_dun_chien_de_garde\" >Et existe-t-il des profils adapt\u00e9s pour les familles qui ont besoin d\u2019un chien de garde ?<\/a><\/li><\/ul><\/nav><\/div>\n<h3><span class=\"ez-toc-section\" id=\"Quels_sont_les_profils_de_maitres_adaptes_a_ce_merveilleux_compagnon\"><\/span>Quels sont les profils de ma\u00eetres adapt\u00e9s \u00e0 ce merveilleux compagnon?<span class=\"ez-toc-section-end\"><\/span><\/h3>\n<p>Le Berger Allemand n\u2019est pas re\u0301serve\u0301 aux seuls professionnels. Mais il ne convient pas non plus a\u0300 tout le monde. Il est parfait pour les personnes actives, investies, qui aiment passer du temps avec leur chien, l\u2019e\u0301duquer, partager des activite\u0301s : randonne\u0301e, cani-cross, pistage, obe\u0301issance &#8230;<\/p>\n<p><img loading=\"lazy\" decoding=\"async\" class=\"aligncenter wp-image-76\" src=\"https:\/\/dcv-berger-allemand.fr\/wp-content\/uploads\/2025\/04\/Screenshot_20250422_184233_com_google_android_apps_photos_StoryViewActivity_edit_66938052398944-162x300.jpg\" alt=\"Profils de ma\u00eetres adapt\u00e9s, Yannick Le Gallou et son bin\u00f4me O'Gun du Chateau de Werde (\u00e9talon utilis\u00e9 par Des Crocs V\u00e9ritables)\" width=\"211\" height=\"391\" srcset=\"https:\/\/dcv-berger-allemand.fr\/wp-content\/uploads\/2025\/04\/Screenshot_20250422_184233_com_google_android_apps_photos_StoryViewActivity_edit_66938052398944-162x300.jpg 162w, https:\/\/dcv-berger-allemand.fr\/wp-content\/uploads\/2025\/04\/Screenshot_20250422_184233_com_google_android_apps_photos_StoryViewActivity_edit_66938052398944-552x1024.jpg 552w, https:\/\/dcv-berger-allemand.fr\/wp-content\/uploads\/2025\/04\/Screenshot_20250422_184233_com_google_android_apps_photos_StoryViewActivity_edit_66938052398944-768x1425.jpg 768w, https:\/\/dcv-berger-allemand.fr\/wp-content\/uploads\/2025\/04\/Screenshot_20250422_184233_com_google_android_apps_photos_StoryViewActivity_edit_66938052398944-828x1536.jpg 828w, https:\/\/dcv-berger-allemand.fr\/wp-content\/uploads\/2025\/04\/Screenshot_20250422_184233_com_google_android_apps_photos_StoryViewActivity_edit_66938052398944-1104x2048.jpg 1104w, https:\/\/dcv-berger-allemand.fr\/wp-content\/uploads\/2025\/04\/Screenshot_20250422_184233_com_google_android_apps_photos_StoryViewActivity_edit_66938052398944.jpg 1224w\" sizes=\"auto, (max-width: 211px) 100vw, 211px\" \/><\/p>\n<p style=\"text-align: center;\">Yannick Le Gallou et son bin\u00f4me O&rsquo;Gun du Chateau de Werde (\u00e9talon utilis\u00e9 par Des Crocs V\u00e9ritables)<\/p>\n<p>C\u2019est aussi un formidable chien de compagnie pour peu qu\u2019on lui offre de quoi s\u2019e\u0301panouir pleinement : du mouvement, du lien, une mission.<\/p>\n<div class=\"page\" title=\"Page 56\">\n<div class=\"layoutArea\">\n<div class=\"column\">\n<h3><span class=\"ez-toc-section\" id=\"Et_existe-t-il_des_profils_adaptes_pour_les_familles_qui_ont_besoin_dun_chien_de_garde\"><\/span><strong>Et existe-t-il des profils adapt\u00e9s pour les familles qui ont besoin d\u2019un chien de garde ?<\/strong><span class=\"ez-toc-section-end\"><\/span><\/h3>\n<p><img loading=\"lazy\" decoding=\"async\" class=\"size-full wp-image-382 aligncenter\" src=\"https:\/\/dcv-berger-allemand.fr\/wp-content\/uploads\/2025\/04\/download-5-20.30.14.jpg\" alt=\"\" width=\"243\" height=\"207\" \/><\/p>\n<p>Dans un monde ou\u0300 l\u2019<a href=\"https:\/\/www.interieur.gouv.fr \u203a communiques-de-presse\">inse\u0301curite\u0301 augmente<\/a>, de plus en plus de familles cherchent un chien capable de prote\u0301ger leur foyer, d\u2019autant plus si l\u2019on vit dans une maison isole\u0301e. Le Berger Allemand peut tout a\u0300 fait remplir ce ro\u0302le. Mais il ne faut pas confondre instinct de garde et agressivite\u0301 mal canalise\u0301e. Un bon chien de garde est un chien stable, lucide, capable de dissuader sans e\u0302tre dangereux pour son entourage.<\/p>\n<p><img loading=\"lazy\" decoding=\"async\" class=\"aligncenter wp-image-582\" src=\"https:\/\/dcv-berger-allemand.fr\/wp-content\/uploads\/2025\/04\/IMG_20250428_090038_edit_207469843294137-225x300.jpg\" alt=\"La fiabilit\u00e9 envers la famille, la vigilance et la dissuasion, 3 qualit\u00e9s indispensables au chien de garde\" width=\"257\" height=\"343\" srcset=\"https:\/\/dcv-berger-allemand.fr\/wp-content\/uploads\/2025\/04\/IMG_20250428_090038_edit_207469843294137-225x300.jpg 225w, https:\/\/dcv-berger-allemand.fr\/wp-content\/uploads\/2025\/04\/IMG_20250428_090038_edit_207469843294137-768x1024.jpg 768w, https:\/\/dcv-berger-allemand.fr\/wp-content\/uploads\/2025\/04\/IMG_20250428_090038_edit_207469843294137-1152x1536.jpg 1152w, https:\/\/dcv-berger-allemand.fr\/wp-content\/uploads\/2025\/04\/IMG_20250428_090038_edit_207469843294137.jpg 1412w\" sizes=\"auto, (max-width: 257px) 100vw, 257px\" \/><\/p>\n<p style=\"text-align: center;\">La fiabilit\u00e9 envers la famille, la vigilance et la dissuasion, 3 qualit\u00e9s indispensables au chien de garde<\/p>\n<\/div>\n<\/div>\n<\/div>\n<div class=\"page\" title=\"Page 57\">\n<div class=\"layoutArea\">\n<div class=\"column\">\n<p>Dans ce registre, s&rsquo;il faut parler des profils de ma\u00eetres, il faut aussi parler des profils des chiens! Pour qu\u2019il puisse garder efficacement, il faut que le chien ait un lien fort avec sa famille, qu\u2019il connaisse son territoire, et qu\u2019il ait e\u0301te\u0301 d\u2019abord se\u0301lectionne\u0301 puis guide\u0301 dans cette fonction. Cela ne s\u2019improvise pas.<\/p>\n<p><img loading=\"lazy\" decoding=\"async\" class=\"aligncenter wp-image-431\" src=\"https:\/\/dcv-berger-allemand.fr\/wp-content\/uploads\/2025\/04\/IMG20230122160554-1-225x300.jpg\" alt=\"Le m\u00eame chien doit \u00eatre intransigeant envers les \u00e9trangers et totalement inoffensif avec sa famille\" width=\"327\" height=\"436\" srcset=\"https:\/\/dcv-berger-allemand.fr\/wp-content\/uploads\/2025\/04\/IMG20230122160554-1-225x300.jpg 225w, https:\/\/dcv-berger-allemand.fr\/wp-content\/uploads\/2025\/04\/IMG20230122160554-1-768x1024.jpg 768w, https:\/\/dcv-berger-allemand.fr\/wp-content\/uploads\/2025\/04\/IMG20230122160554-1-1152x1536.jpg 1152w, https:\/\/dcv-berger-allemand.fr\/wp-content\/uploads\/2025\/04\/IMG20230122160554-1-1536x2048.jpg 1536w, https:\/\/dcv-berger-allemand.fr\/wp-content\/uploads\/2025\/04\/IMG20230122160554-1-scaled.jpg 1920w\" sizes=\"auto, (max-width: 327px) 100vw, 327px\" \/><\/p>\n<p style=\"text-align: center;\">Le m\u00eame chien doit \u00eatre intransigeant envers les \u00e9trangers et totalement inoffensif avec sa famille<\/p>\n<p>Les profils de ma\u00eetres adapt\u00e9s sont alors des familles vivant dans des maisons avec un grand terrain, particuli\u00e8rement s&rsquo;il est isol\u00e9.<\/p>\n<p>Par ailleurs, nous recommandons aux familles souhaitant une re\u0301elle efficacite\u0301 de garde d\u2019envisager l\u2019adoption de deux chiens, un ma\u0302le et une femelle. Ce duo est souvent plus comple\u0301mentaire, plus e\u0301quilibre\u0301 : ils montent la garde ensemble, se relaient, s\u2019entrai\u0302nent mutuellement sans rivalite\u0301 excessive. La femelle est souvent plus re\u0301active, le ma\u0302le plus dissuasif, et leur coope\u0301ration spontane\u0301e en fait une solution naturelle et efficace pour la surveillance d\u2019un domaine.<\/p>\n<p>Bien su\u0302r, cela demande un peu plus d\u2019organisation et de moyens, mais pour ceux qui ont besoin d\u2019un vrai syste\u0300me d\u2019alerte et de dissuasion, c\u2019est une voie a\u0300 conside\u0301rer se\u0301rieusement.<\/p>\n<p><strong>(pour plus d&rsquo;information sur ce sujet lire \u00e9galement la section<\/strong> <a href=\"https:\/\/dcv-berger-allemand.fr\/education-et-dressage\/garde\/\">Education\/ Garde<\/a> et <a href=\"https:\/\/dcv-berger-allemand.fr\/selection\/la-garde-un-travail\/\">S\u00e9lection\/Garde<\/a>)<\/p>\n<\/div>\n<\/div>\n<\/div>\n<p><img loading=\"lazy\" decoding=\"async\" class=\"aligncenter wp-image-434\" src=\"https:\/\/dcv-berger-allemand.fr\/wp-content\/uploads\/2025\/04\/IMG_20240825_203335-1-225x300.jpg\" alt=\"Le chien membre de la famille\" width=\"312\" height=\"416\" srcset=\"https:\/\/dcv-berger-allemand.fr\/wp-content\/uploads\/2025\/04\/IMG_20240825_203335-1-225x300.jpg 225w, https:\/\/dcv-berger-allemand.fr\/wp-content\/uploads\/2025\/04\/IMG_20240825_203335-1-768x1024.jpg 768w, https:\/\/dcv-berger-allemand.fr\/wp-content\/uploads\/2025\/04\/IMG_20240825_203335-1-1152x1536.jpg 1152w, https:\/\/dcv-berger-allemand.fr\/wp-content\/uploads\/2025\/04\/IMG_20240825_203335-1-1536x2048.jpg 1536w, https:\/\/dcv-berger-allemand.fr\/wp-content\/uploads\/2025\/04\/IMG_20240825_203335-1-scaled.jpg 1920w\" sizes=\"auto, (max-width: 312px) 100vw, 312px\" \/><\/p>\n<\/div>\n<\/div>\n<\/div>\n<p style=\"text-align: center;\">Le chien membre de la famille<\/p>\n<p>&nbsp;<\/p>\n<p><a class=\"continue-button\" style=\"display: inline-block; background-color: #2c3e50; color: #ffffff; padding: 12px 24px; border-radius: 8px; text-decoration: none; font-size: 18px; transition: background-color 0.3s ease;\" href=\"https:\/\/dcv-berger-allemand.fr\/vivre-avec-un-berger-allemand\/les-bonnes-questions-a-se-poser\/\"><br \/>\nContinuer vers la section suivante<br \/>\n<\/a><\/p>\n<div style=\"display: flex; flex-wrap: wrap; justify-content: center; gap: 10px; margin-top: 30px;\"><span style=\"color: #666666; text-align: center;\">\u00a9 2025 \u00c9levage des Crocs V\u00e9ritables<\/span><\/div>\n<p>&nbsp;<\/p>\n<div style=\"text-align: center; font-size: 16px; margin-top: 20px;\"><strong>Navigation rapide :<\/strong><\/div>\n<div style=\"text-align: center; font-size: 16px; margin-top: 20px;\"><a href=\"https:\/\/dcv-berger-allemand.fr\/\">Accueil<\/a><br \/><a href=\"\/le-berger-allemand\/\">Le Berger Allemand<\/a> | <a href=\"\/sante\/\">Sant\u00e9<\/a> | <a href=\"\/selection\/\">S\u00e9lection<\/a> | <a href=\"\/vivre-avec-un-berger-allemand\/\">Vivre avec un Berger Allemand<\/a> | <a href=\"\/education-et-dressage\/\">\u00c9ducation et dressage<\/a> | <a href=\"\/elevage\/\">\u00c9levage<\/a> | <a href=\"\/photos-et-videos\/\">Photos<\/a> | <a href=\"\/contact\/\">Contact<\/a> | <a href=\"\/liens-et-bibliographie\/\">Liens <\/a> | <em><span style=\"color: #339966;\"><a style=\"color: #339966;\" href=\"https:\/\/dcv-berger-allemand.fr\/articles-et-reflexions\/\">Articles et R\u00e9flexions<\/a><\/span><\/em><\/div>\n","protected":false},"excerpt":{"rendered":"<p>Quels sont les profils de ma\u00eetres adapt\u00e9s \u00e0 ce merveilleux compagnon? Le Berger Allemand n\u2019est pas re\u0301serve\u0301 aux seuls professionnels. Mais il ne convient pas non plus a\u0300 tout le monde. Il est parfait pour les personnes actives, investies, qui aiment passer du temps avec leur chien, l\u2019e\u0301duquer, partager des activite\u0301s : randonne\u0301e, cani-cross, pistage, [&hellip;]<\/p>\n","protected":false},"author":1,"featured_media":0,"parent":141,"menu_order":0,"comment_status":"closed","ping_status":"closed","template":"","meta":{"footnotes":""},"class_list":["post-320","page","type-page","status-publish","hentry"],"_links":{"self":[{"href":"https:\/\/dcv-berger-allemand.fr\/fr_fr\/wp-json\/wp\/v2\/pages\/320","targetHints":{"allow":["GET"]}}],"collection":[{"href":"https:\/\/dcv-berger-allemand.fr\/fr_fr\/wp-json\/wp\/v2\/pages"}],"about":[{"href":"https:\/\/dcv-berger-allemand.fr\/fr_fr\/wp-json\/wp\/v2\/types\/page"}],"author":[{"embeddable":true,"href":"https:\/\/dcv-berger-allemand.fr\/fr_fr\/wp-json\/wp\/v2\/users\/1"}],"replies":[{"embeddable":true,"href":"https:\/\/dcv-berger-allemand.fr\/fr_fr\/wp-json\/wp\/v2\/comments?post=320"}],"version-history":[{"count":12,"href":"https:\/\/dcv-berger-allemand.fr\/fr_fr\/wp-json\/wp\/v2\/pages\/320\/revisions"}],"predecessor-version":[{"id":1269,"href":"https:\/\/dcv-berger-allemand.fr\/fr_fr\/wp-json\/wp\/v2\/pages\/320\/revisions\/1269"}],"up":[{"embeddable":true,"href":"https:\/\/dcv-berger-allemand.fr\/fr_fr\/wp-json\/wp\/v2\/pages\/141"}],"wp:attachment":[{"href":"https:\/\/dcv-berger-allemand.fr\/fr_fr\/wp-json\/wp\/v2\/media?parent=320"}],"curies":[{"name":"wp","href":"https:\/\/api.w.org\/{rel}","templated":true}]}}