{"id":317,"date":"2025-04-25T15:29:07","date_gmt":"2025-04-25T15:29:07","guid":{"rendered":"https:\/\/dcv-berger-allemand.fr\/?page_id=317"},"modified":"2025-05-24T17:31:18","modified_gmt":"2025-05-24T17:31:18","slug":"choisir-la-bonne-lignee-et-le-bon-elevage","status":"publish","type":"page","link":"https:\/\/dcv-berger-allemand.fr\/fr_fr\/vivre-avec-un-berger-allemand\/choisir-la-bonne-lignee-et-le-bon-elevage\/","title":{"rendered":"Choisir la bonne lign\u00e9e et le bon \u00e9levage"},"content":{"rendered":"<div class=\"page\" title=\"Page 53\">\n<div class=\"layoutArea\">\n<div class=\"column\">\n<h3>Choisir la bonne lign\u00e9e et le bon \u00e9levage un point essentiel?<\/h3>\n<p>Un Berger Allemand ne nai\u0302t pas au hasard. <a href=\"https:\/\/www.centrale-canine.fr\/recherche-par-race\/portees\" target=\"_blank\" rel=\"noopener\">Le choix de l\u2019e\u0301levage<\/a> et de la ligne\u0301e est capital (<a href=\"https:\/\/dcv-berger-allemand.fr\/le-berger-allemand\/comparatif-des-lignees\/\">voir la section Le Berger Allemand\/ Comparatif des lign\u00e9es<\/a>) .<\/p>\n<p>Un bon e\u0301leveur ne vend pas un chiot, il construit une relation, oriente, conseille, se\u0301lectionne. Il connai\u0302t ses chiens, leurs forces, leurs besoins.<\/p>\n<p><img loading=\"lazy\" decoding=\"async\" class=\"aligncenter wp-image-50\" src=\"https:\/\/dcv-berger-allemand.fr\/wp-content\/uploads\/2025\/04\/Screenshot_20250422_185721_com_instagram_android_InstagramMainActivity_edit_65090230804492-300x292.jpg\" alt=\"Choisir la bonne lign\u00e9e et le bon \u00e9levage, Socialisation avec enfants \u00e0 l'\u00e9levage Des Crocs V\u00e9ritables\" width=\"379\" height=\"369\" srcset=\"https:\/\/dcv-berger-allemand.fr\/wp-content\/uploads\/2025\/04\/Screenshot_20250422_185721_com_instagram_android_InstagramMainActivity_edit_65090230804492-300x292.jpg 300w, https:\/\/dcv-berger-allemand.fr\/wp-content\/uploads\/2025\/04\/Screenshot_20250422_185721_com_instagram_android_InstagramMainActivity_edit_65090230804492-1024x997.jpg 1024w, https:\/\/dcv-berger-allemand.fr\/wp-content\/uploads\/2025\/04\/Screenshot_20250422_185721_com_instagram_android_InstagramMainActivity_edit_65090230804492-768x748.jpg 768w, https:\/\/dcv-berger-allemand.fr\/wp-content\/uploads\/2025\/04\/Screenshot_20250422_185721_com_instagram_android_InstagramMainActivity_edit_65090230804492.jpg 1224w\" sizes=\"auto, (max-width: 379px) 100vw, 379px\" \/><\/p>\n<p style=\"text-align: center;\">Socialisation avec enfants \u00e0 l&rsquo;\u00e9levage Des Crocs V\u00e9ritables<\/p>\n<p>Choisir c&rsquo;est ensuite \u00eatre guider, car entre tous les chiots, tous ne se valent pas, me\u0302me dans une bonne porte\u0301e : certains seront plus calmes, d\u2019autres plus nerveux, plus inde\u0301pendants ou plus proche de l&rsquo;homme, dominants ou soumis, m\u00e9fiants ou avenants. Le ro\u0302le de l\u2019e\u0301leveur est d\u2019observer, de comprendre et de guider l\u2019adoptant vers le chiot qui lui correspond.<\/p>\n<\/div>\n<\/div>\n<\/div>\n<p>&nbsp;<\/p>\n<p>&nbsp;<\/p>\n<p><a class=\"continue-button\" style=\"display: inline-block; background-color: #2c3e50; color: #ffffff; padding: 12px 24px; border-radius: 8px; text-decoration: none; font-size: 18px; transition: background-color 0.3s ease;\" href=\"https:\/\/dcv-berger-allemand.fr\/vivre-avec-un-berger-allemand\/profils-de-maitres-adaptes\/\"><br \/>\nContinuer vers la section suivante<br \/>\n<\/a><\/p>\n<div style=\"display: flex; flex-wrap: wrap; justify-content: center; gap: 10px; margin-top: 30px;\"><span style=\"color: #666666; text-align: center;\">\u00a9 2025 \u00c9levage des Crocs V\u00e9ritables<\/span><\/div>\n<p>&nbsp;<\/p>\n<div style=\"text-align: center; font-size: 16px; margin-top: 20px;\"><strong>Navigation rapide :<\/strong><\/div>\n<div style=\"text-align: center; font-size: 16px; margin-top: 20px;\"><a href=\"https:\/\/dcv-berger-allemand.fr\/\">Accueil<\/a><br \/><a href=\"\/le-berger-allemand\/\">Le Berger Allemand<\/a> | <a href=\"\/sante\/\">Sant\u00e9<\/a> | <a href=\"\/selection\/\">S\u00e9lection<\/a> | <a href=\"\/vivre-avec-un-berger-allemand\/\">Vivre avec un Berger Allemand<\/a> | <a href=\"\/education-et-dressage\/\">\u00c9ducation et dressage<\/a> | <a href=\"\/elevage\/\">\u00c9levage<\/a> | <a href=\"\/photos-et-videos\/\">Photos<\/a> | <a href=\"\/contact\/\">Contact<\/a> | <a href=\"\/liens-et-bibliographie\/\">Liens <\/a> | <em><span style=\"color: #339966;\"><a style=\"color: #339966;\" href=\"https:\/\/dcv-berger-allemand.fr\/articles-et-reflexions\/\">Articles et R\u00e9flexions<\/a><\/span><\/em><\/div>\n","protected":false},"excerpt":{"rendered":"<p>Choisir la bonne lign\u00e9e et le bon \u00e9levage un point essentiel? Un Berger Allemand ne nai\u0302t pas au hasard. Le choix de l\u2019e\u0301levage et de la ligne\u0301e est capital (voir la section Le Berger Allemand\/ Comparatif des lign\u00e9es) . Un bon e\u0301leveur ne vend pas un chiot, il construit une relation, oriente, conseille, se\u0301lectionne. Il [&hellip;]<\/p>\n","protected":false},"author":1,"featured_media":0,"parent":141,"menu_order":0,"comment_status":"closed","ping_status":"closed","template":"","meta":{"footnotes":""},"class_list":["post-317","page","type-page","status-publish","hentry"],"_links":{"self":[{"href":"https:\/\/dcv-berger-allemand.fr\/fr_fr\/wp-json\/wp\/v2\/pages\/317","targetHints":{"allow":["GET"]}}],"collection":[{"href":"https:\/\/dcv-berger-allemand.fr\/fr_fr\/wp-json\/wp\/v2\/pages"}],"about":[{"href":"https:\/\/dcv-berger-allemand.fr\/fr_fr\/wp-json\/wp\/v2\/types\/page"}],"author":[{"embeddable":true,"href":"https:\/\/dcv-berger-allemand.fr\/fr_fr\/wp-json\/wp\/v2\/users\/1"}],"replies":[{"embeddable":true,"href":"https:\/\/dcv-berger-allemand.fr\/fr_fr\/wp-json\/wp\/v2\/comments?post=317"}],"version-history":[{"count":11,"href":"https:\/\/dcv-berger-allemand.fr\/fr_fr\/wp-json\/wp\/v2\/pages\/317\/revisions"}],"predecessor-version":[{"id":1268,"href":"https:\/\/dcv-berger-allemand.fr\/fr_fr\/wp-json\/wp\/v2\/pages\/317\/revisions\/1268"}],"up":[{"embeddable":true,"href":"https:\/\/dcv-berger-allemand.fr\/fr_fr\/wp-json\/wp\/v2\/pages\/141"}],"wp:attachment":[{"href":"https:\/\/dcv-berger-allemand.fr\/fr_fr\/wp-json\/wp\/v2\/media?parent=317"}],"curies":[{"name":"wp","href":"https:\/\/api.w.org\/{rel}","templated":true}]}}