{"id":314,"date":"2025-04-25T15:27:24","date_gmt":"2025-04-25T15:27:24","guid":{"rendered":"https:\/\/dcv-berger-allemand.fr\/?page_id=314"},"modified":"2025-05-24T17:30:10","modified_gmt":"2025-05-24T17:30:10","slug":"bien-se-preparer-a-ladoption","status":"publish","type":"page","link":"https:\/\/dcv-berger-allemand.fr\/fr_fr\/vivre-avec-un-berger-allemand\/bien-se-preparer-a-ladoption\/","title":{"rendered":"Bien se pr\u00e9parer \u00e0 l\u2019adoption"},"content":{"rendered":"<div class=\"page\" title=\"Page 53\">\n<div class=\"layoutArea\">\n<div class=\"column\">\n<h3>Bien se pr\u00e9parer \u00e0 l&rsquo;adoption de son Berger Allemand c&rsquo;est aussi r\u00e9fl\u00e9chir en termes pratiques et mat\u00e9riels!<\/h3>\n<p>Adopter un Berger Allemand, ce n\u2019est pas un coup de c\u0153ur sur une photo. C\u2019est une re\u0301flexion, un engagement sur plus de dix ans.<\/p>\n<p>Il faut anticiper les changements dans votre mode de vie, savoir ce que vous attendez de votre futur compagnon, mais aussi ce que vous pouvez re\u0301ellement lui offrir. Ce chien, pour e\u0302tre bien dans ses pattes, a besoin d\u2019une relation construite jour apre\u0300s jour.<\/p>\n<p><img loading=\"lazy\" decoding=\"async\" class=\"aligncenter wp-image-609\" src=\"https:\/\/dcv-berger-allemand.fr\/wp-content\/uploads\/2025\/04\/IMG_20250428_101739-300x225.jpg\" alt=\"Bien se pr\u00e9parer \u00e0 l'adoption, Chenil \u00e0 l'\u00e9levage Des Crocs V\u00e9ritables\" width=\"467\" height=\"350\" srcset=\"https:\/\/dcv-berger-allemand.fr\/wp-content\/uploads\/2025\/04\/IMG_20250428_101739-300x225.jpg 300w, https:\/\/dcv-berger-allemand.fr\/wp-content\/uploads\/2025\/04\/IMG_20250428_101739-1024x768.jpg 1024w, https:\/\/dcv-berger-allemand.fr\/wp-content\/uploads\/2025\/04\/IMG_20250428_101739-768x576.jpg 768w, https:\/\/dcv-berger-allemand.fr\/wp-content\/uploads\/2025\/04\/IMG_20250428_101739-1536x1152.jpg 1536w, https:\/\/dcv-berger-allemand.fr\/wp-content\/uploads\/2025\/04\/IMG_20250428_101739-scaled.jpg 2048w\" sizes=\"auto, (max-width: 467px) 100vw, 467px\" \/><\/p>\n<p style=\"text-align: center;\">Chenil \u00e0 l&rsquo;\u00e9levage Des Crocs V\u00e9ritables<\/p>\n<p>Sur le plan mat\u00e9riel, il est peu exigent et demande le strict minimum, vous ne compenserez pas le manque d&rsquo;interaction (avec vous ou un cong\u00e9n\u00e8re) par des peluches ou artifices.<\/p>\n<p>Pour\u00a0 bien se pr\u00e9parer \u00e0 l&rsquo;adoption et d\u00e9buter nous recommandons:<\/p>\n<ul>\n<li>\u00a0s&rsquo;il vit dehors un chenil avec une niche isol\u00e9e et ou un lieu couvert en libre acc\u00e8s (garage, sellier, hangar&#8230;) pour s&rsquo;abriter des intemp\u00e9ries d\u00e8s qu&rsquo;il le souhaite<\/li>\n<li>s&rsquo;il vit dans la maison, une place avec panier ou tapis&#8230;<\/li>\n<li>\u00a0un collier en nylon r\u00e9glable de 30 \u00e0 50 cm, il devrait pouvoir vous accompagner jusqu&rsquo;au 12 mois du chiot, puis un collier cuir ou tissu ou inox adapt\u00e9 \u00e0 la taille adulte du chien<\/li>\n<li>\u00a0une bonne laisse en cuir de 1m qui durera toute la vie du chien,<\/li>\n<li>1 longe de 5 m ou une laisse enrouleur de 5 m<\/li>\n<\/ul>\n<p><img loading=\"lazy\" decoding=\"async\" class=\" wp-image-607 aligncenter\" src=\"https:\/\/dcv-berger-allemand.fr\/wp-content\/uploads\/2025\/04\/images-5-1.jpg\" alt=\"\" width=\"360\" height=\"360\" srcset=\"https:\/\/dcv-berger-allemand.fr\/wp-content\/uploads\/2025\/04\/images-5-1.jpg 225w, https:\/\/dcv-berger-allemand.fr\/wp-content\/uploads\/2025\/04\/images-5-1-150x150.jpg 150w\" sizes=\"auto, (max-width: 360px) 100vw, 360px\" \/><\/p>\n<ul>\n<li>2 gamelles en inox de 4l,<\/li>\n<li>une balle perc\u00e9e avec corde,<\/li>\n<li>un Kong noir taille L ou \u00e9quivalent et ou des cordes \u00e0 tirer\/ m\u00e2chouiller.<\/li>\n<li><strong>Nous d\u00e9conseillons formellement tous les os en peau de buffle et autres friandises industrielles.<\/strong> Vous pouvez demander \u00e0 votre boucher <a href=\"https:\/\/www.santevet.com\/articles\/peut-on-donner-sans-risque-des-os-a-son-chien\" target=\"_blank\" rel=\"noopener\">une rotule ou un morceau de tibia\/ f\u00e9mur de boeuf<\/a> pour l&rsquo;occuper dans le jardin et faire ses dents.<\/li>\n<li>une r\u00e9flexion et organisation sur le mode d&rsquo;alimentation que vous dispenserez \u00e0 votre chien (<a href=\"https:\/\/dcv-berger-allemand.fr\/sante\/lalimentation\/\">voir la section Sant\u00e9\/ Alimentation<\/a>)<\/li>\n<\/ul>\n<\/div>\n<\/div>\n<\/div>\n<p><img loading=\"lazy\" decoding=\"async\" class=\" wp-image-605 aligncenter\" src=\"https:\/\/dcv-berger-allemand.fr\/wp-content\/uploads\/2025\/04\/download-3-2.jpg\" alt=\"\" width=\"300\" height=\"300\" srcset=\"https:\/\/dcv-berger-allemand.fr\/wp-content\/uploads\/2025\/04\/download-3-2.jpg 225w, https:\/\/dcv-berger-allemand.fr\/wp-content\/uploads\/2025\/04\/download-3-2-150x150.jpg 150w\" sizes=\"auto, (max-width: 300px) 100vw, 300px\" \/><\/p>\n<p><a class=\"continue-button\" style=\"display: inline-block; background-color: #2c3e50; color: #ffffff; padding: 12px 24px; border-radius: 8px; text-decoration: none; font-size: 18px; transition: background-color 0.3s ease;\" href=\"https:\/\/dcv-berger-allemand.fr\/vivre-avec-un-berger-allemand\/choisir-la-bonne-lignee-et-le-bon-elevage\/\"><br \/>\nContinuer vers la section suivante<br \/>\n<\/a><\/p>\n<div style=\"display: flex; flex-wrap: wrap; justify-content: center; gap: 10px; margin-top: 30px;\"><span style=\"color: #666666; text-align: center;\">\u00a9 2025 \u00c9levage des Crocs V\u00e9ritables<\/span><\/div>\n<p>&nbsp;<\/p>\n<div style=\"text-align: center; font-size: 16px; margin-top: 20px;\"><strong>Navigation rapide :<\/strong><\/div>\n<div style=\"text-align: center; font-size: 16px; margin-top: 20px;\"><a href=\"https:\/\/dcv-berger-allemand.fr\/\">Accueil<\/a><br \/><a href=\"\/le-berger-allemand\/\">Le Berger Allemand<\/a> | <a href=\"\/sante\/\">Sant\u00e9<\/a> | <a href=\"\/selection\/\">S\u00e9lection<\/a> | <a href=\"\/vivre-avec-un-berger-allemand\/\">Vivre avec un Berger Allemand<\/a> | <a href=\"\/education-et-dressage\/\">\u00c9ducation et dressage<\/a> | <a href=\"\/elevage\/\">\u00c9levage<\/a> | <a href=\"\/photos-et-videos\/\">Photos<\/a> | <a href=\"\/contact\/\">Contact<\/a> | <a href=\"\/liens-et-bibliographie\/\">Liens <\/a> | <em><span style=\"color: #339966;\"><a style=\"color: #339966;\" href=\"https:\/\/dcv-berger-allemand.fr\/articles-et-reflexions\/\">Articles et R\u00e9flexions<\/a><\/span><\/em><\/div>\n","protected":false},"excerpt":{"rendered":"<p>Bien se pr\u00e9parer \u00e0 l&rsquo;adoption de son Berger Allemand c&rsquo;est aussi r\u00e9fl\u00e9chir en termes pratiques et mat\u00e9riels! Adopter un Berger Allemand, ce n\u2019est pas un coup de c\u0153ur sur une photo. C\u2019est une re\u0301flexion, un engagement sur plus de dix ans. Il faut anticiper les changements dans votre mode de vie, savoir ce que vous [&hellip;]<\/p>\n","protected":false},"author":1,"featured_media":0,"parent":141,"menu_order":0,"comment_status":"closed","ping_status":"closed","template":"","meta":{"footnotes":""},"class_list":["post-314","page","type-page","status-publish","hentry"],"_links":{"self":[{"href":"https:\/\/dcv-berger-allemand.fr\/fr_fr\/wp-json\/wp\/v2\/pages\/314","targetHints":{"allow":["GET"]}}],"collection":[{"href":"https:\/\/dcv-berger-allemand.fr\/fr_fr\/wp-json\/wp\/v2\/pages"}],"about":[{"href":"https:\/\/dcv-berger-allemand.fr\/fr_fr\/wp-json\/wp\/v2\/types\/page"}],"author":[{"embeddable":true,"href":"https:\/\/dcv-berger-allemand.fr\/fr_fr\/wp-json\/wp\/v2\/users\/1"}],"replies":[{"embeddable":true,"href":"https:\/\/dcv-berger-allemand.fr\/fr_fr\/wp-json\/wp\/v2\/comments?post=314"}],"version-history":[{"count":14,"href":"https:\/\/dcv-berger-allemand.fr\/fr_fr\/wp-json\/wp\/v2\/pages\/314\/revisions"}],"predecessor-version":[{"id":1267,"href":"https:\/\/dcv-berger-allemand.fr\/fr_fr\/wp-json\/wp\/v2\/pages\/314\/revisions\/1267"}],"up":[{"embeddable":true,"href":"https:\/\/dcv-berger-allemand.fr\/fr_fr\/wp-json\/wp\/v2\/pages\/141"}],"wp:attachment":[{"href":"https:\/\/dcv-berger-allemand.fr\/fr_fr\/wp-json\/wp\/v2\/media?parent=314"}],"curies":[{"name":"wp","href":"https:\/\/api.w.org\/{rel}","templated":true}]}}