{"id":311,"date":"2025-04-25T15:25:30","date_gmt":"2025-04-25T15:25:30","guid":{"rendered":"https:\/\/dcv-berger-allemand.fr\/?page_id=311"},"modified":"2025-05-24T17:29:17","modified_gmt":"2025-05-24T17:29:17","slug":"ce-que-le-berger-allemand-exige-au-quotidien","status":"publish","type":"page","link":"https:\/\/dcv-berger-allemand.fr\/fr_fr\/vivre-avec-un-berger-allemand\/ce-que-le-berger-allemand-exige-au-quotidien\/","title":{"rendered":"Ce que le Berger Allemand exige au quotidien"},"content":{"rendered":"<div class=\"page\" title=\"Page 52\">\n<div class=\"layoutArea\">\n<div class=\"column\">\n<h3>Le Berger Allemand exige au quotidien de l&rsquo;interaction avec sa meute et son environnement<\/h3>\n<p>Ce chien a besoin de stimulations, physiques comme mentales. Il ne supporte ni l\u2019ennui, ni la solitude prolonge\u0301e, ni la passivite\u0301 de son environnement. Il demande du temps, de la cohe\u0301rence, de l\u2019implication. Il n\u2019est pas fait pour rester seul dans un jardin ou e\u0302tre promene\u0301 une fois le soir apre\u0300s une journe\u0301e d\u2019absence.<\/p>\n<p>Il y a donc deux possibilit\u00e9s (cumulables) pour lui offrir une vie d\u00e9cente:<\/p>\n<ul>\n<li>La premi\u00e8re est d&rsquo;en faire votre bin\u00f4me, s&rsquo;il vous suit dans vos activit\u00e9s, que vous lui permettez de se d\u00e9penser, d&rsquo;\u00eatre en contact quotidien avec la nature, alors il peut m\u00eame vivre en appartement.<\/li>\n<\/ul>\n<p><img loading=\"lazy\" decoding=\"async\" class=\"aligncenter wp-image-77\" src=\"https:\/\/dcv-berger-allemand.fr\/wp-content\/uploads\/2025\/04\/Screenshot_20250422_184246_com_google_android_apps_photos_StoryViewActivity_edit_66875759757249-232x300.jpg\" alt=\"Ce que le Berger Allemand exige au quotidien, Bin\u00f4me homme -chien \" width=\"267\" height=\"345\" srcset=\"https:\/\/dcv-berger-allemand.fr\/wp-content\/uploads\/2025\/04\/Screenshot_20250422_184246_com_google_android_apps_photos_StoryViewActivity_edit_66875759757249-232x300.jpg 232w, https:\/\/dcv-berger-allemand.fr\/wp-content\/uploads\/2025\/04\/Screenshot_20250422_184246_com_google_android_apps_photos_StoryViewActivity_edit_66875759757249-792x1024.jpg 792w, https:\/\/dcv-berger-allemand.fr\/wp-content\/uploads\/2025\/04\/Screenshot_20250422_184246_com_google_android_apps_photos_StoryViewActivity_edit_66875759757249-768x993.jpg 768w, https:\/\/dcv-berger-allemand.fr\/wp-content\/uploads\/2025\/04\/Screenshot_20250422_184246_com_google_android_apps_photos_StoryViewActivity_edit_66875759757249-1188x1536.jpg 1188w, https:\/\/dcv-berger-allemand.fr\/wp-content\/uploads\/2025\/04\/Screenshot_20250422_184246_com_google_android_apps_photos_StoryViewActivity_edit_66875759757249.jpg 1224w\" sizes=\"auto, (max-width: 267px) 100vw, 267px\" \/><\/p>\n<p style=\"text-align: center;\">Bin\u00f4me homme -chien<\/p>\n<ul>\n<li>Si vous comptez le laisser en libert\u00e9 dans le jardin (pour assurer la garde par exemple) ou livr\u00e9 \u00e0 lui-m\u00eame une grande partie du temps, il faut alors absolument envisager de le faire vivre avec au moins un cong\u00e9n\u00e8re de sexe oppos\u00e9. Cela ne dispense pas ni n&#8217;emp\u00eache, bien entendu, de d\u00e9velopper des contacts \u00e9troits et affectueux avec eux.<\/li>\n<\/ul>\n<p><strong><img loading=\"lazy\" decoding=\"async\" class=\"aligncenter wp-image-22\" src=\"https:\/\/dcv-berger-allemand.fr\/wp-content\/uploads\/2025\/04\/IMG_20250128_163024-300x225.jpg\" alt=\"Ce que le Berger Allemand exige au quotidien, Le chien un animal de meute\" width=\"352\" height=\"264\" srcset=\"https:\/\/dcv-berger-allemand.fr\/wp-content\/uploads\/2025\/04\/IMG_20250128_163024-300x225.jpg 300w, https:\/\/dcv-berger-allemand.fr\/wp-content\/uploads\/2025\/04\/IMG_20250128_163024-1024x768.jpg 1024w, https:\/\/dcv-berger-allemand.fr\/wp-content\/uploads\/2025\/04\/IMG_20250128_163024-768x576.jpg 768w, https:\/\/dcv-berger-allemand.fr\/wp-content\/uploads\/2025\/04\/IMG_20250128_163024-1536x1152.jpg 1536w, https:\/\/dcv-berger-allemand.fr\/wp-content\/uploads\/2025\/04\/IMG_20250128_163024-scaled.jpg 2048w\" sizes=\"auto, (max-width: 352px) 100vw, 352px\" \/><\/strong><\/p>\n<p style=\"text-align: center;\">Le chien un animal de meute<\/p>\n<p><strong>Le chien est un animal <a href=\"https:\/\/www.larousse.fr \u203a dictionnaires \u203a francais \u203a gr\u00e9gaire\">gr\u00e9gaire<\/a>, <a href=\"https:\/\/fr.wikipedia.org \u203a wiki \u203a Meute_(canid\u00e9s)\">de meute<\/a>, il a besoin d&rsquo;interaction permanente avec cette derni\u00e8re, humaine ou animale, il peut souffrir de la solitude et d\u00e9velopper alors des troubles comportementaux.<\/strong><\/p>\n<\/div>\n<\/div>\n<\/div>\n<p>&nbsp;<\/p>\n<p><a class=\"continue-button\" style=\"display: inline-block; background-color: #2c3e50; color: #ffffff; padding: 12px 24px; border-radius: 8px; text-decoration: none; font-size: 18px; transition: background-color 0.3s ease;\" href=\"https:\/\/dcv-berger-allemand.fr\/vivre-avec-un-berger-allemand\/bien-se-preparer-a-ladoption\/\"><br \/>\nContinuer vers la section suivante<br \/>\n<\/a><\/p>\n<div style=\"display: flex; flex-wrap: wrap; justify-content: center; gap: 10px; margin-top: 30px;\"><span style=\"color: #666666; text-align: center;\">\u00a9 2025 \u00c9levage des Crocs V\u00e9ritables<\/span><\/div>\n<p>&nbsp;<\/p>\n<div style=\"text-align: center; font-size: 16px; margin-top: 20px;\"><strong>Navigation rapide :<\/strong><\/div>\n<div style=\"text-align: center; font-size: 16px; margin-top: 20px;\"><a href=\"https:\/\/dcv-berger-allemand.fr\/\">Accueil<\/a><br \/><a href=\"\/le-berger-allemand\/\">Le Berger Allemand<\/a> | <a href=\"\/sante\/\">Sant\u00e9<\/a> | <a href=\"\/selection\/\">S\u00e9lection<\/a> | <a href=\"\/vivre-avec-un-berger-allemand\/\">Vivre avec un Berger Allemand<\/a> | <a href=\"\/education-et-dressage\/\">\u00c9ducation et dressage<\/a> | <a href=\"\/elevage\/\">\u00c9levage<\/a> | <a href=\"\/photos-et-videos\/\">Photos<\/a> | <a href=\"\/contact\/\">Contact<\/a> | <a href=\"\/liens-et-bibliographie\/\">Liens <\/a> | <em><span style=\"color: #339966;\"><a style=\"color: #339966;\" href=\"https:\/\/dcv-berger-allemand.fr\/articles-et-reflexions\/\">Articles et R\u00e9flexions<\/a><\/span><\/em><\/div>\n","protected":false},"excerpt":{"rendered":"<p>Le Berger Allemand exige au quotidien de l&rsquo;interaction avec sa meute et son environnement Ce chien a besoin de stimulations, physiques comme mentales. Il ne supporte ni l\u2019ennui, ni la solitude prolonge\u0301e, ni la passivite\u0301 de son environnement. Il demande du temps, de la cohe\u0301rence, de l\u2019implication. Il n\u2019est pas fait pour rester seul dans [&hellip;]<\/p>\n","protected":false},"author":1,"featured_media":0,"parent":141,"menu_order":0,"comment_status":"closed","ping_status":"closed","template":"","meta":{"footnotes":""},"class_list":["post-311","page","type-page","status-publish","hentry"],"_links":{"self":[{"href":"https:\/\/dcv-berger-allemand.fr\/fr_fr\/wp-json\/wp\/v2\/pages\/311","targetHints":{"allow":["GET"]}}],"collection":[{"href":"https:\/\/dcv-berger-allemand.fr\/fr_fr\/wp-json\/wp\/v2\/pages"}],"about":[{"href":"https:\/\/dcv-berger-allemand.fr\/fr_fr\/wp-json\/wp\/v2\/types\/page"}],"author":[{"embeddable":true,"href":"https:\/\/dcv-berger-allemand.fr\/fr_fr\/wp-json\/wp\/v2\/users\/1"}],"replies":[{"embeddable":true,"href":"https:\/\/dcv-berger-allemand.fr\/fr_fr\/wp-json\/wp\/v2\/comments?post=311"}],"version-history":[{"count":9,"href":"https:\/\/dcv-berger-allemand.fr\/fr_fr\/wp-json\/wp\/v2\/pages\/311\/revisions"}],"predecessor-version":[{"id":1266,"href":"https:\/\/dcv-berger-allemand.fr\/fr_fr\/wp-json\/wp\/v2\/pages\/311\/revisions\/1266"}],"up":[{"embeddable":true,"href":"https:\/\/dcv-berger-allemand.fr\/fr_fr\/wp-json\/wp\/v2\/pages\/141"}],"wp:attachment":[{"href":"https:\/\/dcv-berger-allemand.fr\/fr_fr\/wp-json\/wp\/v2\/media?parent=311"}],"curies":[{"name":"wp","href":"https:\/\/api.w.org\/{rel}","templated":true}]}}