{"id":308,"date":"2025-04-25T15:22:55","date_gmt":"2025-04-25T15:22:55","guid":{"rendered":"https:\/\/dcv-berger-allemand.fr\/?page_id=308"},"modified":"2025-05-24T17:27:03","modified_gmt":"2025-05-24T17:27:03","slug":"tous-les-chiens","status":"publish","type":"page","link":"https:\/\/dcv-berger-allemand.fr\/fr_fr\/selection\/tous-les-chiens\/","title":{"rendered":"Tous les chiens ne sont pas faits pour tout"},"content":{"rendered":"<div class=\"page\" title=\"Page 51\">\n<div class=\"layoutArea\">\n<div class=\"column\">\n<h3>Tous les chiens ne sont pas identiques,\u00a0 m\u00eame au sein d&rsquo;une fratrie de Berger Allemand!<\/h3>\n<p>Comme chez l\u2019humain, chaque <a href=\"https:\/\/www.larousse.fr \u203a dictionnaires \u203a francais \u203a rustique\">individu<\/a> a ses qualite\u0301s propres. Certains auront plus d\u2019assurance, d\u2019autres une meilleure concentration, ou un meilleur sens de l\u2019initiative, plus de vigilance ou seront plus inde\u0301pendants, sociables, dominants&#8230;<\/p>\n<p><img loading=\"lazy\" decoding=\"async\" class=\"aligncenter wp-image-436\" src=\"https:\/\/dcv-berger-allemand.fr\/wp-content\/uploads\/2025\/04\/IMG-20180628-WA0000-1-300x225.jpg\" alt=\"Tous les chiens ne sont pas identiques\" width=\"421\" height=\"316\" srcset=\"https:\/\/dcv-berger-allemand.fr\/wp-content\/uploads\/2025\/04\/IMG-20180628-WA0000-1-300x225.jpg 300w, https:\/\/dcv-berger-allemand.fr\/wp-content\/uploads\/2025\/04\/IMG-20180628-WA0000-1-1024x768.jpg 1024w, https:\/\/dcv-berger-allemand.fr\/wp-content\/uploads\/2025\/04\/IMG-20180628-WA0000-1-768x576.jpg 768w, https:\/\/dcv-berger-allemand.fr\/wp-content\/uploads\/2025\/04\/IMG-20180628-WA0000-1-1536x1152.jpg 1536w, https:\/\/dcv-berger-allemand.fr\/wp-content\/uploads\/2025\/04\/IMG-20180628-WA0000-1.jpg 1600w\" sizes=\"auto, (max-width: 421px) 100vw, 421px\" \/><\/p>\n<p>Nous pratiquons une observation fine et pre\u0301coce des chiots afin de mieux les orienter : chien de compagnie active, chien de travail, chien de garde, de sport&#8230;<\/p>\n<p>Ce n\u2019est pas une science exacte, mais c\u2019est un outil pre\u0301cieux pour maximiser l\u2019ade\u0301quation entre le chien et son futur mai\u0302tre et augmenter les chances de re\u0301ussite.<\/p>\n<p><img loading=\"lazy\" decoding=\"async\" class=\"aligncenter wp-image-59\" src=\"https:\/\/dcv-berger-allemand.fr\/wp-content\/uploads\/2025\/04\/Screenshot_20250422_190012_com_instagram_android_InstagramMainActivity_edit_64922645048931-300x227.jpg\" alt=\"Chiots &quot;Des Crocs V\u00e9ritables&quot; de 5 semaines en ballade\" width=\"437\" height=\"331\" srcset=\"https:\/\/dcv-berger-allemand.fr\/wp-content\/uploads\/2025\/04\/Screenshot_20250422_190012_com_instagram_android_InstagramMainActivity_edit_64922645048931-300x227.jpg 300w, https:\/\/dcv-berger-allemand.fr\/wp-content\/uploads\/2025\/04\/Screenshot_20250422_190012_com_instagram_android_InstagramMainActivity_edit_64922645048931-1024x774.jpg 1024w, https:\/\/dcv-berger-allemand.fr\/wp-content\/uploads\/2025\/04\/Screenshot_20250422_190012_com_instagram_android_InstagramMainActivity_edit_64922645048931-768x581.jpg 768w, https:\/\/dcv-berger-allemand.fr\/wp-content\/uploads\/2025\/04\/Screenshot_20250422_190012_com_instagram_android_InstagramMainActivity_edit_64922645048931.jpg 1222w\" sizes=\"auto, (max-width: 437px) 100vw, 437px\" \/><\/p>\n<p style=\"text-align: center;\">Chiots \u00ab\u00a0Des Crocs V\u00e9ritables\u00a0\u00bb de 5 semaines en ballade<\/p>\n<p>C\u2019est pourquoi nous ne prenons pas d\u2019ordre de re\u0301servation, ni de re\u0301servation sur la couleur (vous pouvez bien s\u00fbr nous indiquer vos pr\u00e9f\u00e9rences). Seul l&rsquo;\u00e9leveur qui passe du temps au quotidien avec les chiots, les observe, les teste peut sentir ces potentiels tendances caract\u00e9rielles. Il est impossible de d\u00e9celer quoi que ce soit en passant m\u00eame 2h avec les chiots. Encore une fois tous les chiens ne sont pas identiques m\u00eame au sein d&rsquo;une fratrie de Berger Allemand.<\/p>\n<p><strong>Un chien qui vous correspond est toujours le bon choix.<\/strong><\/p>\n<\/div>\n<\/div>\n<\/div>\n<p>&nbsp;<\/p>\n<p>&nbsp;<\/p>\n<p><a class=\"continue-button\" style=\"display: inline-block; background-color: #2c3e50; color: #ffffff; padding: 12px 24px; border-radius: 8px; text-decoration: none; font-size: 18px; transition: background-color 0.3s ease;\" href=\"https:\/\/dcv-berger-allemand.fr\/vivre-avec-un-berger-allemand\/\"><br \/>\nContinuer vers la section suivante<br \/>\n<\/a><\/p>\n<div style=\"display: flex; flex-wrap: wrap; justify-content: center; gap: 10px; margin-top: 30px;\"><span style=\"color: #666666; text-align: center;\">\u00a9 2025 \u00c9levage des Crocs V\u00e9ritables<\/span><\/div>\n<p>&nbsp;<\/p>\n<div style=\"text-align: center; font-size: 16px; margin-top: 20px;\"><strong>Navigation rapide :<\/strong><\/div>\n<div style=\"text-align: center; font-size: 16px; margin-top: 20px;\"><a href=\"https:\/\/dcv-berger-allemand.fr\/\">Accueil<\/a><br \/><a href=\"\/le-berger-allemand\/\">Le Berger Allemand<\/a> | <a href=\"\/sante\/\">Sant\u00e9<\/a> | <a href=\"\/selection\/\">S\u00e9lection<\/a> | <a href=\"\/vivre-avec-un-berger-allemand\/\">Vivre avec un Berger Allemand<\/a> | <a href=\"\/education-et-dressage\/\">\u00c9ducation et dressage<\/a> | <a href=\"\/elevage\/\">\u00c9levage<\/a> | <a href=\"\/photos-et-videos\/\">Photos<\/a> | <a href=\"\/contact\/\">Contact<\/a> | <a href=\"\/liens-et-bibliographie\/\">Liens <\/a> | <em><span style=\"color: #339966;\"><a style=\"color: #339966;\" href=\"https:\/\/dcv-berger-allemand.fr\/articles-et-reflexions\/\">Articles et R\u00e9flexions<\/a><\/span><\/em><\/div>\n","protected":false},"excerpt":{"rendered":"<p>Tous les chiens ne sont pas identiques,\u00a0 m\u00eame au sein d&rsquo;une fratrie de Berger Allemand! Comme chez l\u2019humain, chaque individu a ses qualite\u0301s propres. Certains auront plus d\u2019assurance, d\u2019autres une meilleure concentration, ou un meilleur sens de l\u2019initiative, plus de vigilance ou seront plus inde\u0301pendants, sociables, dominants&#8230; Nous pratiquons une observation fine et pre\u0301coce des [&hellip;]<\/p>\n","protected":false},"author":1,"featured_media":0,"parent":140,"menu_order":0,"comment_status":"closed","ping_status":"closed","template":"","meta":{"footnotes":""},"class_list":["post-308","page","type-page","status-publish","hentry"],"_links":{"self":[{"href":"https:\/\/dcv-berger-allemand.fr\/fr_fr\/wp-json\/wp\/v2\/pages\/308","targetHints":{"allow":["GET"]}}],"collection":[{"href":"https:\/\/dcv-berger-allemand.fr\/fr_fr\/wp-json\/wp\/v2\/pages"}],"about":[{"href":"https:\/\/dcv-berger-allemand.fr\/fr_fr\/wp-json\/wp\/v2\/types\/page"}],"author":[{"embeddable":true,"href":"https:\/\/dcv-berger-allemand.fr\/fr_fr\/wp-json\/wp\/v2\/users\/1"}],"replies":[{"embeddable":true,"href":"https:\/\/dcv-berger-allemand.fr\/fr_fr\/wp-json\/wp\/v2\/comments?post=308"}],"version-history":[{"count":9,"href":"https:\/\/dcv-berger-allemand.fr\/fr_fr\/wp-json\/wp\/v2\/pages\/308\/revisions"}],"predecessor-version":[{"id":1264,"href":"https:\/\/dcv-berger-allemand.fr\/fr_fr\/wp-json\/wp\/v2\/pages\/308\/revisions\/1264"}],"up":[{"embeddable":true,"href":"https:\/\/dcv-berger-allemand.fr\/fr_fr\/wp-json\/wp\/v2\/pages\/140"}],"wp:attachment":[{"href":"https:\/\/dcv-berger-allemand.fr\/fr_fr\/wp-json\/wp\/v2\/media?parent=308"}],"curies":[{"name":"wp","href":"https:\/\/api.w.org\/{rel}","templated":true}]}}