{"id":304,"date":"2025-04-25T15:19:58","date_gmt":"2025-04-25T15:19:58","guid":{"rendered":"https:\/\/dcv-berger-allemand.fr\/?page_id=304"},"modified":"2025-05-24T17:26:25","modified_gmt":"2025-05-24T17:26:25","slug":"rusticite-equilibre-nerveux-et-polyvalence","status":"publish","type":"page","link":"https:\/\/dcv-berger-allemand.fr\/fr_fr\/selection\/rusticite-equilibre-nerveux-et-polyvalence\/","title":{"rendered":"Rusticit\u00e9, \u00e9quilibre nerveux et polyvalence"},"content":{"rendered":"<div class=\"page\" title=\"Page 49\">\n<div class=\"layoutArea\">\n<div class=\"column\">\n<h3>Rusticit\u00e9 et \u00e9quilibre nerveux du Berger Allemand des qualit\u00e9s essentielles qui en font sa polyvalence<\/h3>\n<p>Le Berger Allemand est a\u0300 l\u2019origine un chien de berger, donc un chien <a href=\"https:\/\/www.larousse.fr \u203a dictionnaires \u203a francais \u203a rustique\">rustique<\/a>, endurant, qui peut aussi e\u0302tre calme et e\u0301quilibre\u0301.<\/p>\n<\/div>\n<p><img loading=\"lazy\" decoding=\"async\" class=\"aligncenter wp-image-587\" src=\"https:\/\/dcv-berger-allemand.fr\/wp-content\/uploads\/2025\/04\/Screenshot_20250428_091456_com_hihonor_photos_SlotAlbumActivity_edit_207972094702175-273x300.jpg\" alt=\"Rusticit\u00e9 et Equilibre, Instinct de berger: le chien patrouille\" width=\"440\" height=\"484\" srcset=\"https:\/\/dcv-berger-allemand.fr\/wp-content\/uploads\/2025\/04\/Screenshot_20250428_091456_com_hihonor_photos_SlotAlbumActivity_edit_207972094702175-273x300.jpg 273w, https:\/\/dcv-berger-allemand.fr\/wp-content\/uploads\/2025\/04\/Screenshot_20250428_091456_com_hihonor_photos_SlotAlbumActivity_edit_207972094702175-931x1024.jpg 931w, https:\/\/dcv-berger-allemand.fr\/wp-content\/uploads\/2025\/04\/Screenshot_20250428_091456_com_hihonor_photos_SlotAlbumActivity_edit_207972094702175-768x845.jpg 768w, https:\/\/dcv-berger-allemand.fr\/wp-content\/uploads\/2025\/04\/Screenshot_20250428_091456_com_hihonor_photos_SlotAlbumActivity_edit_207972094702175.jpg 1224w\" sizes=\"auto, (max-width: 440px) 100vw, 440px\" \/><\/p>\n<div class=\"column\">\n<p style=\"text-align: center;\">Instinct de berger: le chien patrouille<\/p>\n<p>Ces qualit\u00e9s ont \u00e9t\u00e9 s\u00e9lectionn\u00e9es par les bergers au fil des si\u00e8cles, transmises de g\u00e9n\u00e9ration en g\u00e9n\u00e9ration sous forme d&rsquo;instincts qui permettent un large panel de mise en application: c&rsquo;est ce que nous cherchons a\u0300 pre\u0301server.<\/p>\n<\/div>\n<\/div>\n<\/div>\n<div class=\"page\" title=\"Page 50\">\n<div class=\"layoutArea\">\n<div class=\"column\">\n<p>Nous testons nos reproducteurs dans un cadre re\u0301el, en contact avec des animaux de ferme, notamment les plus fragiles (poules, agneaux, chevreaux, chats) qu&rsquo;ils sont cens\u00e9s prot\u00e9ger des pr\u00e9dateurs et non tuer.<\/p>\n<p><img loading=\"lazy\" decoding=\"async\" class=\"aligncenter wp-image-588\" src=\"https:\/\/dcv-berger-allemand.fr\/wp-content\/uploads\/2025\/04\/Screenshot_20250428_091442_com_hihonor_photos_SlotAlbumActivity_edit_207954637227650-300x169.jpg\" alt=\"Berger Allemand et poules\" width=\"531\" height=\"299\" srcset=\"https:\/\/dcv-berger-allemand.fr\/wp-content\/uploads\/2025\/04\/Screenshot_20250428_091442_com_hihonor_photos_SlotAlbumActivity_edit_207954637227650-300x169.jpg 300w, https:\/\/dcv-berger-allemand.fr\/wp-content\/uploads\/2025\/04\/Screenshot_20250428_091442_com_hihonor_photos_SlotAlbumActivity_edit_207954637227650-1024x576.jpg 1024w, https:\/\/dcv-berger-allemand.fr\/wp-content\/uploads\/2025\/04\/Screenshot_20250428_091442_com_hihonor_photos_SlotAlbumActivity_edit_207954637227650-768x432.jpg 768w, https:\/\/dcv-berger-allemand.fr\/wp-content\/uploads\/2025\/04\/Screenshot_20250428_091442_com_hihonor_photos_SlotAlbumActivity_edit_207954637227650.jpg 1223w\" sizes=\"auto, (max-width: 531px) 100vw, 531px\" \/><\/p>\n<p style=\"text-align: center;\">Berger Allemand et poules<\/p>\n<p>N\u2019oubliez pas\u00a0 que ce sont ces instincts qui leur permettent d\u2019e\u0302tre inoffensif avec vos enfants.<\/p>\n<\/div>\n<\/div>\n<\/div>\n<div class=\"page\" title=\"Page 51\">\n<div class=\"layoutArea\">\n<div class=\"column\">\n<p>La capacite\u0301 a\u0300 s\u2019adapter, a\u0300 re\u0301fle\u0301chir, a\u0300 moduler ses comportements selon le contexte : voila\u0300 ce que nous attendons.<\/p>\n<blockquote><p><em><img loading=\"lazy\" decoding=\"async\" class=\"aligncenter wp-image-590\" src=\"https:\/\/dcv-berger-allemand.fr\/wp-content\/uploads\/2025\/04\/Screenshot_20250428_091413_com_hihonor_photos_SlotAlbumActivity_edit_207929433472868-300x167.jpg\" alt=\"Berger Allemand et chevreaux\" width=\"501\" height=\"279\" srcset=\"https:\/\/dcv-berger-allemand.fr\/wp-content\/uploads\/2025\/04\/Screenshot_20250428_091413_com_hihonor_photos_SlotAlbumActivity_edit_207929433472868-300x167.jpg 300w, https:\/\/dcv-berger-allemand.fr\/wp-content\/uploads\/2025\/04\/Screenshot_20250428_091413_com_hihonor_photos_SlotAlbumActivity_edit_207929433472868-1024x571.jpg 1024w, https:\/\/dcv-berger-allemand.fr\/wp-content\/uploads\/2025\/04\/Screenshot_20250428_091413_com_hihonor_photos_SlotAlbumActivity_edit_207929433472868-768x428.jpg 768w, https:\/\/dcv-berger-allemand.fr\/wp-content\/uploads\/2025\/04\/Screenshot_20250428_091413_com_hihonor_photos_SlotAlbumActivity_edit_207929433472868.jpg 1224w\" sizes=\"auto, (max-width: 501px) 100vw, 501px\" \/><\/em><\/p><\/blockquote>\n<\/div>\n<\/div>\n<\/div>\n<p style=\"text-align: center;\">Berger Allemand et chevreaux<\/p>\n<p><span style=\"color: #0000ff;\">( Ce sujet est \u00e9galement abord\u00e9 dans la section <a style=\"color: #0000ff;\" href=\"https:\/\/dcv-berger-allemand.fr\/sante\/rusticite\/\">Sant\u00e9\/ Rusticit\u00e9<\/a>)<\/span><\/p>\n<p>&nbsp;<\/p>\n<p><a class=\"continue-button\" style=\"display: inline-block; background-color: #2c3e50; color: #ffffff; padding: 12px 24px; border-radius: 8px; text-decoration: none; font-size: 18px; transition: background-color 0.3s ease;\" href=\"https:\/\/dcv-berger-allemand.fr\/selection\/tous-les-chiens\/\"><br \/>\nContinuer vers la section suivante<br \/>\n<\/a><\/p>\n<div style=\"display: flex; flex-wrap: wrap; justify-content: center; gap: 10px; margin-top: 30px;\"><span style=\"color: #666666; text-align: center;\">\u00a9 2025 \u00c9levage des Crocs V\u00e9ritables<\/span><\/div>\n<p>&nbsp;<\/p>\n<div style=\"text-align: center; font-size: 16px; margin-top: 20px;\"><strong>Navigation rapide :<\/strong><\/div>\n<div style=\"text-align: center; font-size: 16px; margin-top: 20px;\"><a href=\"https:\/\/dcv-berger-allemand.fr\/\">Accueil<\/a><br \/><a href=\"\/le-berger-allemand\/\">Le Berger Allemand<\/a> | <a href=\"\/sante\/\">Sant\u00e9<\/a> | <a href=\"\/selection\/\">S\u00e9lection<\/a> | <a href=\"\/vivre-avec-un-berger-allemand\/\">Vivre avec un Berger Allemand<\/a> | <a href=\"\/education-et-dressage\/\">\u00c9ducation et dressage<\/a> | <a href=\"\/elevage\/\">\u00c9levage<\/a> | <a href=\"\/photos-et-videos\/\">Photos<\/a> | <a href=\"\/contact\/\">Contact<\/a> | <a href=\"\/liens-et-bibliographie\/\">Liens <\/a> | <em><span style=\"color: #339966;\"><a style=\"color: #339966;\" href=\"https:\/\/dcv-berger-allemand.fr\/articles-et-reflexions\/\">Articles et R\u00e9flexions<\/a><\/span><\/em><\/div>\n","protected":false},"excerpt":{"rendered":"<p>Rusticit\u00e9 et \u00e9quilibre nerveux du Berger Allemand des qualit\u00e9s essentielles qui en font sa polyvalence Le Berger Allemand est a\u0300 l\u2019origine un chien de berger, donc un chien rustique, endurant, qui peut aussi e\u0302tre calme et e\u0301quilibre\u0301. Instinct de berger: le chien patrouille Ces qualit\u00e9s ont \u00e9t\u00e9 s\u00e9lectionn\u00e9es par les bergers au fil des si\u00e8cles, [&hellip;]<\/p>\n","protected":false},"author":1,"featured_media":0,"parent":140,"menu_order":0,"comment_status":"closed","ping_status":"closed","template":"","meta":{"footnotes":""},"class_list":["post-304","page","type-page","status-publish","hentry"],"_links":{"self":[{"href":"https:\/\/dcv-berger-allemand.fr\/fr_fr\/wp-json\/wp\/v2\/pages\/304","targetHints":{"allow":["GET"]}}],"collection":[{"href":"https:\/\/dcv-berger-allemand.fr\/fr_fr\/wp-json\/wp\/v2\/pages"}],"about":[{"href":"https:\/\/dcv-berger-allemand.fr\/fr_fr\/wp-json\/wp\/v2\/types\/page"}],"author":[{"embeddable":true,"href":"https:\/\/dcv-berger-allemand.fr\/fr_fr\/wp-json\/wp\/v2\/users\/1"}],"replies":[{"embeddable":true,"href":"https:\/\/dcv-berger-allemand.fr\/fr_fr\/wp-json\/wp\/v2\/comments?post=304"}],"version-history":[{"count":13,"href":"https:\/\/dcv-berger-allemand.fr\/fr_fr\/wp-json\/wp\/v2\/pages\/304\/revisions"}],"predecessor-version":[{"id":1263,"href":"https:\/\/dcv-berger-allemand.fr\/fr_fr\/wp-json\/wp\/v2\/pages\/304\/revisions\/1263"}],"up":[{"embeddable":true,"href":"https:\/\/dcv-berger-allemand.fr\/fr_fr\/wp-json\/wp\/v2\/pages\/140"}],"wp:attachment":[{"href":"https:\/\/dcv-berger-allemand.fr\/fr_fr\/wp-json\/wp\/v2\/media?parent=304"}],"curies":[{"name":"wp","href":"https:\/\/api.w.org\/{rel}","templated":true}]}}