{"id":300,"date":"2025-04-25T15:19:03","date_gmt":"2025-04-25T15:19:03","guid":{"rendered":"https:\/\/dcv-berger-allemand.fr\/?page_id=300"},"modified":"2025-05-24T17:25:44","modified_gmt":"2025-05-24T17:25:44","slug":"la-garde-un-travail","status":"publish","type":"page","link":"https:\/\/dcv-berger-allemand.fr\/fr_fr\/selection\/la-garde-un-travail\/","title":{"rendered":"La garde, un travail ?"},"content":{"rendered":"<div class=\"page\" title=\"Page 49\">\n<div class=\"layoutArea\">\n<div class=\"column\">\n<p style=\"padding-left: 40px;\"><img loading=\"lazy\" decoding=\"async\" class=\" wp-image-376 aligncenter\" src=\"https:\/\/dcv-berger-allemand.fr\/wp-content\/uploads\/2025\/04\/download-3-20.30.14.jpg\" alt=\"\" width=\"346\" height=\"395\" \/><\/p>\n<h3>La garde, plus vieux m\u00e9tier du monde du chien?<\/h3>\n<p>On oublie trop souvent qu\u2019une des fonctions premie\u0300re du chien est d\u2019alerter, de prote\u0301ger, de dissuader, probablement son plus vieux m\u00e9tier. Cet instinct, lorsqu\u2019il est pre\u0301sent s\u2019observe, se renforce, mais ne s\u2019invente pas.<\/p>\n<p>Dans une ligne\u0301e dite de travail, il est essentiel que cette capacite\u0301 naturelle a\u0300 surveiller, sentir le danger, re\u0301agir de manie\u0300re adapte\u0301e ne soit pas e\u0301touffe\u0301e.<\/p>\n<p><img loading=\"lazy\" decoding=\"async\" class=\"aligncenter wp-image-582\" src=\"https:\/\/dcv-berger-allemand.fr\/wp-content\/uploads\/2025\/04\/IMG_20250428_090038_edit_207469843294137-225x300.jpg\" alt=\"La garde du berger Allemand, Attitude dissuasive typique du chien gardien, son but est d'alerter et dissuader d'approcher\" width=\"362\" height=\"483\" srcset=\"https:\/\/dcv-berger-allemand.fr\/wp-content\/uploads\/2025\/04\/IMG_20250428_090038_edit_207469843294137-225x300.jpg 225w, https:\/\/dcv-berger-allemand.fr\/wp-content\/uploads\/2025\/04\/IMG_20250428_090038_edit_207469843294137-768x1024.jpg 768w, https:\/\/dcv-berger-allemand.fr\/wp-content\/uploads\/2025\/04\/IMG_20250428_090038_edit_207469843294137-1152x1536.jpg 1152w, https:\/\/dcv-berger-allemand.fr\/wp-content\/uploads\/2025\/04\/IMG_20250428_090038_edit_207469843294137.jpg 1412w\" sizes=\"auto, (max-width: 362px) 100vw, 362px\" \/><\/p>\n<p style=\"text-align: center;\">Attitude dissuasive typique du chien gardien, son but est d&rsquo;alerter et dissuader d&rsquo;approcher<\/p>\n<p><a href=\"https:\/\/www.santevet.com\/articles\/chien-garde\" target=\"_blank\" rel=\"noopener\">Le chien de garde<\/a> n\u2019est pas donc pas un chien de ring ni de sport : c\u2019est un chien qui re\u0301fle\u0301chit, qui agit de lui-me\u0302me, sans attendre l\u2019ordre, mais sur lequel on peut a\u0300 tout moment reprendre le contro\u0302le, qui est m\u00e9fiant envers les \u00e9trangers, mais fiable avec la famille.<\/p>\n<p><img loading=\"lazy\" decoding=\"async\" class=\"size-medium wp-image-17 aligncenter\" src=\"https:\/\/dcv-berger-allemand.fr\/wp-content\/uploads\/2025\/04\/IMG_20210430_195001_144-300x300.jpg\" alt=\"\" width=\"300\" height=\"300\" srcset=\"https:\/\/dcv-berger-allemand.fr\/wp-content\/uploads\/2025\/04\/IMG_20210430_195001_144-300x300.jpg 300w, https:\/\/dcv-berger-allemand.fr\/wp-content\/uploads\/2025\/04\/IMG_20210430_195001_144-1024x1024.jpg 1024w, https:\/\/dcv-berger-allemand.fr\/wp-content\/uploads\/2025\/04\/IMG_20210430_195001_144-150x150.jpg 150w, https:\/\/dcv-berger-allemand.fr\/wp-content\/uploads\/2025\/04\/IMG_20210430_195001_144-768x768.jpg 768w, https:\/\/dcv-berger-allemand.fr\/wp-content\/uploads\/2025\/04\/IMG_20210430_195001_144.jpg 1080w\" sizes=\"auto, (max-width: 300px) 100vw, 300px\" \/><\/p>\n<p>Dans l&rsquo;\u00e9levage Des Crocs V\u00e9ritables nous consid\u00e9rons les instincts de garde et protection comme des tr\u00e9sors \u00e0 conserver.<\/p>\n<p>(ce sujet est \u00e9galement d\u00e9velopp\u00e9 dans les section <a href=\"https:\/\/dcv-berger-allemand.fr\/vivre-avec-un-berger-allemand\/profils-de-maitres-adaptes\/\">Vivre avec un BA\/ Profils de ma\u00eetres<\/a> et\u00a0 <a href=\"https:\/\/dcv-berger-allemand.fr\/education-et-dressage\/garde\/\">\u00a0dressage\/garde <\/a>)<\/p>\n<\/div>\n<\/div>\n<\/div>\n<p>&nbsp;<\/p>\n<p><a class=\"continue-button\" style=\"display: inline-block; background-color: #2c3e50; color: #ffffff; padding: 12px 24px; border-radius: 8px; text-decoration: none; font-size: 18px; transition: background-color 0.3s ease;\" href=\"https:\/\/dcv-berger-allemand.fr\/selection\/rusticite-equilibre-nerveux-et-polyvalence\/\"><br \/>\nContinuer vers la section suivante<br \/>\n<\/a><\/p>\n<div style=\"display: flex; flex-wrap: wrap; justify-content: center; gap: 10px; margin-top: 30px;\"><span style=\"color: #666666; text-align: center;\">\u00a9 2025 \u00c9levage des Crocs V\u00e9ritables<\/span><\/div>\n<p>&nbsp;<\/p>\n<div style=\"text-align: center; font-size: 16px; margin-top: 20px;\"><strong>Navigation rapide :<\/strong><\/div>\n<div style=\"text-align: center; font-size: 16px; margin-top: 20px;\"><a href=\"https:\/\/dcv-berger-allemand.fr\/\">Accueil<\/a><br \/><a href=\"\/le-berger-allemand\/\">Le Berger Allemand<\/a> | <a href=\"\/sante\/\">Sant\u00e9<\/a> | <a href=\"\/selection\/\">S\u00e9lection<\/a> | <a href=\"\/vivre-avec-un-berger-allemand\/\">Vivre avec un Berger Allemand<\/a> | <a href=\"\/education-et-dressage\/\">\u00c9ducation et dressage<\/a> | <a href=\"\/elevage\/\">\u00c9levage<\/a> | <a href=\"\/photos-et-videos\/\">Photos<\/a> | <a href=\"\/contact\/\">Contact<\/a> | <a href=\"\/liens-et-bibliographie\/\">Liens <\/a> | <em><span style=\"color: #339966;\"><a style=\"color: #339966;\" href=\"https:\/\/dcv-berger-allemand.fr\/articles-et-reflexions\/\">Articles et R\u00e9flexions<\/a><\/span><\/em><\/div>\n","protected":false},"excerpt":{"rendered":"<p>La garde, plus vieux m\u00e9tier du monde du chien? On oublie trop souvent qu\u2019une des fonctions premie\u0300re du chien est d\u2019alerter, de prote\u0301ger, de dissuader, probablement son plus vieux m\u00e9tier. Cet instinct, lorsqu\u2019il est pre\u0301sent s\u2019observe, se renforce, mais ne s\u2019invente pas. Dans une ligne\u0301e dite de travail, il est essentiel que cette capacite\u0301 naturelle [&hellip;]<\/p>\n","protected":false},"author":1,"featured_media":0,"parent":140,"menu_order":0,"comment_status":"closed","ping_status":"closed","template":"","meta":{"footnotes":""},"class_list":["post-300","page","type-page","status-publish","hentry"],"_links":{"self":[{"href":"https:\/\/dcv-berger-allemand.fr\/fr_fr\/wp-json\/wp\/v2\/pages\/300","targetHints":{"allow":["GET"]}}],"collection":[{"href":"https:\/\/dcv-berger-allemand.fr\/fr_fr\/wp-json\/wp\/v2\/pages"}],"about":[{"href":"https:\/\/dcv-berger-allemand.fr\/fr_fr\/wp-json\/wp\/v2\/types\/page"}],"author":[{"embeddable":true,"href":"https:\/\/dcv-berger-allemand.fr\/fr_fr\/wp-json\/wp\/v2\/users\/1"}],"replies":[{"embeddable":true,"href":"https:\/\/dcv-berger-allemand.fr\/fr_fr\/wp-json\/wp\/v2\/comments?post=300"}],"version-history":[{"count":17,"href":"https:\/\/dcv-berger-allemand.fr\/fr_fr\/wp-json\/wp\/v2\/pages\/300\/revisions"}],"predecessor-version":[{"id":1262,"href":"https:\/\/dcv-berger-allemand.fr\/fr_fr\/wp-json\/wp\/v2\/pages\/300\/revisions\/1262"}],"up":[{"embeddable":true,"href":"https:\/\/dcv-berger-allemand.fr\/fr_fr\/wp-json\/wp\/v2\/pages\/140"}],"wp:attachment":[{"href":"https:\/\/dcv-berger-allemand.fr\/fr_fr\/wp-json\/wp\/v2\/media?parent=300"}],"curies":[{"name":"wp","href":"https:\/\/api.w.org\/{rel}","templated":true}]}}