{"id":297,"date":"2025-04-25T15:17:39","date_gmt":"2025-04-25T15:17:39","guid":{"rendered":"https:\/\/dcv-berger-allemand.fr\/?page_id=297"},"modified":"2025-05-24T17:24:59","modified_gmt":"2025-05-24T17:24:59","slug":"limites-sport","status":"publish","type":"page","link":"https:\/\/dcv-berger-allemand.fr\/fr_fr\/selection\/limites-sport\/","title":{"rendered":"Limites d\u2019une s\u00e9lection centr\u00e9e sur le sport"},"content":{"rendered":"<div class=\"page\" title=\"Page 48\">\n<div class=\"layoutArea\">\n<div class=\"column\">\n<h3>Quelles sont les limites d&rsquo;une s\u00e9lection centr\u00e9e sur le sport?<\/h3>\n<p>Les disciplines comme le <a href=\"https:\/\/www.centrale-canine.fr\/articles\/tout-savoir-sur-le-mordant\" target=\"_blank\" rel=\"noopener\">ring, le mondioring, l\u2019IGP<\/a> ou le pistage ont permis de pre\u0301server certaines qualite\u0301s du Berger Allemand : engagement, obe\u0301issance, flair, re\u0301activite\u0301. Elles ont leur utilite\u0301 et leur inte\u0301re\u0302t, loin de nous de le nier. Mais une se\u0301lection exclusivement oriente\u0301e vers ces sports finit souvent par produire des chiens surconditionne\u0301s, ou\u0300 l\u2019instinct naturel est e\u0301crase\u0301 par le dressage, ou\u0300 l\u2019aptitude a\u0300 la vie re\u0301elle est parfois secondaire.<\/p>\n<p><img loading=\"lazy\" decoding=\"async\" class=\"aligncenter wp-image-35\" src=\"https:\/\/dcv-berger-allemand.fr\/wp-content\/uploads\/2025\/04\/Screenshot_20250422_183851_com_hihonor_photos_SlotAlbumActivity-300x96.jpg\" alt=\"Limites d'une s\u00e9lection centr\u00e9e sur le sport, Morsure Ring fran\u00e7ais chiot Des Crocs V\u00e9ritables de 5 mois\" width=\"614\" height=\"197\" srcset=\"https:\/\/dcv-berger-allemand.fr\/wp-content\/uploads\/2025\/04\/Screenshot_20250422_183851_com_hihonor_photos_SlotAlbumActivity-300x96.jpg 300w, https:\/\/dcv-berger-allemand.fr\/wp-content\/uploads\/2025\/04\/Screenshot_20250422_183851_com_hihonor_photos_SlotAlbumActivity-768x247.jpg 768w, https:\/\/dcv-berger-allemand.fr\/wp-content\/uploads\/2025\/04\/Screenshot_20250422_183851_com_hihonor_photos_SlotAlbumActivity.jpg 788w\" sizes=\"auto, (max-width: 614px) 100vw, 614px\" \/><\/p>\n<\/div>\n<\/div>\n<\/div>\n<div class=\"page\" title=\"Page 49\">\n<div class=\"layoutArea\">\n<div class=\"column\">\n<p style=\"text-align: center;\">Morsure Ring fran\u00e7ais chiot Des Crocs V\u00e9ritables de 5 mois<\/p>\n<p>Instinct de proie exacerbe\u0301, mordant devenu re\u0301flexe ste\u0301re\u0301otype\u0301, soumission extre\u0302me, conditionnements pousse\u0301s au paroxisme&#8230; autant de traits qui, s\u2019ils sont utiles en compe\u0301tition, ne garantissent en rien un chien e\u0301quilibre\u0301 dans la vie de tous les jours.<\/p>\n<p>Il est par ailleurs souvent confondu, titres obtenus par l&rsquo;\u00e9quipe derri\u00e8re le chien et capacit\u00e9 du chien. La simple addition de deux champions ne suffit pas. La g\u00e9n\u00e9tique fonctionne de fa\u00e7on plus subtile, il faut \u00e0 notre sens, une approche plus globale.<\/p>\n<p>Nous pouvons ainsi parfois privile\u0301gier des chiens moins titre\u0301s, mais dont nous pouvons tester une vari\u00e9t\u00e9 d&rsquo;instincts et dont les qualite\u0301s se ve\u0301rifient concre\u0300tement : en se\u0301curite\u0301, en de\u0301tection, en troupeau ou en garde re\u0301elle et qui restent fiables en famille.<\/p>\n<p><strong>Ce sont ces chiens-la\u0300, efficaces sans artifice, qui nous inte\u0301ressent.<\/strong><\/p>\n<p><img loading=\"lazy\" decoding=\"async\" class=\" wp-image-29 aligncenter\" src=\"https:\/\/dcv-berger-allemand.fr\/wp-content\/uploads\/2025\/04\/IMG20230122160554-225x300.jpg\" alt=\"\" width=\"366\" height=\"488\" srcset=\"https:\/\/dcv-berger-allemand.fr\/wp-content\/uploads\/2025\/04\/IMG20230122160554-225x300.jpg 225w, https:\/\/dcv-berger-allemand.fr\/wp-content\/uploads\/2025\/04\/IMG20230122160554-768x1024.jpg 768w, https:\/\/dcv-berger-allemand.fr\/wp-content\/uploads\/2025\/04\/IMG20230122160554-1152x1536.jpg 1152w, https:\/\/dcv-berger-allemand.fr\/wp-content\/uploads\/2025\/04\/IMG20230122160554-1536x2048.jpg 1536w, https:\/\/dcv-berger-allemand.fr\/wp-content\/uploads\/2025\/04\/IMG20230122160554-scaled.jpg 1920w\" sizes=\"auto, (max-width: 366px) 100vw, 366px\" \/><\/p>\n<\/div>\n<\/div>\n<\/div>\n<p>&nbsp;<\/p>\n<p><a class=\"continue-button\" style=\"display: inline-block; background-color: #2c3e50; color: #ffffff; padding: 12px 24px; border-radius: 8px; text-decoration: none; font-size: 18px; transition: background-color 0.3s ease;\" href=\"https:\/\/dcv-berger-allemand.fr\/selection\/la-garde-un-travail\/\"><br \/>\nContinuer vers la section suivante<br \/>\n<\/a><\/p>\n<div style=\"display: flex; flex-wrap: wrap; justify-content: center; gap: 10px; margin-top: 30px;\"><span style=\"color: #666666; text-align: center;\">\u00a9 2025 \u00c9levage des Crocs V\u00e9ritables<\/span><\/div>\n<p>&nbsp;<\/p>\n<div style=\"text-align: center; font-size: 16px; margin-top: 20px;\"><strong>Navigation rapide :<\/strong><\/div>\n<div style=\"text-align: center; font-size: 16px; margin-top: 20px;\"><a href=\"https:\/\/dcv-berger-allemand.fr\/\">Accueil<\/a><br \/><a href=\"\/le-berger-allemand\/\">Le Berger Allemand<\/a> | <a href=\"\/sante\/\">Sant\u00e9<\/a> | <a href=\"\/selection\/\">S\u00e9lection<\/a> | <a href=\"\/vivre-avec-un-berger-allemand\/\">Vivre avec un Berger Allemand<\/a> | <a href=\"\/education-et-dressage\/\">\u00c9ducation et dressage<\/a> | <a href=\"\/elevage\/\">\u00c9levage<\/a> | <a href=\"\/photos-et-videos\/\">Photos<\/a> | <a href=\"\/contact\/\">Contact<\/a> | <a href=\"\/liens-et-bibliographie\/\">Liens <\/a> | <em><span style=\"color: #339966;\"><a style=\"color: #339966;\" href=\"https:\/\/dcv-berger-allemand.fr\/articles-et-reflexions\/\">Articles et R\u00e9flexions<\/a><\/span><\/em><\/div>\n","protected":false},"excerpt":{"rendered":"<p>Quelles sont les limites d&rsquo;une s\u00e9lection centr\u00e9e sur le sport? Les disciplines comme le ring, le mondioring, l\u2019IGP ou le pistage ont permis de pre\u0301server certaines qualite\u0301s du Berger Allemand : engagement, obe\u0301issance, flair, re\u0301activite\u0301. Elles ont leur utilite\u0301 et leur inte\u0301re\u0302t, loin de nous de le nier. Mais une se\u0301lection exclusivement oriente\u0301e vers ces [&hellip;]<\/p>\n","protected":false},"author":1,"featured_media":0,"parent":140,"menu_order":0,"comment_status":"closed","ping_status":"closed","template":"","meta":{"footnotes":""},"class_list":["post-297","page","type-page","status-publish","hentry"],"_links":{"self":[{"href":"https:\/\/dcv-berger-allemand.fr\/fr_fr\/wp-json\/wp\/v2\/pages\/297","targetHints":{"allow":["GET"]}}],"collection":[{"href":"https:\/\/dcv-berger-allemand.fr\/fr_fr\/wp-json\/wp\/v2\/pages"}],"about":[{"href":"https:\/\/dcv-berger-allemand.fr\/fr_fr\/wp-json\/wp\/v2\/types\/page"}],"author":[{"embeddable":true,"href":"https:\/\/dcv-berger-allemand.fr\/fr_fr\/wp-json\/wp\/v2\/users\/1"}],"replies":[{"embeddable":true,"href":"https:\/\/dcv-berger-allemand.fr\/fr_fr\/wp-json\/wp\/v2\/comments?post=297"}],"version-history":[{"count":15,"href":"https:\/\/dcv-berger-allemand.fr\/fr_fr\/wp-json\/wp\/v2\/pages\/297\/revisions"}],"predecessor-version":[{"id":1261,"href":"https:\/\/dcv-berger-allemand.fr\/fr_fr\/wp-json\/wp\/v2\/pages\/297\/revisions\/1261"}],"up":[{"embeddable":true,"href":"https:\/\/dcv-berger-allemand.fr\/fr_fr\/wp-json\/wp\/v2\/pages\/140"}],"wp:attachment":[{"href":"https:\/\/dcv-berger-allemand.fr\/fr_fr\/wp-json\/wp\/v2\/media?parent=297"}],"curies":[{"name":"wp","href":"https:\/\/api.w.org\/{rel}","templated":true}]}}