{"id":293,"date":"2025-04-25T15:16:29","date_gmt":"2025-04-25T15:16:29","guid":{"rendered":"https:\/\/dcv-berger-allemand.fr\/?page_id=293"},"modified":"2025-05-24T17:24:21","modified_gmt":"2025-05-24T17:24:21","slug":"reflechir-la-selection-autrement","status":"publish","type":"page","link":"https:\/\/dcv-berger-allemand.fr\/fr_fr\/selection\/reflechir-la-selection-autrement\/","title":{"rendered":"R\u00e9fl\u00e9chir la s\u00e9lection autrement"},"content":{"rendered":"<div class=\"page\" title=\"Page 48\">\n<div class=\"layoutArea\">\n<div class=\"column\">\n<div id=\"ez-toc-container\" class=\"ez-toc-v2_0_76 counter-hierarchy ez-toc-counter ez-toc-grey ez-toc-container-direction\">\n<div class=\"ez-toc-title-container\">\n<p class=\"ez-toc-title\" style=\"cursor:inherit\">Contenus de la page<\/p>\n<span class=\"ez-toc-title-toggle\"><a href=\"#\" class=\"ez-toc-pull-right ez-toc-btn ez-toc-btn-xs ez-toc-btn-default ez-toc-toggle\" aria-label=\"Toggle Table of Content\"><span class=\"ez-toc-js-icon-con\"><span class=\"\"><span class=\"eztoc-hide\" style=\"display:none;\">Toggle<\/span><span class=\"ez-toc-icon-toggle-span\"><svg style=\"fill: #999;color:#999\" xmlns=\"http:\/\/www.w3.org\/2000\/svg\" class=\"list-377408\" width=\"20px\" height=\"20px\" viewBox=\"0 0 24 24\" fill=\"none\"><path d=\"M6 6H4v2h2V6zm14 0H8v2h12V6zM4 11h2v2H4v-2zm16 0H8v2h12v-2zM4 16h2v2H4v-2zm16 0H8v2h12v-2z\" fill=\"currentColor\"><\/path><\/svg><svg style=\"fill: #999;color:#999\" class=\"arrow-unsorted-368013\" xmlns=\"http:\/\/www.w3.org\/2000\/svg\" width=\"10px\" height=\"10px\" viewBox=\"0 0 24 24\" version=\"1.2\" baseProfile=\"tiny\"><path d=\"M18.2 9.3l-6.2-6.3-6.2 6.3c-.2.2-.3.4-.3.7s.1.5.3.7c.2.2.4.3.7.3h11c.3 0 .5-.1.7-.3.2-.2.3-.5.3-.7s-.1-.5-.3-.7zM5.8 14.7l6.2 6.3 6.2-6.3c.2-.2.3-.5.3-.7s-.1-.5-.3-.7c-.2-.2-.4-.3-.7-.3h-11c-.3 0-.5.1-.7.3-.2.2-.3.5-.3.7s.1.5.3.7z\"\/><\/svg><\/span><\/span><\/span><\/a><\/span><\/div>\n<nav><ul class='ez-toc-list ez-toc-list-level-1 ' ><li class='ez-toc-page-1 ez-toc-heading-level-3'><a class=\"ez-toc-link ez-toc-heading-1\" href=\"https:\/\/dcv-berger-allemand.fr\/fr_fr\/selection\/reflechir-la-selection-autrement\/#Reflechir_la_selection_du_Berger_Allemand_autrement_cest_elargir_le_champ_des_possibles\" >R\u00e9fl\u00e9chir la s\u00e9lection\u00a0 du Berger Allemand autrement, c&rsquo;est \u00e9largir le champ des possibles!<\/a><\/li><li class='ez-toc-page-1 ez-toc-heading-level-3'><a class=\"ez-toc-link ez-toc-heading-2\" href=\"https:\/\/dcv-berger-allemand.fr\/fr_fr\/selection\/reflechir-la-selection-autrement\/#Elargir_langle_de_vue\" >Elargir l&rsquo;angle de vue,<\/a><\/li><\/ul><\/nav><\/div>\n<h3><span class=\"ez-toc-section\" id=\"Reflechir_la_selection_du_Berger_Allemand_autrement_cest_elargir_le_champ_des_possibles\"><\/span>R\u00e9fl\u00e9chir la s\u00e9lection\u00a0 du Berger Allemand autrement, c&rsquo;est \u00e9largir le champ des possibles!<span class=\"ez-toc-section-end\"><\/span><\/h3>\n<p>S\u00e9lectionner un chien de travail exige une vision globale, bien au-del\u00e0 de la simple valorisation de crit\u00e8res visibles ou de performances imm\u00e9diates.<\/p>\n<p><img loading=\"lazy\" decoding=\"async\" class=\"aligncenter wp-image-418 size-medium\" src=\"https:\/\/dcv-berger-allemand.fr\/wp-content\/uploads\/2025\/04\/Screenshot_20250422_194558_com_facebook_katana_FbMainTabActivity_edit_65730670516019-300x220.jpg\" alt=\"R\u00e9fl\u00e9chir la s\u00e9lection autrement, Berger allemand \u00e0 la conduite et surveillance du troupeau \" width=\"300\" height=\"220\" srcset=\"https:\/\/dcv-berger-allemand.fr\/wp-content\/uploads\/2025\/04\/Screenshot_20250422_194558_com_facebook_katana_FbMainTabActivity_edit_65730670516019-300x220.jpg 300w, https:\/\/dcv-berger-allemand.fr\/wp-content\/uploads\/2025\/04\/Screenshot_20250422_194558_com_facebook_katana_FbMainTabActivity_edit_65730670516019-1024x750.jpg 1024w, https:\/\/dcv-berger-allemand.fr\/wp-content\/uploads\/2025\/04\/Screenshot_20250422_194558_com_facebook_katana_FbMainTabActivity_edit_65730670516019-768x562.jpg 768w, https:\/\/dcv-berger-allemand.fr\/wp-content\/uploads\/2025\/04\/Screenshot_20250422_194558_com_facebook_katana_FbMainTabActivity_edit_65730670516019.jpg 1220w\" sizes=\"auto, (max-width: 300px) 100vw, 300px\" \/><\/p>\n<p style=\"text-align: center;\">Berger allemand \u00e0 la conduite et surveillance du troupeau<\/p>\n<p>Le Berger Allemand, dans son essence, est un chien <a href=\"https:\/\/www.larousse.fr\/dictionnaires\/francais\/polyvalence\/62452\" target=\"_blank\" rel=\"noopener\">polyvalent,<\/a> capable d&rsquo;assurer aussi bien des missions de protection que de compagnonnage, de travail que de vie de famille.<\/p>\n<p><img loading=\"lazy\" decoding=\"async\" class=\"wp-image-346 size-medium aligncenter\" src=\"https:\/\/dcv-berger-allemand.fr\/wp-content\/uploads\/2025\/04\/Screenshot_20250422_185556_com_instagram_android_InstagramMainActivity_edit_65153727491655-1-300x287.jpg\" alt=\"Berger Allemand en Ring fran\u00e7ais\" width=\"300\" height=\"287\" srcset=\"https:\/\/dcv-berger-allemand.fr\/wp-content\/uploads\/2025\/04\/Screenshot_20250422_185556_com_instagram_android_InstagramMainActivity_edit_65153727491655-1-300x287.jpg 300w, https:\/\/dcv-berger-allemand.fr\/wp-content\/uploads\/2025\/04\/Screenshot_20250422_185556_com_instagram_android_InstagramMainActivity_edit_65153727491655-1-1024x978.jpg 1024w, https:\/\/dcv-berger-allemand.fr\/wp-content\/uploads\/2025\/04\/Screenshot_20250422_185556_com_instagram_android_InstagramMainActivity_edit_65153727491655-1-768x733.jpg 768w, https:\/\/dcv-berger-allemand.fr\/wp-content\/uploads\/2025\/04\/Screenshot_20250422_185556_com_instagram_android_InstagramMainActivity_edit_65153727491655-1.jpg 1224w\" sizes=\"auto, (max-width: 300px) 100vw, 300px\" \/><\/p>\n<p style=\"text-align: center;\">Berger Allemand en Ring fran\u00e7ais<\/p>\n<p>Pr\u00e9server cette polyvalence requiert une s\u00e9lection multi-param\u00e8tres : la sant\u00e9 durable, la robustesse physique, l&rsquo;\u00e9quilibre nerveux, la capacit\u00e9 d\u2019adaptation, la rusticit\u00e9 naturelle et bien s\u00fbr une vari\u00e9t\u00e9 d&rsquo;instincts.<\/p>\n<p><img loading=\"lazy\" decoding=\"async\" class=\"wp-image-43 size-medium aligncenter\" src=\"https:\/\/dcv-berger-allemand.fr\/wp-content\/uploads\/2025\/04\/Screenshot_20250422_184537-300x164.jpg\" alt=\"Berger Allemand agilit\u00e9\" width=\"300\" height=\"164\" srcset=\"https:\/\/dcv-berger-allemand.fr\/wp-content\/uploads\/2025\/04\/Screenshot_20250422_184537-300x164.jpg 300w, https:\/\/dcv-berger-allemand.fr\/wp-content\/uploads\/2025\/04\/Screenshot_20250422_184537.jpg 479w\" sizes=\"auto, (max-width: 300px) 100vw, 300px\" \/><\/p>\n<p style=\"text-align: center;\">Berger Allemand agilit\u00e9<\/p>\n<p>R\u00e9duire la s\u00e9lection \u00e0 un seul crit\u00e8re, quel qu\u2019il soit, appauvrit progressivement la richesse fonctionnelle de la race.<\/p>\n<p><img loading=\"lazy\" decoding=\"async\" class=\"wp-image-42 size-medium aligncenter\" src=\"https:\/\/dcv-berger-allemand.fr\/wp-content\/uploads\/2025\/04\/Screenshot_20250422_184338_com_google_android_apps_photos_AlbumActivity-scaled-e1745784631805-300x280.jpg\" alt=\"Berger Allemand chien d'intervention\" width=\"300\" height=\"280\" srcset=\"https:\/\/dcv-berger-allemand.fr\/wp-content\/uploads\/2025\/04\/Screenshot_20250422_184338_com_google_android_apps_photos_AlbumActivity-scaled-e1745784631805-300x280.jpg 300w, https:\/\/dcv-berger-allemand.fr\/wp-content\/uploads\/2025\/04\/Screenshot_20250422_184338_com_google_android_apps_photos_AlbumActivity-scaled-e1745784631805-1024x957.jpg 1024w, https:\/\/dcv-berger-allemand.fr\/wp-content\/uploads\/2025\/04\/Screenshot_20250422_184338_com_google_android_apps_photos_AlbumActivity-scaled-e1745784631805-768x718.jpg 768w, https:\/\/dcv-berger-allemand.fr\/wp-content\/uploads\/2025\/04\/Screenshot_20250422_184338_com_google_android_apps_photos_AlbumActivity-scaled-e1745784631805.jpg 1160w\" sizes=\"auto, (max-width: 300px) 100vw, 300px\" \/><\/p>\n<p style=\"text-align: center;\">Berger Allemand chien d&rsquo;intervention<\/p>\n<p>C&rsquo;est, \u00e0 notre sens, en croisant plusieurs exigences fondamentales que l&rsquo;on peut\u00a0 perp\u00e9tuer des chiens \u00e0 la fois fiables, \u00e9quilibr\u00e9s, endurants, et capables de s&rsquo;\u00e9panouir dans des contextes vari\u00e9s.<\/p>\n<blockquote>\n<p style=\"padding-left: 40px;\"><img loading=\"lazy\" decoding=\"async\" class=\"aligncenter wp-image-416 size-medium\" src=\"https:\/\/dcv-berger-allemand.fr\/wp-content\/uploads\/2025\/04\/Screenshot_20250422_182213_com_hihonor_photos_SlotAlbumActivity_edit_65825198636139-300x163.jpg\" alt=\"Berger Allemand temp\u00e9rance et douceur\" width=\"300\" height=\"163\" srcset=\"https:\/\/dcv-berger-allemand.fr\/wp-content\/uploads\/2025\/04\/Screenshot_20250422_182213_com_hihonor_photos_SlotAlbumActivity_edit_65825198636139-300x163.jpg 300w, https:\/\/dcv-berger-allemand.fr\/wp-content\/uploads\/2025\/04\/Screenshot_20250422_182213_com_hihonor_photos_SlotAlbumActivity_edit_65825198636139-1024x558.jpg 1024w, https:\/\/dcv-berger-allemand.fr\/wp-content\/uploads\/2025\/04\/Screenshot_20250422_182213_com_hihonor_photos_SlotAlbumActivity_edit_65825198636139-768x419.jpg 768w, https:\/\/dcv-berger-allemand.fr\/wp-content\/uploads\/2025\/04\/Screenshot_20250422_182213_com_hihonor_photos_SlotAlbumActivity_edit_65825198636139.jpg 1224w\" sizes=\"auto, (max-width: 300px) 100vw, 300px\" \/><\/p>\n<\/blockquote>\n<p style=\"text-align: center;\">Berger Allemand temp\u00e9rance et douceur<\/p>\n<h3><span class=\"ez-toc-section\" id=\"Elargir_langle_de_vue\"><\/span>Elargir l&rsquo;angle de vue,<span class=\"ez-toc-section-end\"><\/span><\/h3>\n<p><strong>c&rsquo;est donc replacer l&rsquo;ensemble de ces param\u00e8tres au c\u0153ur du projet d&rsquo;\u00e9levage, pour pr\u00e9server ce qui fait l&rsquo;essence m\u00eame du Berger Allemand, en restant fid\u00e8le aux objectifs fix\u00e9s par son cr\u00e9ateur.<\/strong><\/p>\n<p><img loading=\"lazy\" decoding=\"async\" class=\"wp-image-433 size-medium aligncenter\" src=\"https:\/\/dcv-berger-allemand.fr\/wp-content\/uploads\/2025\/04\/IMG_20210430_195001_144-2-300x300.jpg\" alt=\"Berger Allemand chien de famille!\" width=\"300\" height=\"300\" srcset=\"https:\/\/dcv-berger-allemand.fr\/wp-content\/uploads\/2025\/04\/IMG_20210430_195001_144-2-300x300.jpg 300w, https:\/\/dcv-berger-allemand.fr\/wp-content\/uploads\/2025\/04\/IMG_20210430_195001_144-2-1024x1024.jpg 1024w, https:\/\/dcv-berger-allemand.fr\/wp-content\/uploads\/2025\/04\/IMG_20210430_195001_144-2-150x150.jpg 150w, https:\/\/dcv-berger-allemand.fr\/wp-content\/uploads\/2025\/04\/IMG_20210430_195001_144-2-768x768.jpg 768w, https:\/\/dcv-berger-allemand.fr\/wp-content\/uploads\/2025\/04\/IMG_20210430_195001_144-2.jpg 1080w\" sizes=\"auto, (max-width: 300px) 100vw, 300px\" \/><\/p>\n<p style=\"text-align: center;\">Berger Allemand chien de famille!<\/p>\n<\/div>\n<\/div>\n<\/div>\n<p><a class=\"continue-button\" style=\"display: inline-block; background-color: #2c3e50; color: #ffffff; padding: 12px 24px; border-radius: 8px; text-decoration: none; font-size: 18px; transition: background-color 0.3s ease;\" href=\"https:\/\/dcv-berger-allemand.fr\/selection\/limites-sport\/\"><br \/>\nContinuer vers la section suivante<br \/>\n<\/a><\/p>\n<div style=\"display: flex; flex-wrap: wrap; justify-content: center; gap: 10px; margin-top: 30px;\"><span style=\"color: #666666; text-align: center;\">\u00a9 2025 \u00c9levage des Crocs V\u00e9ritables<\/span><\/div>\n<p>&nbsp;<\/p>\n<div style=\"text-align: center; font-size: 16px; margin-top: 20px;\"><strong>Navigation rapide :<\/strong><\/div>\n<div style=\"text-align: center; font-size: 16px; margin-top: 20px;\"><a href=\"https:\/\/dcv-berger-allemand.fr\/\">Accueil<\/a><br \/><a href=\"\/le-berger-allemand\/\">Le Berger Allemand<\/a> | <a href=\"\/sante\/\">Sant\u00e9<\/a> | <a href=\"\/selection\/\">S\u00e9lection<\/a> | <a href=\"\/vivre-avec-un-berger-allemand\/\">Vivre avec un Berger Allemand<\/a> | <a href=\"\/education-et-dressage\/\">\u00c9ducation et dressage<\/a> | <a href=\"\/elevage\/\">\u00c9levage<\/a> | <a href=\"\/photos-et-videos\/\">Photos<\/a> | <a href=\"\/contact\/\">Contact<\/a> | <a href=\"\/liens-et-bibliographie\/\">Liens <\/a> | <em><span style=\"color: #339966;\"><a style=\"color: #339966;\" href=\"https:\/\/dcv-berger-allemand.fr\/articles-et-reflexions\/\">Articles et R\u00e9flexions<\/a><\/span><\/em><\/div>\n","protected":false},"excerpt":{"rendered":"<p>R\u00e9fl\u00e9chir la s\u00e9lection\u00a0 du Berger Allemand autrement, c&rsquo;est \u00e9largir le champ des possibles! S\u00e9lectionner un chien de travail exige une vision globale, bien au-del\u00e0 de la simple valorisation de crit\u00e8res visibles ou de performances imm\u00e9diates. Berger allemand \u00e0 la conduite et surveillance du troupeau Le Berger Allemand, dans son essence, est un chien polyvalent, capable [&hellip;]<\/p>\n","protected":false},"author":1,"featured_media":0,"parent":140,"menu_order":0,"comment_status":"closed","ping_status":"closed","template":"","meta":{"footnotes":""},"class_list":["post-293","page","type-page","status-publish","hentry"],"_links":{"self":[{"href":"https:\/\/dcv-berger-allemand.fr\/fr_fr\/wp-json\/wp\/v2\/pages\/293","targetHints":{"allow":["GET"]}}],"collection":[{"href":"https:\/\/dcv-berger-allemand.fr\/fr_fr\/wp-json\/wp\/v2\/pages"}],"about":[{"href":"https:\/\/dcv-berger-allemand.fr\/fr_fr\/wp-json\/wp\/v2\/types\/page"}],"author":[{"embeddable":true,"href":"https:\/\/dcv-berger-allemand.fr\/fr_fr\/wp-json\/wp\/v2\/users\/1"}],"replies":[{"embeddable":true,"href":"https:\/\/dcv-berger-allemand.fr\/fr_fr\/wp-json\/wp\/v2\/comments?post=293"}],"version-history":[{"count":13,"href":"https:\/\/dcv-berger-allemand.fr\/fr_fr\/wp-json\/wp\/v2\/pages\/293\/revisions"}],"predecessor-version":[{"id":1260,"href":"https:\/\/dcv-berger-allemand.fr\/fr_fr\/wp-json\/wp\/v2\/pages\/293\/revisions\/1260"}],"up":[{"embeddable":true,"href":"https:\/\/dcv-berger-allemand.fr\/fr_fr\/wp-json\/wp\/v2\/pages\/140"}],"wp:attachment":[{"href":"https:\/\/dcv-berger-allemand.fr\/fr_fr\/wp-json\/wp\/v2\/media?parent=293"}],"curies":[{"name":"wp","href":"https:\/\/api.w.org\/{rel}","templated":true}]}}