{"id":286,"date":"2025-04-25T14:48:42","date_gmt":"2025-04-25T14:48:42","guid":{"rendered":"https:\/\/dcv-berger-allemand.fr\/?page_id=286"},"modified":"2025-05-24T17:43:18","modified_gmt":"2025-05-24T17:43:18","slug":"participer-au-programme-delevage","status":"publish","type":"page","link":"https:\/\/dcv-berger-allemand.fr\/fr_fr\/elevage\/participer-au-programme-delevage\/","title":{"rendered":"Participer au programme d\u2019\u00e9levage"},"content":{"rendered":"<div class=\"page\" title=\"Page 66\">\n<div class=\"section\">\n<div class=\"layoutArea\">\n<div class=\"column\">\n<h3>Comment participer au programme d&rsquo;\u00e9levage?<\/h3>\n<p>Certaines familles, <a href=\"https:\/\/maps.app.goo.gl\/m82HHVtkz81ZbRfXA\" target=\"_blank\" rel=\"noopener\">vivant a\u0300 moins de 30 minutes de l\u2019e\u0301levage<\/a>, peuvent participer activement a\u0300 notre programme d\u2019e\u0301levage.<\/p>\n<p>Cela consiste a\u0300 accueillir un chiot se\u0301lectionne\u0301, qui vivra en famille, pratiquera une activite\u0301 (sport, obe\u0301issance, garde, troupeau&#8230;), ou un travail et reproduira au moins une fois, dans des conditions de\u0301finies ensemble (a\u0300 l\u2019e\u0301levage ou au domicile, selon le cas).<\/p>\n<\/div>\n<\/div>\n<\/div>\n<\/div>\n<div class=\"page\" title=\"Page 67\">\n<div class=\"section\">\n<div class=\"layoutArea\">\n<div class=\"column\">\n<p>Ce mode de vie contribue au bien-e\u0302tre mental du chien : il s\u2019e\u0301panouit dans une vie riche et utile, tout en participant a\u0300 la pre\u0301servation de sa ligne\u0301e.<\/p>\n<p>Le chien sera confirme\u0301 a\u0300 l\u2019a\u0302ge requis, radiographie\u0301 (hanches et coudes), teste\u0301 au niveau comportemental et ge\u0301ne\u0301tique, suivi re\u0301gulie\u0300rement par l\u2019e\u0301leveur. Ce programme s\u2019adresse a\u0300 des familles se\u0301rieuses, pre\u0302tes a\u0300 collaborer avec nous dans un climat de confiance et de transparence.<\/p>\n<p><a href=\"https:\/\/dcv-berger-allemand.fr\/contact\/\"><strong>Nous contacter pour connai\u0302tre les conditions et candidater.<\/strong><\/a><\/p>\n<p><img loading=\"lazy\" decoding=\"async\" class=\"aligncenter wp-image-420\" src=\"https:\/\/dcv-berger-allemand.fr\/wp-content\/uploads\/2025\/04\/Screenshot_20250422_185602_com_instagram_android_InstagramMainActivity_edit_65137553332964-1-300x293.jpg\" alt=\"Participer au programme d'\u00e9levage , Chiot Des Crocs V\u00e9ritables r\u00e9cemment n\u00e9s\" width=\"486\" height=\"475\" srcset=\"https:\/\/dcv-berger-allemand.fr\/wp-content\/uploads\/2025\/04\/Screenshot_20250422_185602_com_instagram_android_InstagramMainActivity_edit_65137553332964-1-300x293.jpg 300w, https:\/\/dcv-berger-allemand.fr\/wp-content\/uploads\/2025\/04\/Screenshot_20250422_185602_com_instagram_android_InstagramMainActivity_edit_65137553332964-1-1024x1001.jpg 1024w, https:\/\/dcv-berger-allemand.fr\/wp-content\/uploads\/2025\/04\/Screenshot_20250422_185602_com_instagram_android_InstagramMainActivity_edit_65137553332964-1-768x750.jpg 768w, https:\/\/dcv-berger-allemand.fr\/wp-content\/uploads\/2025\/04\/Screenshot_20250422_185602_com_instagram_android_InstagramMainActivity_edit_65137553332964-1.jpg 1223w\" sizes=\"auto, (max-width: 486px) 100vw, 486px\" \/><\/p>\n<\/div>\n<\/div>\n<\/div>\n<\/div>\n<p style=\"text-align: center;\">Chiot Des Crocs V\u00e9ritables r\u00e9cemment n\u00e9s<\/p>\n<p>&nbsp;<\/p>\n<p><a class=\"continue-button\" style=\"display: inline-block; background-color: #2c3e50; color: #ffffff; padding: 12px 24px; border-radius: 8px; text-decoration: none; font-size: 18px; transition: background-color 0.3s ease;\" href=\"https:\/\/dcv-berger-allemand.fr\/elevage\/reproducteurs\/\"><br \/>\nContinuer vers la section suivante<br \/>\n<\/a><\/p>\n<div style=\"display: flex; flex-wrap: wrap; justify-content: center; gap: 10px; margin-top: 30px;\"><span style=\"color: #666666; text-align: center;\">\u00a9 2025 \u00c9levage des Crocs V\u00e9ritables<\/span><\/div>\n<p>&nbsp;<\/p>\n<div style=\"text-align: center; font-size: 16px; margin-top: 20px;\"><strong>Navigation rapide :<\/strong><\/div>\n<div style=\"text-align: center; font-size: 16px; margin-top: 20px;\"><a href=\"https:\/\/dcv-berger-allemand.fr\/\">Accueil<\/a><br \/><a href=\"\/le-berger-allemand\/\">Le Berger Allemand<\/a> | <a href=\"\/sante\/\">Sant\u00e9<\/a> | <a href=\"\/selection\/\">S\u00e9lection<\/a> | <a href=\"\/vivre-avec-un-berger-allemand\/\">Vivre avec un Berger Allemand<\/a> | <a href=\"\/education-et-dressage\/\">\u00c9ducation et dressage<\/a> | <a href=\"\/elevage\/\">\u00c9levage<\/a> | <a href=\"\/photos-et-videos\/\">Photos<\/a> | <a href=\"\/contact\/\">Contact<\/a> | <a href=\"\/liens-et-bibliographie\/\">Liens <\/a> | <em><span style=\"color: #339966;\"><a style=\"color: #339966;\" href=\"https:\/\/dcv-berger-allemand.fr\/articles-et-reflexions\/\">Articles et R\u00e9flexions<\/a><\/span><\/em><\/div>\n","protected":false},"excerpt":{"rendered":"<p>Comment participer au programme d&rsquo;\u00e9levage? Certaines familles, vivant a\u0300 moins de 30 minutes de l\u2019e\u0301levage, peuvent participer activement a\u0300 notre programme d\u2019e\u0301levage. Cela consiste a\u0300 accueillir un chiot se\u0301lectionne\u0301, qui vivra en famille, pratiquera une activite\u0301 (sport, obe\u0301issance, garde, troupeau&#8230;), ou un travail et reproduira au moins une fois, dans des conditions de\u0301finies ensemble (a\u0300 [&hellip;]<\/p>\n","protected":false},"author":1,"featured_media":0,"parent":143,"menu_order":0,"comment_status":"closed","ping_status":"closed","template":"","meta":{"footnotes":""},"class_list":["post-286","page","type-page","status-publish","hentry"],"_links":{"self":[{"href":"https:\/\/dcv-berger-allemand.fr\/fr_fr\/wp-json\/wp\/v2\/pages\/286","targetHints":{"allow":["GET"]}}],"collection":[{"href":"https:\/\/dcv-berger-allemand.fr\/fr_fr\/wp-json\/wp\/v2\/pages"}],"about":[{"href":"https:\/\/dcv-berger-allemand.fr\/fr_fr\/wp-json\/wp\/v2\/types\/page"}],"author":[{"embeddable":true,"href":"https:\/\/dcv-berger-allemand.fr\/fr_fr\/wp-json\/wp\/v2\/users\/1"}],"replies":[{"embeddable":true,"href":"https:\/\/dcv-berger-allemand.fr\/fr_fr\/wp-json\/wp\/v2\/comments?post=286"}],"version-history":[{"count":11,"href":"https:\/\/dcv-berger-allemand.fr\/fr_fr\/wp-json\/wp\/v2\/pages\/286\/revisions"}],"predecessor-version":[{"id":1282,"href":"https:\/\/dcv-berger-allemand.fr\/fr_fr\/wp-json\/wp\/v2\/pages\/286\/revisions\/1282"}],"up":[{"embeddable":true,"href":"https:\/\/dcv-berger-allemand.fr\/fr_fr\/wp-json\/wp\/v2\/pages\/143"}],"wp:attachment":[{"href":"https:\/\/dcv-berger-allemand.fr\/fr_fr\/wp-json\/wp\/v2\/media?parent=286"}],"curies":[{"name":"wp","href":"https:\/\/api.w.org\/{rel}","templated":true}]}}