{"id":279,"date":"2025-04-25T14:43:55","date_gmt":"2025-04-25T14:43:55","guid":{"rendered":"https:\/\/dcv-berger-allemand.fr\/?page_id=279"},"modified":"2025-05-24T17:42:45","modified_gmt":"2025-05-24T17:42:45","slug":"acquerir-un-chiot","status":"publish","type":"page","link":"https:\/\/dcv-berger-allemand.fr\/fr_fr\/elevage\/acquerir-un-chiot\/","title":{"rendered":"Acqu\u00e9rir un chiot"},"content":{"rendered":"<div class=\"page\" title=\"Page 65\">\n<div class=\"section\">\n<div class=\"layoutArea\">\n<div class=\"column\">\n<div id=\"ez-toc-container\" class=\"ez-toc-v2_0_76 counter-hierarchy ez-toc-counter ez-toc-grey ez-toc-container-direction\">\n<div class=\"ez-toc-title-container\">\n<p class=\"ez-toc-title\" style=\"cursor:inherit\">Contenus de la page<\/p>\n<span class=\"ez-toc-title-toggle\"><a href=\"#\" class=\"ez-toc-pull-right ez-toc-btn ez-toc-btn-xs ez-toc-btn-default ez-toc-toggle\" aria-label=\"Toggle Table of Content\"><span class=\"ez-toc-js-icon-con\"><span class=\"\"><span class=\"eztoc-hide\" style=\"display:none;\">Toggle<\/span><span class=\"ez-toc-icon-toggle-span\"><svg style=\"fill: #999;color:#999\" xmlns=\"http:\/\/www.w3.org\/2000\/svg\" class=\"list-377408\" width=\"20px\" height=\"20px\" viewBox=\"0 0 24 24\" fill=\"none\"><path d=\"M6 6H4v2h2V6zm14 0H8v2h12V6zM4 11h2v2H4v-2zm16 0H8v2h12v-2zM4 16h2v2H4v-2zm16 0H8v2h12v-2z\" fill=\"currentColor\"><\/path><\/svg><svg style=\"fill: #999;color:#999\" class=\"arrow-unsorted-368013\" xmlns=\"http:\/\/www.w3.org\/2000\/svg\" width=\"10px\" height=\"10px\" viewBox=\"0 0 24 24\" version=\"1.2\" baseProfile=\"tiny\"><path d=\"M18.2 9.3l-6.2-6.3-6.2 6.3c-.2.2-.3.4-.3.7s.1.5.3.7c.2.2.4.3.7.3h11c.3 0 .5-.1.7-.3.2-.2.3-.5.3-.7s-.1-.5-.3-.7zM5.8 14.7l6.2 6.3 6.2-6.3c.2-.2.3-.5.3-.7s-.1-.5-.3-.7c-.2-.2-.4-.3-.7-.3h-11c-.3 0-.5.1-.7.3-.2.2-.3.5-.3.7s.1.5.3.7z\"\/><\/svg><\/span><\/span><\/span><\/a><\/span><\/div>\n<nav><ul class='ez-toc-list ez-toc-list-level-1 ' ><ul class='ez-toc-list-level-3' ><li class='ez-toc-heading-level-3'><a class=\"ez-toc-link ez-toc-heading-1\" href=\"https:\/\/dcv-berger-allemand.fr\/fr_fr\/elevage\/acquerir-un-chiot\/#Comment_acquerir_un_chiot_Berger_Allemand_a_lelevage_Des_Crocs_Veritables\" >Comment acqu\u00e9rir un chiot Berger Allemand \u00e0 l&rsquo;\u00e9levage Des Crocs V\u00e9ritables?<\/a><\/li><\/ul><\/li><li class='ez-toc-page-1 ez-toc-heading-level-2'><a class=\"ez-toc-link ez-toc-heading-2\" href=\"https:\/\/dcv-berger-allemand.fr\/fr_fr\/elevage\/acquerir-un-chiot\/#Vous_souhaitez_des_informations_vous_inscrire_sur_liste_de_reservation_acquerir_ou_reserver_contactez-nous_ici\" >Vous souhaitez des informations, vous inscrire sur liste de r\u00e9servation, acqu\u00e9rir ou r\u00e9server contactez-nous ici<\/a><\/li><\/ul><\/nav><\/div>\n<h3><span class=\"ez-toc-section\" id=\"Comment_acquerir_un_chiot_Berger_Allemand_a_lelevage_Des_Crocs_Veritables\"><\/span>Comment acqu\u00e9rir un chiot Berger Allemand \u00e0 l&rsquo;\u00e9levage Des Crocs V\u00e9ritables?<span class=\"ez-toc-section-end\"><\/span><\/h3>\n<p><img loading=\"lazy\" decoding=\"async\" class=\" wp-image-360 aligncenter\" src=\"https:\/\/dcv-berger-allemand.fr\/wp-content\/uploads\/2025\/04\/images-1-20.30.14.jpg\" alt=\"\" width=\"457\" height=\"300\" \/><\/p>\n<p><strong>Nous ne validons pas de re\u0301servation de chiot sans un entretien pre\u0301alable.<\/strong> Ce moment d\u2019e\u0301change nous permet de comprendre votre projet de vie, vos attentes, et d\u2019e\u0301valuer la compatibilite\u0301 avec les ligne\u0301es disponibles.<\/p>\n<p>Une fois l\u2019entretien valide\u0301, une re\u0301servation est possible par contrat, avec versement d\u2019un acompte. Nous nous engageons a\u0300 vous accompagner dans le choix du chiot, selon vos crite\u0300res et notre observation de chaque individu.<\/p>\n<\/div>\n<\/div>\n<\/div>\n<\/div>\n<div class=\"page\" title=\"Page 66\">\n<div class=\"section\">\n<div class=\"layoutArea\">\n<div class=\"column\">\n<p>Le prix de base comprend pour chaque chiot un de\u0301part jusqu\u2019a\u0300 l\u2019a\u0302ge de 9 semaines re\u0301volues, le temps ne\u0301cessaire a\u0300 un sevrage complet, une premie\u0300re phase de socialisation, et une construction des bases comportementales (nous n\u2019acceptons un de\u0301part a\u0300 8 semaines que pour les chiots destine\u0301s a\u0300 inte\u0301grer une meute.)<\/p>\n<p>Pour un de\u0301part hors de France l\u2019a\u0302ge minimum est de 15 semaines re\u0301volues, rappel vaccin et rage effectue\u0301s a\u0300 12 semaines, ce qui engendre un surcou\u0302t sur le prix de base, nous contacter pour plus d\u2019informations).<\/p>\n<p><a href=\"https:\/\/www.centrale-canine.fr\/des-vallees-engissoises\/articles\/documents-exiger-lors-de-lachat-dun-chiot\" target=\"_blank\" rel=\"noopener\">Sont remis pour chaque chiot<\/a>:<\/p>\n<p>Attestation de re\u0301servation, carnet de sante\u0301, certificat ve\u0301te\u0301rinaire de bonne sante\u0301, carte d\u2019identification, facture d&rsquo;achat, notice de conseils personnalise\u0301e, pe\u0301digre\u0301e, suivi et conseils a\u0300 vie.<\/p>\n<p>Nous assurons un accompagnement individualise\u0301, avant et apre\u0300s l\u2019arrive\u0301e du chiot.<\/p>\n<\/div>\n<h2><span class=\"ez-toc-section\" id=\"Vous_souhaitez_des_informations_vous_inscrire_sur_liste_de_reservation_acquerir_ou_reserver_contactez-nous_ici\"><\/span><a href=\"https:\/\/dcv-berger-allemand.fr\/contact\/\"><span style=\"color: #3366ff;\">Vous souhaitez des informations, vous inscrire sur liste de r\u00e9servation, acqu\u00e9rir ou r\u00e9server contactez-nous ici<\/span><\/a><span class=\"ez-toc-section-end\"><\/span><\/h2>\n<\/div>\n<\/div>\n<\/div>\n<p><img loading=\"lazy\" decoding=\"async\" class=\"aligncenter wp-image-49\" src=\"https:\/\/dcv-berger-allemand.fr\/wp-content\/uploads\/2025\/04\/Screenshot_20250422_185715_com_instagram_android_InstagramMainActivity_edit_65107870160006-300x293.jpg\" alt=\"Acqu\u00e9rir un chiot Berger Allemand \u00e0 l'\u00e9levage Des Crocs V\u00e9ritables\" width=\"480\" height=\"469\" srcset=\"https:\/\/dcv-berger-allemand.fr\/wp-content\/uploads\/2025\/04\/Screenshot_20250422_185715_com_instagram_android_InstagramMainActivity_edit_65107870160006-300x293.jpg 300w, https:\/\/dcv-berger-allemand.fr\/wp-content\/uploads\/2025\/04\/Screenshot_20250422_185715_com_instagram_android_InstagramMainActivity_edit_65107870160006-1024x999.jpg 1024w, https:\/\/dcv-berger-allemand.fr\/wp-content\/uploads\/2025\/04\/Screenshot_20250422_185715_com_instagram_android_InstagramMainActivity_edit_65107870160006-768x749.jpg 768w, https:\/\/dcv-berger-allemand.fr\/wp-content\/uploads\/2025\/04\/Screenshot_20250422_185715_com_instagram_android_InstagramMainActivity_edit_65107870160006.jpg 1223w\" sizes=\"auto, (max-width: 480px) 100vw, 480px\" \/><\/p>\n<p><a class=\"continue-button\" style=\"display: inline-block; background-color: #2c3e50; color: #ffffff; padding: 12px 24px; border-radius: 8px; text-decoration: none; font-size: 18px; transition: background-color 0.3s ease;\" href=\"https:\/\/dcv-berger-allemand.fr\/elevage\/participer-au-programme-delevage\/\"><br \/>\nContinuer vers la section suivante<br \/>\n<\/a><\/p>\n<div style=\"display: flex; flex-wrap: wrap; justify-content: center; gap: 10px; margin-top: 30px;\"><span style=\"color: #666666; text-align: center;\">\u00a9 2025 \u00c9levage des Crocs V\u00e9ritables<\/span><\/div>\n<p>&nbsp;<\/p>\n<div style=\"text-align: center; font-size: 16px; margin-top: 20px;\"><strong>Navigation rapide :<\/strong><\/div>\n<div style=\"text-align: center; font-size: 16px; margin-top: 20px;\"><a href=\"https:\/\/dcv-berger-allemand.fr\/\">Accueil<\/a><br \/><a href=\"\/le-berger-allemand\/\">Le Berger Allemand<\/a> | <a href=\"\/sante\/\">Sant\u00e9<\/a> | <a href=\"\/selection\/\">S\u00e9lection<\/a> | <a href=\"\/vivre-avec-un-berger-allemand\/\">Vivre avec un Berger Allemand<\/a> | <a href=\"\/education-et-dressage\/\">\u00c9ducation et dressage<\/a> | <a href=\"\/elevage\/\">\u00c9levage<\/a> | <a href=\"\/photos-et-videos\/\">Photos<\/a> | <a href=\"\/contact\/\">Contact<\/a> | <a href=\"\/liens-et-bibliographie\/\">Liens <\/a> | <em><span style=\"color: #339966;\"><a style=\"color: #339966;\" href=\"https:\/\/dcv-berger-allemand.fr\/articles-et-reflexions\/\">Articles et R\u00e9flexions<\/a><\/span><\/em><\/div>\n","protected":false},"excerpt":{"rendered":"<p>Comment acqu\u00e9rir un chiot Berger Allemand \u00e0 l&rsquo;\u00e9levage Des Crocs V\u00e9ritables? Nous ne validons pas de re\u0301servation de chiot sans un entretien pre\u0301alable. Ce moment d\u2019e\u0301change nous permet de comprendre votre projet de vie, vos attentes, et d\u2019e\u0301valuer la compatibilite\u0301 avec les ligne\u0301es disponibles. Une fois l\u2019entretien valide\u0301, une re\u0301servation est possible par contrat, avec [&hellip;]<\/p>\n","protected":false},"author":1,"featured_media":0,"parent":143,"menu_order":0,"comment_status":"closed","ping_status":"closed","template":"","meta":{"footnotes":""},"class_list":["post-279","page","type-page","status-publish","hentry"],"_links":{"self":[{"href":"https:\/\/dcv-berger-allemand.fr\/fr_fr\/wp-json\/wp\/v2\/pages\/279","targetHints":{"allow":["GET"]}}],"collection":[{"href":"https:\/\/dcv-berger-allemand.fr\/fr_fr\/wp-json\/wp\/v2\/pages"}],"about":[{"href":"https:\/\/dcv-berger-allemand.fr\/fr_fr\/wp-json\/wp\/v2\/types\/page"}],"author":[{"embeddable":true,"href":"https:\/\/dcv-berger-allemand.fr\/fr_fr\/wp-json\/wp\/v2\/users\/1"}],"replies":[{"embeddable":true,"href":"https:\/\/dcv-berger-allemand.fr\/fr_fr\/wp-json\/wp\/v2\/comments?post=279"}],"version-history":[{"count":11,"href":"https:\/\/dcv-berger-allemand.fr\/fr_fr\/wp-json\/wp\/v2\/pages\/279\/revisions"}],"predecessor-version":[{"id":1281,"href":"https:\/\/dcv-berger-allemand.fr\/fr_fr\/wp-json\/wp\/v2\/pages\/279\/revisions\/1281"}],"up":[{"embeddable":true,"href":"https:\/\/dcv-berger-allemand.fr\/fr_fr\/wp-json\/wp\/v2\/pages\/143"}],"wp:attachment":[{"href":"https:\/\/dcv-berger-allemand.fr\/fr_fr\/wp-json\/wp\/v2\/media?parent=279"}],"curies":[{"name":"wp","href":"https:\/\/api.w.org\/{rel}","templated":true}]}}