{"id":276,"date":"2025-04-25T14:42:51","date_gmt":"2025-04-25T14:42:51","guid":{"rendered":"https:\/\/dcv-berger-allemand.fr\/?page_id=276"},"modified":"2025-05-24T17:40:29","modified_gmt":"2025-05-24T17:40:29","slug":"notre-vision","status":"publish","type":"page","link":"https:\/\/dcv-berger-allemand.fr\/fr_fr\/elevage\/notre-vision\/","title":{"rendered":"Notre vision"},"content":{"rendered":"<div class=\"page\" title=\"Page 64\">\n<div class=\"section\">\n<div class=\"layoutArea\">\n<div class=\"column\">\n<h2 style=\"text-align: center;\">D\u00e9couvrez notre vision de l&rsquo;\u00e9levage<\/h2>\n<p>Nous tentons d&rsquo;\u00e9lever des Bergers Allemands e\u0301quilibre\u0301s, solides mentalement et physiquement, capables de vivre en famille tout en remplissant un ro\u0302le tout comme de devenir des chiens destine\u0301s a\u0300 effectuer un travail pre\u0301cis.<\/p>\n<p><img loading=\"lazy\" decoding=\"async\" class=\"aligncenter wp-image-425\" src=\"https:\/\/dcv-berger-allemand.fr\/wp-content\/uploads\/2025\/04\/Screenshot_20250422_183921_com_hihonor_photos_SlotAlbumActivity_edit_63477253692920-1-300x300.jpg\" alt=\"Chiots Des Crocs V\u00e9ritables de 4 semaines\" width=\"374\" height=\"374\" srcset=\"https:\/\/dcv-berger-allemand.fr\/wp-content\/uploads\/2025\/04\/Screenshot_20250422_183921_com_hihonor_photos_SlotAlbumActivity_edit_63477253692920-1-300x300.jpg 300w, https:\/\/dcv-berger-allemand.fr\/wp-content\/uploads\/2025\/04\/Screenshot_20250422_183921_com_hihonor_photos_SlotAlbumActivity_edit_63477253692920-1-1024x1024.jpg 1024w, https:\/\/dcv-berger-allemand.fr\/wp-content\/uploads\/2025\/04\/Screenshot_20250422_183921_com_hihonor_photos_SlotAlbumActivity_edit_63477253692920-1-150x150.jpg 150w, https:\/\/dcv-berger-allemand.fr\/wp-content\/uploads\/2025\/04\/Screenshot_20250422_183921_com_hihonor_photos_SlotAlbumActivity_edit_63477253692920-1-768x767.jpg 768w, https:\/\/dcv-berger-allemand.fr\/wp-content\/uploads\/2025\/04\/Screenshot_20250422_183921_com_hihonor_photos_SlotAlbumActivity_edit_63477253692920-1.jpg 1204w\" sizes=\"auto, (max-width: 374px) 100vw, 374px\" \/><\/p>\n<p style=\"text-align: center;\">Chiots Des Crocs V\u00e9ritables de 4 semaines<\/p>\n<p>Notre vision et notre objectif est de tenter de pre\u0301server le chien <a href=\"https:\/\/dictionnaire.lerobert.com\/definition\/polyvalent\" target=\"_blank\" rel=\"noopener\">polyvalent<\/a>, intelligent, stable et protecteur, en se\u0301lectionnant et conservant avec exigence les ligne\u0301es, les tempe\u0301raments et les instincts.<\/p>\n<p>En tant qu&rsquo;\u00e9levage familial, nous produisons tr\u00e8s peu, privil\u00e9giant la qualit\u00e9 \u00e0 la quantit\u00e9. Pr\u00e9f\u00e9rant d\u00e9dier notre temps libre \u00e0 l&rsquo;\u00e9tude des instincts, nous pratiquons les sports canins uniquement pour v\u00e9rifier les aptitudes de nos chiens, aussi nous ne participons ni aux concours ni aux expositions.<\/p>\n<p><img loading=\"lazy\" decoding=\"async\" class=\"aligncenter wp-image-424\" src=\"https:\/\/dcv-berger-allemand.fr\/wp-content\/uploads\/2025\/04\/Screenshot_20250422_185628_com_instagram_android_InstagramMainActivity_edit_65122534671459-1-300x300.jpg\" alt=\"Notre Vision - Chiots Berger Allemand Des Crocs V\u00e9ritables d'une dizaine de jours\" width=\"361\" height=\"361\" srcset=\"https:\/\/dcv-berger-allemand.fr\/wp-content\/uploads\/2025\/04\/Screenshot_20250422_185628_com_instagram_android_InstagramMainActivity_edit_65122534671459-1-300x300.jpg 300w, https:\/\/dcv-berger-allemand.fr\/wp-content\/uploads\/2025\/04\/Screenshot_20250422_185628_com_instagram_android_InstagramMainActivity_edit_65122534671459-1-1024x1024.jpg 1024w, https:\/\/dcv-berger-allemand.fr\/wp-content\/uploads\/2025\/04\/Screenshot_20250422_185628_com_instagram_android_InstagramMainActivity_edit_65122534671459-1-150x150.jpg 150w, https:\/\/dcv-berger-allemand.fr\/wp-content\/uploads\/2025\/04\/Screenshot_20250422_185628_com_instagram_android_InstagramMainActivity_edit_65122534671459-1-768x768.jpg 768w, https:\/\/dcv-berger-allemand.fr\/wp-content\/uploads\/2025\/04\/Screenshot_20250422_185628_com_instagram_android_InstagramMainActivity_edit_65122534671459-1.jpg 1224w\" sizes=\"auto, (max-width: 361px) 100vw, 361px\" \/><\/p>\n<p style=\"text-align: center;\">Chiots Des Crocs V\u00e9ritables d&rsquo;une dizaine de jours<\/p>\n<p><strong>Chaque chien est un individu, chaque adoption une rencontre. <\/strong><\/p>\n<p>Nous cherchons des familles conscientes de la richesse \u2013 et de la responsabilite\u0301 \u2013 que repre\u0301sente cette race.<\/p>\n<\/div>\n<\/div>\n<\/div>\n<\/div>\n<div class=\"page\" title=\"Page 65\">\n<div class=\"section\">\n<div class=\"layoutArea\">\n<div class=\"column\">\n<p><strong>Administrations et travailleurs du milieu canin bienvenus.<\/strong><\/p>\n<\/div>\n<\/div>\n<\/div>\n<\/div>\n<p>&nbsp;<\/p>\n<p>&nbsp;<\/p>\n<p><a class=\"continue-button\" style=\"display: inline-block; background-color: #2c3e50; color: #ffffff; padding: 12px 24px; border-radius: 8px; text-decoration: none; font-size: 18px; transition: background-color 0.3s ease;\" href=\"https:\/\/dcv-berger-allemand.fr\/elevage\/acquerir-un-chiot\/\"><br \/>\nContinuer vers la section suivante<br \/>\n<\/a><\/p>\n<div style=\"display: flex; flex-wrap: wrap; justify-content: center; gap: 10px; margin-top: 30px;\"><span style=\"color: #666666; text-align: center;\">\u00a9 2025 \u00c9levage des Crocs V\u00e9ritables<\/span><\/div>\n<p>&nbsp;<\/p>\n<div style=\"text-align: center; font-size: 16px; margin-top: 20px;\"><strong>Navigation rapide :<\/strong><\/div>\n<div style=\"text-align: center; font-size: 16px; margin-top: 20px;\"><a href=\"https:\/\/dcv-berger-allemand.fr\/\">Accueil<\/a><br \/><a href=\"\/le-berger-allemand\/\">Le Berger Allemand<\/a> | <a href=\"\/sante\/\">Sant\u00e9<\/a> | <a href=\"\/selection\/\">S\u00e9lection<\/a> | <a href=\"\/vivre-avec-un-berger-allemand\/\">Vivre avec un Berger Allemand<\/a> | <a href=\"\/education-et-dressage\/\">\u00c9ducation et dressage<\/a> | <a href=\"\/elevage\/\">\u00c9levage<\/a> | <a href=\"\/photos-et-videos\/\">Photos<\/a> | <a href=\"\/contact\/\">Contact<\/a> | <a href=\"\/liens-et-bibliographie\/\">Liens <\/a> | <em><span style=\"color: #339966;\"><a style=\"color: #339966;\" href=\"https:\/\/dcv-berger-allemand.fr\/articles-et-reflexions\/\">Articles et R\u00e9flexions<\/a><\/span><\/em><\/div>\n","protected":false},"excerpt":{"rendered":"<p>D\u00e9couvrez notre vision de l&rsquo;\u00e9levage Nous tentons d&rsquo;\u00e9lever des Bergers Allemands e\u0301quilibre\u0301s, solides mentalement et physiquement, capables de vivre en famille tout en remplissant un ro\u0302le tout comme de devenir des chiens destine\u0301s a\u0300 effectuer un travail pre\u0301cis. Chiots Des Crocs V\u00e9ritables de 4 semaines Notre vision et notre objectif est de tenter de pre\u0301server [&hellip;]<\/p>\n","protected":false},"author":1,"featured_media":0,"parent":143,"menu_order":0,"comment_status":"closed","ping_status":"closed","template":"","meta":{"footnotes":""},"class_list":["post-276","page","type-page","status-publish","hentry"],"_links":{"self":[{"href":"https:\/\/dcv-berger-allemand.fr\/fr_fr\/wp-json\/wp\/v2\/pages\/276","targetHints":{"allow":["GET"]}}],"collection":[{"href":"https:\/\/dcv-berger-allemand.fr\/fr_fr\/wp-json\/wp\/v2\/pages"}],"about":[{"href":"https:\/\/dcv-berger-allemand.fr\/fr_fr\/wp-json\/wp\/v2\/types\/page"}],"author":[{"embeddable":true,"href":"https:\/\/dcv-berger-allemand.fr\/fr_fr\/wp-json\/wp\/v2\/users\/1"}],"replies":[{"embeddable":true,"href":"https:\/\/dcv-berger-allemand.fr\/fr_fr\/wp-json\/wp\/v2\/comments?post=276"}],"version-history":[{"count":10,"href":"https:\/\/dcv-berger-allemand.fr\/fr_fr\/wp-json\/wp\/v2\/pages\/276\/revisions"}],"predecessor-version":[{"id":1278,"href":"https:\/\/dcv-berger-allemand.fr\/fr_fr\/wp-json\/wp\/v2\/pages\/276\/revisions\/1278"}],"up":[{"embeddable":true,"href":"https:\/\/dcv-berger-allemand.fr\/fr_fr\/wp-json\/wp\/v2\/pages\/143"}],"wp:attachment":[{"href":"https:\/\/dcv-berger-allemand.fr\/fr_fr\/wp-json\/wp\/v2\/media?parent=276"}],"curies":[{"name":"wp","href":"https:\/\/api.w.org\/{rel}","templated":true}]}}