{"id":273,"date":"2025-04-25T13:59:13","date_gmt":"2025-04-25T13:59:13","guid":{"rendered":"https:\/\/dcv-berger-allemand.fr\/?page_id=273"},"modified":"2025-05-24T17:22:39","modified_gmt":"2025-05-24T17:22:39","slug":"lidentification-genetique","status":"publish","type":"page","link":"https:\/\/dcv-berger-allemand.fr\/fr_fr\/sante\/lidentification-genetique\/","title":{"rendered":"L\u2019identification g\u00e9n\u00e9tique"},"content":{"rendered":"<div class=\"page\" title=\"Page 47\">\n<div class=\"layoutArea\">\n<div class=\"column\">\n<p><img loading=\"lazy\" decoding=\"async\" class=\"wp-image-21 aligncenter\" src=\"https:\/\/dcv-berger-allemand.fr\/wp-content\/uploads\/2025\/04\/IMG_20250114_164629-300x225.jpg\" alt=\"\" width=\"490\" height=\"367\" srcset=\"https:\/\/dcv-berger-allemand.fr\/wp-content\/uploads\/2025\/04\/IMG_20250114_164629-300x225.jpg 300w, https:\/\/dcv-berger-allemand.fr\/wp-content\/uploads\/2025\/04\/IMG_20250114_164629-1024x768.jpg 1024w, https:\/\/dcv-berger-allemand.fr\/wp-content\/uploads\/2025\/04\/IMG_20250114_164629-768x576.jpg 768w, https:\/\/dcv-berger-allemand.fr\/wp-content\/uploads\/2025\/04\/IMG_20250114_164629-1536x1152.jpg 1536w, https:\/\/dcv-berger-allemand.fr\/wp-content\/uploads\/2025\/04\/IMG_20250114_164629.jpg 2048w\" sizes=\"auto, (max-width: 490px) 100vw, 490px\" \/><\/p>\n<h2>L&rsquo;identification g\u00e9n\u00e9tique un gage de s\u00e9curit\u00e9 et de tra\u00e7abilit\u00e9<\/h2>\n<p>Un pr\u00e9l\u00e8vement d&rsquo;ADN des reproducteurs est analys\u00e9 ce qui permet de tracer une empreinte g\u00e9n\u00e9tique transmise \u00e0 la descendance.<\/p>\n<p>Lorsqu\u2019un chiot est inscrit au LOF avec filiation ve\u0301rifie\u0301e, cela signifie que son lien de parente\u0301 avec ses parents a e\u0301te\u0301 valide\u0301 scientifiquement, assurant ainsi une transparence totale sur les origines. Cette de\u0301marche, en plus d\u2019e\u0302tre un gage de se\u0301rieux, est un outil fondamental pour un travail d\u2019e\u0301levage rigoureux et responsable.<\/p>\n<p>Tous nos reproducteurs sont identifie\u0301s ge\u0301ne\u0301tiquement par ADN, <a href=\"https:\/\/www.centrale-canine.fr\/articles\/ladn-obligatoire-pour-les-reproducteurs\" target=\"_blank\" rel=\"noopener\">conforme\u0301ment aux recommandations de la SCC<\/a>. <strong>Ce profilage ADN permet de garantir avec <\/strong><strong>certitude la trac\u0327abilite\u0301 des ligne\u0301es et l\u2019authenticite\u0301 des filiations<\/strong><\/p>\n<\/div>\n<\/div>\n<div class=\"section\">\n<div class=\"layoutArea\">\n<p><img loading=\"lazy\" decoding=\"async\" class=\"aligncenter wp-image-22\" src=\"https:\/\/dcv-berger-allemand.fr\/wp-content\/uploads\/2025\/04\/IMG_20250128_163024-300x225.jpg\" alt=\"L'identification g\u00e9n\u00e9tique\" width=\"548\" height=\"411\" srcset=\"https:\/\/dcv-berger-allemand.fr\/wp-content\/uploads\/2025\/04\/IMG_20250128_163024-300x225.jpg 300w, https:\/\/dcv-berger-allemand.fr\/wp-content\/uploads\/2025\/04\/IMG_20250128_163024-1024x768.jpg 1024w, https:\/\/dcv-berger-allemand.fr\/wp-content\/uploads\/2025\/04\/IMG_20250128_163024-768x576.jpg 768w, https:\/\/dcv-berger-allemand.fr\/wp-content\/uploads\/2025\/04\/IMG_20250128_163024-1536x1152.jpg 1536w, https:\/\/dcv-berger-allemand.fr\/wp-content\/uploads\/2025\/04\/IMG_20250128_163024-scaled.jpg 2048w\" sizes=\"auto, (max-width: 548px) 100vw, 548px\" \/><\/p>\n<\/div>\n<\/div>\n<\/div>\n<div class=\"page\" title=\"Page 48\"><\/div>\n<p>&nbsp;<\/p>\n<p>&nbsp;<\/p>\n<p>&nbsp;<\/p>\n<p><a class=\"continue-button\" style=\"display: inline-block; background-color: #2c3e50; color: #ffffff; padding: 12px 24px; border-radius: 8px; text-decoration: none; font-size: 18px; transition: background-color 0.3s ease;\" href=\"https:\/\/dcv-berger-allemand.fr\/selection\/\"><br \/>\nContinuer vers la section suivante<br \/>\n<\/a><\/p>\n<div style=\"display: flex; flex-wrap: wrap; justify-content: center; gap: 10px; margin-top: 30px;\"><span style=\"color: #666666; text-align: center;\">\u00a9 2025 \u00c9levage des Crocs V\u00e9ritables<\/span><\/div>\n<p>&nbsp;<\/p>\n<div style=\"text-align: center; font-size: 16px; margin-top: 20px;\"><strong>Navigation rapide :<\/strong><\/div>\n<div style=\"text-align: center; font-size: 16px; margin-top: 20px;\"><a href=\"https:\/\/dcv-berger-allemand.fr\/\">Accueil<\/a><br \/><a href=\"\/le-berger-allemand\/\">Le Berger Allemand<\/a> | <a href=\"\/sante\/\">Sant\u00e9<\/a> | <a href=\"\/selection\/\">S\u00e9lection<\/a> | <a href=\"\/vivre-avec-un-berger-allemand\/\">Vivre avec un Berger Allemand<\/a> | <a href=\"\/education-et-dressage\/\">\u00c9ducation et dressage<\/a> | <a href=\"\/elevage\/\">\u00c9levage<\/a> | <a href=\"\/photos-et-videos\/\">Photos<\/a> | <a href=\"\/contact\/\">Contact<\/a> | <a href=\"\/liens-et-bibliographie\/\">Liens <\/a> | <em><span style=\"color: #339966;\"><a style=\"color: #339966;\" href=\"https:\/\/dcv-berger-allemand.fr\/articles-et-reflexions\/\">Articles et R\u00e9flexions<\/a><\/span><\/em><\/div>\n","protected":false},"excerpt":{"rendered":"<p>L&rsquo;identification g\u00e9n\u00e9tique un gage de s\u00e9curit\u00e9 et de tra\u00e7abilit\u00e9 Un pr\u00e9l\u00e8vement d&rsquo;ADN des reproducteurs est analys\u00e9 ce qui permet de tracer une empreinte g\u00e9n\u00e9tique transmise \u00e0 la descendance. Lorsqu\u2019un chiot est inscrit au LOF avec filiation ve\u0301rifie\u0301e, cela signifie que son lien de parente\u0301 avec ses parents a e\u0301te\u0301 valide\u0301 scientifiquement, assurant ainsi une transparence [&hellip;]<\/p>\n","protected":false},"author":1,"featured_media":0,"parent":139,"menu_order":7,"comment_status":"closed","ping_status":"closed","template":"","meta":{"footnotes":""},"class_list":["post-273","page","type-page","status-publish","hentry"],"_links":{"self":[{"href":"https:\/\/dcv-berger-allemand.fr\/fr_fr\/wp-json\/wp\/v2\/pages\/273","targetHints":{"allow":["GET"]}}],"collection":[{"href":"https:\/\/dcv-berger-allemand.fr\/fr_fr\/wp-json\/wp\/v2\/pages"}],"about":[{"href":"https:\/\/dcv-berger-allemand.fr\/fr_fr\/wp-json\/wp\/v2\/types\/page"}],"author":[{"embeddable":true,"href":"https:\/\/dcv-berger-allemand.fr\/fr_fr\/wp-json\/wp\/v2\/users\/1"}],"replies":[{"embeddable":true,"href":"https:\/\/dcv-berger-allemand.fr\/fr_fr\/wp-json\/wp\/v2\/comments?post=273"}],"version-history":[{"count":12,"href":"https:\/\/dcv-berger-allemand.fr\/fr_fr\/wp-json\/wp\/v2\/pages\/273\/revisions"}],"predecessor-version":[{"id":1258,"href":"https:\/\/dcv-berger-allemand.fr\/fr_fr\/wp-json\/wp\/v2\/pages\/273\/revisions\/1258"}],"up":[{"embeddable":true,"href":"https:\/\/dcv-berger-allemand.fr\/fr_fr\/wp-json\/wp\/v2\/pages\/139"}],"wp:attachment":[{"href":"https:\/\/dcv-berger-allemand.fr\/fr_fr\/wp-json\/wp\/v2\/media?parent=273"}],"curies":[{"name":"wp","href":"https:\/\/api.w.org\/{rel}","templated":true}]}}