{"id":267,"date":"2025-04-25T13:55:57","date_gmt":"2025-04-25T13:55:57","guid":{"rendered":"https:\/\/dcv-berger-allemand.fr\/?page_id=267"},"modified":"2025-05-24T17:20:58","modified_gmt":"2025-05-24T17:20:58","slug":"lalimentation","status":"publish","type":"page","link":"https:\/\/dcv-berger-allemand.fr\/fr_fr\/sante\/lalimentation\/","title":{"rendered":"L\u2019alimentation"},"content":{"rendered":"<div class=\"page\" title=\"Page 36\">\n<div class=\"section\">\n<div class=\"layoutArea\">\n<div class=\"column\">\n<div id=\"ez-toc-container\" class=\"ez-toc-v2_0_76 counter-hierarchy ez-toc-counter ez-toc-grey ez-toc-container-direction\">\n<div class=\"ez-toc-title-container\">\n<p class=\"ez-toc-title\" style=\"cursor:inherit\">Contenus de la page<\/p>\n<span class=\"ez-toc-title-toggle\"><a href=\"#\" class=\"ez-toc-pull-right ez-toc-btn ez-toc-btn-xs ez-toc-btn-default ez-toc-toggle\" aria-label=\"Toggle Table of Content\"><span class=\"ez-toc-js-icon-con\"><span class=\"\"><span class=\"eztoc-hide\" style=\"display:none;\">Toggle<\/span><span class=\"ez-toc-icon-toggle-span\"><svg style=\"fill: #999;color:#999\" xmlns=\"http:\/\/www.w3.org\/2000\/svg\" class=\"list-377408\" width=\"20px\" height=\"20px\" viewBox=\"0 0 24 24\" fill=\"none\"><path d=\"M6 6H4v2h2V6zm14 0H8v2h12V6zM4 11h2v2H4v-2zm16 0H8v2h12v-2zM4 16h2v2H4v-2zm16 0H8v2h12v-2z\" fill=\"currentColor\"><\/path><\/svg><svg style=\"fill: #999;color:#999\" class=\"arrow-unsorted-368013\" xmlns=\"http:\/\/www.w3.org\/2000\/svg\" width=\"10px\" height=\"10px\" viewBox=\"0 0 24 24\" version=\"1.2\" baseProfile=\"tiny\"><path d=\"M18.2 9.3l-6.2-6.3-6.2 6.3c-.2.2-.3.4-.3.7s.1.5.3.7c.2.2.4.3.7.3h11c.3 0 .5-.1.7-.3.2-.2.3-.5.3-.7s-.1-.5-.3-.7zM5.8 14.7l6.2 6.3 6.2-6.3c.2-.2.3-.5.3-.7s-.1-.5-.3-.7c-.2-.2-.4-.3-.7-.3h-11c-.3 0-.5.1-.7.3-.2.2-.3.5-.3.7s.1.5.3.7z\"\/><\/svg><\/span><\/span><\/span><\/a><\/span><\/div>\n<nav><ul class='ez-toc-list ez-toc-list-level-1 ' ><li class='ez-toc-page-1 ez-toc-heading-level-2'><a class=\"ez-toc-link ez-toc-heading-1\" href=\"https:\/\/dcv-berger-allemand.fr\/fr_fr\/sante\/lalimentation\/#I_Lalimentation_pourquoi_nourrir_autrement_Les_croquettes_et_autres_aliments_industriels_ne_sont_pas_adaptes\" >I) L&rsquo;alimentation, pourquoi nourrir autrement ? Les croquettes et autres aliments industriels ne sont pas adapte\u0301s ?<\/a><\/li><li class='ez-toc-page-1 ez-toc-heading-level-2'><a class=\"ez-toc-link ez-toc-heading-2\" href=\"https:\/\/dcv-berger-allemand.fr\/fr_fr\/sante\/lalimentation\/#II_Lalimentation_3_formules_equilibrees\" >II) L&rsquo;alimentation 3\u00a0 formules e\u0301quilibre\u0301es<\/a><ul class='ez-toc-list-level-3' ><li class='ez-toc-heading-level-3'><a class=\"ez-toc-link ez-toc-heading-3\" href=\"https:\/\/dcv-berger-allemand.fr\/fr_fr\/sante\/lalimentation\/#I_Formule_1_%E2%80%93_Lideal_100_maison\" >I. Formule 1 \u2013 L\u2019ide\u0301al (100% maison)<\/a><\/li><li class='ez-toc-page-1 ez-toc-heading-level-3'><a class=\"ez-toc-link ez-toc-heading-4\" href=\"https:\/\/dcv-berger-allemand.fr\/fr_fr\/sante\/lalimentation\/#II_Formule_2_%E2%80%93_Le_bon_compromis_1_semi-maison\" >II. Formule 2 \u2013 Le bon compromis 1 (semi-maison)<\/a><\/li><li class='ez-toc-page-1 ez-toc-heading-level-3'><a class=\"ez-toc-link ez-toc-heading-5\" href=\"https:\/\/dcv-berger-allemand.fr\/fr_fr\/sante\/lalimentation\/#III_Formule_3_%E2%80%93_Le_bon_compromis_2_mix_croquettescru\" >III. Formule 3 \u2013 Le bon compromis 2 (mix croquettes\/cru)<\/a><\/li><li class='ez-toc-page-1 ez-toc-heading-level-3'><a class=\"ez-toc-link ez-toc-heading-6\" href=\"https:\/\/dcv-berger-allemand.fr\/fr_fr\/sante\/lalimentation\/#Pour_aller_encore_plus_loin\" >Pour aller encore plus loin:<\/a><\/li><\/ul><\/li><\/ul><\/nav><\/div>\n<h2><span class=\"ez-toc-section\" id=\"I_Lalimentation_pourquoi_nourrir_autrement_Les_croquettes_et_autres_aliments_industriels_ne_sont_pas_adaptes\"><\/span><strong><em>I) L&rsquo;alimentation, pourquoi nourrir autrement ? Les croquettes et autres aliments industriels ne sont pas adapte\u0301s ?<\/em><\/strong><span class=\"ez-toc-section-end\"><\/span><\/h2>\n<p>La croquette est avant tout pratique pour le ma\u00eetre c&rsquo;est ind\u00e9niable. Elle promet un bon \u00e9quilibre en terme de macro et micro nutriments, \u00e9vitant ainsi des carences. Cependant, \u00e0 notre avis, cela reste un aliment ultra transform\u00e9 d\u00e9pourvu d&rsquo;enzymes vivantes et d\u00e9pourvu d&rsquo;\u00e9nergie biologique pr\u00e9sente dans une nourriture fra\u00eeche. Selon la biologie cellulaire, ces \u00e9l\u00e9ments vivants favorisent une meilleure assimilation et soutiennent les fonctions immunitaires naturelles. On pourrait dire que la croquette permet de survivre mais prive l&rsquo;animal d&rsquo;un potentiel de vitalit\u00e9 optimum.<\/p>\n<p><img loading=\"lazy\" decoding=\"async\" class=\" wp-image-553 aligncenter\" src=\"https:\/\/dcv-berger-allemand.fr\/wp-content\/uploads\/2025\/04\/images-3.jpg\" alt=\"\" width=\"308\" height=\"205\" \/><\/p>\n<\/div>\n<\/div>\n<\/div>\n<\/div>\n<div class=\"page\" title=\"Page 37\">\n<div class=\"section\">\n<div class=\"layoutArea\">\n<div class=\"column\">\n<p>A\u0300 l\u2019e\u0301chelle de l\u2019individu, consommer <strong>une nourriture fra\u00eeche adapt\u00e9e et \u00e9quilibr\u00e9e<\/strong> se traduit par un chien plus rustique, moins sujet aux troubles digestifs et cutane\u0301s, un microbiote intestinal e\u0301quilibre\u0301, garant d\u2019une bonne immunite\u0301, une meilleure fonction re\u0301nale et h\u00e9patique, gra\u0302ce a\u0300 une hydratation accrue et une alimentation moins transforme\u0301e, une mastication source de plaisir, de calme, et de nettoyage naturel des dents, une meilleure longe\u0301vite\u0301, avec moins de vieillissement pre\u0301mature\u0301. Rappelons que le chien survit depuis 30000 ans en consommant les restes des humains, pas des croquettes.<\/p>\n<p><strong>En tant que particulier, il est tout a\u0300 fait possible de nourrir exclusivement aux croquettes,<\/strong> a\u0300 condition de bien les choisir, ces dernie\u0300res devraient contenir ide\u0301alement au moins 50% de viande.<\/p>\n<p><strong>Mais en tant qu\u2019e\u0301leveur, il y a un enjeu supple\u0301mentaire : celui de pre\u0301server la vitalite\u0301 de la ligne\u0301e,<\/strong> en de\u0301veloppant des souches capables de dige\u0301rer autre chose que des croquettes ultra-formule\u0301es. En variant les apports de\u0300s le plus jeune a\u0302ge, on favorise un meilleur de\u0301veloppement intestinal et immunitaire, une diversite\u0301 enzymatique plus large et une transmission e\u0301pige\u0301ne\u0301tique positive aux ge\u0301ne\u0301rations suivantes.<\/p>\n<p><img loading=\"lazy\" decoding=\"async\" class=\" wp-image-384 aligncenter\" src=\"https:\/\/dcv-berger-allemand.fr\/wp-content\/uploads\/2025\/04\/download-6-17.08.21.jpg\" alt=\"\" width=\"295\" height=\"196\" \/><\/p>\n<p>Enfin, <strong>une alimentation naturelle bien pense\u0301e peut aussi e\u0302tre e\u0301conomique<\/strong>, surtout lorsqu\u2019on optimise les achats (producteurs locaux, carcasses, invendus, restes&#8230;) et qu\u2019on adapte les rations aux besoins re\u0301els du chien.<\/p>\n<p>Quelle quantite\u0301 de frais donner ?<\/p>\n<p>Chaque chien est diffe\u0301rent. Voici des repe\u0300res a\u0300 ajuster selon son a\u0302ge, son activite\u0301, sa race, son tempe\u0301rament, etc, donn\u00e9s \u00e0 titre indicatif.<\/p>\n<p><strong>Chiots (ration maison) : <\/strong><\/p>\n<p>2 mois : 10% du poids\/jour 3 mois : 8%, 4 mois : 7%, 5 mois : 6,5% 6 mois : 6%, 9 mois : 5%, 12 mois : 4,5%,\u00a0 18 mois : 4%<\/p>\n<\/div>\n<\/div>\n<\/div>\n<\/div>\n<div class=\"page\" title=\"Page 38\">\n<div class=\"section\">\n<div class=\"layoutArea\">\n<div class=\"column\">\n<p>Fractionner en 2 a\u0300 4 repas\/jour jusqu\u2019a\u0300 l\u2019a\u0302ge adulte.<\/p>\n<p><strong>Adultes (ration maison):<\/strong><\/p>\n<p>2 a\u0300 4% du poids\/jour, en 1 ou 2 repas.<\/p>\n<p>Un jour de jeu\u0302ne par mois ou par saison peut e\u0302tre be\u0301ne\u0301fique (sauf chiots, se\u0301niors, malades).<\/p>\n<p><span style=\"color: #ff0000;\">Repe\u0300re visuel : on doit sentir les co\u0302tes mais pas les voir.<\/span><\/p>\n<h2><span class=\"ez-toc-section\" id=\"II_Lalimentation_3_formules_equilibrees\"><\/span><strong>II) L&rsquo;alimentation 3\u00a0 formules e\u0301quilibre\u0301es<\/strong><span class=\"ez-toc-section-end\"><\/span><\/h2>\n<p>Os charnu = cuisses de poulets, carcasses, co\u0302tes&#8230; Les os crus ne sont pas dangereux pour les chiens mais ils ne doivent jamais e\u0302tre donne\u0301s cuits (risque de perforation digestive).<\/p>\n<h3><span class=\"ez-toc-section\" id=\"I_Formule_1_%E2%80%93_Lideal_100_maison\"><\/span><span style=\"color: #008000;\">I. Formule 1 \u2013 L\u2019ide\u0301al (100% maison)<\/span><span class=\"ez-toc-section-end\"><\/span><\/h3>\n<p><img loading=\"lazy\" decoding=\"async\" class=\"size-medium wp-image-378 aligncenter\" src=\"https:\/\/dcv-berger-allemand.fr\/wp-content\/uploads\/2025\/04\/download-4-17.08.21-300x162.jpg\" alt=\"\" width=\"300\" height=\"162\" srcset=\"https:\/\/dcv-berger-allemand.fr\/wp-content\/uploads\/2025\/04\/download-4-17.08.21-300x162.jpg 300w, https:\/\/dcv-berger-allemand.fr\/wp-content\/uploads\/2025\/04\/download-4-17.08.21.jpg 305w\" sizes=\"auto, (max-width: 300px) 100vw, 300px\" \/><\/p>\n<p>A\u0300 la semaine : Os charnus crus : 60 a\u0300 70% (dont 15-20% d\u2019os pur, a\u0300 adapter selon les selles) Viande : comprise dans les os, ou ajoute\u0301e, Abats : 10 a\u0300 20% (Foie 5%, c\u0153ur 5%), Fruits\/le\u0301gumes mixe\u0301s, ce\u0301re\u0301ales bien cuites, restes : 15 a\u0300 25%<\/p>\n<p>Comple\u0301ments hebdomadaires (par 10 kg de poids) : 1 \u0153uf avec coquille, 100 g de poisson gras (sardines, saumon&#8230;) 2 c. a\u0300 soupe d\u2019huile de saumon ou krill, 2 c. a\u0300 soupe d\u2019huile de colza, une cuille\u0300re a\u0300 soupe d\u2019algues en poudre (varech&#8230;)<\/p>\n<p>Autres ajouts possibles : yaourt, vinaigre de cidre, huile de germe de ble\u0301, beurre, son de ble\u0301, etc.<\/p>\n<p>Astuce : se\u0301parer les repas os\/abats pour e\u0301viter les interfe\u0301rences d\u2019absorption (le calcium peut ge\u0302ner l\u2019assimilation du fer).<\/p>\n<p>C&rsquo;est ce qu&rsquo;on appelle le <a href=\"https:\/\/fr.wikipedia.org\/wiki\/BARF\" target=\"_blank\" rel=\"noopener\">BARF<\/a><\/p>\n<\/div>\n<\/div>\n<\/div>\n<\/div>\n<div class=\"page\" title=\"Page 39\">\n<div class=\"section\">\n<div class=\"layoutArea\">\n<div class=\"column\">\n<h3><span class=\"ez-toc-section\" id=\"II_Formule_2_%E2%80%93_Le_bon_compromis_1_semi-maison\"><\/span><span style=\"color: #008000;\">II. Formule 2 \u2013 Le bon compromis 1 (semi-maison)<\/span><span class=\"ez-toc-section-end\"><\/span><\/h3>\n<\/div>\n<p><img loading=\"lazy\" decoding=\"async\" class=\"aligncenter wp-image-435 size-medium\" src=\"https:\/\/dcv-berger-allemand.fr\/wp-content\/uploads\/2025\/04\/Screenshot_20250422_185748_com_instagram_android_InstagramMainActivity_edit_65052930224194-1-207x300.jpg\" alt=\"L'alimentation du Berger Allemand le bon compromis\" width=\"207\" height=\"300\" srcset=\"https:\/\/dcv-berger-allemand.fr\/wp-content\/uploads\/2025\/04\/Screenshot_20250422_185748_com_instagram_android_InstagramMainActivity_edit_65052930224194-1-207x300.jpg 207w, https:\/\/dcv-berger-allemand.fr\/wp-content\/uploads\/2025\/04\/Screenshot_20250422_185748_com_instagram_android_InstagramMainActivity_edit_65052930224194-1-707x1024.jpg 707w, https:\/\/dcv-berger-allemand.fr\/wp-content\/uploads\/2025\/04\/Screenshot_20250422_185748_com_instagram_android_InstagramMainActivity_edit_65052930224194-1-768x1112.jpg 768w, https:\/\/dcv-berger-allemand.fr\/wp-content\/uploads\/2025\/04\/Screenshot_20250422_185748_com_instagram_android_InstagramMainActivity_edit_65052930224194-1-1060x1536.jpg 1060w, https:\/\/dcv-berger-allemand.fr\/wp-content\/uploads\/2025\/04\/Screenshot_20250422_185748_com_instagram_android_InstagramMainActivity_edit_65052930224194-1.jpg 1224w\" sizes=\"auto, (max-width: 207px) 100vw, 207px\" \/><\/p>\n<div class=\"column\">\n<p>Os charnus crus : 40 a\u0300 70%, Fruits\/le\u0301gumes\/ce\u0301re\u0301ales, restes, pain sec, croquettes re\u0301hydrate\u0301es : 15 a\u0300 55% Abats : 5 a\u0300 10% (1 ou plusieurs fois\/semaine) Huiles ve\u0301ge\u0301tales : 1 c. a\u0300 soupe\/jour<\/p>\n<p>Exemple : matin cuisse de poulet, soir pain sec + le\u0301gumes + huile + croquettes<\/p>\n<\/div>\n<\/div>\n<\/div>\n<\/div>\n<div class=\"page\" title=\"Page 40\">\n<div class=\"section\">\n<div class=\"layoutArea\">\n<div class=\"column\">\n<h3><span class=\"ez-toc-section\" id=\"III_Formule_3_%E2%80%93_Le_bon_compromis_2_mix_croquettescru\"><\/span><span style=\"color: #008000;\">III. Formule 3 \u2013 Le bon compromis 2 (mix croquettes\/cru)<\/span><span class=\"ez-toc-section-end\"><\/span><\/h3>\n<p><img loading=\"lazy\" decoding=\"async\" class=\" wp-image-387 aligncenter\" src=\"https:\/\/dcv-berger-allemand.fr\/wp-content\/uploads\/2025\/04\/download-7-17.08.28-e1745777644974.jpg\" alt=\"\" width=\"443\" height=\"172\" \/><\/p>\n<p>Os charnus crus : 40 a\u0300 70% Croquettes (re\u0301hydrate\u0301es) : 30 a\u0300 60% Exemple : matin viande crue, soir croquettes re\u0301hydrate\u0301es<\/p>\n<p>Comment choisir ses croquettes ? Peu importe re\u0301ellement la marque ou la pre\u0301sence ou non de ce\u0301re\u0301ales, l\u2019argument marke\u0301ting pour chiot ou autre. Crite\u0300re essentiel : les premiers ingre\u0301dients doivent e\u0302tre des prote\u0301ines animales (poulet, agneau, canard &#8230;) et repre\u0301senter plus de 50% de la masse.<\/p>\n<p>ATTENTION : Si malgre\u0301 tout vous craignez de donner des os, mais que vous souhaiter donner une ration me\u0301nage\u0300re, c\u2019est possible mais vous devez comple\u0301menter en calcium\/phosphore, sous forme de poudre ( farine d\u2019os).<\/p>\n<p>Par exemple pour une farine d\u2019os a\u0300 35% Ca \/ 25% P il faudrait ajouter a\u0300 la ration me\u0301nage\u0300re:<\/p>\n<p>Chiot : 9 g \/ kg de ration Adulte : 5 g \/ kg de ration Conclusion<\/p>\n<p>Nourrir naturellement son chien n\u2019est ni complique\u0301 ni contraignant, a\u0300 condition d\u2019e\u0302tre un peu organise\u0301. Cela renforce sa sante\u0301, soutient les ligne\u0301es, et favorise un comportement plus e\u0301quilibre\u0301.<\/p>\n<p><em><strong>Quelques notions suppl\u00e9mentaires pour celles et ceux qui craignent le de\u0301se\u0301quilibre&#8230;<\/strong><\/em><\/p>\n<\/div>\n<\/div>\n<\/div>\n<\/div>\n<div class=\"page\" title=\"Page 41\">\n<div class=\"section\">\n<div class=\"layoutArea\">\n<div class=\"column\">\n<p>On entend souvent que chaque repas doit e\u0302tre parfaitement e\u0301quilibre\u0301 au gramme pre\u0300s, avec une re\u0301partition rigide des nutriments. Cette ide\u0301e, largement ve\u0301hicule\u0301e par l\u2019industrie des croquettes, repose sur une vision tre\u0300s re\u0301ductionniste de la nutrition.<\/p>\n<p>Or la sante\u0301 est une dynamique, pas une e\u0301quation.<\/p>\n<p>Chez le chien comme chez l\u2019humain, ce n\u2019est pas chaque repas qui compte, mais l\u2019e\u0301quilibre global sur plusieurs jours. Aucune espe\u0300ce sur Terre ne mange exactement les me\u0302mes proportions tous les jours. La varie\u0301te\u0301, les cycles, les ajustements saisonniers ou physiologiques sont normaux et me\u0302me be\u0301ne\u0301fiques.<\/p>\n<p>Si le micro-e\u0301quilibre nutritionnel instantane\u0301 suffisait a\u0300 garantir la sante\u0301, alors les humains eux-me\u0302mes se nourriraient de croquettes ste\u0301rilise\u0301es&#8230; et les ho\u0302pitaux seraient vides.<\/p>\n<p><img loading=\"lazy\" decoding=\"async\" class=\"aligncenter wp-image-63\" src=\"https:\/\/dcv-berger-allemand.fr\/wp-content\/uploads\/2025\/04\/Screenshot_20250422_190145_com_instagram_android_InstagramMainActivity_edit_64836485219693-205x300.jpg\" alt=\"Chiot de 6 semaines Des Crocs V\u00e9ritables en action\" width=\"308\" height=\"451\" srcset=\"https:\/\/dcv-berger-allemand.fr\/wp-content\/uploads\/2025\/04\/Screenshot_20250422_190145_com_instagram_android_InstagramMainActivity_edit_64836485219693-205x300.jpg 205w, https:\/\/dcv-berger-allemand.fr\/wp-content\/uploads\/2025\/04\/Screenshot_20250422_190145_com_instagram_android_InstagramMainActivity_edit_64836485219693-698x1024.jpg 698w, https:\/\/dcv-berger-allemand.fr\/wp-content\/uploads\/2025\/04\/Screenshot_20250422_190145_com_instagram_android_InstagramMainActivity_edit_64836485219693-768x1126.jpg 768w, https:\/\/dcv-berger-allemand.fr\/wp-content\/uploads\/2025\/04\/Screenshot_20250422_190145_com_instagram_android_InstagramMainActivity_edit_64836485219693-1048x1536.jpg 1048w, https:\/\/dcv-berger-allemand.fr\/wp-content\/uploads\/2025\/04\/Screenshot_20250422_190145_com_instagram_android_InstagramMainActivity_edit_64836485219693.jpg 1223w\" sizes=\"auto, (max-width: 308px) 100vw, 308px\" \/><\/p>\n<p style=\"text-align: center;\">Chiot de 6 semaines Des Crocs V\u00e9ritables en action<\/p>\n<p>&nbsp;<\/p>\n<h3><span class=\"ez-toc-section\" id=\"Pour_aller_encore_plus_loin\"><\/span><em><strong>Pour aller encore plus loin:<\/strong><\/em><span class=\"ez-toc-section-end\"><\/span><\/h3>\n<p>Plusieurs e\u0301tudes ont montre\u0301 qu\u2019une varie\u0301te\u0301 alimentaire mode\u0301re\u0301e stimule le microbiote et limite les intole\u0301rances alimentaires (Schmidt et al., 2018, Cell Metabolism). Le lien entre nutrition ultra-transforme\u0301e et inflammation chronique est bien e\u0301tabli, chez l\u2019humain comme chez l\u2019animal (Monteiro et al., 2019, Public Health Nutrition). Les chiens nourris de fac\u0327on mixte (cru + croquettes) ou me\u0301nage\u0300re ont souvent moins de troubles digestifs et cutane\u0301s (Morel et al., 2010, British Journal of Nutrition).<\/p>\n<p>La nature est souple, pas mathe\u0301matique. L\u2019important est de raisonner sur la semaine, d\u2019observer son chien, et de rester cohe\u0301rent dans l\u2019ensemble. A notre avis, un chien nourri avec attention, plaisir et varie\u0301te\u0301 sera bien plus re\u0301sistant qu\u2019un chien nourri ste\u0301rilement, mais \u00ab\u00a0au gramme pre\u0300s\u00a0\u00bb.<\/p>\n<\/div>\n<\/div>\n<\/div>\n<\/div>\n<div class=\"page\" title=\"Page 42\"><\/div>\n<p>&nbsp;<\/p>\n<p>&nbsp;<\/p>\n<p><a class=\"continue-button\" style=\"display: inline-block; background-color: #2c3e50; color: #ffffff; padding: 12px 24px; border-radius: 8px; text-decoration: none; font-size: 18px; transition: background-color 0.3s ease;\" href=\"https:\/\/dcv-berger-allemand.fr\/sante\/comprendre-la-consanguinite\/\"><br \/>\nContinuer vers la section suivante<br \/>\n<\/a><\/p>\n<div style=\"display: flex; flex-wrap: wrap; justify-content: center; gap: 10px; margin-top: 30px;\"><span style=\"color: #666666; text-align: center;\">\u00a9 2025 \u00c9levage des Crocs V\u00e9ritables<\/span><\/div>\n<p>&nbsp;<\/p>\n<div style=\"text-align: center; font-size: 16px; margin-top: 20px;\"><strong>Navigation rapide :<\/strong><\/div>\n<div style=\"text-align: center; font-size: 16px; margin-top: 20px;\"><a href=\"https:\/\/dcv-berger-allemand.fr\/\">Accueil<\/a><br \/><a href=\"\/le-berger-allemand\/\">Le Berger Allemand<\/a> | <a href=\"\/sante\/\">Sant\u00e9<\/a> | <a href=\"\/selection\/\">S\u00e9lection<\/a> | <a href=\"\/vivre-avec-un-berger-allemand\/\">Vivre avec un Berger Allemand<\/a> | <a href=\"\/education-et-dressage\/\">\u00c9ducation et dressage<\/a> | <a href=\"\/elevage\/\">\u00c9levage<\/a> | <a href=\"\/photos-et-videos\/\">Photos<\/a> | <a href=\"\/contact\/\">Contact<\/a> | <a href=\"\/liens-et-bibliographie\/\">Liens <\/a> | <em><span style=\"color: #339966;\"><a style=\"color: #339966;\" href=\"https:\/\/dcv-berger-allemand.fr\/articles-et-reflexions\/\">Articles et R\u00e9flexions<\/a><\/span><\/em><\/div>\n","protected":false},"excerpt":{"rendered":"<p>I) L&rsquo;alimentation, pourquoi nourrir autrement ? Les croquettes et autres aliments industriels ne sont pas adapte\u0301s ? La croquette est avant tout pratique pour le ma\u00eetre c&rsquo;est ind\u00e9niable. Elle promet un bon \u00e9quilibre en terme de macro et micro nutriments, \u00e9vitant ainsi des carences. Cependant, \u00e0 notre avis, cela reste un aliment ultra transform\u00e9 d\u00e9pourvu [&hellip;]<\/p>\n","protected":false},"author":1,"featured_media":0,"parent":139,"menu_order":5,"comment_status":"closed","ping_status":"closed","template":"","meta":{"footnotes":""},"class_list":["post-267","page","type-page","status-publish","hentry"],"_links":{"self":[{"href":"https:\/\/dcv-berger-allemand.fr\/fr_fr\/wp-json\/wp\/v2\/pages\/267","targetHints":{"allow":["GET"]}}],"collection":[{"href":"https:\/\/dcv-berger-allemand.fr\/fr_fr\/wp-json\/wp\/v2\/pages"}],"about":[{"href":"https:\/\/dcv-berger-allemand.fr\/fr_fr\/wp-json\/wp\/v2\/types\/page"}],"author":[{"embeddable":true,"href":"https:\/\/dcv-berger-allemand.fr\/fr_fr\/wp-json\/wp\/v2\/users\/1"}],"replies":[{"embeddable":true,"href":"https:\/\/dcv-berger-allemand.fr\/fr_fr\/wp-json\/wp\/v2\/comments?post=267"}],"version-history":[{"count":14,"href":"https:\/\/dcv-berger-allemand.fr\/fr_fr\/wp-json\/wp\/v2\/pages\/267\/revisions"}],"predecessor-version":[{"id":1256,"href":"https:\/\/dcv-berger-allemand.fr\/fr_fr\/wp-json\/wp\/v2\/pages\/267\/revisions\/1256"}],"up":[{"embeddable":true,"href":"https:\/\/dcv-berger-allemand.fr\/fr_fr\/wp-json\/wp\/v2\/pages\/139"}],"wp:attachment":[{"href":"https:\/\/dcv-berger-allemand.fr\/fr_fr\/wp-json\/wp\/v2\/media?parent=267"}],"curies":[{"name":"wp","href":"https:\/\/api.w.org\/{rel}","templated":true}]}}