{"id":261,"date":"2025-04-25T13:52:12","date_gmt":"2025-04-25T13:52:12","guid":{"rendered":"https:\/\/dcv-berger-allemand.fr\/?page_id=261"},"modified":"2025-05-24T17:14:23","modified_gmt":"2025-05-24T17:14:23","slug":"prevention","status":"publish","type":"page","link":"https:\/\/dcv-berger-allemand.fr\/fr_fr\/sante\/prevention\/","title":{"rendered":"Pr\u00e9vention et suivi v\u00e9t\u00e9rinaire"},"content":{"rendered":"<div class=\"page\" title=\"Page 32\">\n<div class=\"section\">\n<div class=\"layoutArea\">\n<div class=\"column\">\n<p>La pr\u00e9vention, quel mot magnifique, comme dit l&rsquo;adage mieux vaut pr\u00e9venir que gu\u00e9rir!<\/p>\n<div id=\"ez-toc-container\" class=\"ez-toc-v2_0_76 counter-hierarchy ez-toc-counter ez-toc-grey ez-toc-container-direction\">\n<div class=\"ez-toc-title-container\">\n<p class=\"ez-toc-title\" style=\"cursor:inherit\">Contenus de la page<\/p>\n<span class=\"ez-toc-title-toggle\"><a href=\"#\" class=\"ez-toc-pull-right ez-toc-btn ez-toc-btn-xs ez-toc-btn-default ez-toc-toggle\" aria-label=\"Toggle Table of Content\"><span class=\"ez-toc-js-icon-con\"><span class=\"\"><span class=\"eztoc-hide\" style=\"display:none;\">Toggle<\/span><span class=\"ez-toc-icon-toggle-span\"><svg style=\"fill: #999;color:#999\" xmlns=\"http:\/\/www.w3.org\/2000\/svg\" class=\"list-377408\" width=\"20px\" height=\"20px\" viewBox=\"0 0 24 24\" fill=\"none\"><path d=\"M6 6H4v2h2V6zm14 0H8v2h12V6zM4 11h2v2H4v-2zm16 0H8v2h12v-2zM4 16h2v2H4v-2zm16 0H8v2h12v-2z\" fill=\"currentColor\"><\/path><\/svg><svg style=\"fill: #999;color:#999\" class=\"arrow-unsorted-368013\" xmlns=\"http:\/\/www.w3.org\/2000\/svg\" width=\"10px\" height=\"10px\" viewBox=\"0 0 24 24\" version=\"1.2\" baseProfile=\"tiny\"><path d=\"M18.2 9.3l-6.2-6.3-6.2 6.3c-.2.2-.3.4-.3.7s.1.5.3.7c.2.2.4.3.7.3h11c.3 0 .5-.1.7-.3.2-.2.3-.5.3-.7s-.1-.5-.3-.7zM5.8 14.7l6.2 6.3 6.2-6.3c.2-.2.3-.5.3-.7s-.1-.5-.3-.7c-.2-.2-.4-.3-.7-.3h-11c-.3 0-.5.1-.7.3-.2.2-.3.5-.3.7s.1.5.3.7z\"\/><\/svg><\/span><\/span><\/span><\/a><\/span><\/div>\n<nav><ul class='ez-toc-list ez-toc-list-level-1 ' ><li class='ez-toc-page-1 ez-toc-heading-level-3'><a class=\"ez-toc-link ez-toc-heading-1\" href=\"https:\/\/dcv-berger-allemand.fr\/fr_fr\/sante\/prevention\/#1_Prevention_vaccination_et_traitements_antiparasitaires\" >1. Pr\u00e9vention: vaccination et traitements antiparasitaires<\/a><\/li><li class='ez-toc-page-1 ez-toc-heading-level-3'><a class=\"ez-toc-link ez-toc-heading-2\" href=\"https:\/\/dcv-berger-allemand.fr\/fr_fr\/sante\/prevention\/#2_Prevention_suivi_veterinaire_et_developpement_du_chiot\" >2. Pr\u00e9vention : suivi ve\u0301te\u0301rinaire et de\u0301veloppement du chiot<\/a><\/li><\/ul><\/nav><\/div>\n<h3><span class=\"ez-toc-section\" id=\"1_Prevention_vaccination_et_traitements_antiparasitaires\"><\/span>1. Pr\u00e9vention: vaccination et traitements antiparasitaires<span class=\"ez-toc-section-end\"><\/span><\/h3>\n<p><img loading=\"lazy\" decoding=\"async\" class=\" wp-image-442 aligncenter\" src=\"https:\/\/dcv-berger-allemand.fr\/wp-content\/uploads\/2025\/04\/images.png\" alt=\"\" width=\"320\" height=\"320\" srcset=\"https:\/\/dcv-berger-allemand.fr\/wp-content\/uploads\/2025\/04\/images.png 225w, https:\/\/dcv-berger-allemand.fr\/wp-content\/uploads\/2025\/04\/images-150x150.png 150w\" sizes=\"auto, (max-width: 320px) 100vw, 320px\" \/><\/p>\n<p>Chez nous, chaque chiot rec\u0327oit un protocole de soins rigoureux de\u0300s les premie\u0300res semaines de vie.<br \/>\nLa vaccination suit les recommandations ve\u0301te\u0301rinaires classiques :<\/p>\n<p><strong>Une premie\u0300re injection a\u0300 8 semaines (CHPPiL) Un rappel a\u0300 12 semaines, puis a\u0300 16 semaines, puis tous les ans.<\/strong><\/p>\n<\/div>\n<\/div>\n<\/div>\n<\/div>\n<div class=\"page\" title=\"Page 33\">\n<div class=\"section\">\n<div class=\"layoutArea\">\n<div class=\"column\">\n<p>La vaccination contre la rage n&rsquo;est pas obligatoire sur le territoire fran\u00e7ais, elle peut e\u0302tre effectue\u0301e a\u0300 partir de 12 semaines selon la destination du chiot. <strong><a href=\"https:\/\/www.service-public.fr\/particuliers\/vosdroits\/F21374\" target=\"_blank\" rel=\"noopener\">Elle est obligatoire si le chien doit quitter le territoire franc\u0327ais<\/a>, ATTENTION celle-ci est valable 21 jours apre\u0300s l\u2019injection. <\/strong>Selon la marque du vaccin il est \u00e0 renouveler tous les 1 \u00e0 3 ans.<\/p>\n<p><img loading=\"lazy\" decoding=\"async\" class=\"wp-image-370 aligncenter\" src=\"https:\/\/dcv-berger-allemand.fr\/wp-content\/uploads\/2025\/04\/download-1.png\" alt=\"Calendrier vaccinal pr\u00e9conis\u00e9\" width=\"440\" height=\"323\" \/><\/p>\n<p style=\"text-align: center;\">Calendrier vaccinal pr\u00e9conis\u00e9<\/p>\n<p>Les vermifugations sont re\u0301alise\u0301es tous les 15 jours jusqu\u2019a\u0300 8 semaines, puis tous les mois jusqu\u2019a\u0300 6 mois. Ensuite, un rythme trimestriel ou bi-annuel est conseille\u0301 en fonction des conditions de vie. <strong>Il est recommande\u0301 de varier les mole\u0301cules employe\u0301es.<\/strong><\/p>\n<p>Les traitements antiparasitaires externes (puces, tiques) sont e\u0301galement mis en place en fonction de la saison et de l\u2019environnement.<\/p>\n<p><strong>Nous remettons un carnet de sante\u0301 a\u0300 jour, avec toutes les informations ne\u0301cessaires pour le suivi.<\/strong><\/p>\n<h3><span class=\"ez-toc-section\" id=\"2_Prevention_suivi_veterinaire_et_developpement_du_chiot\"><\/span>2. Pr\u00e9vention : suivi ve\u0301te\u0301rinaire et de\u0301veloppement du chiot<span class=\"ez-toc-section-end\"><\/span><\/h3>\n<p>Le suivi ve\u0301te\u0301rinaire est constant tout au long de la croissance du chiot. Chaque chiot est examine\u0301 plusieurs fois par notre ve\u0301te\u0301rinaire, de la naissance jusqu\u2019au de\u0301part dans sa nouvelle famille.<br \/>\nCela inclut :<\/p>\n<p>Le contro\u0302le de la dentition, l\u2019auscultation cardiaque et respiratoire, la palpation abdominale, l\u2019examen de la mobilite\u0301 et des aplombs. Un certificat ve\u0301te\u0301rinaire est remis a\u0300 l\u2019acquisition du chiot.<\/p>\n<p>Nous restons disponibles pour accompagner les familles adoptantes dans le suivi de leur chiot.<\/p>\n<p><img loading=\"lazy\" decoding=\"async\" class=\"aligncenter wp-image-443\" src=\"https:\/\/dcv-berger-allemand.fr\/wp-content\/uploads\/2025\/04\/download-2-1.jpg\" alt=\"Pr\u00e9vention: Exemple de certificat de bonne sant\u00e9 d\u00e9livr\u00e9 par le v\u00e9t\u00e9rinaire\" width=\"293\" height=\"418\" \/><\/p>\n<\/div>\n<\/div>\n<\/div>\n<\/div>\n<div class=\"page\" title=\"Page 33\">\n<div class=\"section\">\n<div class=\"layoutArea\">\n<div class=\"column\" style=\"text-align: center;\">Exemple de certificat de bonne sant\u00e9 d\u00e9livr\u00e9 par le v\u00e9t\u00e9rinaire<\/div>\n<\/div>\n<\/div>\n<\/div>\n<p>&nbsp;<\/p>\n<p>&nbsp;<\/p>\n<p><a class=\"continue-button\" style=\"display: inline-block; background-color: #2c3e50; color: #ffffff; padding: 12px 24px; border-radius: 8px; text-decoration: none; font-size: 18px; transition: background-color 0.3s ease;\" href=\"https:\/\/dcv-berger-allemand.fr\/sante\/rusticite\/\">Continuer vers la section suivante<br \/>\n<\/a><\/p>\n<div style=\"display: flex; flex-wrap: wrap; justify-content: center; gap: 10px; margin-top: 30px;\"><span style=\"color: #666666; text-align: center;\">\u00a9 2025 \u00c9levage des Crocs V\u00e9ritables<\/span><\/div>\n<p>&nbsp;<\/p>\n<div style=\"text-align: center; font-size: 16px; margin-top: 20px;\"><strong>Navigation rapide :<\/strong><\/div>\n<div style=\"text-align: center; font-size: 16px; margin-top: 20px;\"><a href=\"https:\/\/dcv-berger-allemand.fr\/\">Accueil<\/a><br \/><a href=\"\/le-berger-allemand\/\">Le Berger Allemand<\/a> | <a href=\"\/sante\/\">Sant\u00e9<\/a> | <a href=\"\/selection\/\">S\u00e9lection<\/a> | <a href=\"\/vivre-avec-un-berger-allemand\/\">Vivre avec un Berger Allemand<\/a> | <a href=\"\/education-et-dressage\/\">\u00c9ducation et dressage<\/a> | <a href=\"\/elevage\/\">\u00c9levage<\/a> | <a href=\"\/photos-et-videos\/\">Photos<\/a> | <a href=\"\/contact\/\">Contact<\/a> | <a href=\"\/liens-et-bibliographie\/\">Liens <\/a> | <em><span style=\"color: #339966;\"><a style=\"color: #339966;\" href=\"https:\/\/dcv-berger-allemand.fr\/articles-et-reflexions\/\">Articles et R\u00e9flexions<\/a><\/span><\/em><\/div>\n","protected":false},"excerpt":{"rendered":"<p>La pr\u00e9vention, quel mot magnifique, comme dit l&rsquo;adage mieux vaut pr\u00e9venir que gu\u00e9rir! 1. Pr\u00e9vention: vaccination et traitements antiparasitaires Chez nous, chaque chiot rec\u0327oit un protocole de soins rigoureux de\u0300s les premie\u0300res semaines de vie. La vaccination suit les recommandations ve\u0301te\u0301rinaires classiques : Une premie\u0300re injection a\u0300 8 semaines (CHPPiL) Un rappel a\u0300 12 semaines, [&hellip;]<\/p>\n","protected":false},"author":1,"featured_media":0,"parent":139,"menu_order":3,"comment_status":"closed","ping_status":"closed","template":"","meta":{"footnotes":""},"class_list":["post-261","page","type-page","status-publish","hentry"],"_links":{"self":[{"href":"https:\/\/dcv-berger-allemand.fr\/fr_fr\/wp-json\/wp\/v2\/pages\/261","targetHints":{"allow":["GET"]}}],"collection":[{"href":"https:\/\/dcv-berger-allemand.fr\/fr_fr\/wp-json\/wp\/v2\/pages"}],"about":[{"href":"https:\/\/dcv-berger-allemand.fr\/fr_fr\/wp-json\/wp\/v2\/types\/page"}],"author":[{"embeddable":true,"href":"https:\/\/dcv-berger-allemand.fr\/fr_fr\/wp-json\/wp\/v2\/users\/1"}],"replies":[{"embeddable":true,"href":"https:\/\/dcv-berger-allemand.fr\/fr_fr\/wp-json\/wp\/v2\/comments?post=261"}],"version-history":[{"count":15,"href":"https:\/\/dcv-berger-allemand.fr\/fr_fr\/wp-json\/wp\/v2\/pages\/261\/revisions"}],"predecessor-version":[{"id":1254,"href":"https:\/\/dcv-berger-allemand.fr\/fr_fr\/wp-json\/wp\/v2\/pages\/261\/revisions\/1254"}],"up":[{"embeddable":true,"href":"https:\/\/dcv-berger-allemand.fr\/fr_fr\/wp-json\/wp\/v2\/pages\/139"}],"wp:attachment":[{"href":"https:\/\/dcv-berger-allemand.fr\/fr_fr\/wp-json\/wp\/v2\/media?parent=261"}],"curies":[{"name":"wp","href":"https:\/\/api.w.org\/{rel}","templated":true}]}}