{"id":256,"date":"2025-04-25T13:46:16","date_gmt":"2025-04-25T13:46:16","guid":{"rendered":"https:\/\/dcv-berger-allemand.fr\/?page_id=256"},"modified":"2025-07-18T09:43:17","modified_gmt":"2025-07-18T09:43:17","slug":"maladies","status":"publish","type":"page","link":"https:\/\/dcv-berger-allemand.fr\/fr_fr\/sante\/maladies\/","title":{"rendered":"Maladies g\u00e9n\u00e9tiques d\u00e9pist\u00e9es chez le Berger Allemand"},"content":{"rendered":"<div class=\"page\" title=\"Page 31\">\n<div class=\"section\">\n<div class=\"layoutArea\">\n<div class=\"column\">\n<figure id=\"attachment_375\" aria-describedby=\"caption-attachment-375\" style=\"width: 300px\" class=\"wp-caption aligncenter\"><img loading=\"lazy\" decoding=\"async\" class=\"wp-image-375 size-full\" src=\"https:\/\/dcv-berger-allemand.fr\/wp-content\/uploads\/2025\/04\/download-3-17.08.21.jpg\" alt=\"Maladies g\u00e9n\u00e9tiques d\u00e9pist\u00e9es chez le Berger Allemand\" width=\"300\" height=\"168\" \/><figcaption id=\"caption-attachment-375\" class=\"wp-caption-text\">ADN<\/figcaption><\/figure>\n<p>Les re\u0301centes de\u0301couvertes scientifiques permettent de de\u0301terminer si un chien est indemne, porteur sain ou atteint d\u2019une maladie, en fonction de la pre\u0301sence ou non d\u2019une mutation spe\u0301cifique sur un ou deux alle\u0300les du ge\u0300ne concerne\u0301.<\/p>\n<p>C\u2019est pourquoi la <a href=\"https:\/\/www.centrale-canine.fr\/lofselect\/articles\/berger-allemand-sante-et-selection\" target=\"_blank\" rel=\"noopener\">Socie\u0301te\u0301 Centrale Canine (SCC)<\/a>, en lien avec les clubs de race, recommande le de\u0301pistage de certaines maladies he\u0301re\u0301ditaires chez les reproducteurs.<\/p>\n<p><strong>Voici les affections teste\u0301es:<\/strong><\/p>\n<\/div>\n<\/div>\n<\/div>\n<div class=\"section\">\n<div class=\"layoutArea\">\n<div class=\"column\">\n<p>\u2022 La mye\u0301lopathie de\u0301ge\u0301ne\u0301rative de type A (DM) : maladie neurologique affectant la moelle e\u0301pinie\u0300re, transmise par mutation du ge\u0300ne SOD1.<\/p>\n<p>\u2022 L&rsquo;hyperuricosurie (HUU) : maladie me\u0301tabolique pre\u0301disposant aux calculs urinaires.<\/p>\n<p>\u2022 La dysplasie ectodermique lie\u0301e a\u0300 l\u2019X (XHED) : maladie touchant la peau et le pelage, avec une transmission spe\u0301cifique lie\u0301e au sexe.<\/p>\n<p>\u2022 Des troubles rares sous surveillance comme la mucopolysaccharidose VII, l\u2019he\u0301mophilie A ou encore le syndrome de Scott.<\/p>\n<p>&#8211; MPS-VII (mucopolysaccharidose VII) : maladie g\u00e9n\u00e9tique rare affectant le m\u00e9tabolisme, entra\u00eenant l&rsquo;accumulation de sucres complexes dans les cellules, provoquant des troubles squelettiques, cardiaques et neurologiques chez le chien.<\/p>\n<p>&#8211; HEMA-1 et HEMA-2 (h\u00e9mophilie A) : troubles h\u00e9r\u00e9ditaires de la coagulation du sang li\u00e9s au chromosome X, causant des h\u00e9morragies prolong\u00e9es m\u00eame apr\u00e8s des blessures mineures.<\/p>\n<p>&#8211; CSS (syndrome de Scott) : maladie g\u00e9n\u00e9tique du syst\u00e8me immunitaire caract\u00e9ris\u00e9e par une anomalie de l&rsquo;adh\u00e9sion plaquettaire, menant \u00e0 des troubles de la coagulation similaires \u00e0 ceux observ\u00e9s dans l&rsquo;h\u00e9mophilie.<\/p>\n<\/div>\n<\/div>\n<\/div>\n<div class=\"section\">\n<div class=\"layoutArea\">\n<div class=\"column\">\n<h3 style=\"padding-left: 40px;\"><strong>Incidences sur la reproduction<\/strong><\/h3>\n<p>Le statut ge\u0301ne\u0301tique d\u2019un chien a des conse\u0301quences importantes sur les choix d\u2019accouplement :<\/p>\n<\/div>\n<\/div>\n<\/div>\n<\/div>\n<div class=\"page\" title=\"Page 32\">\n<div class=\"section\">\n<div class=\"layoutArea\">\n<div class=\"column\">\n<p>\u2022 Un chien indemne peut e\u0302tre accouple\u0301 sans restriction- <strong>1.1 ou N-N.<\/strong><br \/>\n\u2022 Un chien porteur sain (he\u0301te\u0301rozygote pour une mutation re\u0301cessive) peut e\u0302tre accouple\u0301, mais uniquement avec un chien indemne afin d\u2019e\u0301viter de produire des chiots malades.- <strong>1.2 ou N-M<\/strong><br \/>\n\u2022 Un chien atteint (homozygote mute\u0301) ne devrait pas e\u0302tre utilise\u0301 en reproduction dans le cadre d\u2019une politique de se\u0301lection responsable. &#8211;<strong> 2.2 ou M-M<\/strong><\/p>\n<p>&nbsp;<\/p>\n<p>&nbsp;<\/p>\n<p><img loading=\"lazy\" decoding=\"async\" class=\"aligncenter wp-image-441 size-full\" src=\"https:\/\/dcv-berger-allemand.fr\/wp-content\/uploads\/2025\/04\/images-1.jpg\" alt=\"Transmission \u00e0 la descendance des maladies g\u00e9n\u00e9tiques par accouplement\" width=\"194\" height=\"260\" \/><\/p>\n<p style=\"text-align: center;\">Transmission \u00e0 la descendance des maladies g\u00e9n\u00e9tiques par accouplement<\/p>\n<p><span style=\"color: #993300;\"><strong>Ce syste\u0300me permet d\u2019e\u0301liminer progressivement les mutations de\u0301le\u0301te\u0300res tout en pre\u0301servant la diversite\u0301 ge\u0301ne\u0301tique des races.<\/strong><\/span><\/p>\n<\/div>\n<\/div>\n<\/div>\n<div class=\"section\">\n<div class=\"layoutArea\">\n<div class=\"column\"><\/div>\n<\/div>\n<\/div>\n<\/div>\n<div class=\"page\" title=\"Page 33\">\n<div class=\"section\">\n<div class=\"layoutArea\">\n<div class=\"column\">\n<h6 style=\"text-align: center;\"><\/h6>\n<\/div>\n<\/div>\n<\/div>\n<\/div>\n<p><a class=\"continue-button\" style=\"display: inline-block; background-color: #2c3e50; color: #ffffff; padding: 12px 24px; border-radius: 8px; text-decoration: none; font-size: 18px; transition: background-color 0.3s ease;\" href=\"https:\/\/dcv-berger-allemand.fr\/sante\/prevention\/\"><br \/>\nContinuer vers la section suivante<br \/>\n<\/a><\/p>\n<div style=\"display: flex; flex-wrap: wrap; justify-content: center; gap: 10px; margin-top: 30px;\"><span style=\"color: #666666; text-align: center;\">\u00a9 2025 \u00c9levage des Crocs V\u00e9ritables<\/span><\/div>\n<p>&nbsp;<\/p>\n<div style=\"text-align: center; font-size: 16px; margin-top: 20px;\"><strong>Navigation rapide :<\/strong><\/div>\n<div style=\"text-align: center; font-size: 16px; margin-top: 20px;\"><a href=\"https:\/\/dcv-berger-allemand.fr\/\">Accueil<\/a><br \/>\n<a href=\"\/le-berger-allemand\/\">Le Berger Allemand<\/a> | <a href=\"\/sante\/\">Sant\u00e9<\/a> | <a href=\"\/selection\/\">S\u00e9lection<\/a> | <a href=\"\/vivre-avec-un-berger-allemand\/\">Vivre avec un Berger Allemand<\/a> | <a href=\"\/education-et-dressage\/\">\u00c9ducation et dressage<\/a> | <a href=\"\/elevage\/\">\u00c9levage<\/a> | <a href=\"\/photos-et-videos\/\">Photos<\/a> | <a href=\"\/contact\/\">Contact<\/a> | <a href=\"\/liens-et-bibliographie\/\">Liens <\/a> | <em><span style=\"color: #339966;\"><a style=\"color: #339966;\" href=\"https:\/\/dcv-berger-allemand.fr\/articles-et-reflexions\/\">Articles et R\u00e9flexions<\/a><\/span><\/em><\/div>\n","protected":false},"excerpt":{"rendered":"<p>Les re\u0301centes de\u0301couvertes scientifiques permettent de de\u0301terminer si un chien est indemne, porteur sain ou atteint d\u2019une maladie, en fonction de la pre\u0301sence ou non d\u2019une mutation spe\u0301cifique sur un ou deux alle\u0300les du ge\u0300ne concerne\u0301. C\u2019est pourquoi la Socie\u0301te\u0301 Centrale Canine (SCC), en lien avec les clubs de race, recommande le de\u0301pistage de certaines [&hellip;]<\/p>\n","protected":false},"author":1,"featured_media":0,"parent":139,"menu_order":2,"comment_status":"closed","ping_status":"closed","template":"","meta":{"footnotes":""},"class_list":["post-256","page","type-page","status-publish","hentry"],"_links":{"self":[{"href":"https:\/\/dcv-berger-allemand.fr\/fr_fr\/wp-json\/wp\/v2\/pages\/256","targetHints":{"allow":["GET"]}}],"collection":[{"href":"https:\/\/dcv-berger-allemand.fr\/fr_fr\/wp-json\/wp\/v2\/pages"}],"about":[{"href":"https:\/\/dcv-berger-allemand.fr\/fr_fr\/wp-json\/wp\/v2\/types\/page"}],"author":[{"embeddable":true,"href":"https:\/\/dcv-berger-allemand.fr\/fr_fr\/wp-json\/wp\/v2\/users\/1"}],"replies":[{"embeddable":true,"href":"https:\/\/dcv-berger-allemand.fr\/fr_fr\/wp-json\/wp\/v2\/comments?post=256"}],"version-history":[{"count":17,"href":"https:\/\/dcv-berger-allemand.fr\/fr_fr\/wp-json\/wp\/v2\/pages\/256\/revisions"}],"predecessor-version":[{"id":1402,"href":"https:\/\/dcv-berger-allemand.fr\/fr_fr\/wp-json\/wp\/v2\/pages\/256\/revisions\/1402"}],"up":[{"embeddable":true,"href":"https:\/\/dcv-berger-allemand.fr\/fr_fr\/wp-json\/wp\/v2\/pages\/139"}],"wp:attachment":[{"href":"https:\/\/dcv-berger-allemand.fr\/fr_fr\/wp-json\/wp\/v2\/media?parent=256"}],"curies":[{"name":"wp","href":"https:\/\/api.w.org\/{rel}","templated":true}]}}