{"id":253,"date":"2025-04-25T10:57:18","date_gmt":"2025-04-25T10:57:18","guid":{"rendered":"https:\/\/dcv-berger-allemand.fr\/?page_id=253"},"modified":"2025-05-24T17:12:51","modified_gmt":"2025-05-24T17:12:51","slug":"dysplasie","status":"publish","type":"page","link":"https:\/\/dcv-berger-allemand.fr\/fr_fr\/sante\/dysplasie\/","title":{"rendered":"La dysplasie chez le Berger Allemand:"},"content":{"rendered":"<div class=\"page\" title=\"Page 27\">\n<div class=\"section\">\n<div class=\"layoutArea\">\n<div class=\"column\">\n<div id=\"ez-toc-container\" class=\"ez-toc-v2_0_76 counter-hierarchy ez-toc-counter ez-toc-grey ez-toc-container-direction\">\n<div class=\"ez-toc-title-container\">\n<p class=\"ez-toc-title\" style=\"cursor:inherit\">Contenus de la page<\/p>\n<span class=\"ez-toc-title-toggle\"><a href=\"#\" class=\"ez-toc-pull-right ez-toc-btn ez-toc-btn-xs ez-toc-btn-default ez-toc-toggle\" aria-label=\"Toggle Table of Content\"><span class=\"ez-toc-js-icon-con\"><span class=\"\"><span class=\"eztoc-hide\" style=\"display:none;\">Toggle<\/span><span class=\"ez-toc-icon-toggle-span\"><svg style=\"fill: #999;color:#999\" xmlns=\"http:\/\/www.w3.org\/2000\/svg\" class=\"list-377408\" width=\"20px\" height=\"20px\" viewBox=\"0 0 24 24\" fill=\"none\"><path d=\"M6 6H4v2h2V6zm14 0H8v2h12V6zM4 11h2v2H4v-2zm16 0H8v2h12v-2zM4 16h2v2H4v-2zm16 0H8v2h12v-2z\" fill=\"currentColor\"><\/path><\/svg><svg style=\"fill: #999;color:#999\" class=\"arrow-unsorted-368013\" xmlns=\"http:\/\/www.w3.org\/2000\/svg\" width=\"10px\" height=\"10px\" viewBox=\"0 0 24 24\" version=\"1.2\" baseProfile=\"tiny\"><path d=\"M18.2 9.3l-6.2-6.3-6.2 6.3c-.2.2-.3.4-.3.7s.1.5.3.7c.2.2.4.3.7.3h11c.3 0 .5-.1.7-.3.2-.2.3-.5.3-.7s-.1-.5-.3-.7zM5.8 14.7l6.2 6.3 6.2-6.3c.2-.2.3-.5.3-.7s-.1-.5-.3-.7c-.2-.2-.4-.3-.7-.3h-11c-.3 0-.5.1-.7.3-.2.2-.3.5-.3.7s.1.5.3.7z\"\/><\/svg><\/span><\/span><\/span><\/a><\/span><\/div>\n<nav><ul class='ez-toc-list ez-toc-list-level-1 ' ><li class='ez-toc-page-1 ez-toc-heading-level-3'><a class=\"ez-toc-link ez-toc-heading-1\" href=\"https:\/\/dcv-berger-allemand.fr\/fr_fr\/sante\/dysplasie\/#Quest-ce_que_la_dysplasie\" >Qu\u2019est-ce que la dysplasie ?<\/a><\/li><li class='ez-toc-page-1 ez-toc-heading-level-3'><a class=\"ez-toc-link ez-toc-heading-2\" href=\"https:\/\/dcv-berger-allemand.fr\/fr_fr\/sante\/dysplasie\/#Dysplasie_hereditaire_ou_environnementale\" >Dysplasie : he\u0301re\u0301ditaire ou environnementale ?<\/a><\/li><li class='ez-toc-page-1 ez-toc-heading-level-3'><a class=\"ez-toc-link ez-toc-heading-3\" href=\"https:\/\/dcv-berger-allemand.fr\/fr_fr\/sante\/dysplasie\/#Prevention_et_bonnes_pratiques\" >Pre\u0301vention et bonnes pratiques<\/a><\/li><li class='ez-toc-page-1 ez-toc-heading-level-3'><a class=\"ez-toc-link ez-toc-heading-4\" href=\"https:\/\/dcv-berger-allemand.fr\/fr_fr\/sante\/dysplasie\/#Le_depistage\" >Le de\u0301pistage\u00a0<\/a><\/li><\/ul><\/nav><\/div>\n<h3><span class=\"ez-toc-section\" id=\"Quest-ce_que_la_dysplasie\"><\/span>Qu\u2019est-ce que la dysplasie ?<span class=\"ez-toc-section-end\"><\/span><\/h3>\n<p>La dysplasie de la hanche et du coude est une affection articulaire fre\u0301quente chez les chiens de grande race, notamment le Berger Allemand. Elle se traduit par un de\u0301veloppement anormal de l\u2019articulation, provoquant une laxite\u0301 (instabilite\u0301), puis, a\u0300 terme, une usure pre\u0301mature\u0301e du cartilage articulaire et de l\u2019arthrose.<\/p>\n<p><img loading=\"lazy\" decoding=\"async\" class=\"aligncenter wp-image-367\" src=\"https:\/\/dcv-berger-allemand.fr\/wp-content\/uploads\/2025\/04\/download-1-17.08.21.jpg\" alt=\"Dysplasie chez le Berger Allemand\" width=\"375\" height=\"264\" \/><\/p>\n<\/div>\n<\/div>\n<\/div>\n<\/div>\n<div class=\"page\" title=\"Page 28\">\n<div class=\"section\">\n<div class=\"layoutArea\">\n<div class=\"column\">\n<p>Les sympto\u0302mes peuvent varier : boiterie, raideur, difficulte\u0301 a\u0300 se lever, perte d\u2019envie de jouer ou de courir. Toutefois, certains chiens porteurs d\u2019une dysplasie importante peuvent e\u0302tre asymptomatiques pendant longtemps.<\/p>\n<h3><span class=\"ez-toc-section\" id=\"Dysplasie_hereditaire_ou_environnementale\"><\/span>Dysplasie : he\u0301re\u0301ditaire ou environnementale ?<span class=\"ez-toc-section-end\"><\/span><\/h3>\n<p><img loading=\"lazy\" decoding=\"async\" class=\"wp-image-371 aligncenter\" src=\"https:\/\/dcv-berger-allemand.fr\/wp-content\/uploads\/2025\/04\/download-2-17.08.21-300x136.jpg\" alt=\"\" width=\"435\" height=\"197\" srcset=\"https:\/\/dcv-berger-allemand.fr\/wp-content\/uploads\/2025\/04\/download-2-17.08.21-300x136.jpg 300w, https:\/\/dcv-berger-allemand.fr\/wp-content\/uploads\/2025\/04\/download-2-17.08.21.jpg 333w\" sizes=\"auto, (max-width: 435px) 100vw, 435px\" \/><\/p>\n<p style=\"text-align: center;\">Croissance osseuse chez le chiot et l&rsquo;int\u00e9r\u00eat de pr\u00e9venir l&rsquo;hyperlaxit\u00e9 ligamentaire<\/p>\n<p>Contrairement a\u0300 une ide\u0301e rec\u0327ue, <strong>la dysplasie n\u2019est pas uniquement un proble\u0300me ge\u0301ne\u0301tique et donc he\u0301re\u0301ditaire.<\/strong> Les e\u0301tudes ve\u0301te\u0301rinaires, y compris celles relaye\u0301es par la Socie\u0301te\u0301 Centrale Canine, montrent que <strong>seulement 23 a\u0300 25 % des cas auraient une origine strictement he\u0301re\u0301ditaire.<\/strong><\/p>\n<p>L\u2019apparition de la dysplasie d\u00e9pend d\u2019une interaction complexe entre la g\u00e9n\u00e9tique, les facteurs \u00e9pig\u00e9n\u00e9tiques et l\u2019environnement. Une mauvaise nutrition, un stress maternel, un microbiote perturb\u00e9 ou une croissance trop rapide peuvent modifier l\u2019expression des g\u00e8nes responsables du d\u00e9veloppement articulaire. Le manque de stimulation physique, notamment chez des chiots \u00e9lev\u00e9s sur b\u00e9ton sans libert\u00e9 de mouvement, aggrave ce risque en emp\u00eachant un bon renforcement musculaire et une proprioception correcte.<\/p>\n<p>Des facteurs environnementaux directs, comme le surpoids ou des sols inadapt\u00e9s, viennent encore accentuer ces d\u00e9s\u00e9quilibres. <strong>La dysplasie est ainsi le r\u00e9sultat d\u2019un d\u00e9salignement progressif entre patrimoine g\u00e9n\u00e9tique, sollicitations m\u00e9caniques et conditions de croissance.<\/strong><\/p>\n<p><img loading=\"lazy\" decoding=\"async\" class=\"wp-image-438 aligncenter\" src=\"https:\/\/dcv-berger-allemand.fr\/wp-content\/uploads\/2025\/04\/Screenshot_20250422_185921_com_instagram_android_InstagramMainActivity_edit_64985075094220-1-300x276.jpg\" alt=\"Chiots Des Crocs V\u00e9ritables de 7 semaines, on notera la musculature naturelle et le poids ma\u00eetris\u00e9\" width=\"396\" height=\"364\" srcset=\"https:\/\/dcv-berger-allemand.fr\/wp-content\/uploads\/2025\/04\/Screenshot_20250422_185921_com_instagram_android_InstagramMainActivity_edit_64985075094220-1-300x276.jpg 300w, https:\/\/dcv-berger-allemand.fr\/wp-content\/uploads\/2025\/04\/Screenshot_20250422_185921_com_instagram_android_InstagramMainActivity_edit_64985075094220-1-1024x943.jpg 1024w, https:\/\/dcv-berger-allemand.fr\/wp-content\/uploads\/2025\/04\/Screenshot_20250422_185921_com_instagram_android_InstagramMainActivity_edit_64985075094220-1-768x707.jpg 768w, https:\/\/dcv-berger-allemand.fr\/wp-content\/uploads\/2025\/04\/Screenshot_20250422_185921_com_instagram_android_InstagramMainActivity_edit_64985075094220-1.jpg 1222w\" sizes=\"auto, (max-width: 396px) 100vw, 396px\" \/><\/p>\n<p style=\"text-align: center;\">Chiots Des Crocs V\u00e9ritables de 7 semaines, on notera la musculature naturelle et le poids ma\u00eetris\u00e9<\/p>\n<div dir=\"auto\"><\/div>\n<div class=\"adL\" dir=\"auto\">Cela dit puisque une incidence d\u2019environ un quart est he\u0301re\u0301ditaire il est primordial d\u2019exclure ce parame\u0300tre par un de\u0301pistage syste\u0301matique des reproducteurs. Chez le Berger Allemand LOF la plupart des reproducteurs sont exempt de dysplasie sur plus de cinq ge\u0301ne\u0301rations.<\/div>\n<\/div>\n<\/div>\n<\/div>\n<div class=\"section\">\n<div class=\"layoutArea\">\n<div class=\"column\">\n<h3><span class=\"ez-toc-section\" id=\"Prevention_et_bonnes_pratiques\"><\/span>Pre\u0301vention et bonnes pratiques<span class=\"ez-toc-section-end\"><\/span><\/h3>\n<p>La pre\u0301vention commence de\u0300s le plus jeune a\u0302ge, avant me\u0302me l\u2019arrive\u0301e du chiot dans sa famille :<\/p>\n<\/div>\n<\/div>\n<\/div>\n<div class=\"section\">\n<div class=\"layoutArea\">\n<div class=\"column\">\n<p>\u2022 Se\u0301lection rigoureuse des reproducteurs : a\u0300 l\u2019e\u0301levage, seuls des chiens teste\u0301s officiellement et exempts de dysplasie sont utilise\u0301s pour la reproduction.<\/p>\n<p>\u2022 Alimentation adapte\u0301e : Une croissance lente est pre\u0301fe\u0301rable a\u0300 une croissance rapide. Des aliments de bonne qualite\u0301, un ratio calcium phosphore adapte\u0301 (voir la rubrique alimentation pour plus de pre\u0301cision).<\/p>\n<p>\u2022 Poids mai\u0302trise\u0301 : un chiot trop lourd est plus a\u0300 risque, me\u0302me avec une bonne ge\u0301ne\u0301tique.<\/p>\n<p>\u2022 Activite\u0301 physique raisonne\u0301e : e\u0301viter les longues promenades, les jeux violents, les escaliers re\u0301pe\u0301te\u0301s, les sauts&#8230; jusqu&rsquo;a\u0300 la fin de la croissance (12 a\u0300 18 mois).<\/p>\n<p>\u2022 Environnement adapte\u0301 : pas de sols glissants, pas de carrelages lisses pour les chiots en pleine croissance.<\/p>\n<h3><span class=\"ez-toc-section\" id=\"Le_depistage\"><\/span><strong>Le de\u0301pistage\u00a0<\/strong><span class=\"ez-toc-section-end\"><\/span><\/h3>\n<\/div>\n<\/div>\n<\/div>\n<\/div>\n<div class=\"page\" title=\"Page 29\">\n<div class=\"section\">\n<div class=\"layoutArea\">\n<div class=\"column\">\n<p>Comprendre les notations des re\u0301sultats de de\u0301pistage<\/p>\n<p>Les radiographies officielles de de\u0301pistage de la dysplasie de la hanche et du coude sont e\u0301value\u0301es selon les normes de la Fe\u0301de\u0301ration Cynologique Internationale (FCI). Les notations servent a\u0300 guider les e\u0301leveurs dans leurs choix de reproducteurs.<\/p>\n<p><img loading=\"lazy\" decoding=\"async\" class=\"aligncenter wp-image-365\" src=\"https:\/\/dcv-berger-allemand.fr\/wp-content\/uploads\/2025\/04\/download-17.08.21.jpg\" alt=\"Dysplasie chez le Berger Allemand - diff\u00e9rents stades de la dysplasie de la hanche\" width=\"323\" height=\"374\" \/><\/p>\n<p style=\"text-align: center;\"><span style=\"font-size: 16px;\">Exemples de notation des diff\u00e9rents stades de la dysplasie de la hanche<\/span><\/p>\n<p>&nbsp;<\/p>\n<p>&#8211; Dysplasie de la hanche (HD) \u2013 notation par lettres :<br \/>\nHD A : Aucune anomalie (hanches normales)<br \/>\nHD B : Suspicion tre\u0300s le\u0301ge\u0300re (encore conside\u0301re\u0301 comme normal) HD C : Dysplasie le\u0301ge\u0300re<br \/>\nHD D : Dysplasie moyenne<br \/>\nHD E : Dysplasie se\u0301ve\u0300re<\/p>\n<\/div>\n<\/div>\n<\/div>\n<\/div>\n<div class=\"page\" title=\"Page 30\">\n<div class=\"section\">\n<div class=\"layoutArea\">\n<div class=\"column\">\n<p>&#8211; Dysplasie du coude (ED) \u2013 notation par chiffres et symboles : ED 0 : Aucune anomalie<\/p>\n<p>ED SL (Slight) : Anomalie minime (parfois appele\u0301e \u00ab\u00a00,5\u00a0\u00bb) \u2013 reconnaissance variable selon pays<\/p>\n<p>ED 1 : Dysplasie le\u0301ge\u0300re ED 2 : Dysplasie mode\u0301re\u0301e ED 3 : Dysplasie se\u0301ve\u0300re<\/p>\n<p><strong>A noter que la note globale correspond au moins bon des membres, ainsi certains chiens peuvent avoir A sur une hanche, C sur l\u2019autre, notamment a\u0300 cause d\u2019un accident. Le re\u0301sultat global est alors C mais c\u2019est pourquoi il faut aussi savoir interpre\u0301ter la note.<\/strong><\/p>\n<p>Recommandation <a href=\"https:\/\/fr.wikipedia.org\/wiki\/F%C3%A9d%C3%A9ration_cynologique_internationale\" target=\"_blank\" rel=\"noopener\">FCI (Fe\u0301de\u0301ration Cynologique Internationale)<\/a>:<br \/>\nLa reproduction est autorise\u0301e jusqu\u2019a\u0300 C pour les hanches et ED 1 pour les coudes, mais il est recommande\u0301 de privile\u0301gier des combinaisons avec un partenaire HD A ou ED 0.<\/p>\n<p><strong>Notre politique d\u2019e\u0301levage est :<\/strong><\/p>\n<\/div>\n<\/div>\n<\/div>\n<div class=\"layoutArea\">\n<div class=\"column\">\n<p>\u2022 n&rsquo;utiliser que des reproducteurs avec des re\u0301sultats officiels HD A ou B \/ ED 0 ou SL<\/p>\n<\/div>\n<\/div>\n<\/div>\n<div class=\"page\" title=\"Page 31\">\n<div class=\"section\">\n<div class=\"layoutArea\">\n<div class=\"column\">\n<p>\u2022 conseiller les familles sur la gestion du chiot pour limiter les facteurs environnementaux,<\/p>\n<p>\u2022 suivre l&rsquo;e\u0301volution des chiots apre\u0300s leur de\u0301part, afin d\u2019accompagner au mieux les proprie\u0301taires.<\/p>\n<p>&nbsp;<\/p>\n<\/div>\n<\/div>\n<\/div>\n<\/div>\n<p><a class=\"continue-button\" style=\"display: inline-block; background-color: #2c3e50; color: #ffffff; padding: 12px 24px; border-radius: 8px; text-decoration: none; font-size: 18px; transition: background-color 0.3s ease;\" href=\" https:\/\/dcv-berger-allemand.fr\/sante\/maladies\/\"><br \/>\nContinuer vers la section suivante<br \/>\n<\/a><\/p>\n<div style=\"display: flex; flex-wrap: wrap; justify-content: center; gap: 10px; margin-top: 30px;\"><span style=\"color: #666666; text-align: center;\">\u00a9 2025 \u00c9levage des Crocs V\u00e9ritables<\/span><\/div>\n<p>&nbsp;<\/p>\n<div style=\"text-align: center; font-size: 16px; margin-top: 20px;\"><strong>Navigation rapide :<\/strong><\/div>\n<div style=\"text-align: center; font-size: 16px; margin-top: 20px;\"><a href=\"https:\/\/dcv-berger-allemand.fr\/\">Accueil<\/a><br \/><a href=\"\/le-berger-allemand\/\">Le Berger Allemand<\/a> | <a href=\"\/sante\/\">Sant\u00e9<\/a> | <a href=\"\/selection\/\">S\u00e9lection<\/a> | <a href=\"\/vivre-avec-un-berger-allemand\/\">Vivre avec un Berger Allemand<\/a> | <a href=\"\/education-et-dressage\/\">\u00c9ducation et dressage<\/a> | <a href=\"\/elevage\/\">\u00c9levage<\/a> | <a href=\"\/photos-et-videos\/\">Photos<\/a> | <a href=\"\/contact\/\">Contact<\/a> | <a href=\"\/liens-et-bibliographie\/\">Liens <\/a> | <em><span style=\"color: #339966;\"><a style=\"color: #339966;\" href=\"https:\/\/dcv-berger-allemand.fr\/articles-et-reflexions\/\">Articles et R\u00e9flexions<\/a><\/span><\/em><\/div>\n","protected":false},"excerpt":{"rendered":"<p>Qu\u2019est-ce que la dysplasie ? La dysplasie de la hanche et du coude est une affection articulaire fre\u0301quente chez les chiens de grande race, notamment le Berger Allemand. Elle se traduit par un de\u0301veloppement anormal de l\u2019articulation, provoquant une laxite\u0301 (instabilite\u0301), puis, a\u0300 terme, une usure pre\u0301mature\u0301e du cartilage articulaire et de l\u2019arthrose. Les sympto\u0302mes [&hellip;]<\/p>\n","protected":false},"author":1,"featured_media":0,"parent":139,"menu_order":1,"comment_status":"closed","ping_status":"closed","template":"","meta":{"footnotes":""},"class_list":["post-253","page","type-page","status-publish","hentry"],"_links":{"self":[{"href":"https:\/\/dcv-berger-allemand.fr\/fr_fr\/wp-json\/wp\/v2\/pages\/253","targetHints":{"allow":["GET"]}}],"collection":[{"href":"https:\/\/dcv-berger-allemand.fr\/fr_fr\/wp-json\/wp\/v2\/pages"}],"about":[{"href":"https:\/\/dcv-berger-allemand.fr\/fr_fr\/wp-json\/wp\/v2\/types\/page"}],"author":[{"embeddable":true,"href":"https:\/\/dcv-berger-allemand.fr\/fr_fr\/wp-json\/wp\/v2\/users\/1"}],"replies":[{"embeddable":true,"href":"https:\/\/dcv-berger-allemand.fr\/fr_fr\/wp-json\/wp\/v2\/comments?post=253"}],"version-history":[{"count":21,"href":"https:\/\/dcv-berger-allemand.fr\/fr_fr\/wp-json\/wp\/v2\/pages\/253\/revisions"}],"predecessor-version":[{"id":1252,"href":"https:\/\/dcv-berger-allemand.fr\/fr_fr\/wp-json\/wp\/v2\/pages\/253\/revisions\/1252"}],"up":[{"embeddable":true,"href":"https:\/\/dcv-berger-allemand.fr\/fr_fr\/wp-json\/wp\/v2\/pages\/139"}],"wp:attachment":[{"href":"https:\/\/dcv-berger-allemand.fr\/fr_fr\/wp-json\/wp\/v2\/media?parent=253"}],"curies":[{"name":"wp","href":"https:\/\/api.w.org\/{rel}","templated":true}]}}