{"id":246,"date":"2025-04-25T10:50:46","date_gmt":"2025-04-25T10:50:46","guid":{"rendered":"https:\/\/dcv-berger-allemand.fr\/?page_id=246"},"modified":"2025-05-24T17:38:21","modified_gmt":"2025-05-24T17:38:21","slug":"garde","status":"publish","type":"page","link":"https:\/\/dcv-berger-allemand.fr\/fr_fr\/education-et-dressage\/garde\/","title":{"rendered":"La garde de propri\u00e9t\u00e9"},"content":{"rendered":"<div class=\"page\" title=\"Page 63\">\n<div class=\"section\">\n<div class=\"layoutArea\">\n<div class=\"column\">\n<h3>La garde, un ro\u0302le a\u0300 part entie\u0300re!<\/h3>\n<p><img loading=\"lazy\" decoding=\"async\" class=\" wp-image-372 aligncenter\" src=\"https:\/\/dcv-berger-allemand.fr\/wp-content\/uploads\/2025\/04\/download-2-20.30.14.jpg\" alt=\"\" width=\"316\" height=\"315\" srcset=\"https:\/\/dcv-berger-allemand.fr\/wp-content\/uploads\/2025\/04\/download-2-20.30.14.jpg 225w, https:\/\/dcv-berger-allemand.fr\/wp-content\/uploads\/2025\/04\/download-2-20.30.14-150x150.jpg 150w\" sizes=\"auto, (max-width: 316px) 100vw, 316px\" \/><\/p>\n<p>Le chien de garde familial n\u2019est ni un chien de sport ni un chien de police. Elle ne doit pas e\u0302tre confondue avec la de\u0301fense et la protection. Son ro\u0302le est plus subtil : le chien alerte, dissuade, et prote\u0300ge son territoire avec discernement, souvent en toute autonomie.<\/p>\n<p>Attention! ce n\u2019est pas un chien agressif ou peureux, la plupart des bons gardiens sont tr\u00e8s tol\u00e9rants hors de leur territoire. Ils ont un instinct de de\u0301fense tre\u0300s marque\u0301 et tentent de dissuader tout e\u0301tranger de s\u2019approcher et s\u2019introduire sur leur territoire.<\/p>\n<p><img loading=\"lazy\" decoding=\"async\" class=\"aligncenter wp-image-582\" src=\"https:\/\/dcv-berger-allemand.fr\/wp-content\/uploads\/2025\/04\/IMG_20250428_090038_edit_207469843294137-225x300.jpg\" alt=\"Chien de garde de propri\u00e9t\u00e9 Eddy von Hoch Raiffeisen (propri\u00e9t\u00e9 Des Crocs V\u00e9ritables)\" width=\"353\" height=\"471\" srcset=\"https:\/\/dcv-berger-allemand.fr\/wp-content\/uploads\/2025\/04\/IMG_20250428_090038_edit_207469843294137-225x300.jpg 225w, https:\/\/dcv-berger-allemand.fr\/wp-content\/uploads\/2025\/04\/IMG_20250428_090038_edit_207469843294137-768x1024.jpg 768w, https:\/\/dcv-berger-allemand.fr\/wp-content\/uploads\/2025\/04\/IMG_20250428_090038_edit_207469843294137-1152x1536.jpg 1152w, https:\/\/dcv-berger-allemand.fr\/wp-content\/uploads\/2025\/04\/IMG_20250428_090038_edit_207469843294137.jpg 1412w\" sizes=\"auto, (max-width: 353px) 100vw, 353px\" \/><\/p>\n<p style=\"text-align: center;\">Eddy von Hoch Raiffeisen (propri\u00e9t\u00e9 Des Crocs V\u00e9ritables)<\/p>\n<p>Ce type de chien ne doit pas pratiquer le mordant civil, ce qui est interdit en France. Il n\u2019a pas non plus besoin de pratiquer le <a href=\"https:\/\/www.centrale-canine.fr\/articles\/tout-savoir-sur-le-mordant\" target=\"_blank\" rel=\"noopener\">mordant sportif<\/a>, qui est un jeu et ne doit pas se pratiquer en dehors des clubs canins agre\u0301e\u0301s.<\/p>\n<p><strong>Il ne s&rsquo;agit pas de faire de lui une arme, mais un protecteur fiable, e\u0301quilibre\u0301, et su\u0302r avec les enfants comme avec les visiteurs le\u0301gitimes.<\/strong><\/p>\n<\/div>\n<p><img loading=\"lazy\" decoding=\"async\" class=\"aligncenter wp-image-29\" src=\"https:\/\/dcv-berger-allemand.fr\/wp-content\/uploads\/2025\/04\/IMG20230122160554-225x300.jpg\" alt=\"Berger Allemand de garde de propri\u00e9t\u00e9 la fiabilit\u00e9 avant tout\" width=\"338\" height=\"451\" srcset=\"https:\/\/dcv-berger-allemand.fr\/wp-content\/uploads\/2025\/04\/IMG20230122160554-225x300.jpg 225w, https:\/\/dcv-berger-allemand.fr\/wp-content\/uploads\/2025\/04\/IMG20230122160554-768x1024.jpg 768w, https:\/\/dcv-berger-allemand.fr\/wp-content\/uploads\/2025\/04\/IMG20230122160554-1152x1536.jpg 1152w, https:\/\/dcv-berger-allemand.fr\/wp-content\/uploads\/2025\/04\/IMG20230122160554-1536x2048.jpg 1536w, https:\/\/dcv-berger-allemand.fr\/wp-content\/uploads\/2025\/04\/IMG20230122160554-scaled.jpg 1920w\" sizes=\"auto, (max-width: 338px) 100vw, 338px\" \/><\/p>\n<\/div>\n<\/div>\n<\/div>\n<div class=\"page\" title=\"Page 64\">\n<div class=\"section\">\n<div class=\"layoutArea\">\n<div class=\"column\">\n<p><strong>Pour cela, la se\u0301lection est primordiale : ligne\u0301es adapte\u0301es a\u0300 ce type de ro\u0302le, tempe\u0301raments stables, instinct de territoire bien marque\u0301.<\/strong><\/p>\n<p>L\u2019e\u0301ducation doit e\u0302tre pense\u0301e comme une strate\u0301gie sur le long terme : renforcer les bons comportements, exposer a\u0300 diverses situations, et surtout e\u0302tre guide\u0301 par un spe\u0301cialiste. Ce domaine est mal compris, souvent confondu avec le dressage au mordant ou a\u0300 la protection. <strong>Notre e\u0301levage accorde une place centrale a\u0300 ce type de se\u0301lection et d\u2019e\u0301ducation, n\u2019he\u0301sitez pas a\u0300 nous contacter pour plus d\u2019informations.<\/strong><\/p>\n<p><img loading=\"lazy\" decoding=\"async\" class=\" wp-image-53 aligncenter\" src=\"https:\/\/dcv-berger-allemand.fr\/wp-content\/uploads\/2025\/04\/Screenshot_20250422_185825_com_instagram_android_InstagramMainActivity_edit_65037451818054-300x284.jpg\" alt=\"\" width=\"358\" height=\"339\" srcset=\"https:\/\/dcv-berger-allemand.fr\/wp-content\/uploads\/2025\/04\/Screenshot_20250422_185825_com_instagram_android_InstagramMainActivity_edit_65037451818054-300x284.jpg 300w, https:\/\/dcv-berger-allemand.fr\/wp-content\/uploads\/2025\/04\/Screenshot_20250422_185825_com_instagram_android_InstagramMainActivity_edit_65037451818054-1024x970.jpg 1024w, https:\/\/dcv-berger-allemand.fr\/wp-content\/uploads\/2025\/04\/Screenshot_20250422_185825_com_instagram_android_InstagramMainActivity_edit_65037451818054-768x727.jpg 768w, https:\/\/dcv-berger-allemand.fr\/wp-content\/uploads\/2025\/04\/Screenshot_20250422_185825_com_instagram_android_InstagramMainActivity_edit_65037451818054.jpg 1224w\" sizes=\"auto, (max-width: 358px) 100vw, 358px\" \/><\/p>\n<p>Enfin, <strong>si le chien vit dehors sur une grande proprie\u0301te\u0301, il est indispensable qu\u2019il soit accompagne\u0301 : un couple ma\u0302le et femelle<\/strong>, bien socialise\u0301s, assure a\u0300 la fois une meilleure efficacite\u0301 dissuasive et un bien-e\u0302tre e\u0301motionnel. Un chien seul, me\u0302me gardien, peut souffrir de solitude, ce qui affecte ses comportements. Il est e\u0301vident que le chien doit avoir dans tous les cas libre acce\u0300s a\u0300 un abri isole\u0301 et ade\u0301quat.<\/p>\n<\/div>\n<\/div>\n<\/div>\n<\/div>\n<p>&nbsp;<\/p>\n<p>&nbsp;<\/p>\n<p><a class=\"continue-button\" style=\"display: inline-block; background-color: #2c3e50; color: #ffffff; padding: 12px 24px; border-radius: 8px; text-decoration: none; font-size: 18px; transition: background-color 0.3s ease;\" href=\"https:\/\/dcv-berger-allemand.fr\/elevage\/\"><br \/>\nContinuer vers la section suivante<br \/>\n<\/a><\/p>\n<div style=\"display: flex; flex-wrap: wrap; justify-content: center; gap: 10px; margin-top: 30px;\"><span style=\"color: #666666; text-align: center;\">\u00a9 2025 \u00c9levage des Crocs V\u00e9ritables<\/span><\/div>\n<p>&nbsp;<\/p>\n<div style=\"text-align: center; font-size: 16px; margin-top: 20px;\"><strong>Navigation rapide :<\/strong><\/div>\n<div style=\"text-align: center; font-size: 16px; margin-top: 20px;\"><a href=\"https:\/\/dcv-berger-allemand.fr\/\">Accueil<\/a><br \/><a href=\"\/le-berger-allemand\/\">Le Berger Allemand<\/a> | <a href=\"\/sante\/\">Sant\u00e9<\/a> | <a href=\"\/selection\/\">S\u00e9lection<\/a> | <a href=\"\/vivre-avec-un-berger-allemand\/\">Vivre avec un Berger Allemand<\/a> | <a href=\"\/education-et-dressage\/\">\u00c9ducation et dressage<\/a> | <a href=\"\/elevage\/\">\u00c9levage<\/a> | <a href=\"\/photos-et-videos\/\">Photos<\/a> | <a href=\"\/contact\/\">Contact<\/a> | <a href=\"\/liens-et-bibliographie\/\">Liens <\/a> | <em><span style=\"color: #339966;\"><a style=\"color: #339966;\" href=\"https:\/\/dcv-berger-allemand.fr\/articles-et-reflexions\/\">Articles et R\u00e9flexions<\/a><\/span><\/em><\/div>\n","protected":false},"excerpt":{"rendered":"<p>La garde, un ro\u0302le a\u0300 part entie\u0300re! Le chien de garde familial n\u2019est ni un chien de sport ni un chien de police. Elle ne doit pas e\u0302tre confondue avec la de\u0301fense et la protection. Son ro\u0302le est plus subtil : le chien alerte, dissuade, et prote\u0300ge son territoire avec discernement, souvent en toute autonomie. [&hellip;]<\/p>\n","protected":false},"author":1,"featured_media":0,"parent":142,"menu_order":0,"comment_status":"closed","ping_status":"closed","template":"","meta":{"footnotes":""},"class_list":["post-246","page","type-page","status-publish","hentry"],"_links":{"self":[{"href":"https:\/\/dcv-berger-allemand.fr\/fr_fr\/wp-json\/wp\/v2\/pages\/246","targetHints":{"allow":["GET"]}}],"collection":[{"href":"https:\/\/dcv-berger-allemand.fr\/fr_fr\/wp-json\/wp\/v2\/pages"}],"about":[{"href":"https:\/\/dcv-berger-allemand.fr\/fr_fr\/wp-json\/wp\/v2\/types\/page"}],"author":[{"embeddable":true,"href":"https:\/\/dcv-berger-allemand.fr\/fr_fr\/wp-json\/wp\/v2\/users\/1"}],"replies":[{"embeddable":true,"href":"https:\/\/dcv-berger-allemand.fr\/fr_fr\/wp-json\/wp\/v2\/comments?post=246"}],"version-history":[{"count":11,"href":"https:\/\/dcv-berger-allemand.fr\/fr_fr\/wp-json\/wp\/v2\/pages\/246\/revisions"}],"predecessor-version":[{"id":1276,"href":"https:\/\/dcv-berger-allemand.fr\/fr_fr\/wp-json\/wp\/v2\/pages\/246\/revisions\/1276"}],"up":[{"embeddable":true,"href":"https:\/\/dcv-berger-allemand.fr\/fr_fr\/wp-json\/wp\/v2\/pages\/142"}],"wp:attachment":[{"href":"https:\/\/dcv-berger-allemand.fr\/fr_fr\/wp-json\/wp\/v2\/media?parent=246"}],"curies":[{"name":"wp","href":"https:\/\/api.w.org\/{rel}","templated":true}]}}