{"id":242,"date":"2025-04-25T10:32:15","date_gmt":"2025-04-25T10:32:15","guid":{"rendered":"https:\/\/dcv-berger-allemand.fr\/?page_id=242"},"modified":"2025-05-24T17:37:31","modified_gmt":"2025-05-24T17:37:31","slug":"les-sports-canins-un-terrain-dexpression","status":"publish","type":"page","link":"https:\/\/dcv-berger-allemand.fr\/fr_fr\/education-et-dressage\/les-sports-canins-un-terrain-dexpression\/","title":{"rendered":"Les sports canins : un terrain d\u2019expression"},"content":{"rendered":"<div class=\"page\" title=\"Page 62\">\n<div class=\"section\">\n<div class=\"layoutArea\">\n<div class=\"column\">\n<p>\u00a0Les sports canins sont des outils formidables pour entretenir cette e\u0301nergie mentale et physique et de\u0301velopper une belle complicite\u0301 entre mai\u0302tre et chien. Le Berger Allemand est un chien polyvalent, fait pour apprendre et agir.<\/p>\n<p><img loading=\"lazy\" decoding=\"async\" class=\"aligncenter wp-image-46\" src=\"https:\/\/dcv-berger-allemand.fr\/wp-content\/uploads\/2025\/04\/Screenshot_20250422_185556_com_instagram_android_InstagramMainActivity_edit_65153727491655-300x287.jpg\" alt=\"Sports canins, O'Gun du Chateau de Werde dans la pratique du Ring Fran\u00e7ais\" width=\"390\" height=\"373\" srcset=\"https:\/\/dcv-berger-allemand.fr\/wp-content\/uploads\/2025\/04\/Screenshot_20250422_185556_com_instagram_android_InstagramMainActivity_edit_65153727491655-300x287.jpg 300w, https:\/\/dcv-berger-allemand.fr\/wp-content\/uploads\/2025\/04\/Screenshot_20250422_185556_com_instagram_android_InstagramMainActivity_edit_65153727491655-1024x978.jpg 1024w, https:\/\/dcv-berger-allemand.fr\/wp-content\/uploads\/2025\/04\/Screenshot_20250422_185556_com_instagram_android_InstagramMainActivity_edit_65153727491655-768x733.jpg 768w, https:\/\/dcv-berger-allemand.fr\/wp-content\/uploads\/2025\/04\/Screenshot_20250422_185556_com_instagram_android_InstagramMainActivity_edit_65153727491655.jpg 1224w\" sizes=\"auto, (max-width: 390px) 100vw, 390px\" \/><\/p>\n<p style=\"text-align: center;\">O&rsquo;Gun du Chateau de Werde dans la pratique du Ring Fran\u00e7ais<\/p>\n<\/div>\n<\/div>\n<div class=\"layoutArea\">\n<div class=\"column\">\n<h3>Parmi <a href=\"https:\/\/sportscanins.fr \u203a carte \u203a discipline\">les sports canins les plus connus<\/a> :<\/h3>\n<\/div>\n<\/div>\n<\/div>\n<div class=\"layoutArea\">\n<div class=\"column\">\n<ul>\n<li>Obe\u0301issance \/ obe\u0301issance rythme\u0301e : pre\u0301cision, attention et travail en e\u0301quipe.<\/li>\n<li>Agility : parcours d\u2019obstacles chronome\u0301tre\u0301, ludique et stimulant.<\/li>\n<li>Pistage \/ recherche utilitaire : valorisation du flair et de la concentration.<\/li>\n<li>IGP (anciennement RCI) : discipline comple\u0300te me\u0302lant pistage, obe\u0301issance et protection.<\/li>\n<li>Ring, Mondioring, Campagne : travail de mordant sportif tre\u0300s codifie\u0301, qui demande des chiens e\u0301quilibre\u0301s, avec de tr\u00e8s bonne qualit\u00e9s physiques et de combativit\u00e9, tre\u0300s motive\u0301s, et bien encadre\u0301s<\/li>\n<li>Troupeau sportif : renouer avec les instincts de conduite du chien de berger<\/li>\n<li>Mais aussi bien su\u0302r cani-cross, cani-vtt etc&#8230;<\/li>\n<\/ul>\n<\/div>\n<\/div>\n<\/div>\n<div class=\"page\" title=\"Page 63\">\n<div class=\"layoutArea\">\n<div class=\"column\"><\/div>\n<\/div>\n<div class=\"section\">\n<div class=\"layoutArea\">\n<div class=\"column\">\n<p>Me\u0302me sans viser la compe\u0301tition, il est tout a\u0300 fait possible de s\u2019exercer chez soi a\u0300 des sports canins des jeux de flair, de pistage, d\u2019obe\u0301issance, contro\u0302le de l\u2019instinct de proie ou de franchissements simples.<\/p>\n<p><img loading=\"lazy\" decoding=\"async\" class=\"aligncenter wp-image-34\" src=\"https:\/\/dcv-berger-allemand.fr\/wp-content\/uploads\/2025\/04\/Screenshot_20250422_183625_com_hihonor_photos_SlotAlbumActivity-300x163.jpg\" alt=\"Defender Del Camino Duro \" width=\"482\" height=\"262\" srcset=\"https:\/\/dcv-berger-allemand.fr\/wp-content\/uploads\/2025\/04\/Screenshot_20250422_183625_com_hihonor_photos_SlotAlbumActivity-300x163.jpg 300w, https:\/\/dcv-berger-allemand.fr\/wp-content\/uploads\/2025\/04\/Screenshot_20250422_183625_com_hihonor_photos_SlotAlbumActivity-1024x558.jpg 1024w, https:\/\/dcv-berger-allemand.fr\/wp-content\/uploads\/2025\/04\/Screenshot_20250422_183625_com_hihonor_photos_SlotAlbumActivity-768x419.jpg 768w, https:\/\/dcv-berger-allemand.fr\/wp-content\/uploads\/2025\/04\/Screenshot_20250422_183625_com_hihonor_photos_SlotAlbumActivity.jpg 1224w\" sizes=\"auto, (max-width: 482px) 100vw, 482px\" \/><\/p>\n<p style=\"text-align: center;\">Defender Del Camino Duro (propri\u00e9t\u00e9 Des Crocs V\u00e9ritables)<\/p>\n<p>Rappelons que le Berger Allemand n\u2019est pas un Malinois : chiot, il peut sembler moins pre\u0301coce sur le mordant, plus re\u0301fle\u0301chi, plus lent a\u0300 \u00ab\u00a0s\u2019allumer\u00a0\u00bb. Cela ne pre\u0301sume en rien de son potentiel futur. Aucun me\u0301decin n\u2019e\u0301tait forme\u0301 en classe de CP. Laissons le chien grandir, mu\u0302rir, et sortons de la logique du \u00ab\u00a0tout, tout de suite\u00a0\u00bb.<\/p>\n<\/div>\n<\/div>\n<\/div>\n<\/div>\n<p>&nbsp;<\/p>\n<p><a class=\"continue-button\" style=\"display: inline-block; background-color: #2c3e50; color: #ffffff; padding: 12px 24px; border-radius: 8px; text-decoration: none; font-size: 18px; transition: background-color 0.3s ease;\" href=\"https:\/\/dcv-berger-allemand.fr\/education-et-dressage\/garde\/\"><br \/>\nContinuer vers la section suivante<br \/>\n<\/a><\/p>\n<div style=\"display: flex; flex-wrap: wrap; justify-content: center; gap: 10px; margin-top: 30px;\"><span style=\"color: #666666; text-align: center;\">\u00a9 2025 \u00c9levage des Crocs V\u00e9ritables<\/span><\/div>\n<p>&nbsp;<\/p>\n<div style=\"text-align: center; font-size: 16px; margin-top: 20px;\"><strong>Navigation rapide :<\/strong><\/div>\n<div style=\"text-align: center; font-size: 16px; margin-top: 20px;\"><a href=\"https:\/\/dcv-berger-allemand.fr\/\">Accueil<\/a><br \/><a href=\"\/le-berger-allemand\/\">Le Berger Allemand<\/a> | <a href=\"\/sante\/\">Sant\u00e9<\/a> | <a href=\"\/selection\/\">S\u00e9lection<\/a> | <a href=\"\/vivre-avec-un-berger-allemand\/\">Vivre avec un Berger Allemand<\/a> | <a href=\"\/education-et-dressage\/\">\u00c9ducation et dressage<\/a> | <a href=\"\/elevage\/\">\u00c9levage<\/a> | <a href=\"\/photos-et-videos\/\">Photos<\/a> | <a href=\"\/contact\/\">Contact<\/a> | <a href=\"\/liens-et-bibliographie\/\">Liens <\/a> | <em><span style=\"color: #339966;\"><a style=\"color: #339966;\" href=\"https:\/\/dcv-berger-allemand.fr\/articles-et-reflexions\/\">Articles et R\u00e9flexions<\/a><\/span><\/em><\/div>\n","protected":false},"excerpt":{"rendered":"<p>\u00a0Les sports canins sont des outils formidables pour entretenir cette e\u0301nergie mentale et physique et de\u0301velopper une belle complicite\u0301 entre mai\u0302tre et chien. Le Berger Allemand est un chien polyvalent, fait pour apprendre et agir. O&rsquo;Gun du Chateau de Werde dans la pratique du Ring Fran\u00e7ais Parmi les sports canins les plus connus : Obe\u0301issance [&hellip;]<\/p>\n","protected":false},"author":1,"featured_media":0,"parent":142,"menu_order":0,"comment_status":"closed","ping_status":"closed","template":"","meta":{"footnotes":""},"class_list":["post-242","page","type-page","status-publish","hentry"],"_links":{"self":[{"href":"https:\/\/dcv-berger-allemand.fr\/fr_fr\/wp-json\/wp\/v2\/pages\/242","targetHints":{"allow":["GET"]}}],"collection":[{"href":"https:\/\/dcv-berger-allemand.fr\/fr_fr\/wp-json\/wp\/v2\/pages"}],"about":[{"href":"https:\/\/dcv-berger-allemand.fr\/fr_fr\/wp-json\/wp\/v2\/types\/page"}],"author":[{"embeddable":true,"href":"https:\/\/dcv-berger-allemand.fr\/fr_fr\/wp-json\/wp\/v2\/users\/1"}],"replies":[{"embeddable":true,"href":"https:\/\/dcv-berger-allemand.fr\/fr_fr\/wp-json\/wp\/v2\/comments?post=242"}],"version-history":[{"count":13,"href":"https:\/\/dcv-berger-allemand.fr\/fr_fr\/wp-json\/wp\/v2\/pages\/242\/revisions"}],"predecessor-version":[{"id":1275,"href":"https:\/\/dcv-berger-allemand.fr\/fr_fr\/wp-json\/wp\/v2\/pages\/242\/revisions\/1275"}],"up":[{"embeddable":true,"href":"https:\/\/dcv-berger-allemand.fr\/fr_fr\/wp-json\/wp\/v2\/pages\/142"}],"wp:attachment":[{"href":"https:\/\/dcv-berger-allemand.fr\/fr_fr\/wp-json\/wp\/v2\/media?parent=242"}],"curies":[{"name":"wp","href":"https:\/\/api.w.org\/{rel}","templated":true}]}}