{"id":235,"date":"2025-04-25T10:23:54","date_gmt":"2025-04-25T10:23:54","guid":{"rendered":"https:\/\/dcv-berger-allemand.fr\/?page_id=235"},"modified":"2025-05-24T17:35:45","modified_gmt":"2025-05-24T17:35:45","slug":"comprendre-les-grands-concepts","status":"publish","type":"page","link":"https:\/\/dcv-berger-allemand.fr\/fr_fr\/education-et-dressage\/comprendre-les-grands-concepts\/","title":{"rendered":"Comprendre les grands concepts"},"content":{"rendered":"<p>Comprendre les grands concepts et instincts c&rsquo;est mettre toute les chances de\u00a0 r\u00e9ussir l\u2019\u00e9ducation d\u2019un Berger Allemand, il est essentiel de comprendre comment fonctionne son apprentissage.<\/p>\n<p><img loading=\"lazy\" decoding=\"async\" class=\"aligncenter wp-image-25\" src=\"https:\/\/dcv-berger-allemand.fr\/wp-content\/uploads\/2025\/04\/IMG_20250325_165734_edit_725184647639560-300x225.jpg\" alt=\"Le chien et le ma\u00eetre doivent \u00eatre heureux de travailler et interagir ensemble \" width=\"363\" height=\"272\" srcset=\"https:\/\/dcv-berger-allemand.fr\/wp-content\/uploads\/2025\/04\/IMG_20250325_165734_edit_725184647639560-300x225.jpg 300w, https:\/\/dcv-berger-allemand.fr\/wp-content\/uploads\/2025\/04\/IMG_20250325_165734_edit_725184647639560-1024x768.jpg 1024w, https:\/\/dcv-berger-allemand.fr\/wp-content\/uploads\/2025\/04\/IMG_20250325_165734_edit_725184647639560-768x576.jpg 768w, https:\/\/dcv-berger-allemand.fr\/wp-content\/uploads\/2025\/04\/IMG_20250325_165734_edit_725184647639560-1536x1152.jpg 1536w, https:\/\/dcv-berger-allemand.fr\/wp-content\/uploads\/2025\/04\/IMG_20250325_165734_edit_725184647639560-scaled.jpg 2048w, https:\/\/dcv-berger-allemand.fr\/wp-content\/uploads\/2025\/04\/IMG_20250325_165734_edit_725184647639560-16x12.jpg 16w\" sizes=\"auto, (max-width: 363px) 100vw, 363px\" \/><\/p>\n<p style=\"text-align: center;\">Le chien et le ma\u00eetre doivent \u00eatre heureux de travailler et interagir ensemble<\/p>\n<p><strong>Les chiens apprennent par association, r\u00e9p\u00e9tition et cons\u00e9quence :<\/strong> chaque comportement est influenc\u00e9 par ce qui suit son action d&rsquo;autant plus si c&rsquo;est \u00e0 tr\u00e8s court terme (moins de 2 secondes).<\/p>\n<div id=\"ez-toc-container\" class=\"ez-toc-v2_0_76 counter-hierarchy ez-toc-counter ez-toc-grey ez-toc-container-direction\">\n<div class=\"ez-toc-title-container\">\n<p class=\"ez-toc-title\" style=\"cursor:inherit\">Contenus de la page<\/p>\n<span class=\"ez-toc-title-toggle\"><a href=\"#\" class=\"ez-toc-pull-right ez-toc-btn ez-toc-btn-xs ez-toc-btn-default ez-toc-toggle\" aria-label=\"Toggle Table of Content\"><span class=\"ez-toc-js-icon-con\"><span class=\"\"><span class=\"eztoc-hide\" style=\"display:none;\">Toggle<\/span><span class=\"ez-toc-icon-toggle-span\"><svg style=\"fill: #999;color:#999\" xmlns=\"http:\/\/www.w3.org\/2000\/svg\" class=\"list-377408\" width=\"20px\" height=\"20px\" viewBox=\"0 0 24 24\" fill=\"none\"><path d=\"M6 6H4v2h2V6zm14 0H8v2h12V6zM4 11h2v2H4v-2zm16 0H8v2h12v-2zM4 16h2v2H4v-2zm16 0H8v2h12v-2z\" fill=\"currentColor\"><\/path><\/svg><svg style=\"fill: #999;color:#999\" class=\"arrow-unsorted-368013\" xmlns=\"http:\/\/www.w3.org\/2000\/svg\" width=\"10px\" height=\"10px\" viewBox=\"0 0 24 24\" version=\"1.2\" baseProfile=\"tiny\"><path d=\"M18.2 9.3l-6.2-6.3-6.2 6.3c-.2.2-.3.4-.3.7s.1.5.3.7c.2.2.4.3.7.3h11c.3 0 .5-.1.7-.3.2-.2.3-.5.3-.7s-.1-.5-.3-.7zM5.8 14.7l6.2 6.3 6.2-6.3c.2-.2.3-.5.3-.7s-.1-.5-.3-.7c-.2-.2-.4-.3-.7-.3h-11c-.3 0-.5.1-.7.3-.2.2-.3.5-.3.7s.1.5.3.7z\"\/><\/svg><\/span><\/span><\/span><\/a><\/span><\/div>\n<nav><ul class='ez-toc-list ez-toc-list-level-1 ' ><li class='ez-toc-page-1 ez-toc-heading-level-3'><a class=\"ez-toc-link ez-toc-heading-1\" href=\"https:\/\/dcv-berger-allemand.fr\/fr_fr\/education-et-dressage\/comprendre-les-grands-concepts\/#Les_grands_mecanismes_du_conditionnement\" >Les grands m\u00e9canismes du conditionnement,<\/a><\/li><li class='ez-toc-page-1 ez-toc-heading-level-3'><a class=\"ez-toc-link ez-toc-heading-2\" href=\"https:\/\/dcv-berger-allemand.fr\/fr_fr\/education-et-dressage\/comprendre-les-grands-concepts\/#Les_principaux_instincts\" >Les principaux instincts<\/a><\/li><li class='ez-toc-page-1 ez-toc-heading-level-3'><a class=\"ez-toc-link ez-toc-heading-3\" href=\"https:\/\/dcv-berger-allemand.fr\/fr_fr\/education-et-dressage\/comprendre-les-grands-concepts\/#Les_erreurs_frequentes_a_eviter\" >Les erreurs fr\u00e9quentes \u00e0 \u00e9viter:\u00a0<\/a><\/li><\/ul><\/nav><\/div>\n<h3><span class=\"ez-toc-section\" id=\"Les_grands_mecanismes_du_conditionnement\"><\/span>Les grands m\u00e9canismes du conditionnement,<span class=\"ez-toc-section-end\"><\/span><\/h3>\n<p>Ils sont d\u00e9crits par des chercheurs comme\u00a0 <a href=\"https:\/\/fr.wikipedia.org\/wiki\/Conditionnement_op%C3%A9rant\" target=\"_blank\" rel=\"noopener\">Skinner<\/a> et ont permis de mettre en \u00e9vidence plusieurs concepts cl\u00e9s :<\/p>\n<ul>\n<li><strong>Le renforcement positif<\/strong> consiste \u00e0 ajouter quelque chose d&rsquo;agr\u00e9able (r\u00e9compense) pour augmenter la probabilit\u00e9 d&rsquo;un comportement (ex : donner une friandise apr\u00e8s un rappel r\u00e9ussi).<\/li>\n<li><strong>Le renforcement n\u00e9gatif<\/strong> consiste \u00e0 retirer quelque chose de d\u00e9sagr\u00e9able pour augmenter un comportement (ex : rel\u00e2cher la pression sur une longe quand le chien revient).<\/li>\n<li><strong>La punition positive<\/strong> ajoute une contrainte ext\u00e9rieure (pas forc\u00e9ment d\u00e9sagr\u00e9able) pour diminuer un comportement (ex : une pression sur l&rsquo;arri\u00e8re-train en m\u00eame temps que le commandement assis).<\/li>\n<li><strong>La punition n\u00e9gative<\/strong> retire quelque chose d\u2019agr\u00e9able pour diminuer un comportement (ex : priver de caresse ou d\u2019attention en cas de comportement inadapt\u00e9).<\/li>\n<\/ul>\n<p>L\u2019\u00e9quilibre dans l&rsquo;utilisation de ces m\u00e9canismes est fondamental : un exc\u00e8s de punition comme de renforcement, d&rsquo;autant plus dans un timing inappropri\u00e9, peut g\u00e9n\u00e9rer du stress, de la confusion, voire de la m\u00e9fiance. A l&rsquo;inverse un usage raisonn\u00e9 du renforcement comme de la punition d\u00e9veloppe la confiance, la motivation et la stabilit\u00e9 \u00e9motionnelle.<\/p>\n<p><img loading=\"lazy\" decoding=\"async\" class=\"aligncenter wp-image-644\" src=\"https:\/\/dcv-berger-allemand.fr\/wp-content\/uploads\/2025\/04\/Screenshot_20250428_135809_com_hihonor_photos_SlotAlbumActivity_edit_210597893404402-300x164.jpg\" alt=\"Les chiens doivent \u00eatre attentifs au ma\u00eetre\" width=\"417\" height=\"228\" srcset=\"https:\/\/dcv-berger-allemand.fr\/wp-content\/uploads\/2025\/04\/Screenshot_20250428_135809_com_hihonor_photos_SlotAlbumActivity_edit_210597893404402-300x164.jpg 300w, https:\/\/dcv-berger-allemand.fr\/wp-content\/uploads\/2025\/04\/Screenshot_20250428_135809_com_hihonor_photos_SlotAlbumActivity_edit_210597893404402-1024x559.jpg 1024w, https:\/\/dcv-berger-allemand.fr\/wp-content\/uploads\/2025\/04\/Screenshot_20250428_135809_com_hihonor_photos_SlotAlbumActivity_edit_210597893404402-768x419.jpg 768w, https:\/\/dcv-berger-allemand.fr\/wp-content\/uploads\/2025\/04\/Screenshot_20250428_135809_com_hihonor_photos_SlotAlbumActivity_edit_210597893404402.jpg 1224w\" sizes=\"auto, (max-width: 417px) 100vw, 417px\" \/><\/p>\n<p style=\"text-align: center;\">Les chiens doivent \u00eatre attentifs au ma\u00eetre<\/p>\n<p>Bien que nous encouragions le renforcement positif, nous sommes contre le tout positif. C&rsquo;est un non-sens, le jour n&rsquo;existe pas sans la nuit, le chaud sans le froid. C&rsquo;est d&rsquo;autant plus vrais avec des chiens \u00e0 fort caract\u00e8re comme les Berger Allemand que nous s\u00e9lectionnons.<\/p>\n<p>C&rsquo;est \u00e9galement un leurre, ce qui para\u00eet \u00ab\u00a0gentil\u00a0\u00bb peut dans certains cas engendrer de la souffrance \u00e0 long terme, autant que ce qui para\u00eet \u00ab\u00a0m\u00e9chant\u00a0\u00bb dans l&rsquo;instant peut dans certains cas \u00e9viter bien des probl\u00e8mes \u00e0 long terme. Le syst\u00e8me fonctionne quand on sait employer les quatre aspects, pas un seul. Par exemple, le renforcement positif, pour \u00eatre efficace, consiste \u00e0 nourrir un animal (ou lui offrir une r\u00e9compense, balle, boudin, caresse&#8230;)\u00a0 quand et seulement quand il effectue les ordres demand\u00e9s, s&rsquo;il n&rsquo;obtemp\u00e8re pas il n&rsquo;a rien (pas de renforcement), cela revient \u00e0 lui retirer ce qu&rsquo;il veut c&rsquo;est \u00e0 dire punition n\u00e9gative! Ceux qui font du renforcement positif, pratiquent en parall\u00e8le, souvent en l&rsquo;ignorant, de la punition n\u00e9gative!<\/p>\n<p><img loading=\"lazy\" decoding=\"async\" class=\"aligncenter wp-image-643\" src=\"https:\/\/dcv-berger-allemand.fr\/wp-content\/uploads\/2025\/04\/Screenshot_20250428_135821_com_hihonor_photos_SlotAlbumActivity_edit_210581281211075-300x162.jpg\" alt=\"La cl\u00e9 de la r\u00e9ussite est de comprendre comment communiquer\" width=\"417\" height=\"225\" srcset=\"https:\/\/dcv-berger-allemand.fr\/wp-content\/uploads\/2025\/04\/Screenshot_20250428_135821_com_hihonor_photos_SlotAlbumActivity_edit_210581281211075-300x162.jpg 300w, https:\/\/dcv-berger-allemand.fr\/wp-content\/uploads\/2025\/04\/Screenshot_20250428_135821_com_hihonor_photos_SlotAlbumActivity_edit_210581281211075-1024x553.jpg 1024w, https:\/\/dcv-berger-allemand.fr\/wp-content\/uploads\/2025\/04\/Screenshot_20250428_135821_com_hihonor_photos_SlotAlbumActivity_edit_210581281211075-768x415.jpg 768w, https:\/\/dcv-berger-allemand.fr\/wp-content\/uploads\/2025\/04\/Screenshot_20250428_135821_com_hihonor_photos_SlotAlbumActivity_edit_210581281211075.jpg 1222w\" sizes=\"auto, (max-width: 417px) 100vw, 417px\" \/><\/p>\n<p style=\"text-align: center;\">La cl\u00e9 de la r\u00e9ussite est de comprendre comment communiquer<\/p>\n<h3><span class=\"ez-toc-section\" id=\"Les_principaux_instincts\"><\/span>Les principaux instincts<span class=\"ez-toc-section-end\"><\/span><\/h3>\n<p>Au-del\u00e0 de l\u2019apprentissage pur, comprendre les grands instincts naturels du chien est \u00e9galement crucial, tant pour savoir les utiliser que les respecter :<\/p>\n<ul>\n<li><strong>Instinct de proie<\/strong> : moteur du jeu, de la poursuite, pister, mordre, secouer, motivation \u00e0 travailler pour obtenir sa proie (balle, boudin, friandise).<\/li>\n<li><strong>Instinct de\u00a0 d\u00e9fense<\/strong>: base du comportement de protection, besoin de pre\u0301server son inte\u0301grite\u0301 ou celle du groupe, de\u0301fendre son territoire, re\u0301action a\u0300 la provocation.<\/li>\n<li><strong>Instinct de meute<\/strong> : besoin d\u2019appartenance et de hi\u00e9rarchie sociale, cohe\u0301sion, obe\u0301issance sociale, communication intra et infra-groupe.<\/li>\n<li><strong>Instinct de reproduction<\/strong> : sexualit\u00e9, rituels de domination, instinct maternel.<\/li>\n<\/ul>\n<p><img loading=\"lazy\" decoding=\"async\" class=\"aligncenter wp-image-64\" src=\"https:\/\/dcv-berger-allemand.fr\/wp-content\/uploads\/2025\/04\/Screenshot_20250423_145555_com_android_chrome_ChromeTabbedActivity-221x300.jpg\" alt=\"Un chien heureux peut assouvir ses instincts\" width=\"315\" height=\"428\" srcset=\"https:\/\/dcv-berger-allemand.fr\/wp-content\/uploads\/2025\/04\/Screenshot_20250423_145555_com_android_chrome_ChromeTabbedActivity-221x300.jpg 221w, https:\/\/dcv-berger-allemand.fr\/wp-content\/uploads\/2025\/04\/Screenshot_20250423_145555_com_android_chrome_ChromeTabbedActivity-755x1024.jpg 755w, https:\/\/dcv-berger-allemand.fr\/wp-content\/uploads\/2025\/04\/Screenshot_20250423_145555_com_android_chrome_ChromeTabbedActivity-768x1041.jpg 768w, https:\/\/dcv-berger-allemand.fr\/wp-content\/uploads\/2025\/04\/Screenshot_20250423_145555_com_android_chrome_ChromeTabbedActivity.jpg 1083w\" sizes=\"auto, (max-width: 315px) 100vw, 315px\" \/><\/p>\n<p style=\"text-align: center;\">Un chien heureux peut assouvir ses instincts<\/p>\n<p>Un Berger Allemand de lign\u00e9e de travail poss\u00e8de g\u00e9n\u00e9ralement ces instincts de mani\u00e8re affirm\u00e9e. L&rsquo;\u00e9ducation devrait donc s&rsquo;appuyer sur la lecture fine de ces instincts, en canalisant leur expression sans jamais les nier.<\/p>\n<p>Enfin, il est important de rappeler que l\u2019apprentissage chez le chien est permanent : chaque interaction, chaque r\u00e9ponse, m\u00eame anodine, contribue \u00e0 fa\u00e7onner son comportement futur.<\/p>\n<p>\u00c9duquer, c\u2019est donc plus qu\u2019enseigner des ordres : c\u2019est construire une relation bas\u00e9e sur la compr\u00e9hension mutuelle, la coh\u00e9rence et la confiance.<\/p>\n<p><img loading=\"lazy\" decoding=\"async\" class=\"aligncenter wp-image-63\" src=\"https:\/\/dcv-berger-allemand.fr\/wp-content\/uploads\/2025\/04\/Screenshot_20250422_190145_com_instagram_android_InstagramMainActivity_edit_64836485219693-205x300.jpg\" alt=\"Chiot Des Crocs V\u00e9ritables en action\" width=\"305\" height=\"446\" srcset=\"https:\/\/dcv-berger-allemand.fr\/wp-content\/uploads\/2025\/04\/Screenshot_20250422_190145_com_instagram_android_InstagramMainActivity_edit_64836485219693-205x300.jpg 205w, https:\/\/dcv-berger-allemand.fr\/wp-content\/uploads\/2025\/04\/Screenshot_20250422_190145_com_instagram_android_InstagramMainActivity_edit_64836485219693-698x1024.jpg 698w, https:\/\/dcv-berger-allemand.fr\/wp-content\/uploads\/2025\/04\/Screenshot_20250422_190145_com_instagram_android_InstagramMainActivity_edit_64836485219693-768x1126.jpg 768w, https:\/\/dcv-berger-allemand.fr\/wp-content\/uploads\/2025\/04\/Screenshot_20250422_190145_com_instagram_android_InstagramMainActivity_edit_64836485219693-1048x1536.jpg 1048w, https:\/\/dcv-berger-allemand.fr\/wp-content\/uploads\/2025\/04\/Screenshot_20250422_190145_com_instagram_android_InstagramMainActivity_edit_64836485219693.jpg 1223w\" sizes=\"auto, (max-width: 305px) 100vw, 305px\" \/><\/p>\n<p style=\"text-align: center;\">Chiot Des Crocs V\u00e9ritables en action<\/p>\n<h3><span class=\"ez-toc-section\" id=\"Les_erreurs_frequentes_a_eviter\"><\/span><strong>Les erreurs fr\u00e9quentes \u00e0 \u00e9viter:\u00a0<\/strong><span class=\"ez-toc-section-end\"><\/span><\/h3>\n<ul>\n<li><strong>Incoh\u00e9rence dans les r\u00e8gles :<\/strong> Un chien a besoin de rep\u00e8res stables. Des consignes variables selon les jours ou les personnes g\u00e9n\u00e8rent incompr\u00e9hension et anxi\u00e9t\u00e9.<\/li>\n<li><strong>Punir sans enseigner :<\/strong> Corriger un comportement non compris ou mal appris ne r\u00e9sout rien. Il faut d\u2019abord montrer clairement ce qui est attendu.<\/li>\n<li><strong>Trop de r\u00e9p\u00e9titions sans sens :<\/strong> R\u00e9p\u00e9ter un ordre sans obtenir de r\u00e9ponse ab\u00eeme l\u2019apprentissage. Mieux vaut ajuster la m\u00e9thode ou l\u2019environnement avant d\u2019insister.<\/li>\n<li><strong>Manquer de clart\u00e9 \u00e9motionnelle :<\/strong> Le chien lit nos \u00e9motions en permanence. Incoh\u00e9rence, agitation ou nervosit\u00e9 nuisent gravement \u00e0 l\u2019efficacit\u00e9 de l\u2019apprentissage.<\/li>\n<li><strong>Oublier l\u2019instinct naturel :<\/strong> Essayer d\u2019\u00e9teindre l\u2019instinct de proie ou de protection, plut\u00f4t que de le canaliser intelligemment, g\u00e9n\u00e8re frustration et comportements d\u00e9viants.<\/li>\n<li><strong>N\u00e9gliger la socialisation :<\/strong> Un chien m\u00eame bien dress\u00e9 mais mal socialis\u00e9 d\u00e9veloppera \u00e0 terme des peurs, des r\u00e9actions inadapt\u00e9es ou des comportements excessifs.<\/li>\n<\/ul>\n<p><img loading=\"lazy\" decoding=\"async\" class=\"aligncenter wp-image-819\" src=\"https:\/\/dcv-berger-allemand.fr\/wp-content\/uploads\/2025\/04\/file_00000000f60461f7ad266163ff6d8aed-300x200.png\" alt=\"Comprendre les grands concepts, R\u00e9sum\u00e9 des bases fondamentales \u00e0 comprendre pour communiquer avec son chien\" width=\"680\" height=\"453\" srcset=\"https:\/\/dcv-berger-allemand.fr\/wp-content\/uploads\/2025\/04\/file_00000000f60461f7ad266163ff6d8aed-300x200.png 300w, https:\/\/dcv-berger-allemand.fr\/wp-content\/uploads\/2025\/04\/file_00000000f60461f7ad266163ff6d8aed-1024x683.png 1024w, https:\/\/dcv-berger-allemand.fr\/wp-content\/uploads\/2025\/04\/file_00000000f60461f7ad266163ff6d8aed-768x512.png 768w, https:\/\/dcv-berger-allemand.fr\/wp-content\/uploads\/2025\/04\/file_00000000f60461f7ad266163ff6d8aed.png 1536w\" sizes=\"auto, (max-width: 680px) 100vw, 680px\" \/><\/p>\n<p style=\"text-align: center;\">R\u00e9sum\u00e9 des bases fondamentales \u00e0 comprendre pour communiquer avec son chien<\/p>\n<p>&nbsp;<\/p>\n<p><a class=\"continue-button\" style=\"display: inline-block; background-color: #2c3e50; color: #ffffff; padding: 12px 24px; border-radius: 8px; text-decoration: none; font-size: 18px; transition: background-color 0.3s ease;\" href=\"https:\/\/dcv-berger-allemand.fr\/education-et-dressage\/lecole-du-chiot\/\"><br \/>\nContinuer vers la section suivante<br \/>\n<\/a><\/p>\n<div style=\"display: flex; flex-wrap: wrap; justify-content: center; gap: 10px; margin-top: 30px;\"><span style=\"color: #666666; text-align: center;\">\u00a9 2025 \u00c9levage des Crocs V\u00e9ritables<\/span><\/div>\n<p>&nbsp;<\/p>\n<div style=\"text-align: center; font-size: 16px; margin-top: 20px;\"><strong>Navigation rapide :<\/strong><\/div>\n<div style=\"text-align: center; font-size: 16px; margin-top: 20px;\"><a href=\"https:\/\/dcv-berger-allemand.fr\/\">Accueil<\/a><br \/><a href=\"\/le-berger-allemand\/\">Le Berger Allemand<\/a> | <a href=\"\/sante\/\">Sant\u00e9<\/a> | <a href=\"\/selection\/\">S\u00e9lection<\/a> | <a href=\"\/vivre-avec-un-berger-allemand\/\">Vivre avec un Berger Allemand<\/a> | <a href=\"\/education-et-dressage\/\">\u00c9ducation et dressage<\/a> | <a href=\"\/elevage\/\">\u00c9levage<\/a> | <a href=\"\/photos-et-videos\/\">Photos<\/a> | <a href=\"\/contact\/\">Contact<\/a> | <a href=\"\/liens-et-bibliographie\/\">Liens <\/a> | <em><span style=\"color: #339966;\"><a style=\"color: #339966;\" href=\"https:\/\/dcv-berger-allemand.fr\/articles-et-reflexions\/\">Articles et R\u00e9flexions<\/a><\/span><\/em><\/div>\n","protected":false},"excerpt":{"rendered":"<p>Comprendre les grands concepts et instincts c&rsquo;est mettre toute les chances de\u00a0 r\u00e9ussir l\u2019\u00e9ducation d\u2019un Berger Allemand, il est essentiel de comprendre comment fonctionne son apprentissage. Le chien et le ma\u00eetre doivent \u00eatre heureux de travailler et interagir ensemble Les chiens apprennent par association, r\u00e9p\u00e9tition et cons\u00e9quence : chaque comportement est influenc\u00e9 par ce qui [&hellip;]<\/p>\n","protected":false},"author":1,"featured_media":0,"parent":142,"menu_order":0,"comment_status":"closed","ping_status":"closed","template":"","meta":{"footnotes":""},"class_list":["post-235","page","type-page","status-publish","hentry"],"_links":{"self":[{"href":"https:\/\/dcv-berger-allemand.fr\/fr_fr\/wp-json\/wp\/v2\/pages\/235","targetHints":{"allow":["GET"]}}],"collection":[{"href":"https:\/\/dcv-berger-allemand.fr\/fr_fr\/wp-json\/wp\/v2\/pages"}],"about":[{"href":"https:\/\/dcv-berger-allemand.fr\/fr_fr\/wp-json\/wp\/v2\/types\/page"}],"author":[{"embeddable":true,"href":"https:\/\/dcv-berger-allemand.fr\/fr_fr\/wp-json\/wp\/v2\/users\/1"}],"replies":[{"embeddable":true,"href":"https:\/\/dcv-berger-allemand.fr\/fr_fr\/wp-json\/wp\/v2\/comments?post=235"}],"version-history":[{"count":18,"href":"https:\/\/dcv-berger-allemand.fr\/fr_fr\/wp-json\/wp\/v2\/pages\/235\/revisions"}],"predecessor-version":[{"id":1273,"href":"https:\/\/dcv-berger-allemand.fr\/fr_fr\/wp-json\/wp\/v2\/pages\/235\/revisions\/1273"}],"up":[{"embeddable":true,"href":"https:\/\/dcv-berger-allemand.fr\/fr_fr\/wp-json\/wp\/v2\/pages\/142"}],"wp:attachment":[{"href":"https:\/\/dcv-berger-allemand.fr\/fr_fr\/wp-json\/wp\/v2\/media?parent=235"}],"curies":[{"name":"wp","href":"https:\/\/api.w.org\/{rel}","templated":true}]}}