{"id":219,"date":"2025-04-25T05:54:25","date_gmt":"2025-04-25T05:54:25","guid":{"rendered":"http:\/\/dcv-berger-allemand.fr\/?page_id=219"},"modified":"2025-07-18T09:41:53","modified_gmt":"2025-07-18T09:41:53","slug":"histoire-de-la-race","status":"publish","type":"page","link":"https:\/\/dcv-berger-allemand.fr\/fr_fr\/le-berger-allemand\/histoire-de-la-race\/","title":{"rendered":"Histoire de la race"},"content":{"rendered":"<p style=\"text-align: center;\"><strong><em>Histoire du Berger Allemand: des troupeaux aux lign\u00e9es modernes :\u00a0\u00a0<\/em><\/strong><\/p>\n<p>&nbsp;<\/p>\n<p>Le Berger Allemand est aujourd\u2019hui l\u2019un des chiens les plus connus dans le monde, reconnu pour son intelligence, sa polyvalence, sa loyaut\u00e9 et son instinct de protection. Pourtant, son histoire est bien plus riche et complexe qu\u2019une simple cr\u00e9ation de standard. Elle refl\u00e8te aussi l\u2019histoire politique et sociale de l\u2019Europe, les besoins des soci\u00e9t\u00e9s humaines, et les tensions entre fonctionnalit\u00e9 et esth\u00e9tisme.<\/p>\n<figure id=\"attachment_224\" aria-describedby=\"caption-attachment-224\" style=\"width: 269px\" class=\"wp-caption aligncenter\"><img loading=\"lazy\" decoding=\"async\" class=\"wp-image-224 size-full\" src=\"https:\/\/dcv-berger-allemand.fr\/wp-content\/uploads\/2025\/04\/download.jpg\" alt=\"\" width=\"269\" height=\"187\" \/><figcaption id=\"caption-attachment-224\" class=\"wp-caption-text\">Chiens de berger de la fin du XIX\u00b0s<\/figcaption><\/figure>\n<h6 style=\"text-align: center;\"><\/h6>\n<div id=\"ez-toc-container\" class=\"ez-toc-v2_0_76 counter-hierarchy ez-toc-counter ez-toc-grey ez-toc-container-direction\">\n<div class=\"ez-toc-title-container\">\n<p class=\"ez-toc-title\" style=\"cursor:inherit\">Contenus de la page<\/p>\n<span class=\"ez-toc-title-toggle\"><a href=\"#\" class=\"ez-toc-pull-right ez-toc-btn ez-toc-btn-xs ez-toc-btn-default ez-toc-toggle\" aria-label=\"Toggle Table of Content\"><span class=\"ez-toc-js-icon-con\"><span class=\"\"><span class=\"eztoc-hide\" style=\"display:none;\">Toggle<\/span><span class=\"ez-toc-icon-toggle-span\"><svg style=\"fill: #999;color:#999\" xmlns=\"http:\/\/www.w3.org\/2000\/svg\" class=\"list-377408\" width=\"20px\" height=\"20px\" viewBox=\"0 0 24 24\" fill=\"none\"><path d=\"M6 6H4v2h2V6zm14 0H8v2h12V6zM4 11h2v2H4v-2zm16 0H8v2h12v-2zM4 16h2v2H4v-2zm16 0H8v2h12v-2z\" fill=\"currentColor\"><\/path><\/svg><svg style=\"fill: #999;color:#999\" class=\"arrow-unsorted-368013\" xmlns=\"http:\/\/www.w3.org\/2000\/svg\" width=\"10px\" height=\"10px\" viewBox=\"0 0 24 24\" version=\"1.2\" baseProfile=\"tiny\"><path d=\"M18.2 9.3l-6.2-6.3-6.2 6.3c-.2.2-.3.4-.3.7s.1.5.3.7c.2.2.4.3.7.3h11c.3 0 .5-.1.7-.3.2-.2.3-.5.3-.7s-.1-.5-.3-.7zM5.8 14.7l6.2 6.3 6.2-6.3c.2-.2.3-.5.3-.7s-.1-.5-.3-.7c-.2-.2-.4-.3-.7-.3h-11c-.3 0-.5.1-.7.3-.2.2-.3.5-.3.7s.1.5.3.7z\"\/><\/svg><\/span><\/span><\/span><\/a><\/span><\/div>\n<nav><ul class='ez-toc-list ez-toc-list-level-1 ' ><li class='ez-toc-page-1 ez-toc-heading-level-3'><a class=\"ez-toc-link ez-toc-heading-1\" href=\"https:\/\/dcv-berger-allemand.fr\/fr_fr\/le-berger-allemand\/histoire-de-la-race\/#Les_origines_paysannes_du_chien_de_berger\" >Les origines paysannes du chien de berger<\/a><\/li><li class='ez-toc-page-1 ez-toc-heading-level-3'><a class=\"ez-toc-link ez-toc-heading-2\" href=\"https:\/\/dcv-berger-allemand.fr\/fr_fr\/le-berger-allemand\/histoire-de-la-race\/#La_fondation_officielle_par_le_capitaine_Von_Stephanitz\" >La fondation officielle par le capitaine Von Stephanitz<\/a><\/li><li class='ez-toc-page-1 ez-toc-heading-level-3'><a class=\"ez-toc-link ez-toc-heading-3\" href=\"https:\/\/dcv-berger-allemand.fr\/fr_fr\/le-berger-allemand\/histoire-de-la-race\/#Diversite_genetique_et_standardisation\" >Diversit\u00e9 g\u00e9n\u00e9tique et standardisation<\/a><\/li><li class='ez-toc-page-1 ez-toc-heading-level-3'><a class=\"ez-toc-link ez-toc-heading-4\" href=\"https:\/\/dcv-berger-allemand.fr\/fr_fr\/le-berger-allemand\/histoire-de-la-race\/#Un_tournant_la_separation_des_lignees\" >Un tournant : la s\u00e9paration des lign\u00e9es<\/a><\/li><li class='ez-toc-page-1 ez-toc-heading-level-3'><a class=\"ez-toc-link ez-toc-heading-5\" href=\"https:\/\/dcv-berger-allemand.fr\/fr_fr\/le-berger-allemand\/histoire-de-la-race\/#Les_lignees_de_travail_diversite_et_specialisation\" >Les lign\u00e9es de travail : diversit\u00e9 et sp\u00e9cialisation<\/a><\/li><li class='ez-toc-page-1 ez-toc-heading-level-3'><a class=\"ez-toc-link ez-toc-heading-6\" href=\"https:\/\/dcv-berger-allemand.fr\/fr_fr\/le-berger-allemand\/histoire-de-la-race\/#Un_chien_de_travail%E2%80%A6_et_de_famille\" >Un chien de travail\u2026 et de famille<\/a><\/li><\/ul><\/nav><\/div>\n<h3><span class=\"ez-toc-section\" id=\"Les_origines_paysannes_du_chien_de_berger\"><\/span><strong>Les origines paysannes du chien de berger<\/strong><span class=\"ez-toc-section-end\"><\/span><\/h3>\n<p><strong>\u00a0<\/strong>Avant d\u2019\u00eatre une race codifi\u00e9e, le Berger Allemand descend d\u2019un patrimoine vari\u00e9 de chiens de bergers europ\u00e9ens, \u00e9lev\u00e9s pour garder, conduire, et prot\u00e9ger les troupeaux. En Allemagne, comme ailleurs en Europe, chaque r\u00e9gion poss\u00e9dait ses propres types de chiens, tous rustiques et fonctionnels, s\u00e9lectionn\u00e9s naturellement pour leur endurance, leur ob\u00e9issance, leur courage, et leur aptitude au travail.<\/p>\n<p><img loading=\"lazy\" decoding=\"async\" class=\"aligncenter wp-image-57\" src=\"https:\/\/dcv-berger-allemand.fr\/wp-content\/uploads\/2025\/04\/Screenshot_20250422_185941_com_instagram_android_InstagramMainActivity_edit_64965961478967-241x300.jpg\" alt=\"Chiot Des Crocs V\u00e9ritables de 6 semaines\" width=\"309\" height=\"385\" srcset=\"https:\/\/dcv-berger-allemand.fr\/wp-content\/uploads\/2025\/04\/Screenshot_20250422_185941_com_instagram_android_InstagramMainActivity_edit_64965961478967-241x300.jpg 241w, https:\/\/dcv-berger-allemand.fr\/wp-content\/uploads\/2025\/04\/Screenshot_20250422_185941_com_instagram_android_InstagramMainActivity_edit_64965961478967-822x1024.jpg 822w, https:\/\/dcv-berger-allemand.fr\/wp-content\/uploads\/2025\/04\/Screenshot_20250422_185941_com_instagram_android_InstagramMainActivity_edit_64965961478967-768x956.jpg 768w, https:\/\/dcv-berger-allemand.fr\/wp-content\/uploads\/2025\/04\/Screenshot_20250422_185941_com_instagram_android_InstagramMainActivity_edit_64965961478967.jpg 1223w\" sizes=\"auto, (max-width: 309px) 100vw, 309px\" \/><\/p>\n<p style=\"text-align: center;\">Chiot Des Crocs V\u00e9ritables de 6 semaines<\/p>\n<p>On y trouvait alors une grande diversit\u00e9 de morphotypes et de couleurs, allant du noir, au gris, sable, bring\u00e9, fauve et m\u00eame au blanc.<\/p>\n<p>On pouvait alors distinguer deux grandes cat\u00e9gories morphologiques, certains plus l\u00e9ger et vifs, d\u2019autres plus grands et larges.<\/p>\n<h3><span class=\"ez-toc-section\" id=\"La_fondation_officielle_par_le_capitaine_Von_Stephanitz\"><\/span><strong>La fondation officielle par le capitaine Von Stephanitz<\/strong><span class=\"ez-toc-section-end\"><\/span><\/h3>\n<p>En 1899, le capitaine prussien <a href=\"https:\/\/fr.wikipedia.org\/wiki\/Max_von_Stephanitz\" target=\"_blank\" rel=\"noopener\">Max von Stephanitz<\/a>, convaincu que l\u2019Allemagne avait besoin d\u2019un chien national et utilitaire, fonde le SV (Verein f\u00fcr Deutsche Sch\u00e4ferhunde) et \u00e9tablit les bases de la race avec un chien nomm\u00e9 Horand von Grafrath. Il fixe un standard bas\u00e9 non pas sur l\u2019apparence, mais sur la capacit\u00e9 du chien \u00e0 travailler : endurance, \u00e9quilibre mental, intelligence, polyvalence.<\/p>\n<figure id=\"attachment_225\" aria-describedby=\"caption-attachment-225\" style=\"width: 288px\" class=\"wp-caption aligncenter\"><img loading=\"lazy\" decoding=\"async\" class=\"wp-image-225\" src=\"https:\/\/dcv-berger-allemand.fr\/wp-content\/uploads\/2025\/04\/download-1.jpg\" alt=\"\" width=\"288\" height=\"371\" \/><figcaption id=\"caption-attachment-225\" class=\"wp-caption-text\">Max von Stephanitz<\/figcaption><\/figure>\n<h6 style=\"text-align: center;\"><\/h6>\n<p>Von Stephanitz insiste :<em><strong> \u201cL\u2019utilit\u00e9 prime sur la beaut\u00e9.\u201d<\/strong><\/em><\/p>\n<p>Le Berger Allemand devient rapidement un chien militaire, policier, de recherche, mais aussi un compagnon proche des familles, appr\u00e9ci\u00e9 pour son attachement, sa vigilance et son adaptabilit\u00e9 \u00e0 la vie domestique.<\/p>\n<p>&nbsp;<\/p>\n<figure id=\"attachment_81\" aria-describedby=\"caption-attachment-81\" style=\"width: 225px\" class=\"wp-caption aligncenter\"><img loading=\"lazy\" decoding=\"async\" class=\"wp-image-81 size-medium\" src=\"https:\/\/dcv-berger-allemand.fr\/wp-content\/uploads\/2025\/04\/Collage_20250209_092822_edit_256153503524472-1-225x300.jpg\" alt=\"\" width=\"225\" height=\"300\" srcset=\"https:\/\/dcv-berger-allemand.fr\/wp-content\/uploads\/2025\/04\/Collage_20250209_092822_edit_256153503524472-1-225x300.jpg 225w, https:\/\/dcv-berger-allemand.fr\/wp-content\/uploads\/2025\/04\/Collage_20250209_092822_edit_256153503524472-1-768x1023.jpg 768w, https:\/\/dcv-berger-allemand.fr\/wp-content\/uploads\/2025\/04\/Collage_20250209_092822_edit_256153503524472-1-1153x1536.jpg 1153w, https:\/\/dcv-berger-allemand.fr\/wp-content\/uploads\/2025\/04\/Collage_20250209_092822_edit_256153503524472-1-1537x2048.jpg 1537w, https:\/\/dcv-berger-allemand.fr\/wp-content\/uploads\/2025\/04\/Collage_20250209_092822_edit_256153503524472-1-scaled.jpg 1921w\" sizes=\"auto, (max-width: 225px) 100vw, 225px\" \/><figcaption id=\"caption-attachment-81\" class=\"wp-caption-text\">Comparatif de morphologie entre le premier Berger Allemand et un\u00a0 jeune m\u00e2le s\u00e9lectionn\u00e9 par\u00a0 Des Crocs V\u00e9ritables (on notera la ligne de dos)<\/figcaption><\/figure>\n<h6 style=\"text-align: center;\"><\/h6>\n<figure id=\"attachment_339\" aria-describedby=\"caption-attachment-339\" style=\"width: 196px\" class=\"wp-caption aligncenter\"><img loading=\"lazy\" decoding=\"async\" class=\"wp-image-339 size-full\" src=\"https:\/\/dcv-berger-allemand.fr\/wp-content\/uploads\/2025\/04\/download-7.jpg\" alt=\"\" width=\"196\" height=\"257\" \/><figcaption id=\"caption-attachment-339\" class=\"wp-caption-text\">Les Berger Allemand fondateurs de la race d\u00e9but du XX\u00b0s<\/figcaption><\/figure>\n<h6 style=\"text-align: center;\"><\/h6>\n<h3><span class=\"ez-toc-section\" id=\"Diversite_genetique_et_standardisation\"><\/span><strong>Diversit\u00e9 g\u00e9n\u00e9tique et standardisation<\/strong><span class=\"ez-toc-section-end\"><\/span><\/h3>\n<p><strong>\u00a0<\/strong>Jusqu\u2019aux ann\u00e9es 1930, la race est encore relativement diverse, et le standard en \u00e9volution, aussi bien en types qu\u2019en couleurs. Mais sous le r\u00e9gime nazi, les couleurs dites \u00ab\u00a0non conformes\u00a0\u00bb, dont le blanc, sont exclues du standard \u2014 \u00e0 tort consid\u00e9r\u00e9es comme li\u00e9es \u00e0 la surdit\u00e9 ou \u00e0 la faiblesse\u00a0! Ce rejet poussera certains \u00e9leveurs \u00e0 pr\u00e9server ces lign\u00e9es en dehors d\u2019Allemagne, notamment en Am\u00e9rique du Nord, donnant naissance plus tard au Berger Blanc Suisse, reconnu comme race distincte.<\/p>\n<figure id=\"attachment_340\" aria-describedby=\"caption-attachment-340\" style=\"width: 258px\" class=\"wp-caption aligncenter\"><img loading=\"lazy\" decoding=\"async\" class=\"wp-image-340 size-full\" src=\"https:\/\/dcv-berger-allemand.fr\/wp-content\/uploads\/2025\/04\/download-1-1.jpg\" alt=\"\" width=\"258\" height=\"196\" \/><figcaption id=\"caption-attachment-340\" class=\"wp-caption-text\">Le Berger Blanc Suisse \u00e0 l&rsquo;origine juste un Berger Allemand Blanc<\/figcaption><\/figure>\n<h6 style=\"text-align: center;\"><\/h6>\n<figure id=\"attachment_343\" aria-describedby=\"caption-attachment-343\" style=\"width: 300px\" class=\"wp-caption aligncenter\"><img loading=\"lazy\" decoding=\"async\" class=\"wp-image-343 size-medium\" src=\"https:\/\/dcv-berger-allemand.fr\/wp-content\/uploads\/2025\/04\/Screenshot_20250425_203442_com_instagram_android_InstagramMainActivity-300x300.jpg\" alt=\"\" width=\"300\" height=\"300\" srcset=\"https:\/\/dcv-berger-allemand.fr\/wp-content\/uploads\/2025\/04\/Screenshot_20250425_203442_com_instagram_android_InstagramMainActivity-300x300.jpg 300w, https:\/\/dcv-berger-allemand.fr\/wp-content\/uploads\/2025\/04\/Screenshot_20250425_203442_com_instagram_android_InstagramMainActivity-1024x1024.jpg 1024w, https:\/\/dcv-berger-allemand.fr\/wp-content\/uploads\/2025\/04\/Screenshot_20250425_203442_com_instagram_android_InstagramMainActivity-150x150.jpg 150w, https:\/\/dcv-berger-allemand.fr\/wp-content\/uploads\/2025\/04\/Screenshot_20250425_203442_com_instagram_android_InstagramMainActivity-768x768.jpg 768w, https:\/\/dcv-berger-allemand.fr\/wp-content\/uploads\/2025\/04\/Screenshot_20250425_203442_com_instagram_android_InstagramMainActivity.jpg 1224w\" sizes=\"auto, (max-width: 300px) 100vw, 300px\" \/><figcaption id=\"caption-attachment-343\" class=\"wp-caption-text\">Andi Hlinasvk femelle reproductrice Des Crocs V\u00e9ritables 100% noire<\/figcaption><\/figure>\n<h6 style=\"text-align: center;\"><\/h6>\n<h3><span class=\"ez-toc-section\" id=\"Un_tournant_la_separation_des_lignees\"><\/span><strong>Un tournant : la s\u00e9paration des lign\u00e9es<\/strong><span class=\"ez-toc-section-end\"><\/span><\/h3>\n<p>Jusqu\u2019aux ann\u00e9es 1980, les lign\u00e9es principales d\u2019Allemagne de l\u2019Ouest (W-GSD), fid\u00e8les \u00e0 l\u2019h\u00e9ritage de von Stephanitz, maintiennent un bon \u00e9quilibre entre forme et fonction. Les chiens sont robustes, bien construits, fonctionnels, aptes au travail et encore tr\u00e8s proches des besoins utilitaires.<\/p>\n<figure id=\"attachment_749\" aria-describedby=\"caption-attachment-749\" style=\"width: 211px\" class=\"wp-caption aligncenter\"><img loading=\"lazy\" decoding=\"async\" class=\"wp-image-749 size-full\" src=\"https:\/\/dcv-berger-allemand.fr\/wp-content\/uploads\/2025\/04\/download-6-1-e1746183797265.jpg\" alt=\"\" width=\"211\" height=\"230\" srcset=\"https:\/\/dcv-berger-allemand.fr\/wp-content\/uploads\/2025\/04\/download-6-1-e1746183797265.jpg 211w, https:\/\/dcv-berger-allemand.fr\/wp-content\/uploads\/2025\/04\/download-6-1-e1746183797265-11x12.jpg 11w\" sizes=\"auto, (max-width: 211px) 100vw, 211px\" \/><figcaption id=\"caption-attachment-749\" class=\"wp-caption-text\">Evolution du Berger Allemand sur 110 ans<\/figcaption><\/figure>\n<h6 style=\"text-align: center;\"><em>\u00a0<\/em><\/h6>\n<p><em>\u00a0<\/em>Mais \u00e0 partir des ann\u00e9es 1980, certains \u00e9leveurs se mettent \u00e0 orienter leur s\u00e9lection sur une recherche esth\u00e9tique accentu\u00e9e : dos tr\u00e8s inclin\u00e9, post\u00e9rieurs angul\u00e9s \u00e0 l\u2019extr\u00eame, ligne de silhouette plus spectaculaire mais moins fonctionnelle, parfois au d\u00e9triment du mouvement naturel et de l\u2019endurance. C\u2019est le d\u00e9but d\u2019une cassure nette entre les lign\u00e9es dites \u00ab\u00a0de beaut\u00e9\u00a0\u00bb et celles rest\u00e9es \u00ab\u00a0de travail\u00a0\u00bb.<\/p>\n<h3><span class=\"ez-toc-section\" id=\"Les_lignees_de_travail_diversite_et_specialisation\"><\/span><strong>Les lign\u00e9es de travail : diversit\u00e9 et sp\u00e9cialisation<\/strong><span class=\"ez-toc-section-end\"><\/span><\/h3>\n<p>En parall\u00e8le, plusieurs lign\u00e9es avec toujours comme objectif l&rsquo;utilit\u00e9 se d\u00e9veloppent, parfois dans des contextes politiques tr\u00e8s diff\u00e9rents :<\/p>\n<figure id=\"attachment_921\" aria-describedby=\"caption-attachment-921\" style=\"width: 225px\" class=\"wp-caption aligncenter\"><img loading=\"lazy\" decoding=\"async\" class=\"wp-image-921 size-medium\" src=\"https:\/\/dcv-berger-allemand.fr\/wp-content\/uploads\/2025\/05\/Collage_20250502_133812-225x300.jpg\" alt=\"\" width=\"225\" height=\"300\" srcset=\"https:\/\/dcv-berger-allemand.fr\/wp-content\/uploads\/2025\/05\/Collage_20250502_133812-225x300.jpg 225w, https:\/\/dcv-berger-allemand.fr\/wp-content\/uploads\/2025\/05\/Collage_20250502_133812-768x1024.jpg 768w, https:\/\/dcv-berger-allemand.fr\/wp-content\/uploads\/2025\/05\/Collage_20250502_133812-1152x1536.jpg 1152w, https:\/\/dcv-berger-allemand.fr\/wp-content\/uploads\/2025\/05\/Collage_20250502_133812-1536x2048.jpg 1536w, https:\/\/dcv-berger-allemand.fr\/wp-content\/uploads\/2025\/05\/Collage_20250502_133812-9x12.jpg 9w, https:\/\/dcv-berger-allemand.fr\/wp-content\/uploads\/2025\/05\/Collage_20250502_133812-scaled.jpg 1920w\" sizes=\"auto, (max-width: 225px) 100vw, 225px\" \/><figcaption id=\"caption-attachment-921\" class=\"wp-caption-text\">En haut lign\u00e9e de beaut\u00e9 en bas lign\u00e9e de travail (Valcky des Crocs V\u00e9ritables)<\/figcaption><\/figure>\n<p>Bri\u00e8vement, car ce sujet sera d\u00e9velopp\u00e9 au cours d&rsquo;un chapitre d\u00e9di\u00e9 <span style=\"color: #3366ff;\">( pour en savoir plus sur ce sujet voir l&rsquo;onglet <a style=\"color: #3366ff;\" href=\"https:\/\/dcv-berger-allemand.fr\/le-berger-allemand\/comparatif-des-lignees\/\">Comparatif des lign\u00e9es<\/a> )<\/span><\/p>\n<p><strong>Lign\u00e9e d\u2019Allemagne de l\u2019Ouest (tradition SV)<\/strong> : orientation travail, mais avec une certaine attention au standard morphologique.<\/p>\n<p><strong>Lign\u00e9e DDR (Allemagne de l\u2019Est)<\/strong> : s\u00e9lectionn\u00e9e par l\u2019\u00c9tat pendant la p\u00e9riode communiste, avec des crit\u00e8res stricts de stabilit\u00e9 mentale, robustesse, et endurance physique. Chiens au gabarit fort, souvent tr\u00e8s stables, avec de forts instincts de protection.<\/p>\n<p><strong>Lign\u00e9e Tch\u00e8que <\/strong>: influenc\u00e9e par les besoins de l\u2019arm\u00e9e et de la police, avec des chiens tr\u00e8s robustes, de grand gabarit, nerveusement engag\u00e9s.<\/p>\n<p><strong>Lign\u00e9es sportives<\/strong> (ring, mondioring, IGP, pistage\u2026) : ax\u00e9es sur la performance technique, la rapidit\u00e9 d\u2019ex\u00e9cution, la motivation au travail \u2014 parfois au d\u00e9triment de la rusticit\u00e9 ou de la polyvalence. La s\u00e9lection sp\u00e9cialis\u00e9e du berger belge Malinois prend souvent le dessus \u00e0 l\u2019exception peut-\u00eatre de l\u2019IGP.<\/p>\n<p><strong>Lign\u00e9es \u00ab\u00a0troupeau\u00a0\u00bb :<\/strong> moins connues, mais toujours vivantes, chez des bergers ou des professionnels recherchant un chien fonctionnel au quotidien, parfois m\u00eame sans p\u00e9digr\u00e9e. La s\u00e9lection sp\u00e9cialis\u00e9e du border collie a cependant pris largement le dessus.<\/p>\n<p>Depuis la chute du communisme, ces lign\u00e9es se sont parfois brass\u00e9es, avec des \u00e9changes de reproducteurs entre l\u2019Est et l\u2019Ouest. Cela a permis un certain enrichissement g\u00e9n\u00e9tique, les lign\u00e9es tch\u00e8ques et DDR ont souvent \u00e9t\u00e9 utilis\u00e9es pour ramener de l\u2019ossature et de l\u2019instinct de d\u00e9fense dans les lign\u00e9es sportives d\u2019Allemagne de l\u2019ouest.<\/p>\n<figure id=\"attachment_346\" aria-describedby=\"caption-attachment-346\" style=\"width: 300px\" class=\"wp-caption aligncenter\"><img loading=\"lazy\" decoding=\"async\" class=\"wp-image-346 size-medium\" src=\"https:\/\/dcv-berger-allemand.fr\/wp-content\/uploads\/2025\/04\/Screenshot_20250422_185556_com_instagram_android_InstagramMainActivity_edit_65153727491655-1-300x287.jpg\" alt=\"\" width=\"300\" height=\"287\" srcset=\"https:\/\/dcv-berger-allemand.fr\/wp-content\/uploads\/2025\/04\/Screenshot_20250422_185556_com_instagram_android_InstagramMainActivity_edit_65153727491655-1-300x287.jpg 300w, https:\/\/dcv-berger-allemand.fr\/wp-content\/uploads\/2025\/04\/Screenshot_20250422_185556_com_instagram_android_InstagramMainActivity_edit_65153727491655-1-1024x978.jpg 1024w, https:\/\/dcv-berger-allemand.fr\/wp-content\/uploads\/2025\/04\/Screenshot_20250422_185556_com_instagram_android_InstagramMainActivity_edit_65153727491655-1-768x733.jpg 768w, https:\/\/dcv-berger-allemand.fr\/wp-content\/uploads\/2025\/04\/Screenshot_20250422_185556_com_instagram_android_InstagramMainActivity_edit_65153727491655-1.jpg 1224w\" sizes=\"auto, (max-width: 300px) 100vw, 300px\" \/><figcaption id=\"caption-attachment-346\" class=\"wp-caption-text\">O&rsquo;Gun du chateau de Werde bel exemple de brassage entre les lign\u00e9es d&rsquo;Allemagne de l&rsquo;Ouest et Tch\u00e8ques ( \u00e9talon utilis\u00e9 par l&rsquo;\u00e9levage Des Crocs V\u00e9ritables)<\/figcaption><\/figure>\n<h6 style=\"text-align: center;\"><\/h6>\n<h3><span class=\"ez-toc-section\" id=\"Un_chien_de_travail%E2%80%A6_et_de_famille\"><\/span><strong>Un chien de travail\u2026 et de famille<\/strong><span class=\"ez-toc-section-end\"><\/span><\/h3>\n<figure id=\"attachment_53\" aria-describedby=\"caption-attachment-53\" style=\"width: 300px\" class=\"wp-caption aligncenter\"><img loading=\"lazy\" decoding=\"async\" class=\"wp-image-53 size-medium\" src=\"https:\/\/dcv-berger-allemand.fr\/wp-content\/uploads\/2025\/04\/Screenshot_20250422_185825_com_instagram_android_InstagramMainActivity_edit_65037451818054-300x284.jpg\" alt=\"\" width=\"300\" height=\"284\" srcset=\"https:\/\/dcv-berger-allemand.fr\/wp-content\/uploads\/2025\/04\/Screenshot_20250422_185825_com_instagram_android_InstagramMainActivity_edit_65037451818054-300x284.jpg 300w, https:\/\/dcv-berger-allemand.fr\/wp-content\/uploads\/2025\/04\/Screenshot_20250422_185825_com_instagram_android_InstagramMainActivity_edit_65037451818054-1024x970.jpg 1024w, https:\/\/dcv-berger-allemand.fr\/wp-content\/uploads\/2025\/04\/Screenshot_20250422_185825_com_instagram_android_InstagramMainActivity_edit_65037451818054-768x727.jpg 768w, https:\/\/dcv-berger-allemand.fr\/wp-content\/uploads\/2025\/04\/Screenshot_20250422_185825_com_instagram_android_InstagramMainActivity_edit_65037451818054.jpg 1224w\" sizes=\"auto, (max-width: 300px) 100vw, 300px\" \/><figcaption id=\"caption-attachment-53\" class=\"wp-caption-text\">O&rsquo;Gun et enfants<\/figcaption><\/figure>\n<h6 style=\"text-align: center;\"><\/h6>\n<p>Malgr\u00e9 les divergences, une chose demeure constante : le Berger Allemand est un chien proche de l\u2019homme. Depuis ses d\u00e9buts dans les campagnes allemandes jusqu\u2019\u00e0 son r\u00f4le de chien de service ou de compagnie, il a toujours montr\u00e9 une capacit\u00e9 exceptionnelle \u00e0 vivre au contact des familles, \u00e0 s\u2019attacher \u00e0 son ma\u00eetre, \u00e0 prot\u00e9ger les enfants, tout en gardant son s\u00e9rieux et sa concentration au travail.<\/p>\n<p>C\u2019est cette dualit\u00e9 unique \u2014 gardien attentif et membre \u00e0 part enti\u00e8re de la famille \u2014 qui continue de fasciner les passionn\u00e9s.<\/p>\n<p>Cette capacit\u00e9 est directement issue des instincts primitifs des chiens de berger, gardiens et conducteurs de troupeau, et l\u2019hyper s\u00e9lection morphologique ou caract\u00e9rielle pourrait faire dispara\u00eetre cette capacit\u00e9, nous y reviendrons plus loin.<\/p>\n<p>&nbsp;<\/p>\n<p><a class=\"continue-button\" style=\"display: inline-block; background-color: #2c3e50; color: #ffffff; padding: 12px 24px; border-radius: 8px; text-decoration: none; font-size: 18px; transition: background-color 0.3s ease;\" href=\"https:\/\/dcv-berger-allemand.fr\/le-berger-allemand\/comparatif-des-lignees\/\"><br \/>\nContinuer vers la section suivante<br \/>\n<\/a><\/p>\n<div style=\"display: flex; flex-wrap: wrap; justify-content: center; gap: 10px; margin-top: 30px;\"><span style=\"color: #666666; text-align: center;\">\u00a9 2025 \u00c9levage des Crocs V\u00e9ritables<\/span><\/div>\n<p>&nbsp;<\/p>\n<div style=\"text-align: center; font-size: 16px; margin-top: 20px;\"><strong>Navigation rapide :<\/strong><\/div>\n<div style=\"text-align: center; font-size: 16px; margin-top: 20px;\"><a href=\"https:\/\/dcv-berger-allemand.fr\/\">Accueil<\/a><br \/>\n<a href=\"\/le-berger-allemand\/\">Le Berger Allemand<\/a> | <a href=\"\/sante\/\">Sant\u00e9<\/a> | <a href=\"\/selection\/\">S\u00e9lection<\/a> | <a href=\"\/vivre-avec-un-berger-allemand\/\">Vivre avec un Berger Allemand<\/a> | <a href=\"\/education-et-dressage\/\">\u00c9ducation et dressage<\/a> | <a href=\"\/elevage\/\">\u00c9levage<\/a> | <a href=\"\/photos-et-videos\/\">Photos<\/a> | <a href=\"\/contact\/\">Contact<\/a> | <a href=\"\/liens-et-bibliographie\/\">Liens <\/a> | <em><span style=\"color: #339966;\"><a style=\"color: #339966;\" href=\"https:\/\/dcv-berger-allemand.fr\/articles-et-reflexions\/\">Articles et R\u00e9flexions<\/a><\/span><\/em><\/div>\n","protected":false},"excerpt":{"rendered":"<p>Histoire du Berger Allemand: des troupeaux aux lign\u00e9es modernes :\u00a0\u00a0 &nbsp; Le Berger Allemand est aujourd\u2019hui l\u2019un des chiens les plus connus dans le monde, reconnu pour son intelligence, sa polyvalence, sa loyaut\u00e9 et son instinct de protection. Pourtant, son histoire est bien plus riche et complexe qu\u2019une simple cr\u00e9ation de standard. Elle refl\u00e8te aussi [&hellip;]<\/p>\n","protected":false},"author":1,"featured_media":0,"parent":124,"menu_order":1,"comment_status":"closed","ping_status":"closed","template":"","meta":{"footnotes":""},"class_list":["post-219","page","type-page","status-publish","hentry"],"_links":{"self":[{"href":"https:\/\/dcv-berger-allemand.fr\/fr_fr\/wp-json\/wp\/v2\/pages\/219","targetHints":{"allow":["GET"]}}],"collection":[{"href":"https:\/\/dcv-berger-allemand.fr\/fr_fr\/wp-json\/wp\/v2\/pages"}],"about":[{"href":"https:\/\/dcv-berger-allemand.fr\/fr_fr\/wp-json\/wp\/v2\/types\/page"}],"author":[{"embeddable":true,"href":"https:\/\/dcv-berger-allemand.fr\/fr_fr\/wp-json\/wp\/v2\/users\/1"}],"replies":[{"embeddable":true,"href":"https:\/\/dcv-berger-allemand.fr\/fr_fr\/wp-json\/wp\/v2\/comments?post=219"}],"version-history":[{"count":31,"href":"https:\/\/dcv-berger-allemand.fr\/fr_fr\/wp-json\/wp\/v2\/pages\/219\/revisions"}],"predecessor-version":[{"id":1401,"href":"https:\/\/dcv-berger-allemand.fr\/fr_fr\/wp-json\/wp\/v2\/pages\/219\/revisions\/1401"}],"up":[{"embeddable":true,"href":"https:\/\/dcv-berger-allemand.fr\/fr_fr\/wp-json\/wp\/v2\/pages\/124"}],"wp:attachment":[{"href":"https:\/\/dcv-berger-allemand.fr\/fr_fr\/wp-json\/wp\/v2\/media?parent=219"}],"curies":[{"name":"wp","href":"https:\/\/api.w.org\/{rel}","templated":true}]}}