{"id":146,"date":"2025-04-24T19:18:23","date_gmt":"2025-04-24T19:18:23","guid":{"rendered":"http:\/\/dcv-berger-allemand.fr\/?page_id=146"},"modified":"2025-10-26T17:59:36","modified_gmt":"2025-10-26T17:59:36","slug":"liens-et-bibliographie","status":"publish","type":"page","link":"https:\/\/dcv-berger-allemand.fr\/fr_fr\/liens-et-bibliographie\/","title":{"rendered":"Liens et Bibliographie"},"content":{"rendered":"<p><img loading=\"lazy\" decoding=\"async\" class=\"aligncenter wp-image-364 size-full\" src=\"https:\/\/dcv-berger-allemand.fr\/wp-content\/uploads\/2025\/04\/download-16.45.59.jpg\" alt=\"Liens et Bibliographie\" width=\"241\" height=\"209\" \/><\/p>\n<div id=\"ez-toc-container\" class=\"ez-toc-v2_0_76 counter-hierarchy ez-toc-counter ez-toc-grey ez-toc-container-direction\">\n<div class=\"ez-toc-title-container\">\n<p class=\"ez-toc-title\" style=\"cursor:inherit\">Contenus de la page<\/p>\n<span class=\"ez-toc-title-toggle\"><a href=\"#\" class=\"ez-toc-pull-right ez-toc-btn ez-toc-btn-xs ez-toc-btn-default ez-toc-toggle\" aria-label=\"Toggle Table of Content\"><span class=\"ez-toc-js-icon-con\"><span class=\"\"><span class=\"eztoc-hide\" style=\"display:none;\">Toggle<\/span><span class=\"ez-toc-icon-toggle-span\"><svg style=\"fill: #999;color:#999\" xmlns=\"http:\/\/www.w3.org\/2000\/svg\" class=\"list-377408\" width=\"20px\" height=\"20px\" viewBox=\"0 0 24 24\" fill=\"none\"><path d=\"M6 6H4v2h2V6zm14 0H8v2h12V6zM4 11h2v2H4v-2zm16 0H8v2h12v-2zM4 16h2v2H4v-2zm16 0H8v2h12v-2z\" fill=\"currentColor\"><\/path><\/svg><svg style=\"fill: #999;color:#999\" class=\"arrow-unsorted-368013\" xmlns=\"http:\/\/www.w3.org\/2000\/svg\" width=\"10px\" height=\"10px\" viewBox=\"0 0 24 24\" version=\"1.2\" baseProfile=\"tiny\"><path d=\"M18.2 9.3l-6.2-6.3-6.2 6.3c-.2.2-.3.4-.3.7s.1.5.3.7c.2.2.4.3.7.3h11c.3 0 .5-.1.7-.3.2-.2.3-.5.3-.7s-.1-.5-.3-.7zM5.8 14.7l6.2 6.3 6.2-6.3c.2-.2.3-.5.3-.7s-.1-.5-.3-.7c-.2-.2-.4-.3-.7-.3h-11c-.3 0-.5.1-.7.3-.2.2-.3.5-.3.7s.1.5.3.7z\"\/><\/svg><\/span><\/span><\/span><\/a><\/span><\/div>\n<nav><ul class='ez-toc-list ez-toc-list-level-1 ' ><li class='ez-toc-page-1 ez-toc-heading-level-2'><a class=\"ez-toc-link ez-toc-heading-1\" href=\"https:\/\/dcv-berger-allemand.fr\/fr_fr\/liens-et-bibliographie\/#Liens\" >Liens:\u00a0<\/a><\/li><li class='ez-toc-page-1 ez-toc-heading-level-2'><a class=\"ez-toc-link ez-toc-heading-2\" href=\"https:\/\/dcv-berger-allemand.fr\/fr_fr\/liens-et-bibliographie\/#Bibliographie_en_Francais\" >Bibliographie en Fran\u00e7ais:<\/a><\/li><li class='ez-toc-page-1 ez-toc-heading-level-2'><a class=\"ez-toc-link ez-toc-heading-3\" href=\"https:\/\/dcv-berger-allemand.fr\/fr_fr\/liens-et-bibliographie\/#Bibliographie_en_langue_etrangere\" >Bibliographie en langue \u00e9trang\u00e8re:<\/a><\/li><\/ul><\/nav><\/div>\n<h2 style=\"padding-left: 40px; text-align: center;\"><span class=\"ez-toc-section\" id=\"Liens\"><\/span><strong>Liens:\u00a0<\/strong><span class=\"ez-toc-section-end\"><\/span><\/h2>\n<ul>\n<li><a href=\"https:\/\/www.facebook.com\/share\/1GuDi8cXkM\/\" target=\"_blank\" rel=\"noopener\">Page Facebook Des Crocs V\u00e9ritables<\/a><\/li>\n<li><a href=\"https:\/\/youtube.com\/@descrocsveritables?si=erfuF_abRJ6mWtkV\" target=\"_blank\" rel=\"noopener\">Cha\u00eene Youtube de l&rsquo;\u00e9levage<\/a><\/li>\n<li><a href=\"https:\/\/descrocsveritables.chiens-de-france.com\/debug\/berger-allemand\" target=\"_blank\" rel=\"noopener\">Site de l&rsquo;\u00e9levage Des Crocs V\u00e9ritables sur Chiens de France\u00a0<\/a><\/li>\n<li><a href=\"https:\/\/www.pagesjaunes.fr\/pros\/60817782\" target=\"_blank\" rel=\"noopener\">Educateur canin &#8211; Yannick Le Gallou &#8211; Amilly 45200<\/a><\/li>\n<li><a href=\"https:\/\/www.vetorino.com\/veterinaire\/lasellesurlebied-45210\/\" target=\"_blank\" rel=\"noopener\">Clinique v\u00e9t\u00e9rinaire de la Selle-sur-le-Bied\u00a0 45210<\/a><\/li>\n<li><a href=\"https:\/\/www.centrale-canine.fr\" target=\"_blank\" rel=\"noopener\">Soci\u00e9t\u00e9 Centrale Canine (SCC)<\/a><\/li>\n<li><a href=\"https:\/\/berger-allemand.net\" target=\"_blank\" rel=\"noopener\">Club officiel du Chien de Berger Allemand (CCBA)<\/a><\/li>\n<li><a href=\"https:\/\/www.i-cad.fr\" target=\"_blank\" rel=\"noopener\">I-CAD (fichier national des carnivores domestiques)<\/a><\/li>\n<li><a href=\"https:\/\/fr.working-dog.com\" target=\"_blank\" rel=\"noopener\">Working Dog (site d&rsquo;information sur les lign\u00e9es de travail)<\/a><\/li>\n<li><a href=\"https:\/\/youtu.be\/D5suqqJys0A?si=eUKZi3cEBP72vCPL\" target=\"_blank\" rel=\"noopener\">Vid\u00e9o de lecture du standard par la f\u00e9d\u00e9ration RSV2000 (en anglais)<\/a><\/li>\n<li><a href=\"https:\/\/www.shieldk9online.com\" target=\"_blank\" rel=\"noopener\">Shield K9 &#8211; cours en ligne (en anglais)<\/a><\/li>\n<li><a href=\"https:\/\/www.alpinek9real.com\/\" target=\"_blank\" rel=\"noopener\">Hans Alpine K9 cours et informations en ligne (en anglais)\u00a0<\/a><\/li>\n<li><a href=\"https:\/\/www.nepopotraining.com\/fr\/\" target=\"_blank\" rel=\"noopener\">Nepopo &#8211; cours en ligne et pr\u00e9sentiel\u00a0 (en anglais et fran\u00e7ais)\u00a0<\/a><\/li>\n<\/ul>\n<h2 style=\"text-align: center;\"><span class=\"ez-toc-section\" id=\"Bibliographie_en_Francais\"><\/span><em><strong>Bibliographie en Fran\u00e7ais:<\/strong><\/em><span class=\"ez-toc-section-end\"><\/span><\/h2>\n<ul>\n<li>Dressage du chien de d\u00e9fense &#8211; Dressage au mordant\u00a0 par le Dr Helmut Raiser<\/li>\n<li><span id=\"productTitle\" class=\"a-size-large celwidget\" data-csa-c-id=\"hmxlg8-uoznbq-on44bw-ipjvfu\" data-cel-widget=\"productTitle\">Les fondements de l&rsquo;\u00e9thologie &#8211; de Konrad Lorenz<\/span><\/li>\n<li>Chiens de garde: Mettez vos familles \u00e0 l\u2019abri des voleurs! <span id=\"productSubtitle\" class=\"a-size-medium a-color-secondary celwidget\" data-csa-c-id=\"bliu6f-kczkks-jcw956-dnksqu\">\u00a0<\/span>de\u00a0<span class=\"author notFaded\" data-width=\"\">Ezio Maria Romano<\/span><\/li>\n<li>Les secrets de l&rsquo;\u00e9leveur canin &#8211; de Joanne P\u00e9pin<\/li>\n<li>Les chiens de garde et de d\u00e9fense &#8211; de Fritz Humel<\/li>\n<li>Guide complet du dressage du Berger Allemand &#8211; de Alphonse Pacheco<\/li>\n<li>Le grand livre du Berger Allemand &#8211; de F. Fiorone<\/li>\n<li>Je dresse mon chien &#8211; de Pierre Fraisse<\/li>\n<li>Elevage et dressage des chiens de garde et de d\u00e9fense &#8211; de O. Garini<\/li>\n<\/ul>\n<h2 style=\"text-align: center;\"><span class=\"ez-toc-section\" id=\"Bibliographie_en_langue_etrangere\"><\/span><em><strong>Bibliographie en langue \u00e9trang\u00e8re:<\/strong><\/em><span class=\"ez-toc-section-end\"><\/span><\/h2>\n<ul>\n<li>Real food for healthy dogs and cats &#8211; de Dr Karen Becker<\/li>\n<li>Give your dog a bone &#8211; de Dr Ian Billinghurst<\/li>\n<li>No nonsense on dog training &#8211; de Haz Othman<\/li>\n<li>Guardiani si nasce &#8211;\u00a0 de\u00a0<span class=\"author notFaded\" data-width=\"\">Ezio Maria Romano<\/span><\/li>\n<li>The man who lives with wolfes &#8211; de Shaun Ellis<\/li>\n<li>The definitive german shepherd &#8211; de Louis Donald<\/li>\n<\/ul>\n<p><img loading=\"lazy\" decoding=\"async\" class=\"size-medium wp-image-674 aligncenter\" src=\"https:\/\/dcv-berger-allemand.fr\/wp-content\/uploads\/2025\/04\/IMG_20250404_181558-300x225.jpg\" alt=\"Liens et Bibliographie Berger Allemand Des Crocs V\u00e9ritables\" width=\"300\" height=\"225\" srcset=\"https:\/\/dcv-berger-allemand.fr\/wp-content\/uploads\/2025\/04\/IMG_20250404_181558-300x225.jpg 300w, https:\/\/dcv-berger-allemand.fr\/wp-content\/uploads\/2025\/04\/IMG_20250404_181558-1024x768.jpg 1024w, https:\/\/dcv-berger-allemand.fr\/wp-content\/uploads\/2025\/04\/IMG_20250404_181558-768x576.jpg 768w, https:\/\/dcv-berger-allemand.fr\/wp-content\/uploads\/2025\/04\/IMG_20250404_181558-1536x1152.jpg 1536w, https:\/\/dcv-berger-allemand.fr\/wp-content\/uploads\/2025\/04\/IMG_20250404_181558-scaled.jpg 2048w\" sizes=\"auto, (max-width: 300px) 100vw, 300px\" \/><\/p>\n<p><a class=\"continue-button\" style=\"display: inline-block; background-color: #2c3e50; color: #ffffff; padding: 12px 24px; border-radius: 8px; text-decoration: none; font-size: 18px; transition: background-color 0.3s ease;\" href=\" https:\/\/dcv-berger-allemand.fr\/articles-et-reflexions\/\"><br \/>\nContinuer vers la section suivante<br \/>\n<\/a><\/p>\n<div style=\"display: flex; flex-wrap: wrap; justify-content: center; gap: 10px; margin-top: 30px;\"><span style=\"color: #666666; text-align: center;\">\u00a9 2025 \u00c9levage des Crocs V\u00e9ritables<\/span><\/div>\n<p>&nbsp;<\/p>\n<div style=\"text-align: center; font-size: 16px; margin-top: 20px;\"><strong>Navigation rapide :<\/strong><\/div>\n<div style=\"text-align: center; font-size: 16px; margin-top: 20px;\"><a href=\"https:\/\/dcv-berger-allemand.fr\/\">Accueil<\/a><\/div>\n<div style=\"text-align: center; font-size: 16px; margin-top: 20px;\"><span style=\"color: #ff0000;\"><a style=\"color: #ff0000;\" href=\"\/elevage\/\">\u00c9l<em>evage<\/em><\/a><em><a style=\"color: #ff0000;\" href=\"\/le-berger-allemand\/\"> |<\/a><a style=\"color: #ff0000;\" href=\"\/contact\/\">Contact<\/a><a style=\"color: #ff0000;\" href=\"\/le-berger-allemand\/\"> |<\/a><\/em><\/span><br \/>\n<a href=\"\/le-berger-allemand\/\">Le Berger Allemand<\/a> | <a href=\"\/sante\/\">Sant\u00e9<\/a> | <a href=\"\/selection\/\">S\u00e9lection<\/a> | <a href=\"\/vivre-avec-un-berger-allemand\/\">Vivre avec un Berger Allemand<\/a> | <a href=\"\/education-et-dressage\/\">\u00c9ducation et dressage<\/a> | \u00a0<a href=\"\/photos-et-videos\/\">Photos<\/a> |\u00a0<a href=\"\/liens-et-bibliographie\/\">Liens <\/a> | <em><span style=\"color: #339966;\"><a style=\"color: #339966;\" href=\"https:\/\/dcv-berger-allemand.fr\/articles-et-reflexions\/\">Articles et R\u00e9flexions<\/a><\/span><\/em><\/div>\n<p>&nbsp;<\/p>\n","protected":false},"excerpt":{"rendered":"<p>Liens:\u00a0 Page Facebook Des Crocs V\u00e9ritables Cha\u00eene Youtube de l&rsquo;\u00e9levage Site de l&rsquo;\u00e9levage Des Crocs V\u00e9ritables sur Chiens de France\u00a0 Educateur canin &#8211; Yannick Le Gallou &#8211; Amilly 45200 Clinique v\u00e9t\u00e9rinaire de la Selle-sur-le-Bied\u00a0 45210 Soci\u00e9t\u00e9 Centrale Canine (SCC) Club officiel du Chien de Berger Allemand (CCBA) I-CAD (fichier national des carnivores domestiques) Working Dog [&hellip;]<\/p>\n","protected":false},"author":1,"featured_media":0,"parent":0,"menu_order":9,"comment_status":"closed","ping_status":"closed","template":"","meta":{"footnotes":""},"class_list":["post-146","page","type-page","status-publish","hentry"],"_links":{"self":[{"href":"https:\/\/dcv-berger-allemand.fr\/fr_fr\/wp-json\/wp\/v2\/pages\/146","targetHints":{"allow":["GET"]}}],"collection":[{"href":"https:\/\/dcv-berger-allemand.fr\/fr_fr\/wp-json\/wp\/v2\/pages"}],"about":[{"href":"https:\/\/dcv-berger-allemand.fr\/fr_fr\/wp-json\/wp\/v2\/types\/page"}],"author":[{"embeddable":true,"href":"https:\/\/dcv-berger-allemand.fr\/fr_fr\/wp-json\/wp\/v2\/users\/1"}],"replies":[{"embeddable":true,"href":"https:\/\/dcv-berger-allemand.fr\/fr_fr\/wp-json\/wp\/v2\/comments?post=146"}],"version-history":[{"count":24,"href":"https:\/\/dcv-berger-allemand.fr\/fr_fr\/wp-json\/wp\/v2\/pages\/146\/revisions"}],"predecessor-version":[{"id":1476,"href":"https:\/\/dcv-berger-allemand.fr\/fr_fr\/wp-json\/wp\/v2\/pages\/146\/revisions\/1476"}],"wp:attachment":[{"href":"https:\/\/dcv-berger-allemand.fr\/fr_fr\/wp-json\/wp\/v2\/media?parent=146"}],"curies":[{"name":"wp","href":"https:\/\/api.w.org\/{rel}","templated":true}]}}