{"id":145,"date":"2025-04-24T19:07:28","date_gmt":"2025-04-24T19:07:28","guid":{"rendered":"http:\/\/dcv-berger-allemand.fr\/?page_id=145"},"modified":"2025-10-27T11:59:50","modified_gmt":"2025-10-27T11:59:50","slug":"contact","status":"publish","type":"page","link":"https:\/\/dcv-berger-allemand.fr\/fr_fr\/contact\/","title":{"rendered":"Contact"},"content":{"rendered":"<h2 style=\"text-align: center; padding-left: 40px;\"><strong><em>\u00a0 \u00c9levage Des Crocs V\u00e9ritables<\/em>\u00a0<\/strong><\/h2>\n<p><img loading=\"lazy\" decoding=\"async\" class=\"size-medium wp-image-63 aligncenter\" src=\"https:\/\/dcv-berger-allemand.fr\/wp-content\/uploads\/2025\/04\/Screenshot_20250422_190145_com_instagram_android_InstagramMainActivity_edit_64836485219693-205x300.jpg\" alt=\"Contact - Elevage des Crocs V\u00e9ritables\" width=\"205\" height=\"300\" srcset=\"https:\/\/dcv-berger-allemand.fr\/wp-content\/uploads\/2025\/04\/Screenshot_20250422_190145_com_instagram_android_InstagramMainActivity_edit_64836485219693-205x300.jpg 205w, https:\/\/dcv-berger-allemand.fr\/wp-content\/uploads\/2025\/04\/Screenshot_20250422_190145_com_instagram_android_InstagramMainActivity_edit_64836485219693-698x1024.jpg 698w, https:\/\/dcv-berger-allemand.fr\/wp-content\/uploads\/2025\/04\/Screenshot_20250422_190145_com_instagram_android_InstagramMainActivity_edit_64836485219693-768x1126.jpg 768w, https:\/\/dcv-berger-allemand.fr\/wp-content\/uploads\/2025\/04\/Screenshot_20250422_190145_com_instagram_android_InstagramMainActivity_edit_64836485219693-1048x1536.jpg 1048w, https:\/\/dcv-berger-allemand.fr\/wp-content\/uploads\/2025\/04\/Screenshot_20250422_190145_com_instagram_android_InstagramMainActivity_edit_64836485219693.jpg 1223w\" sizes=\"auto, (max-width: 205px) 100vw, 205px\" \/><\/p>\n<p style=\"text-align: center; font-size: 18px;\">Vous souhaitez en savoir plus sur notre \u00e9levage?<br \/>\nVoici nos coordonn\u00e9es, privil\u00e9giez le t\u00e9l\u00e9phone, c&rsquo;est plus convivial.<\/p>\n<p style=\"text-align: center;\">Vous pouvez nous joindre directement<\/p>\n<h2 style=\"text-align: center;\">Contact<\/h2>\n<p style=\"text-align: center; font-size: 18px;\">T\u00e9l\u00e9phone : + 33 (0) 6 09 77 72 17<br \/>\nE-mail: descrocsveritables@gmail.com<\/p>\n<p style=\"text-align: center; font-size: 18px;\">\u00c9levage situ\u00e9 sur la commune de Melleroy 45220<\/p>\n<p style=\"text-align: left; padding-left: 40px;\">En France,\u00a0 \u00e0 1h30 de Paris porte d&rsquo;Orl\u00e9ans, 1h d&rsquo;Orl\u00e9ans, Auxerre, Sens, Nevers, Bourges&#8230;. \u00e0 l&rsquo;Or\u00e9e de la Puisaye, entre Loiret et Yonne&#8230;<\/p>\n<p style=\"text-align: left;\"><img loading=\"lazy\" decoding=\"async\" class=\"size-medium wp-image-467 aligncenter\" src=\"https:\/\/dcv-berger-allemand.fr\/wp-content\/uploads\/2025\/04\/IMG_20240321_191431-300x225.jpg\" alt=\"contact - \u00e9levage des Crocs V\u00e9ritables\" width=\"300\" height=\"225\" srcset=\"https:\/\/dcv-berger-allemand.fr\/wp-content\/uploads\/2025\/04\/IMG_20240321_191431-300x225.jpg 300w, https:\/\/dcv-berger-allemand.fr\/wp-content\/uploads\/2025\/04\/IMG_20240321_191431-1024x768.jpg 1024w, https:\/\/dcv-berger-allemand.fr\/wp-content\/uploads\/2025\/04\/IMG_20240321_191431-768x576.jpg 768w, https:\/\/dcv-berger-allemand.fr\/wp-content\/uploads\/2025\/04\/IMG_20240321_191431-1536x1152.jpg 1536w, https:\/\/dcv-berger-allemand.fr\/wp-content\/uploads\/2025\/04\/IMG_20240321_191431-scaled.jpg 2048w\" sizes=\"auto, (max-width: 300px) 100vw, 300px\" \/><\/p>\n<p>&nbsp;<\/p>\n<p><a class=\"continue-button\" style=\"display: inline-block; background-color: #2c3e50; color: #ffffff; padding: 12px 24px; border-radius: 8px; text-decoration: none; font-size: 18px; transition: background-color 0.3s ease;\" href=\"https:\/\/dcv-berger-allemand.fr\/liens-et-bibliographie\/\"><br \/>\nContinuer vers la section suivante<br \/>\n<\/a><\/p>\n<div style=\"display: flex; flex-wrap: wrap; justify-content: center; gap: 10px; margin-top: 30px;\"><span style=\"color: #666666; text-align: center;\">\u00a9 2025 \u00c9levage des Crocs V\u00e9ritables<\/span><\/div>\n<p>&nbsp;<\/p>\n<div style=\"text-align: center; font-size: 16px; margin-top: 20px;\"><strong>Navigation rapide :<\/strong><\/div>\n<div style=\"text-align: center; font-size: 16px; margin-top: 20px;\"><a href=\"https:\/\/dcv-berger-allemand.fr\/\">Accueil<\/a><br \/>\n<a href=\"\/le-berger-allemand\/\">Le Berger Allemand<\/a> | <a href=\"\/sante\/\">Sant\u00e9<\/a> | <a href=\"\/selection\/\">S\u00e9lection<\/a> | <a href=\"\/vivre-avec-un-berger-allemand\/\">Vivre avec un Berger Allemand<\/a> | <a href=\"\/education-et-dressage\/\">\u00c9ducation et dressage<\/a> | <a href=\"\/elevage\/\">\u00c9levage<\/a> | <a href=\"\/photos-et-videos\/\">Photos<\/a> | <a href=\"\/contact\/\">Contact<\/a> | <a href=\"\/liens-et-bibliographie\/\">Liens <\/a> | <em><span style=\"color: #339966;\"><a style=\"color: #339966;\" href=\"https:\/\/dcv-berger-allemand.fr\/articles-et-reflexions\/\">Articles et R\u00e9flexions<\/a><\/span><\/em><\/div>\n","protected":false},"excerpt":{"rendered":"<p>\u00a0 \u00c9levage Des Crocs V\u00e9ritables\u00a0 Vous souhaitez en savoir plus sur notre \u00e9levage? Voici nos coordonn\u00e9es, privil\u00e9giez le t\u00e9l\u00e9phone, c&rsquo;est plus convivial. Vous pouvez nous joindre directement Contact T\u00e9l\u00e9phone : + 33 (0) 6 09 77 72 17 E-mail: descrocsveritables@gmail.com \u00c9levage situ\u00e9 sur la commune de Melleroy 45220 En France,\u00a0 \u00e0 1h30 de Paris porte [&hellip;]<\/p>\n","protected":false},"author":1,"featured_media":0,"parent":0,"menu_order":8,"comment_status":"closed","ping_status":"closed","template":"","meta":{"footnotes":""},"class_list":["post-145","page","type-page","status-publish","hentry"],"_links":{"self":[{"href":"https:\/\/dcv-berger-allemand.fr\/fr_fr\/wp-json\/wp\/v2\/pages\/145","targetHints":{"allow":["GET"]}}],"collection":[{"href":"https:\/\/dcv-berger-allemand.fr\/fr_fr\/wp-json\/wp\/v2\/pages"}],"about":[{"href":"https:\/\/dcv-berger-allemand.fr\/fr_fr\/wp-json\/wp\/v2\/types\/page"}],"author":[{"embeddable":true,"href":"https:\/\/dcv-berger-allemand.fr\/fr_fr\/wp-json\/wp\/v2\/users\/1"}],"replies":[{"embeddable":true,"href":"https:\/\/dcv-berger-allemand.fr\/fr_fr\/wp-json\/wp\/v2\/comments?post=145"}],"version-history":[{"count":32,"href":"https:\/\/dcv-berger-allemand.fr\/fr_fr\/wp-json\/wp\/v2\/pages\/145\/revisions"}],"predecessor-version":[{"id":1483,"href":"https:\/\/dcv-berger-allemand.fr\/fr_fr\/wp-json\/wp\/v2\/pages\/145\/revisions\/1483"}],"wp:attachment":[{"href":"https:\/\/dcv-berger-allemand.fr\/fr_fr\/wp-json\/wp\/v2\/media?parent=145"}],"curies":[{"name":"wp","href":"https:\/\/api.w.org\/{rel}","templated":true}]}}