{"id":143,"date":"2025-04-24T19:17:24","date_gmt":"2025-04-24T19:17:24","guid":{"rendered":"http:\/\/dcv-berger-allemand.fr\/?page_id=143"},"modified":"2026-04-13T09:26:16","modified_gmt":"2026-04-13T09:26:16","slug":"elevage","status":"publish","type":"page","link":"https:\/\/dcv-berger-allemand.fr\/fr_fr\/elevage\/","title":{"rendered":"Elevage"},"content":{"rendered":"<p style=\"text-align: center;\">&#8211; Sous-sections &#8211;<\/p>\n<p style=\"text-align: center;\"><em>(veuillez cliquer sur les liens pour en lire plus)<\/em><\/p>\n<p>Sur cette page vous trouverez toutes les informations pratiques pour d\u00e9cider si vous souhaitez r\u00e9server un chiot Des Crocs V\u00e9ritables. N&rsquo;h\u00e9sitez pas <span style=\"color: #ff0000;\"><em><a style=\"color: #ff0000;\" href=\"https:\/\/dcv-berger-allemand.fr\/contact\/\">\u00e0 nous contacter<\/a> <\/em><\/span>pour un premier \u00e9change.<\/p>\n<p>Comme vous l&rsquo;aurez compris si vous avez parcouru nos pages, nous avons \u00e0 coeur de fournir un chien en bonne sant\u00e9, rustique et aux aptitudes et instincts pr\u00e9serv\u00e9s.<\/p>\n<p>&nbsp;<\/p>\n<div id=\"ez-toc-container\" class=\"ez-toc-v2_0_76 counter-hierarchy ez-toc-counter ez-toc-grey ez-toc-container-direction\">\n<div class=\"ez-toc-title-container\">\n<p class=\"ez-toc-title\" style=\"cursor:inherit\">Contenus de la page<\/p>\n<span class=\"ez-toc-title-toggle\"><a href=\"#\" class=\"ez-toc-pull-right ez-toc-btn ez-toc-btn-xs ez-toc-btn-default ez-toc-toggle\" aria-label=\"Toggle Table of Content\"><span class=\"ez-toc-js-icon-con\"><span class=\"\"><span class=\"eztoc-hide\" style=\"display:none;\">Toggle<\/span><span class=\"ez-toc-icon-toggle-span\"><svg style=\"fill: #999;color:#999\" xmlns=\"http:\/\/www.w3.org\/2000\/svg\" class=\"list-377408\" width=\"20px\" height=\"20px\" viewBox=\"0 0 24 24\" fill=\"none\"><path d=\"M6 6H4v2h2V6zm14 0H8v2h12V6zM4 11h2v2H4v-2zm16 0H8v2h12v-2zM4 16h2v2H4v-2zm16 0H8v2h12v-2z\" fill=\"currentColor\"><\/path><\/svg><svg style=\"fill: #999;color:#999\" class=\"arrow-unsorted-368013\" xmlns=\"http:\/\/www.w3.org\/2000\/svg\" width=\"10px\" height=\"10px\" viewBox=\"0 0 24 24\" version=\"1.2\" baseProfile=\"tiny\"><path d=\"M18.2 9.3l-6.2-6.3-6.2 6.3c-.2.2-.3.4-.3.7s.1.5.3.7c.2.2.4.3.7.3h11c.3 0 .5-.1.7-.3.2-.2.3-.5.3-.7s-.1-.5-.3-.7zM5.8 14.7l6.2 6.3 6.2-6.3c.2-.2.3-.5.3-.7s-.1-.5-.3-.7c-.2-.2-.4-.3-.7-.3h-11c-.3 0-.5.1-.7.3-.2.2-.3.5-.3.7s.1.5.3.7z\"\/><\/svg><\/span><\/span><\/span><\/a><\/span><\/div>\n<nav><ul class='ez-toc-list ez-toc-list-level-1 ' ><li class='ez-toc-page-1 ez-toc-heading-level-2'><a class=\"ez-toc-link ez-toc-heading-1\" href=\"https:\/\/dcv-berger-allemand.fr\/fr_fr\/elevage\/#Portees_en_cours_et_a_venir\" >Port\u00e9es en cours et \u00e0 venir<\/a><\/li><li class='ez-toc-page-1 ez-toc-heading-level-2'><a class=\"ez-toc-link ez-toc-heading-2\" href=\"https:\/\/dcv-berger-allemand.fr\/fr_fr\/elevage\/#_Participer_au_programme_delevage\" >\u00a0Participer au programme d\u2019\u00e9levage<\/a><\/li><li class='ez-toc-page-1 ez-toc-heading-level-2'><a class=\"ez-toc-link ez-toc-heading-3\" href=\"https:\/\/dcv-berger-allemand.fr\/fr_fr\/elevage\/#Reproducteurs\" >Reproducteurs<\/a><\/li><li class='ez-toc-page-1 ez-toc-heading-level-2'><a class=\"ez-toc-link ez-toc-heading-4\" href=\"https:\/\/dcv-berger-allemand.fr\/fr_fr\/elevage\/#Nes_chez_nous\" >N\u00e9s chez nous<\/a><\/li><\/ul><\/nav><\/div>\n<h2><span class=\"ez-toc-section\" id=\"Portees_en_cours_et_a_venir\"><\/span><span style=\"color: #ff0000;\"><a style=\"color: #ff0000;\" href=\"https:\/\/dcv-berger-allemand.fr\/elevage\/portees-en-cours-et-a-venir\/\">Port\u00e9es en cours et \u00e0 venir<\/a><\/span><span class=\"ez-toc-section-end\"><\/span><\/h2>\n<ul style=\"list-style-type: none; padding: 0;\">\n<li>Informations sur les port\u00e9es disponibles ou pr\u00e9vues : dates, parents, r\u00e9servations possibles et priorit\u00e9s de placement<\/li>\n<li><\/li>\n<\/ul>\n<p>&nbsp;<\/p>\n<p><a style=\"font-size: 18px; font-weight: bold; text-decoration: none;\" href=\" https:\/\/dcv-berger-allemand.fr\/elevage\/notre-vision\/\">Notre vision<\/a><\/p>\n<ul style=\"list-style-type: none; padding: 0;\">\n<li style=\"margin-bottom: 20px;\"><span style=\"font-size: 14px; color: #555;\">Un \u00e9levage familial engag\u00e9, bas\u00e9 sur la rusticit\u00e9, la s\u00e9lection raisonn\u00e9e et le respect du chien en tant qu\u2019\u00eatre sensible et fonctionnel.<\/span><\/li>\n<li>\n<h2><img loading=\"lazy\" decoding=\"async\" class=\"size-medium wp-image-425 aligncenter\" src=\"https:\/\/dcv-berger-allemand.fr\/wp-content\/uploads\/2025\/04\/Screenshot_20250422_183921_com_hihonor_photos_SlotAlbumActivity_edit_63477253692920-1-300x300.jpg\" alt=\"\u00c9levage de Berger Allemand \" width=\"300\" height=\"300\" srcset=\"https:\/\/dcv-berger-allemand.fr\/wp-content\/uploads\/2025\/04\/Screenshot_20250422_183921_com_hihonor_photos_SlotAlbumActivity_edit_63477253692920-1-300x300.jpg 300w, https:\/\/dcv-berger-allemand.fr\/wp-content\/uploads\/2025\/04\/Screenshot_20250422_183921_com_hihonor_photos_SlotAlbumActivity_edit_63477253692920-1-1024x1024.jpg 1024w, https:\/\/dcv-berger-allemand.fr\/wp-content\/uploads\/2025\/04\/Screenshot_20250422_183921_com_hihonor_photos_SlotAlbumActivity_edit_63477253692920-1-150x150.jpg 150w, https:\/\/dcv-berger-allemand.fr\/wp-content\/uploads\/2025\/04\/Screenshot_20250422_183921_com_hihonor_photos_SlotAlbumActivity_edit_63477253692920-1-768x767.jpg 768w, https:\/\/dcv-berger-allemand.fr\/wp-content\/uploads\/2025\/04\/Screenshot_20250422_183921_com_hihonor_photos_SlotAlbumActivity_edit_63477253692920-1.jpg 1204w\" sizes=\"auto, (max-width: 300px) 100vw, 300px\" \/><\/h2>\n<\/li>\n<li style=\"margin-bottom: 20px;\"><\/li>\n<li style=\"margin-bottom: 20px;\"><a style=\"font-size: 18px; font-weight: bold; text-decoration: none;\" href=\" https:\/\/dcv-berger-allemand.fr\/elevage\/acquerir-un-chiot\/\">Acqu\u00e9rir un chiot<\/a><\/li>\n<li style=\"margin-bottom: 20px;\"><span style=\"font-size: 14px; color: #555;\">Les \u00e9tapes de r\u00e9servation, nos crit\u00e8res de placement, et l&rsquo;accompagnement que nous proposons pour un d\u00e9part serein. Tous nos chiots ont un <a href=\"https:\/\/www.centrale-canine.fr\/articles\/le-lof\" target=\"_blank\" rel=\"noopener\">pedigree et sont LOF<\/a>.<\/span><\/li>\n<li style=\"margin-bottom: 20px;\">\n<h2><span class=\"ez-toc-section\" id=\"_Participer_au_programme_delevage\"><\/span><a style=\"font-size: 18px; font-weight: bold; text-decoration: none;\" href=\" https:\/\/dcv-berger-allemand.fr\/elevage\/participer-au-programme-delevage\/\">\u00a0Participer au programme d\u2019\u00e9levage<\/a><span class=\"ez-toc-section-end\"><\/span><\/h2>\n<p><span style=\"font-size: 14px; color: #555;\">Nous ouvrons certains projets \u00e0 des familles partenaires : co-\u00e9levage, reproduction encadr\u00e9e, ou valorisation d\u2019un chiot prometteur<a href=\"https:\/\/www.centrale-canine.fr\/articles\/la-cession-du-droit-delevage\" target=\"_blank\" rel=\"noopener\">. <span style=\"color: #0000ff;\">Ce type de programme est autoris\u00e9 par la SCC<\/span><\/a><span style=\"color: #0000ff;\">.<\/span><\/span><\/li>\n<li style=\"margin-bottom: 20px;\">\n<h2><span class=\"ez-toc-section\" id=\"Reproducteurs\"><\/span><a style=\"font-size: 18px; font-weight: bold; text-decoration: none;\" href=\" https:\/\/dcv-berger-allemand.fr\/elevage\/reproducteurs\/\">Reproducteurs<\/a><span class=\"ez-toc-section-end\"><\/span><\/h2>\n<p><span style=\"font-size: 14px; color: #555;\">Pr\u00e9sentation d\u00e9taill\u00e9e de nos m\u00e2les et femelles reproducteurs : lign\u00e9es, sant\u00e9, caract\u00e8re et r\u00e9sultats.<\/span><\/p>\n<h2><span class=\"ez-toc-section\" id=\"Nes_chez_nous\"><\/span><a style=\"font-size: 18px; font-weight: bold; text-decoration: none;\" href=\"https:\/\/dcv-berger-allemand.fr\/elevage\/nes-chez-nous\/\">N\u00e9s chez nous<\/a><span class=\"ez-toc-section-end\"><\/span><\/h2>\n<p><span style=\"font-size: 14px; color: #555;\">Quelques photos de chiens n\u00e9s chez nous et devenus grands, pour voir avoir une id\u00e9e de ce \u00e0 quoi ressemble notre production ou juste pour le plaisir des yeux!<\/span><\/li>\n<li style=\"margin-bottom: 20px;\">\n<h2><img loading=\"lazy\" decoding=\"async\" class=\"size-medium wp-image-424 aligncenter\" src=\"https:\/\/dcv-berger-allemand.fr\/wp-content\/uploads\/2025\/04\/Screenshot_20250422_185628_com_instagram_android_InstagramMainActivity_edit_65122534671459-1-300x300.jpg\" alt=\"\u00c9levage de Berger Allemand \" width=\"300\" height=\"300\" srcset=\"https:\/\/dcv-berger-allemand.fr\/wp-content\/uploads\/2025\/04\/Screenshot_20250422_185628_com_instagram_android_InstagramMainActivity_edit_65122534671459-1-300x300.jpg 300w, https:\/\/dcv-berger-allemand.fr\/wp-content\/uploads\/2025\/04\/Screenshot_20250422_185628_com_instagram_android_InstagramMainActivity_edit_65122534671459-1-1024x1024.jpg 1024w, https:\/\/dcv-berger-allemand.fr\/wp-content\/uploads\/2025\/04\/Screenshot_20250422_185628_com_instagram_android_InstagramMainActivity_edit_65122534671459-1-150x150.jpg 150w, https:\/\/dcv-berger-allemand.fr\/wp-content\/uploads\/2025\/04\/Screenshot_20250422_185628_com_instagram_android_InstagramMainActivity_edit_65122534671459-1-768x768.jpg 768w, https:\/\/dcv-berger-allemand.fr\/wp-content\/uploads\/2025\/04\/Screenshot_20250422_185628_com_instagram_android_InstagramMainActivity_edit_65122534671459-1.jpg 1224w\" sizes=\"auto, (max-width: 300px) 100vw, 300px\" \/><\/h2>\n<\/li>\n<\/ul>\n<div style=\"display: flex; flex-wrap: wrap; justify-content: center; gap: 10px; margin-top: 30px;\"><span style=\"color: #666666; text-align: center;\">\u00a9 2025 \u00c9levage des Crocs V\u00e9ritables<\/span><\/div>\n<p>&nbsp;<\/p>\n<div style=\"text-align: center; font-size: 16px; margin-top: 20px;\"><strong>Navigation rapide :<\/strong><\/div>\n<div style=\"text-align: center; font-size: 16px; margin-top: 20px;\"><a href=\"https:\/\/dcv-berger-allemand.fr\/\">Accueil<\/a><\/div>\n<div style=\"text-align: center; font-size: 16px; margin-top: 20px;\"><span style=\"color: #ff0000;\"><em><a style=\"color: #ff0000;\" href=\"\/elevage\/\">\u00c9levage<\/a> |<a style=\"color: #ff0000;\" href=\"\/contact\/\">Contact<\/a> |<\/em><\/span><br \/>\n<a href=\"\/le-berger-allemand\/\">Le Berger Allemand<\/a> | <a href=\"\/sante\/\">Sant\u00e9<\/a> | <a href=\"\/selection\/\">S\u00e9lection<\/a> | <a href=\"\/vivre-avec-un-berger-allemand\/\">Vivre avec un Berger Allemand<\/a> | <a href=\"\/education-et-dressage\/\">\u00c9ducation et dressage<\/a> | \u00a0<a href=\"\/photos-et-videos\/\">Photos<\/a> |<a href=\"\/liens-et-bibliographie\/\">Liens <\/a> | <em><span style=\"color: #339966;\"><a style=\"color: #339966;\" href=\"https:\/\/dcv-berger-allemand.fr\/articles-et-reflexions\/\">Articles et R\u00e9flexions<\/a><\/span><\/em><\/div>\n","protected":false},"excerpt":{"rendered":"<p>&#8211; Sous-sections &#8211; (veuillez cliquer sur les liens pour en lire plus) Sur cette page vous trouverez toutes les informations pratiques pour d\u00e9cider si vous souhaitez r\u00e9server un chiot Des Crocs V\u00e9ritables. N&rsquo;h\u00e9sitez pas \u00e0 nous contacter pour un premier \u00e9change. Comme vous l&rsquo;aurez compris si vous avez parcouru nos pages, nous avons \u00e0 coeur [&hellip;]<\/p>\n","protected":false},"author":1,"featured_media":0,"parent":0,"menu_order":6,"comment_status":"closed","ping_status":"closed","template":"","meta":{"footnotes":""},"class_list":["post-143","page","type-page","status-publish","hentry"],"_links":{"self":[{"href":"https:\/\/dcv-berger-allemand.fr\/fr_fr\/wp-json\/wp\/v2\/pages\/143","targetHints":{"allow":["GET"]}}],"collection":[{"href":"https:\/\/dcv-berger-allemand.fr\/fr_fr\/wp-json\/wp\/v2\/pages"}],"about":[{"href":"https:\/\/dcv-berger-allemand.fr\/fr_fr\/wp-json\/wp\/v2\/types\/page"}],"author":[{"embeddable":true,"href":"https:\/\/dcv-berger-allemand.fr\/fr_fr\/wp-json\/wp\/v2\/users\/1"}],"replies":[{"embeddable":true,"href":"https:\/\/dcv-berger-allemand.fr\/fr_fr\/wp-json\/wp\/v2\/comments?post=143"}],"version-history":[{"count":46,"href":"https:\/\/dcv-berger-allemand.fr\/fr_fr\/wp-json\/wp\/v2\/pages\/143\/revisions"}],"predecessor-version":[{"id":1594,"href":"https:\/\/dcv-berger-allemand.fr\/fr_fr\/wp-json\/wp\/v2\/pages\/143\/revisions\/1594"}],"wp:attachment":[{"href":"https:\/\/dcv-berger-allemand.fr\/fr_fr\/wp-json\/wp\/v2\/media?parent=143"}],"curies":[{"name":"wp","href":"https:\/\/api.w.org\/{rel}","templated":true}]}}