{"id":141,"date":"2025-04-24T19:20:41","date_gmt":"2025-04-24T19:20:41","guid":{"rendered":"http:\/\/dcv-berger-allemand.fr\/?page_id=141"},"modified":"2025-10-26T17:57:55","modified_gmt":"2025-10-26T17:57:55","slug":"vivre-avec-un-berger-allemand","status":"publish","type":"page","link":"https:\/\/dcv-berger-allemand.fr\/fr_fr\/vivre-avec-un-berger-allemand\/","title":{"rendered":"Vivre avec un Berger Allemand?"},"content":{"rendered":"<p style=\"text-align: center;\">&#8211; Sous-sections &#8211;<\/p>\n<p style=\"text-align: center;\"><em>(veuillez cliquer sur les liens pour en lire plus)<\/em><\/p>\n<ul style=\"list-style-type: none; padding: 0;\">\n<li style=\"margin-bottom: 20px;\">\n<div id=\"ez-toc-container\" class=\"ez-toc-v2_0_76 counter-hierarchy ez-toc-counter ez-toc-grey ez-toc-container-direction\">\n<div class=\"ez-toc-title-container\">\n<p class=\"ez-toc-title\" style=\"cursor:inherit\">Contenus de la page<\/p>\n<span class=\"ez-toc-title-toggle\"><a href=\"#\" class=\"ez-toc-pull-right ez-toc-btn ez-toc-btn-xs ez-toc-btn-default ez-toc-toggle\" aria-label=\"Toggle Table of Content\"><span class=\"ez-toc-js-icon-con\"><span class=\"\"><span class=\"eztoc-hide\" style=\"display:none;\">Toggle<\/span><span class=\"ez-toc-icon-toggle-span\"><svg style=\"fill: #999;color:#999\" xmlns=\"http:\/\/www.w3.org\/2000\/svg\" class=\"list-377408\" width=\"20px\" height=\"20px\" viewBox=\"0 0 24 24\" fill=\"none\"><path d=\"M6 6H4v2h2V6zm14 0H8v2h12V6zM4 11h2v2H4v-2zm16 0H8v2h12v-2zM4 16h2v2H4v-2zm16 0H8v2h12v-2z\" fill=\"currentColor\"><\/path><\/svg><svg style=\"fill: #999;color:#999\" class=\"arrow-unsorted-368013\" xmlns=\"http:\/\/www.w3.org\/2000\/svg\" width=\"10px\" height=\"10px\" viewBox=\"0 0 24 24\" version=\"1.2\" baseProfile=\"tiny\"><path d=\"M18.2 9.3l-6.2-6.3-6.2 6.3c-.2.2-.3.4-.3.7s.1.5.3.7c.2.2.4.3.7.3h11c.3 0 .5-.1.7-.3.2-.2.3-.5.3-.7s-.1-.5-.3-.7zM5.8 14.7l6.2 6.3 6.2-6.3c.2-.2.3-.5.3-.7s-.1-.5-.3-.7c-.2-.2-.4-.3-.7-.3h-11c-.3 0-.5.1-.7.3-.2.2-.3.5-.3.7s.1.5.3.7z\"\/><\/svg><\/span><\/span><\/span><\/a><\/span><\/div>\n<nav><ul class='ez-toc-list ez-toc-list-level-1 ' ><li class='ez-toc-page-1 ez-toc-heading-level-2'><a class=\"ez-toc-link ez-toc-heading-1\" href=\"https:\/\/dcv-berger-allemand.fr\/fr_fr\/vivre-avec-un-berger-allemand\/#Ce_que_le_Berger_Allemand_exige_au_quotidien\" >Ce que le Berger Allemand exige au quotidien<\/a><\/li><li class='ez-toc-page-1 ez-toc-heading-level-2'><a class=\"ez-toc-link ez-toc-heading-2\" href=\"https:\/\/dcv-berger-allemand.fr\/fr_fr\/vivre-avec-un-berger-allemand\/#Bien_se_preparer_a_ladoption\" >Bien se pr\u00e9parer \u00e0 l&rsquo;adoption<\/a><\/li><li class='ez-toc-page-1 ez-toc-heading-level-2'><a class=\"ez-toc-link ez-toc-heading-3\" href=\"https:\/\/dcv-berger-allemand.fr\/fr_fr\/vivre-avec-un-berger-allemand\/#_Choisir_la_bonne_lignee_et_le_bon_elevage\" >\u00a0Choisir la bonne lign\u00e9e et le bon \u00e9levage<\/a><\/li><li class='ez-toc-page-1 ez-toc-heading-level-2'><a class=\"ez-toc-link ez-toc-heading-4\" href=\"https:\/\/dcv-berger-allemand.fr\/fr_fr\/vivre-avec-un-berger-allemand\/#Vivre_avec_un_Berger_Allemand_adopter_en_refuge_ou_acheter_un_chiot_selectionne\" >Vivre avec un Berger Allemand , adopter en refuge ou acheter un chiot s\u00e9lectionn\u00e9 ?<\/a><\/li><\/ul><\/nav><\/div>\n<h2><span class=\"ez-toc-section\" id=\"Ce_que_le_Berger_Allemand_exige_au_quotidien\"><\/span><a style=\"font-size: 18px; font-weight: bold; text-decoration: none; color: #2c3e50;\" href=\" https:\/\/dcv-berger-allemand.fr\/vivre-avec-un-berger-allemand\/ce-que-le-berger\/\">Ce que le Berger Allemand exige au quotidien<\/a><span class=\"ez-toc-section-end\"><\/span><\/h2>\n<\/li>\n<li style=\"margin-bottom: 20px;\">\n<h2><img loading=\"lazy\" decoding=\"async\" class=\"size-medium wp-image-643 aligncenter\" src=\"https:\/\/dcv-berger-allemand.fr\/wp-content\/uploads\/2025\/04\/Screenshot_20250428_135821_com_hihonor_photos_SlotAlbumActivity_edit_210581281211075-300x162.jpg\" alt=\"Vivre avec un Berger Allemand \" width=\"300\" height=\"162\" srcset=\"https:\/\/dcv-berger-allemand.fr\/wp-content\/uploads\/2025\/04\/Screenshot_20250428_135821_com_hihonor_photos_SlotAlbumActivity_edit_210581281211075-300x162.jpg 300w, https:\/\/dcv-berger-allemand.fr\/wp-content\/uploads\/2025\/04\/Screenshot_20250428_135821_com_hihonor_photos_SlotAlbumActivity_edit_210581281211075-1024x553.jpg 1024w, https:\/\/dcv-berger-allemand.fr\/wp-content\/uploads\/2025\/04\/Screenshot_20250428_135821_com_hihonor_photos_SlotAlbumActivity_edit_210581281211075-768x415.jpg 768w, https:\/\/dcv-berger-allemand.fr\/wp-content\/uploads\/2025\/04\/Screenshot_20250428_135821_com_hihonor_photos_SlotAlbumActivity_edit_210581281211075.jpg 1222w\" sizes=\"auto, (max-width: 300px) 100vw, 300px\" \/><\/h2>\n<p><span style=\"font-size: 14px; color: #555;\">Le Berger Allemand n\u2019est pas un chien ordinaire. Polyvalent, intelligent, courageux, il se\u0301duit par son allure et son engagement. Mais derrie\u0300re cette image, il y a un animal puissant, sensible, exigeant \u2013 un compagnon qui me\u0301rite qu\u2019on le choisisse en conscience.<\/span><\/p>\n<ul style=\"list-style-type: none; padding: 0;\">\n<li style=\"margin-bottom: 20px;\">\n<h2><span class=\"ez-toc-section\" id=\"Bien_se_preparer_a_ladoption\"><\/span><a style=\"font-size: 18px; font-weight: bold; text-decoration: none; color: #2c3e50;\" href=\"https:\/\/dcv-berger-allemand.fr\/vivre-avec-un-berger-allemand\/bien-se-preparer-a-ladoption\/\">Bien se pr\u00e9parer \u00e0 l&rsquo;adoption<\/a><span class=\"ez-toc-section-end\"><\/span><\/h2>\n<\/li>\n<li style=\"margin-bottom: 20px;\"><span style=\"font-size: 14px; color: #555;\">Tout ce qu\u2019il faut anticiper avant l\u2019arriv\u00e9e d\u2019un Berger Allemand chez soi : organisation, engagement, et coh\u00e9rence familiale.<\/span><\/li>\n<\/ul>\n<\/li>\n<li style=\"margin-bottom: 20px;\">\n<h2><span class=\"ez-toc-section\" id=\"_Choisir_la_bonne_lignee_et_le_bon_elevage\"><\/span><a style=\"font-size: 18px; font-weight: bold; text-decoration: none; color: #2c3e50;\" href=\" https:\/\/dcv-berger-allemand.fr\/vivre-avec-un-berger-allemand\/choisir\/\">\u00a0Choisir la bonne lign\u00e9e et le bon \u00e9levage<\/a><span class=\"ez-toc-section-end\"><\/span><\/h2>\n<p><span style=\"font-size: 14px; color: #555;\">Pourquoi tous les Bergers Allemands ne se valent pas, et comment faire un choix \u00e9clair\u00e9 en fonction de vos attentes.<\/span><\/li>\n<li style=\"margin-bottom: 20px;\"><a style=\"font-size: 18px; font-weight: bold; text-decoration: none; color: #2c3e50;\" href=\"https:\/\/dcv-berger-allemand.fr\/vivre-avec-un-berger-allemand\/profils-de-maitres-adaptes\/\">Profils de ma\u00eetres adapt\u00e9s<\/a><br \/>\n<span style=\"font-size: 14px; color: #555;\">Ce type de chien n\u2019est pas fait pour tout le monde : focus sur les profils humains compatibles avec le temp\u00e9rament de race.<\/span><\/li>\n<li style=\"margin-bottom: 20px;\"><a style=\"font-size: 18px; font-weight: bold; text-decoration: none; color: #2c3e50;\" href=\" https:\/\/dcv-berger-allemand.fr\/vivre-avec-un-berger-allemand\/les-bonnes-questions-a-se-poser\/\">Les bonnes questions \u00e0 se poser<\/a><\/li>\n<\/ul>\n<p><span style=\"font-size: 14px; color: #555;\"><img loading=\"lazy\" decoding=\"async\" class=\"size-medium wp-image-432 aligncenter\" src=\"https:\/\/dcv-berger-allemand.fr\/wp-content\/uploads\/2025\/04\/IMG_20210430_195001_144-1-300x300.jpg\" alt=\"Vivre avec un Berger Allemand \" width=\"300\" height=\"300\" srcset=\"https:\/\/dcv-berger-allemand.fr\/wp-content\/uploads\/2025\/04\/IMG_20210430_195001_144-1-300x300.jpg 300w, https:\/\/dcv-berger-allemand.fr\/wp-content\/uploads\/2025\/04\/IMG_20210430_195001_144-1-1024x1024.jpg 1024w, https:\/\/dcv-berger-allemand.fr\/wp-content\/uploads\/2025\/04\/IMG_20210430_195001_144-1-150x150.jpg 150w, https:\/\/dcv-berger-allemand.fr\/wp-content\/uploads\/2025\/04\/IMG_20210430_195001_144-1-768x768.jpg 768w, https:\/\/dcv-berger-allemand.fr\/wp-content\/uploads\/2025\/04\/IMG_20210430_195001_144-1.jpg 1080w\" sizes=\"auto, (max-width: 300px) 100vw, 300px\" \/><\/span><\/p>\n<p><span style=\"font-size: 14px; color: #555;\">Une s\u00e9rie de r\u00e9flexions essentielles avant de s\u2019engager : pourquoi vouloir un Berger Allemand, pour quel style de vie ?<\/span><\/p>\n<ul style=\"list-style-type: none; padding: 0;\">\n<li style=\"margin-bottom: 20px;\">\n<h2><span class=\"ez-toc-section\" id=\"Vivre_avec_un_Berger_Allemand_adopter_en_refuge_ou_acheter_un_chiot_selectionne\"><\/span><a style=\"font-size: 18px; font-weight: bold; text-decoration: none; color: #2c3e50;\" href=\" https:\/\/dcv-berger-allemand.fr\/vivre-avec-un-berger-allemand\/refuge-ou-chiot-selectionne\/\">Vivre avec un Berger Allemand , adopter en refuge ou acheter un chiot s\u00e9lectionn\u00e9 ?<\/a><span class=\"ez-toc-section-end\"><\/span><\/h2>\n<p><span style=\"font-size: 14px; color: #555;\">Adopter un chien adulte ou acqu\u00e9rir un chiot issu d\u2019un \u00e9levage s\u00e9rieux : avantages, limites et responsabilit\u00e9s dans les deux cas. N&rsquo;oubliez pas que de nombreux refuges sont pleins! <a href=\"https:\/\/www.la-spa.fr\/\" target=\"_blank\" rel=\"noopener\">Site de la SPA ici<\/a><\/span><\/li>\n<\/ul>\n<div style=\"display: flex; flex-wrap: wrap; justify-content: center; gap: 10px; margin-top: 30px;\"><span style=\"color: #666666; text-align: center;\">\u00a9 2025 \u00c9levage des Crocs V\u00e9ritables<\/span><\/div>\n<p>&nbsp;<\/p>\n<div style=\"text-align: center; font-size: 16px; margin-top: 20px;\"><strong>Navigation rapide :<\/strong><\/div>\n<div style=\"text-align: center; font-size: 16px; margin-top: 20px;\"><a href=\"https:\/\/dcv-berger-allemand.fr\/\">Accueil<\/a><\/div>\n<div style=\"text-align: center; font-size: 16px; margin-top: 20px;\"><span style=\"color: #ff0000;\"><a style=\"color: #ff0000;\" href=\"\/elevage\/\">\u00c9l<em>evage<\/em><\/a><em><a style=\"color: #ff0000;\" href=\"\/le-berger-allemand\/\"> |<\/a><a style=\"color: #ff0000;\" href=\"\/contact\/\">Contact<\/a><a style=\"color: #ff0000;\" href=\"\/le-berger-allemand\/\"> |<\/a><\/em><\/span><br \/>\n<a href=\"\/le-berger-allemand\/\">Le Berger Allemand<\/a> | <a href=\"\/sante\/\">Sant\u00e9<\/a> | <a href=\"\/selection\/\">S\u00e9lection<\/a> | <a href=\"\/vivre-avec-un-berger-allemand\/\">Vivre avec un Berger Allemand<\/a> | <a href=\"\/education-et-dressage\/\">\u00c9ducation et dressage<\/a> | \u00a0<a href=\"\/photos-et-videos\/\">Photos<\/a> |\u00a0<a href=\"\/liens-et-bibliographie\/\">Liens <\/a> | <em><span style=\"color: #339966;\"><a style=\"color: #339966;\" href=\"https:\/\/dcv-berger-allemand.fr\/articles-et-reflexions\/\">Articles et R\u00e9flexions<\/a><\/span><\/em><\/div>\n<p>&nbsp;<\/p>\n","protected":false},"excerpt":{"rendered":"<p>&#8211; Sous-sections &#8211; (veuillez cliquer sur les liens pour en lire plus) Ce que le Berger Allemand exige au quotidien Le Berger Allemand n\u2019est pas un chien ordinaire. Polyvalent, intelligent, courageux, il se\u0301duit par son allure et son engagement. Mais derrie\u0300re cette image, il y a un animal puissant, sensible, exigeant \u2013 un compagnon qui [&hellip;]<\/p>\n","protected":false},"author":1,"featured_media":0,"parent":0,"menu_order":4,"comment_status":"closed","ping_status":"closed","template":"","meta":{"footnotes":""},"class_list":["post-141","page","type-page","status-publish","hentry"],"_links":{"self":[{"href":"https:\/\/dcv-berger-allemand.fr\/fr_fr\/wp-json\/wp\/v2\/pages\/141","targetHints":{"allow":["GET"]}}],"collection":[{"href":"https:\/\/dcv-berger-allemand.fr\/fr_fr\/wp-json\/wp\/v2\/pages"}],"about":[{"href":"https:\/\/dcv-berger-allemand.fr\/fr_fr\/wp-json\/wp\/v2\/types\/page"}],"author":[{"embeddable":true,"href":"https:\/\/dcv-berger-allemand.fr\/fr_fr\/wp-json\/wp\/v2\/users\/1"}],"replies":[{"embeddable":true,"href":"https:\/\/dcv-berger-allemand.fr\/fr_fr\/wp-json\/wp\/v2\/comments?post=141"}],"version-history":[{"count":38,"href":"https:\/\/dcv-berger-allemand.fr\/fr_fr\/wp-json\/wp\/v2\/pages\/141\/revisions"}],"predecessor-version":[{"id":1473,"href":"https:\/\/dcv-berger-allemand.fr\/fr_fr\/wp-json\/wp\/v2\/pages\/141\/revisions\/1473"}],"wp:attachment":[{"href":"https:\/\/dcv-berger-allemand.fr\/fr_fr\/wp-json\/wp\/v2\/media?parent=141"}],"curies":[{"name":"wp","href":"https:\/\/api.w.org\/{rel}","templated":true}]}}