{"id":140,"date":"2025-04-24T19:20:10","date_gmt":"2025-04-24T19:20:10","guid":{"rendered":"http:\/\/dcv-berger-allemand.fr\/?page_id=140"},"modified":"2025-10-26T17:57:25","modified_gmt":"2025-10-26T17:57:25","slug":"selection","status":"publish","type":"page","link":"https:\/\/dcv-berger-allemand.fr\/fr_fr\/selection\/","title":{"rendered":"S\u00e9lection"},"content":{"rendered":"<p style=\"text-align: center;\">&#8211; Sous-sections &#8211;<\/p>\n<p style=\"text-align: center;\"><em>(veuillez cliquer sur les liens pour en lire plus)<\/em><\/p>\n<p>Dans ce chapitre sur la S\u00e9lection vous trouverez des r\u00e9flexions sur les choix qui guident l&rsquo;\u00e9levage, les limites rencontr\u00e9es, des aspects souvent laiss\u00e9s de c\u00f4t\u00e9 dans les crit\u00e8res de choix des reproducteurs. Mais aussi sur l&rsquo;importance d&rsquo;accepter que chaque individu \u00e0 des qualit\u00e9s qui lui sont propre.<\/p>\n<ul style=\"list-style-type: none; padding: 0;\">\n<li style=\"margin-bottom: 20px;\">\n<div id=\"ez-toc-container\" class=\"ez-toc-v2_0_76 counter-hierarchy ez-toc-counter ez-toc-grey ez-toc-container-direction\">\n<div class=\"ez-toc-title-container\">\n<p class=\"ez-toc-title\" style=\"cursor:inherit\">Contenus de la page<\/p>\n<span class=\"ez-toc-title-toggle\"><a href=\"#\" class=\"ez-toc-pull-right ez-toc-btn ez-toc-btn-xs ez-toc-btn-default ez-toc-toggle\" aria-label=\"Toggle Table of Content\"><span class=\"ez-toc-js-icon-con\"><span class=\"\"><span class=\"eztoc-hide\" style=\"display:none;\">Toggle<\/span><span class=\"ez-toc-icon-toggle-span\"><svg style=\"fill: #999;color:#999\" xmlns=\"http:\/\/www.w3.org\/2000\/svg\" class=\"list-377408\" width=\"20px\" height=\"20px\" viewBox=\"0 0 24 24\" fill=\"none\"><path d=\"M6 6H4v2h2V6zm14 0H8v2h12V6zM4 11h2v2H4v-2zm16 0H8v2h12v-2zM4 16h2v2H4v-2zm16 0H8v2h12v-2z\" fill=\"currentColor\"><\/path><\/svg><svg style=\"fill: #999;color:#999\" class=\"arrow-unsorted-368013\" xmlns=\"http:\/\/www.w3.org\/2000\/svg\" width=\"10px\" height=\"10px\" viewBox=\"0 0 24 24\" version=\"1.2\" baseProfile=\"tiny\"><path d=\"M18.2 9.3l-6.2-6.3-6.2 6.3c-.2.2-.3.4-.3.7s.1.5.3.7c.2.2.4.3.7.3h11c.3 0 .5-.1.7-.3.2-.2.3-.5.3-.7s-.1-.5-.3-.7zM5.8 14.7l6.2 6.3 6.2-6.3c.2-.2.3-.5.3-.7s-.1-.5-.3-.7c-.2-.2-.4-.3-.7-.3h-11c-.3 0-.5.1-.7.3-.2.2-.3.5-.3.7s.1.5.3.7z\"\/><\/svg><\/span><\/span><\/span><\/a><\/span><\/div>\n<nav><ul class='ez-toc-list ez-toc-list-level-1 ' ><li class='ez-toc-page-1 ez-toc-heading-level-2'><a class=\"ez-toc-link ez-toc-heading-1\" href=\"https:\/\/dcv-berger-allemand.fr\/fr_fr\/selection\/#_Reflechir_autrement_ou_comment_elargir_son_angle_de_vue\" >\u00a0R\u00e9fl\u00e9chir autrement ou comment \u00e9largir son angle de vue<\/a><\/li><li class='ez-toc-page-1 ez-toc-heading-level-2'><a class=\"ez-toc-link ez-toc-heading-2\" href=\"https:\/\/dcv-berger-allemand.fr\/fr_fr\/selection\/#Limites_dune_approche_centree_sur_le_sport\" >Limites d\u2019une approche centr\u00e9e sur le sport<\/a><\/li><li class='ez-toc-page-1 ez-toc-heading-level-2'><a class=\"ez-toc-link ez-toc-heading-3\" href=\"https:\/\/dcv-berger-allemand.fr\/fr_fr\/selection\/#La_garde_un_travail\" >La garde, un travail?<\/a><\/li><li class='ez-toc-page-1 ez-toc-heading-level-2'><a class=\"ez-toc-link ez-toc-heading-4\" href=\"https:\/\/dcv-berger-allemand.fr\/fr_fr\/selection\/#_Les_criteres_de_rusticite_equilibre_nerveux_et_polyvalence\" >\u00a0Les crit\u00e8res de rusticit\u00e9, \u00e9quilibre nerveux et polyvalence<\/a><\/li><li class='ez-toc-page-1 ez-toc-heading-level-2'><a class=\"ez-toc-link ez-toc-heading-5\" href=\"https:\/\/dcv-berger-allemand.fr\/fr_fr\/selection\/#Lindividuation_des_caracteres_tous_les_chiens_ne_sont_pas_faits_pour_tout\" >L&rsquo;individuation des caract\u00e8res,\u00a0 tous les chiens ne sont pas faits pour tout<\/a><\/li><\/ul><\/nav><\/div>\n<h2><span class=\"ez-toc-section\" id=\"_Reflechir_autrement_ou_comment_elargir_son_angle_de_vue\"><\/span><a style=\"font-size: 18px; font-weight: bold; text-decoration: none; color: #2c3e50;\" href=\" https:\/\/dcv-berger-allemand.fr\/selection\/reflechir-la-selection-autrement\/\">\u00a0R\u00e9fl\u00e9chir autrement ou comment \u00e9largir son angle de vue<\/a><span class=\"ez-toc-section-end\"><\/span><\/h2>\n<p><span style=\"font-size: 14px; color: #555;\">Au-del\u00e0 des performances sportives, il nous para\u00eet important de penser le choix des reproducteurs sur des crit\u00e8res plus larges. Nous proposons ici une r\u00e9flexion pour construire une s\u00e9lection coh\u00e9rente, fonctionnelle et \u00e9quilibr\u00e9e.<\/span><\/li>\n<li style=\"margin-bottom: 20px;\">\n<h2><span class=\"ez-toc-section\" id=\"Limites_dune_approche_centree_sur_le_sport\"><\/span><a style=\"font-size: 18px; font-weight: bold; text-decoration: none; color: #2c3e50;\" href=\" https:\/\/dcv-berger-allemand.fr\/selection\/limites-sport\/\">Limites d\u2019une approche centr\u00e9e sur le sport<\/a><span class=\"ez-toc-section-end\"><\/span><\/h2>\n<\/li>\n<li style=\"margin-bottom: 20px;\">\n<h2><img loading=\"lazy\" decoding=\"async\" class=\"size-medium wp-image-672 aligncenter\" src=\"https:\/\/dcv-berger-allemand.fr\/wp-content\/uploads\/2025\/04\/Screenshot_20250422_183851_com_hihonor_photos_SlotAlbumActivity-1-300x96.jpg\" alt=\"S\u00e9lection du Berger Allemand limites du sport\" width=\"300\" height=\"96\" srcset=\"https:\/\/dcv-berger-allemand.fr\/wp-content\/uploads\/2025\/04\/Screenshot_20250422_183851_com_hihonor_photos_SlotAlbumActivity-1-300x96.jpg 300w, https:\/\/dcv-berger-allemand.fr\/wp-content\/uploads\/2025\/04\/Screenshot_20250422_183851_com_hihonor_photos_SlotAlbumActivity-1-768x247.jpg 768w, https:\/\/dcv-berger-allemand.fr\/wp-content\/uploads\/2025\/04\/Screenshot_20250422_183851_com_hihonor_photos_SlotAlbumActivity-1.jpg 788w\" sizes=\"auto, (max-width: 300px) 100vw, 300px\" \/><\/h2>\n<p><span style=\"font-size: 14px; color: #555;\">Loin de nous l&rsquo;id\u00e9e de d\u00e9nigrer l&rsquo;int\u00e9r\u00eat <a href=\"https:\/\/fr.wikipedia.org\/wiki\/Sport_canin\" target=\"_blank\" rel=\"noopener\">des sports canins<\/a>, il nous para\u00eet cependant int\u00e9ressant de questionner les d\u00e9rives d\u2019une s\u00e9lection uniquement ax\u00e9e sur les \u00e9preuves sportives.\u00a0<\/span><\/li>\n<li style=\"margin-bottom: 20px;\">\n<h2><span class=\"ez-toc-section\" id=\"La_garde_un_travail\"><\/span><a style=\"font-size: 18px; font-weight: bold; text-decoration: none; color: #2c3e50;\" href=\" https:\/\/dcv-berger-allemand.fr\/selection\/la-garde-un-travail\/\">La garde, un travail?<\/a><span class=\"ez-toc-section-end\"><\/span><\/h2>\n<p><span style=\"font-size: 14px; color: #555;\">Jouant avant tout un r\u00f4le de dissuasion, nous penchons pour la r\u00e9habilitation du chien de garde dans une logique de s\u00e9lection : instincts naturels, stabilit\u00e9 \u00e9motionnelle et autonomie.<\/span><\/li>\n<li><img loading=\"lazy\" decoding=\"async\" class=\"size-medium wp-image-582 aligncenter\" src=\"https:\/\/dcv-berger-allemand.fr\/wp-content\/uploads\/2025\/04\/IMG_20250428_090038_edit_207469843294137-225x300.jpg\" alt=\"S\u00e9lection du Berger Allemand, la garde \" width=\"225\" height=\"300\" srcset=\"https:\/\/dcv-berger-allemand.fr\/wp-content\/uploads\/2025\/04\/IMG_20250428_090038_edit_207469843294137-225x300.jpg 225w, https:\/\/dcv-berger-allemand.fr\/wp-content\/uploads\/2025\/04\/IMG_20250428_090038_edit_207469843294137-768x1024.jpg 768w, https:\/\/dcv-berger-allemand.fr\/wp-content\/uploads\/2025\/04\/IMG_20250428_090038_edit_207469843294137-1152x1536.jpg 1152w, https:\/\/dcv-berger-allemand.fr\/wp-content\/uploads\/2025\/04\/IMG_20250428_090038_edit_207469843294137.jpg 1412w\" sizes=\"auto, (max-width: 225px) 100vw, 225px\" \/>\n<ul style=\"list-style-type: none; padding: 0;\">\n<li style=\"margin-bottom: 20px;\">\n<h2><span class=\"ez-toc-section\" id=\"_Les_criteres_de_rusticite_equilibre_nerveux_et_polyvalence\"><\/span><a style=\"font-size: 18px; font-weight: bold; text-decoration: none; color: #2c3e50;\" href=\"https:\/\/dcv-berger-allemand.fr\/selection\/rusticite-equilibre\/\">\u00a0Les crit\u00e8res de rusticit\u00e9, \u00e9quilibre nerveux et polyvalence<\/a><span class=\"ez-toc-section-end\"><\/span><\/h2>\n<p><span style=\"font-size: 14px; color: #555;\">Bien que ces points soient souvent consid\u00e9r\u00e9s comme secondaires, ces crit\u00e8res sont fondamentaux dans notre \u00e9levage. Ils nous paraissent essentiels pour produire des chiens sains, solides et adapt\u00e9s \u00e0 la vie r\u00e9elle.<\/span><\/p>\n<ul style=\"list-style-type: none; padding: 0;\">\n<li style=\"margin-bottom: 20px;\">\n<h2><span class=\"ez-toc-section\" id=\"Lindividuation_des_caracteres_tous_les_chiens_ne_sont_pas_faits_pour_tout\"><\/span><a style=\"font-size: 18px; font-weight: bold; text-decoration: none; color: #2c3e50;\" href=\" https:\/\/dcv-berger-allemand.fr\/selection\/tous-les-chiens\/\">L&rsquo;individuation des caract\u00e8res,\u00a0 tous les chiens ne sont pas faits pour tout<\/a><span class=\"ez-toc-section-end\"><\/span><\/h2>\n<p><span style=\"font-size: 14px; color: #555;\">Chaque Berger Allemand est un individu! En tant que tel, il a ses pr\u00e9dispositions. Ce point traite de\u00a0 l\u2019importance de choisir un chien en coh\u00e9rence avec ses capacit\u00e9s et le projet du ma\u00eetre. C&rsquo;est un service que nous tentons d&rsquo;appliquer dans notre \u00e9levage.<\/span><\/li>\n<li><img loading=\"lazy\" decoding=\"async\" class=\"size-medium wp-image-436 aligncenter\" src=\"https:\/\/dcv-berger-allemand.fr\/wp-content\/uploads\/2025\/04\/IMG-20180628-WA0000-1-300x225.jpg\" alt=\"S\u00e9lection du Berger Allemand, individuation des caract\u00e8res \" width=\"300\" height=\"225\" srcset=\"https:\/\/dcv-berger-allemand.fr\/wp-content\/uploads\/2025\/04\/IMG-20180628-WA0000-1-300x225.jpg 300w, https:\/\/dcv-berger-allemand.fr\/wp-content\/uploads\/2025\/04\/IMG-20180628-WA0000-1-1024x768.jpg 1024w, https:\/\/dcv-berger-allemand.fr\/wp-content\/uploads\/2025\/04\/IMG-20180628-WA0000-1-768x576.jpg 768w, https:\/\/dcv-berger-allemand.fr\/wp-content\/uploads\/2025\/04\/IMG-20180628-WA0000-1-1536x1152.jpg 1536w, https:\/\/dcv-berger-allemand.fr\/wp-content\/uploads\/2025\/04\/IMG-20180628-WA0000-1.jpg 1600w\" sizes=\"auto, (max-width: 300px) 100vw, 300px\" \/><\/li>\n<\/ul>\n<\/li>\n<\/ul>\n<\/li>\n<\/ul>\n<div style=\"display: flex; flex-wrap: wrap; justify-content: center; gap: 10px; margin-top: 30px;\"><span style=\"color: #666666; text-align: center;\">\u00a9 2025 \u00c9levage des Crocs V\u00e9ritables<\/span><\/div>\n<p>&nbsp;<\/p>\n<div style=\"text-align: center; font-size: 16px; margin-top: 20px;\"><strong>Navigation rapide :<\/strong><\/div>\n<div style=\"text-align: center; font-size: 16px; margin-top: 20px;\"><a href=\"https:\/\/dcv-berger-allemand.fr\/\">Accueil<\/a><\/div>\n<div style=\"text-align: center; font-size: 16px; margin-top: 20px;\"><span style=\"color: #ff0000;\"><a style=\"color: #ff0000;\" href=\"\/elevage\/\">\u00c9l<em>evage<\/em><\/a><em><a style=\"color: #ff0000;\" href=\"\/le-berger-allemand\/\"> |<\/a><a style=\"color: #ff0000;\" href=\"\/contact\/\">Contact<\/a><a style=\"color: #ff0000;\" href=\"\/le-berger-allemand\/\"> |<\/a><\/em><\/span><br \/>\n<a href=\"\/le-berger-allemand\/\">Le Berger Allemand<\/a> | <a href=\"\/sante\/\">Sant\u00e9<\/a> | <a href=\"\/selection\/\">S\u00e9lection<\/a> | <a href=\"\/vivre-avec-un-berger-allemand\/\">Vivre avec un Berger Allemand<\/a> | <a href=\"\/education-et-dressage\/\">\u00c9ducation et dressage<\/a> | \u00a0<a href=\"\/photos-et-videos\/\">Photos<\/a> |\u00a0<a href=\"\/liens-et-bibliographie\/\">Liens <\/a> | <em><span style=\"color: #339966;\"><a style=\"color: #339966;\" href=\"https:\/\/dcv-berger-allemand.fr\/articles-et-reflexions\/\">Articles et R\u00e9flexions<\/a><\/span><\/em><\/div>\n<p>&nbsp;<\/p>\n","protected":false},"excerpt":{"rendered":"<p>&#8211; Sous-sections &#8211; (veuillez cliquer sur les liens pour en lire plus) Dans ce chapitre sur la S\u00e9lection vous trouverez des r\u00e9flexions sur les choix qui guident l&rsquo;\u00e9levage, les limites rencontr\u00e9es, des aspects souvent laiss\u00e9s de c\u00f4t\u00e9 dans les crit\u00e8res de choix des reproducteurs. Mais aussi sur l&rsquo;importance d&rsquo;accepter que chaque individu \u00e0 des qualit\u00e9s [&hellip;]<\/p>\n","protected":false},"author":1,"featured_media":0,"parent":0,"menu_order":3,"comment_status":"closed","ping_status":"closed","template":"","meta":{"footnotes":""},"class_list":["post-140","page","type-page","status-publish","hentry"],"_links":{"self":[{"href":"https:\/\/dcv-berger-allemand.fr\/fr_fr\/wp-json\/wp\/v2\/pages\/140","targetHints":{"allow":["GET"]}}],"collection":[{"href":"https:\/\/dcv-berger-allemand.fr\/fr_fr\/wp-json\/wp\/v2\/pages"}],"about":[{"href":"https:\/\/dcv-berger-allemand.fr\/fr_fr\/wp-json\/wp\/v2\/types\/page"}],"author":[{"embeddable":true,"href":"https:\/\/dcv-berger-allemand.fr\/fr_fr\/wp-json\/wp\/v2\/users\/1"}],"replies":[{"embeddable":true,"href":"https:\/\/dcv-berger-allemand.fr\/fr_fr\/wp-json\/wp\/v2\/comments?post=140"}],"version-history":[{"count":31,"href":"https:\/\/dcv-berger-allemand.fr\/fr_fr\/wp-json\/wp\/v2\/pages\/140\/revisions"}],"predecessor-version":[{"id":1472,"href":"https:\/\/dcv-berger-allemand.fr\/fr_fr\/wp-json\/wp\/v2\/pages\/140\/revisions\/1472"}],"wp:attachment":[{"href":"https:\/\/dcv-berger-allemand.fr\/fr_fr\/wp-json\/wp\/v2\/media?parent=140"}],"curies":[{"name":"wp","href":"https:\/\/api.w.org\/{rel}","templated":true}]}}