{"id":139,"date":"2025-04-24T19:19:31","date_gmt":"2025-04-24T19:19:31","guid":{"rendered":"http:\/\/dcv-berger-allemand.fr\/?page_id=139"},"modified":"2025-10-26T17:56:15","modified_gmt":"2025-10-26T17:56:15","slug":"sante","status":"publish","type":"page","link":"https:\/\/dcv-berger-allemand.fr\/fr_fr\/sante\/","title":{"rendered":"Sant\u00e9"},"content":{"rendered":"<p style=\"text-align: center;\"><strong>&#8211; Sous-sections &#8211;<\/strong><\/p>\n<p style=\"text-align: center;\"><em>(veuillez cliquer sur les liens pour en lire plus)<\/em><\/p>\n<p>La sant\u00e9 du Berger Allemand est un point primordial, vous trouverez dans ces diff\u00e9rents chapitres de nombreuses informations sur les grandes cat\u00e9gories \u00e0 conna\u00eetre. Par ces diff\u00e9rents chapitre nous avons \u00e0 coeur de vous montrer les diff\u00e9rents pilier que nous utilisons pour\u00a0 la pr\u00e9server.<\/p>\n<p>Cela dit n&rsquo;oublions pas que tout \u00eatre vivant est aussi soumis \u00e0 une destin\u00e9e qui lui est propre, les chiens ne sont pas des robots ou des clones. Avec le vivant il reste toujours une part d&rsquo;impr\u00e9visible, il est primordial dans l&rsquo;\u00e9levage de ne pas perdre de vue ces concepts.<\/p>\n<ul style=\"list-style-type: none; padding: 0;\">\n<li style=\"margin-bottom: 20px;\">\n<div id=\"ez-toc-container\" class=\"ez-toc-v2_0_76 counter-hierarchy ez-toc-counter ez-toc-grey ez-toc-container-direction\">\n<div class=\"ez-toc-title-container\">\n<p class=\"ez-toc-title\" style=\"cursor:inherit\">Contenus de la page<\/p>\n<span class=\"ez-toc-title-toggle\"><a href=\"#\" class=\"ez-toc-pull-right ez-toc-btn ez-toc-btn-xs ez-toc-btn-default ez-toc-toggle\" aria-label=\"Toggle Table of Content\"><span class=\"ez-toc-js-icon-con\"><span class=\"\"><span class=\"eztoc-hide\" style=\"display:none;\">Toggle<\/span><span class=\"ez-toc-icon-toggle-span\"><svg style=\"fill: #999;color:#999\" xmlns=\"http:\/\/www.w3.org\/2000\/svg\" class=\"list-377408\" width=\"20px\" height=\"20px\" viewBox=\"0 0 24 24\" fill=\"none\"><path d=\"M6 6H4v2h2V6zm14 0H8v2h12V6zM4 11h2v2H4v-2zm16 0H8v2h12v-2zM4 16h2v2H4v-2zm16 0H8v2h12v-2z\" fill=\"currentColor\"><\/path><\/svg><svg style=\"fill: #999;color:#999\" class=\"arrow-unsorted-368013\" xmlns=\"http:\/\/www.w3.org\/2000\/svg\" width=\"10px\" height=\"10px\" viewBox=\"0 0 24 24\" version=\"1.2\" baseProfile=\"tiny\"><path d=\"M18.2 9.3l-6.2-6.3-6.2 6.3c-.2.2-.3.4-.3.7s.1.5.3.7c.2.2.4.3.7.3h11c.3 0 .5-.1.7-.3.2-.2.3-.5.3-.7s-.1-.5-.3-.7zM5.8 14.7l6.2 6.3 6.2-6.3c.2-.2.3-.5.3-.7s-.1-.5-.3-.7c-.2-.2-.4-.3-.7-.3h-11c-.3 0-.5.1-.7.3-.2.2-.3.5-.3.7s.1.5.3.7z\"\/><\/svg><\/span><\/span><\/span><\/a><\/span><\/div>\n<nav><ul class='ez-toc-list ez-toc-list-level-1 ' ><li class='ez-toc-page-1 ez-toc-heading-level-2'><a class=\"ez-toc-link ez-toc-heading-1\" href=\"https:\/\/dcv-berger-allemand.fr\/fr_fr\/sante\/#La_dysplasie_chez_le_Berger_Allemand\" >La dysplasie chez le Berger Allemand<\/a><\/li><li class='ez-toc-page-1 ez-toc-heading-level-2'><a class=\"ez-toc-link ez-toc-heading-2\" href=\"https:\/\/dcv-berger-allemand.fr\/fr_fr\/sante\/#Maladies_genetiques_depistees\" >Maladies g\u00e9n\u00e9tiques d\u00e9pist\u00e9es<\/a><\/li><li class='ez-toc-page-1 ez-toc-heading-level-2'><a class=\"ez-toc-link ez-toc-heading-3\" href=\"https:\/\/dcv-berger-allemand.fr\/fr_fr\/sante\/#Prevention_et_suivi_veterinaire\" >Pr\u00e9vention et suivi v\u00e9t\u00e9rinaire<\/a><\/li><li class='ez-toc-page-1 ez-toc-heading-level-2'><a class=\"ez-toc-link ez-toc-heading-4\" href=\"https:\/\/dcv-berger-allemand.fr\/fr_fr\/sante\/#Preserver_la_rusticite\" >Pr\u00e9server la rusticit\u00e9<\/a><\/li><li class='ez-toc-page-1 ez-toc-heading-level-2'><a class=\"ez-toc-link ez-toc-heading-5\" href=\"https:\/\/dcv-berger-allemand.fr\/fr_fr\/sante\/#_Lalimentation\" >\u00a0L\u2019alimentation<\/a><\/li><li class='ez-toc-page-1 ez-toc-heading-level-2'><a class=\"ez-toc-link ez-toc-heading-6\" href=\"https:\/\/dcv-berger-allemand.fr\/fr_fr\/sante\/#Comprendre_la_consanguinite\" >Comprendre la consanguinit\u00e9<\/a><\/li><li class='ez-toc-page-1 ez-toc-heading-level-2'><a class=\"ez-toc-link ez-toc-heading-7\" href=\"https:\/\/dcv-berger-allemand.fr\/fr_fr\/sante\/#_Lidentification_genetique\" >\u00a0L\u2019identification g\u00e9n\u00e9tique<\/a><\/li><\/ul><\/nav><\/div>\n<h2><span class=\"ez-toc-section\" id=\"La_dysplasie_chez_le_Berger_Allemand\"><\/span><a style=\"font-size: 18px; font-weight: bold; text-decoration: none; color: #2c3e50;\" href=\"https:\/\/dcv-berger-allemand.fr\/sant\u00e9\/dysplasie\/\">La dysplasie chez le Berger Allemand<\/a><span class=\"ez-toc-section-end\"><\/span><\/h2>\n<p><span style=\"font-size: 14px; color: #555;\"><img loading=\"lazy\" decoding=\"async\" class=\"size-full wp-image-365 aligncenter\" src=\"https:\/\/dcv-berger-allemand.fr\/wp-content\/uploads\/2025\/04\/download-17.08.21.jpg\" alt=\"Sant\u00e9 du berger allemand\" width=\"209\" height=\"242\" \/><\/span><\/li>\n<li style=\"margin-bottom: 20px;\"><span style=\"font-size: 14px; color: #555;\">Comprendre cette affection articulaire fr\u00e9quente, ses origines g\u00e9n\u00e9tiques, les d\u00e9pistages existants et les mesures de pr\u00e9vention \u00e0 l\u2019\u00e9levage.<\/span><\/li>\n<li style=\"margin-bottom: 20px;\">\n<h2><span class=\"ez-toc-section\" id=\"Maladies_genetiques_depistees\"><\/span><a style=\"font-size: 18px; font-weight: bold; text-decoration: none; color: #2c3e50;\" href=\" https:\/\/dcv-berger-allemand.fr\/sante\/maladies\/\">Maladies g\u00e9n\u00e9tiques d\u00e9pist\u00e9es<\/a><span class=\"ez-toc-section-end\"><\/span><\/h2>\n<p><span style=\"font-size: 14px; color: #555;\"><img loading=\"lazy\" decoding=\"async\" class=\"aligncenter wp-image-375 size-full\" src=\"https:\/\/dcv-berger-allemand.fr\/wp-content\/uploads\/2025\/04\/download-3-17.08.21.jpg\" alt=\"Sant\u00e9 berger allemand\" width=\"300\" height=\"168\" \/><\/span><\/li>\n<li style=\"margin-bottom: 20px;\"><span style=\"font-size: 14px; color: #555;\">Panorama des principales affections h\u00e9r\u00e9ditaires test\u00e9es dans notre \u00e9levage : my\u00e9lopathie d\u00e9g\u00e9n\u00e9rative, MDR1, nanisme hypophysaire, etc.<\/span><\/li>\n<li style=\"margin-bottom: 20px;\">\n<h2><span class=\"ez-toc-section\" id=\"Prevention_et_suivi_veterinaire\"><\/span><a style=\"font-size: 18px; font-weight: bold; text-decoration: none; color: #2c3e50;\" href=\" https:\/\/dcv-berger-allemand.fr\/sante\/prevention\/\">Pr\u00e9vention et suivi v\u00e9t\u00e9rinaire<\/a><span class=\"ez-toc-section-end\"><\/span><\/h2>\n<p><span style=\"font-size: 14px; color: #555;\">Vaccination, vermifugation, bilans de croissance : notre protocole de suivi sanitaire pour chaque chiot et adulte.<\/span><\/li>\n<li style=\"margin-bottom: 20px;\">\n<h2><span class=\"ez-toc-section\" id=\"Preserver_la_rusticite\"><\/span><a style=\"font-size: 18px; font-weight: bold; text-decoration: none; color: #2c3e50;\" href=\" https:\/\/dcv-berger-allemand.fr\/sante\/rusticite\/\">Pr\u00e9server la rusticit\u00e9<\/a><span class=\"ez-toc-section-end\"><\/span><\/h2>\n<p><span style=\"font-size: 14px; color: #555;\"><img loading=\"lazy\" decoding=\"async\" class=\"size-medium wp-image-418 aligncenter\" src=\"https:\/\/dcv-berger-allemand.fr\/wp-content\/uploads\/2025\/04\/Screenshot_20250422_194558_com_facebook_katana_FbMainTabActivity_edit_65730670516019-300x220.jpg\" alt=\"Sant\u00e9 berger allemand\" width=\"300\" height=\"220\" srcset=\"https:\/\/dcv-berger-allemand.fr\/wp-content\/uploads\/2025\/04\/Screenshot_20250422_194558_com_facebook_katana_FbMainTabActivity_edit_65730670516019-300x220.jpg 300w, https:\/\/dcv-berger-allemand.fr\/wp-content\/uploads\/2025\/04\/Screenshot_20250422_194558_com_facebook_katana_FbMainTabActivity_edit_65730670516019-1024x750.jpg 1024w, https:\/\/dcv-berger-allemand.fr\/wp-content\/uploads\/2025\/04\/Screenshot_20250422_194558_com_facebook_katana_FbMainTabActivity_edit_65730670516019-768x562.jpg 768w, https:\/\/dcv-berger-allemand.fr\/wp-content\/uploads\/2025\/04\/Screenshot_20250422_194558_com_facebook_katana_FbMainTabActivity_edit_65730670516019.jpg 1220w\" sizes=\"auto, (max-width: 300px) 100vw, 300px\" \/><\/span><\/li>\n<li style=\"margin-bottom: 20px;\"><span style=\"font-size: 14px; color: #555;\">Une sant\u00e9 naturelle passe par la s\u00e9lection raisonn\u00e9e, un environnement sain et une exposition progressive aux stimuli du monde r\u00e9el.<\/span><\/li>\n<li style=\"margin-bottom: 20px;\">\n<h2><span class=\"ez-toc-section\" id=\"_Lalimentation\"><\/span><a style=\"font-size: 18px; font-weight: bold; text-decoration: none; color: #2c3e50;\" href=\" https:\/\/dcv-berger-allemand.fr\/sante\/lalimentation\/\">\u00a0L\u2019alimentation<\/a><span class=\"ez-toc-section-end\"><\/span><\/h2>\n<\/li>\n<li><img loading=\"lazy\" decoding=\"async\" class=\"size-medium wp-image-378 aligncenter\" src=\"https:\/\/dcv-berger-allemand.fr\/wp-content\/uploads\/2025\/04\/download-4-17.08.21-300x162.jpg\" alt=\"Sant\u00e9 berger allemand alimentation\" width=\"300\" height=\"162\" srcset=\"https:\/\/dcv-berger-allemand.fr\/wp-content\/uploads\/2025\/04\/download-4-17.08.21-300x162.jpg 300w, https:\/\/dcv-berger-allemand.fr\/wp-content\/uploads\/2025\/04\/download-4-17.08.21.jpg 305w\" sizes=\"auto, (max-width: 300px) 100vw, 300px\" \/><\/li>\n<li><\/li>\n<li><span style=\"font-size: 14px; color: #555;\">Croquettes, ration m\u00e9nag\u00e8re ou BARF : nos choix alimentaires pour un chien actif, robuste et bien dig\u00e9r\u00e9.<\/span><\/li>\n<\/ul>\n<ul style=\"list-style-type: none; padding: 0;\">\n<li style=\"margin-bottom: 20px;\">\n<h2><span class=\"ez-toc-section\" id=\"Comprendre_la_consanguinite\"><\/span><a style=\"font-size: 18px; font-weight: bold; text-decoration: none; color: #2c3e50;\" href=\" https:\/\/dcv-berger-allemand.fr\/sante\/comprendre-la-consanguinite\/\">Comprendre la consanguinit\u00e9<\/a><span class=\"ez-toc-section-end\"><\/span><\/h2>\n<p><span style=\"font-size: 14px; color: #555;\">M\u00e9thodes de calcul, seuils raisonnables, risques et strat\u00e9gies d\u2019\u00e9vitement dans la s\u00e9lection raisonn\u00e9e du Berger Allemand.\u00a0<\/span><\/li>\n<li style=\"margin-bottom: 20px;\">\n<h2><span class=\"ez-toc-section\" id=\"_Lidentification_genetique\"><\/span><a style=\"font-size: 18px; font-weight: bold; text-decoration: none; color: #2c3e50;\" href=\" https:\/\/dcv-berger-allemand.fr\/sante\/lidentification-genetique\/\">\u00a0L\u2019identification g\u00e9n\u00e9tique<\/a><span class=\"ez-toc-section-end\"><\/span><\/h2>\n<p><span style=\"font-size: 14px; color: #555;\">Pourquoi nous r\u00e9alisons syst\u00e9matiquement les profils ADN de nos chiens, et comment cela prot\u00e8ge le s\u00e9rieux de la filiation. Pour rappel l&rsquo;identification g\u00e9n\u00e9tique des reproducteurs est obligatoire ( <a href=\"https:\/\/www.centrale-canine.fr\/recherche?searchQuery=Adn\" target=\"_blank\" rel=\"noopener\"><span style=\"color: #3366ff;\">voir le site de la SCC ici<\/span><\/a>)\u00a0<\/span><\/li>\n<\/ul>\n<div style=\"display: flex; flex-wrap: wrap; justify-content: center; gap: 10px; margin-top: 30px;\"><span style=\"color: #666666; text-align: center;\">\u00a9 2025 \u00c9levage des Crocs V\u00e9ritables<\/span><\/div>\n<p>&nbsp;<\/p>\n<div style=\"text-align: center; font-size: 16px; margin-top: 20px;\"><strong>Navigation rapide :<\/strong><\/div>\n<div style=\"text-align: center; font-size: 16px; margin-top: 20px;\"><a href=\"https:\/\/dcv-berger-allemand.fr\/\">Accueil<\/a><\/div>\n<div style=\"text-align: center; font-size: 16px; margin-top: 20px;\"><span style=\"color: #ff0000;\"><a style=\"color: #ff0000;\" href=\"\/elevage\/\">\u00c9l<em>evage<\/em><\/a><em><a style=\"color: #ff0000;\" href=\"\/le-berger-allemand\/\"> |<\/a><a style=\"color: #ff0000;\" href=\"\/contact\/\">Contact<\/a><a style=\"color: #ff0000;\" href=\"\/le-berger-allemand\/\"> |<\/a><\/em><\/span><br \/>\n<a href=\"\/le-berger-allemand\/\">Le Berger Allemand<\/a> | <a href=\"\/sante\/\">Sant\u00e9<\/a> | <a href=\"\/selection\/\">S\u00e9lection<\/a> | <a href=\"\/vivre-avec-un-berger-allemand\/\">Vivre avec un Berger Allemand<\/a> | <a href=\"\/education-et-dressage\/\">\u00c9ducation et dressage<\/a> | \u00a0<a href=\"\/photos-et-videos\/\">Photos<\/a> |\u00a0<a href=\"\/liens-et-bibliographie\/\">Liens <\/a> | <em><span style=\"color: #339966;\"><a style=\"color: #339966;\" href=\"https:\/\/dcv-berger-allemand.fr\/articles-et-reflexions\/\">Articles et R\u00e9flexions<\/a><\/span><\/em><\/div>\n<p>&nbsp;<\/p>\n","protected":false},"excerpt":{"rendered":"<p>&#8211; Sous-sections &#8211; (veuillez cliquer sur les liens pour en lire plus) La sant\u00e9 du Berger Allemand est un point primordial, vous trouverez dans ces diff\u00e9rents chapitres de nombreuses informations sur les grandes cat\u00e9gories \u00e0 conna\u00eetre. Par ces diff\u00e9rents chapitre nous avons \u00e0 coeur de vous montrer les diff\u00e9rents pilier que nous utilisons pour\u00a0 la [&hellip;]<\/p>\n","protected":false},"author":1,"featured_media":0,"parent":0,"menu_order":2,"comment_status":"closed","ping_status":"closed","template":"","meta":{"footnotes":""},"class_list":["post-139","page","type-page","status-publish","hentry"],"_links":{"self":[{"href":"https:\/\/dcv-berger-allemand.fr\/fr_fr\/wp-json\/wp\/v2\/pages\/139","targetHints":{"allow":["GET"]}}],"collection":[{"href":"https:\/\/dcv-berger-allemand.fr\/fr_fr\/wp-json\/wp\/v2\/pages"}],"about":[{"href":"https:\/\/dcv-berger-allemand.fr\/fr_fr\/wp-json\/wp\/v2\/types\/page"}],"author":[{"embeddable":true,"href":"https:\/\/dcv-berger-allemand.fr\/fr_fr\/wp-json\/wp\/v2\/users\/1"}],"replies":[{"embeddable":true,"href":"https:\/\/dcv-berger-allemand.fr\/fr_fr\/wp-json\/wp\/v2\/comments?post=139"}],"version-history":[{"count":35,"href":"https:\/\/dcv-berger-allemand.fr\/fr_fr\/wp-json\/wp\/v2\/pages\/139\/revisions"}],"predecessor-version":[{"id":1471,"href":"https:\/\/dcv-berger-allemand.fr\/fr_fr\/wp-json\/wp\/v2\/pages\/139\/revisions\/1471"}],"wp:attachment":[{"href":"https:\/\/dcv-berger-allemand.fr\/fr_fr\/wp-json\/wp\/v2\/media?parent=139"}],"curies":[{"name":"wp","href":"https:\/\/api.w.org\/{rel}","templated":true}]}}