{"id":1192,"date":"2025-05-20T15:52:07","date_gmt":"2025-05-20T15:52:07","guid":{"rendered":"https:\/\/dcv-berger-allemand.fr\/?page_id=1192"},"modified":"2026-01-08T16:56:14","modified_gmt":"2026-01-08T16:56:14","slug":"articles-et-reflexions","status":"publish","type":"page","link":"https:\/\/dcv-berger-allemand.fr\/fr_fr\/articles-et-reflexions\/","title":{"rendered":"Articles et R\u00e9flexions"},"content":{"rendered":"<div id=\"ez-toc-container\" class=\"ez-toc-v2_0_76 counter-hierarchy ez-toc-counter ez-toc-grey ez-toc-container-direction\">\n<div class=\"ez-toc-title-container\">\n<p class=\"ez-toc-title\" style=\"cursor:inherit\">Contenus de la page<\/p>\n<span class=\"ez-toc-title-toggle\"><a href=\"#\" class=\"ez-toc-pull-right ez-toc-btn ez-toc-btn-xs ez-toc-btn-default ez-toc-toggle\" aria-label=\"Toggle Table of Content\"><span class=\"ez-toc-js-icon-con\"><span class=\"\"><span class=\"eztoc-hide\" style=\"display:none;\">Toggle<\/span><span class=\"ez-toc-icon-toggle-span\"><svg style=\"fill: #999;color:#999\" xmlns=\"http:\/\/www.w3.org\/2000\/svg\" class=\"list-377408\" width=\"20px\" height=\"20px\" viewBox=\"0 0 24 24\" fill=\"none\"><path d=\"M6 6H4v2h2V6zm14 0H8v2h12V6zM4 11h2v2H4v-2zm16 0H8v2h12v-2zM4 16h2v2H4v-2zm16 0H8v2h12v-2z\" fill=\"currentColor\"><\/path><\/svg><svg style=\"fill: #999;color:#999\" class=\"arrow-unsorted-368013\" xmlns=\"http:\/\/www.w3.org\/2000\/svg\" width=\"10px\" height=\"10px\" viewBox=\"0 0 24 24\" version=\"1.2\" baseProfile=\"tiny\"><path d=\"M18.2 9.3l-6.2-6.3-6.2 6.3c-.2.2-.3.4-.3.7s.1.5.3.7c.2.2.4.3.7.3h11c.3 0 .5-.1.7-.3.2-.2.3-.5.3-.7s-.1-.5-.3-.7zM5.8 14.7l6.2 6.3 6.2-6.3c.2-.2.3-.5.3-.7s-.1-.5-.3-.7c-.2-.2-.4-.3-.7-.3h-11c-.3 0-.5.1-.7.3-.2.2-.3.5-.3.7s.1.5.3.7z\"\/><\/svg><\/span><\/span><\/span><\/a><\/span><\/div>\n<nav><ul class='ez-toc-list ez-toc-list-level-1 ' ><li class='ez-toc-page-1 ez-toc-heading-level-3'><a class=\"ez-toc-link ez-toc-heading-1\" href=\"https:\/\/dcv-berger-allemand.fr\/fr_fr\/articles-et-reflexions\/#_Articles_et_Reflexions_sur_les_instincts\" >* Articles et R\u00e9flexions sur les instincts:<\/a><\/li><li class='ez-toc-page-1 ez-toc-heading-level-3'><a class=\"ez-toc-link ez-toc-heading-2\" href=\"https:\/\/dcv-berger-allemand.fr\/fr_fr\/articles-et-reflexions\/#_Articles_et_Reflexions_sur_la_sante\" >* Articles et R\u00e9flexions sur la sant\u00e9\u00a0<\/a><\/li><li class='ez-toc-page-1 ez-toc-heading-level-3'><a class=\"ez-toc-link ez-toc-heading-3\" href=\"https:\/\/dcv-berger-allemand.fr\/fr_fr\/articles-et-reflexions\/#_Articles_et_reflexions_sur_leducation_et_le_dressage\" >* Articles et r\u00e9flexions sur l&rsquo;\u00e9ducation et le dressage<\/a><\/li><\/ul><\/nav><\/div>\n<h1 style=\"text-align: center;\"><em>Bienvenue dans notre espace \u201cArticles &amp; R\u00e9flexions\u201d<\/em><\/h1>\n<p><img loading=\"lazy\" decoding=\"async\" class=\"size-medium wp-image-438 aligncenter\" src=\"https:\/\/dcv-berger-allemand.fr\/wp-content\/uploads\/2025\/04\/Screenshot_20250422_185921_com_instagram_android_InstagramMainActivity_edit_64985075094220-1-300x276.jpg\" alt=\"Articles et R\u00e9flexions\" width=\"300\" height=\"276\" srcset=\"https:\/\/dcv-berger-allemand.fr\/wp-content\/uploads\/2025\/04\/Screenshot_20250422_185921_com_instagram_android_InstagramMainActivity_edit_64985075094220-1-300x276.jpg 300w, https:\/\/dcv-berger-allemand.fr\/wp-content\/uploads\/2025\/04\/Screenshot_20250422_185921_com_instagram_android_InstagramMainActivity_edit_64985075094220-1-1024x943.jpg 1024w, https:\/\/dcv-berger-allemand.fr\/wp-content\/uploads\/2025\/04\/Screenshot_20250422_185921_com_instagram_android_InstagramMainActivity_edit_64985075094220-1-768x707.jpg 768w, https:\/\/dcv-berger-allemand.fr\/wp-content\/uploads\/2025\/04\/Screenshot_20250422_185921_com_instagram_android_InstagramMainActivity_edit_64985075094220-1.jpg 1222w\" sizes=\"auto, (max-width: 300px) 100vw, 300px\" \/><\/p>\n<p>Parce qu\u2019un \u00e9levage passion ne se limite pas \u00e0 produire des chiots, nous avons souhait\u00e9 partager avec vous nos r\u00e9flexions, nos convictions et notre exp\u00e9rience autour du chien en g\u00e9n\u00e9ral et du Berger Allemand en particulier.<\/p>\n<p>Vous y trouverez des articles sur des sujets vari\u00e9s comme la s\u00e9lection, la sant\u00e9, le comportement, l\u2019\u00e9ducation, mais aussi des retours d\u2019exp\u00e9rience, des conseils concrets, et des points de vue que nous esp\u00e9rons utiles \u00e0 tous ceux qui s\u2019int\u00e9ressent \u00e0 cette race exigeante et passionnante.<\/p>\n<p>Certains de ces articles approfondiront des th\u00e8mes d\u00e9j\u00e0 \u00e9voqu\u00e9s dans d\u2019autres pages du site, d\u2019autres ouvriront des pistes nouvelles ou tenteront de r\u00e9pondre aux questions que vous pourriez vous poser ou encore faire \u00e9cho \u00e0 des publications d&rsquo;instances reconnues comme le <a href=\"https:\/\/berger-allemand.net\" target=\"_blank\" rel=\"noopener\">CCBA<\/a> ou la <a href=\"https:\/\/www.centrale-canine.fr\" target=\"_blank\" rel=\"noopener\">SCC.<\/a><\/p>\n<p>Si un sujet vous int\u00e9resse particuli\u00e8rement, n\u2019h\u00e9sitez pas \u00e0 nous le faire savoir : nous serons heureux d\u2019y consacrer un prochain article. (<a href=\"https:\/\/dcv-berger-allemand.fr\/contact\/\">contact ici<\/a>)<\/p>\n<p>Bonne lecture !<\/p>\n<p>&nbsp;<\/p>\n<h3><span class=\"ez-toc-section\" id=\"_Articles_et_Reflexions_sur_les_instincts\"><\/span><span style=\"color: #3366ff;\">* Articles et R\u00e9flexions sur les instincts:<\/span><span class=\"ez-toc-section-end\"><\/span><\/h3>\n<p>&#8211;\u00a0\u00a0<a href=\"https:\/\/dcv-berger-allemand.fr\/instincts\/instinct-de-proie\/\">Instinct de proie dans les lign\u00e9es modernes<\/a><\/p>\n<p>&#8211; <a href=\"https:\/\/dcv-berger-allemand.fr\/instincts\/garde-defense-1\/\">Garde ou d\u00e9fense \u00e9pisode 1<\/a><\/p>\n<p>&#8211; <a href=\"https:\/\/dcv-berger-allemand.fr\/instincts\/garde-defense-2\/\">Garde ou d\u00e9fense \u00e9pisode 2<\/a><\/p>\n<p>&#8211;\u00a0<a href=\"https:\/\/dcv-berger-allemand.fr\/instincts\/bien-etre-animal\/\">Bien-\u00eatre animal et anthropomorphisme<\/a><\/p>\n<h3><span class=\"ez-toc-section\" id=\"_Articles_et_Reflexions_sur_la_sante\"><\/span><span style=\"color: #3366ff;\">* Articles et R\u00e9flexions sur la sant\u00e9\u00a0<\/span><span class=\"ez-toc-section-end\"><\/span><\/h3>\n<p><a href=\"https:\/\/dcv-berger-allemand.fr\/sante\/ration-chien\/\">&#8211;\u00a0Comment ajuster la ration alimentaire d\u2019un chien ?<\/a><\/p>\n<p style=\"text-align: left;\">&#8211; <a href=\"https:\/\/dcv-berger-allemand.fr\/sante\/barf-complements-alimentaires\/\">BARF et compl\u00e9ments alimentaires<\/a><\/p>\n<h3><span class=\"ez-toc-section\" id=\"_Articles_et_reflexions_sur_leducation_et_le_dressage\"><\/span><span style=\"color: #3366ff;\">* Articles et r\u00e9flexions sur l&rsquo;\u00e9ducation et le dressage<\/span><span class=\"ez-toc-section-end\"><\/span><\/h3>\n<p><a href=\"https:\/\/dcv-berger-allemand.fr\/dressage-et-education\/pavlov-et-skinner\/\">&#8211; Skinner et Pavlov dans le dressage moderne<\/a><\/p>\n<p><a href=\"https:\/\/dcv-berger-allemand.fr\/dressage-et-education\/skinner-pavlov-suite\/\">&#8211; Skinner et Pavlov suite<\/a><\/p>\n<p><a href=\"https:\/\/dcv-berger-allemand.fr\/dressage-et-education\/berger-allemand-enfants\/\">-Berger Allemand et enfants : ce qu\u2019il faut savoir<\/a><\/p>\n<p>&#8211;<a href=\"https:\/\/dcv-berger-allemand.fr\/dressage-et-education\/eduquer-berger-allemand\/\">\u00c9duquer son berger allemand<\/a><\/p>\n<p><a href=\"https:\/\/dcv-berger-allemand.fr\/dressage-et-education\/tout-positif\/\">&#8211; L\u2019\u00e9ducation \u00ab tout positif \u00bb : une triple confusion<\/a><\/p>\n<p>&nbsp;<\/p>\n<p>&nbsp;<\/p>\n<p>&nbsp;<\/p>\n<p><a class=\"continue-button\" style=\"display: inline-block; background-color: #2c3e50; color: #ffffff; padding: 12px 24px; border-radius: 8px; text-decoration: none; font-size: 18px; transition: background-color 0.3s ease;\" href=\"https:\/\/dcv-berger-allemand.fr\/\"><br \/>\nRetour \u00e0 l&rsquo;accueil<br \/>\n<\/a><\/p>\n<div style=\"display: flex; flex-wrap: wrap; justify-content: center; gap: 10px; margin-top: 30px;\"><span style=\"color: #666666; text-align: center;\">\u00a9 2025 \u00c9levage des Crocs V\u00e9ritables<\/span><\/div>\n<p>&nbsp;<\/p>\n<div style=\"text-align: center; font-size: 16px; margin-top: 20px;\"><strong>Navigation rapide :<\/strong><\/div>\n<div style=\"text-align: center; font-size: 16px; margin-top: 20px;\"><a href=\"https:\/\/dcv-berger-allemand.fr\/\">Accueil<\/a><\/div>\n<div style=\"text-align: center; font-size: 16px; margin-top: 20px;\"><span style=\"color: #ff0000;\"><a style=\"color: #ff0000;\" href=\"\/elevage\/\">\u00c9l<em>evage<\/em><\/a><em><a style=\"color: #ff0000;\" href=\"\/le-berger-allemand\/\"> |<\/a><a style=\"color: #ff0000;\" href=\"\/contact\/\">Contact<\/a><a style=\"color: #ff0000;\" href=\"\/le-berger-allemand\/\"> |<\/a><\/em><\/span><br \/>\n<a href=\"\/le-berger-allemand\/\">Le Berger Allemand<\/a> | <a href=\"\/sante\/\">Sant\u00e9<\/a> | <a href=\"\/selection\/\">S\u00e9lection<\/a> | <a href=\"\/vivre-avec-un-berger-allemand\/\">Vivre avec un Berger Allemand<\/a> | <a href=\"\/education-et-dressage\/\">\u00c9ducation et dressage<\/a> | \u00a0<a href=\"\/photos-et-videos\/\">Photos<\/a> |\u00a0<a href=\"\/liens-et-bibliographie\/\">Liens <\/a> | <em><span style=\"color: #339966;\"><a style=\"color: #339966;\" href=\"https:\/\/dcv-berger-allemand.fr\/articles-et-reflexions\/\">Articles et R\u00e9flexions<\/a><\/span><\/em><\/div>\n<p>&nbsp;<\/p>\n<p>&nbsp;<\/p>\n","protected":false},"excerpt":{"rendered":"<p>Bienvenue dans notre espace \u201cArticles &amp; R\u00e9flexions\u201d Parce qu\u2019un \u00e9levage passion ne se limite pas \u00e0 produire des chiots, nous avons souhait\u00e9 partager avec vous nos r\u00e9flexions, nos convictions et notre exp\u00e9rience autour du chien en g\u00e9n\u00e9ral et du Berger Allemand en particulier. Vous y trouverez des articles sur des sujets vari\u00e9s comme la s\u00e9lection, [&hellip;]<\/p>\n","protected":false},"author":1,"featured_media":0,"parent":0,"menu_order":0,"comment_status":"closed","ping_status":"closed","template":"","meta":{"footnotes":""},"class_list":["post-1192","page","type-page","status-publish","hentry"],"_links":{"self":[{"href":"https:\/\/dcv-berger-allemand.fr\/fr_fr\/wp-json\/wp\/v2\/pages\/1192","targetHints":{"allow":["GET"]}}],"collection":[{"href":"https:\/\/dcv-berger-allemand.fr\/fr_fr\/wp-json\/wp\/v2\/pages"}],"about":[{"href":"https:\/\/dcv-berger-allemand.fr\/fr_fr\/wp-json\/wp\/v2\/types\/page"}],"author":[{"embeddable":true,"href":"https:\/\/dcv-berger-allemand.fr\/fr_fr\/wp-json\/wp\/v2\/users\/1"}],"replies":[{"embeddable":true,"href":"https:\/\/dcv-berger-allemand.fr\/fr_fr\/wp-json\/wp\/v2\/comments?post=1192"}],"version-history":[{"count":33,"href":"https:\/\/dcv-berger-allemand.fr\/fr_fr\/wp-json\/wp\/v2\/pages\/1192\/revisions"}],"predecessor-version":[{"id":1584,"href":"https:\/\/dcv-berger-allemand.fr\/fr_fr\/wp-json\/wp\/v2\/pages\/1192\/revisions\/1584"}],"wp:attachment":[{"href":"https:\/\/dcv-berger-allemand.fr\/fr_fr\/wp-json\/wp\/v2\/media?parent=1192"}],"curies":[{"name":"wp","href":"https:\/\/api.w.org\/{rel}","templated":true}]}}