{"id":119,"date":"2025-04-24T10:33:45","date_gmt":"2025-04-24T10:33:45","guid":{"rendered":"http:\/\/dcv-berger-allemand.fr\/?page_id=119"},"modified":"2025-10-26T17:53:55","modified_gmt":"2025-10-26T17:53:55","slug":"accueil","status":"publish","type":"page","link":"https:\/\/dcv-berger-allemand.fr\/fr_fr\/","title":{"rendered":"Accueil"},"content":{"rendered":"\r\n<figure class=\"wp-block-gallery has-nested-images columns-default is-cropped wp-block-gallery-1 is-layout-flex wp-block-gallery-is-layout-flex\">\r\n<figure class=\"wp-block-image size-large\"><img loading=\"lazy\" decoding=\"async\" data-id=\"25\" class=\"wp-image-25 aligncenter\" src=\"https:\/\/dcv-berger-allemand.fr\/wp-content\/uploads\/2025\/04\/IMG_20250325_165734_edit_725184647639560-1024x768.jpg\" alt=\"\u00c9levage de Berger Allemand \" width=\"1024\" height=\"768\" srcset=\"https:\/\/dcv-berger-allemand.fr\/wp-content\/uploads\/2025\/04\/IMG_20250325_165734_edit_725184647639560-1024x768.jpg 1024w, https:\/\/dcv-berger-allemand.fr\/wp-content\/uploads\/2025\/04\/IMG_20250325_165734_edit_725184647639560-300x225.jpg 300w, https:\/\/dcv-berger-allemand.fr\/wp-content\/uploads\/2025\/04\/IMG_20250325_165734_edit_725184647639560-768x576.jpg 768w, https:\/\/dcv-berger-allemand.fr\/wp-content\/uploads\/2025\/04\/IMG_20250325_165734_edit_725184647639560-1536x1152.jpg 1536w, https:\/\/dcv-berger-allemand.fr\/wp-content\/uploads\/2025\/04\/IMG_20250325_165734_edit_725184647639560-scaled.jpg 2048w, https:\/\/dcv-berger-allemand.fr\/wp-content\/uploads\/2025\/04\/IMG_20250325_165734_edit_725184647639560-16x12.jpg 16w\" sizes=\"auto, (max-width: 1024px) 100vw, 1024px\" \/><\/figure>\r\n<\/figure>\r\n\r\n\r\n\r\n<div id=\"ez-toc-container\" class=\"ez-toc-v2_0_76 counter-hierarchy ez-toc-counter ez-toc-grey ez-toc-container-direction\">\n<div class=\"ez-toc-title-container\">\n<p class=\"ez-toc-title\" style=\"cursor:inherit\">Contenus de la page<\/p>\n<span class=\"ez-toc-title-toggle\"><a href=\"#\" class=\"ez-toc-pull-right ez-toc-btn ez-toc-btn-xs ez-toc-btn-default ez-toc-toggle\" aria-label=\"Toggle Table of Content\"><span class=\"ez-toc-js-icon-con\"><span class=\"\"><span class=\"eztoc-hide\" style=\"display:none;\">Toggle<\/span><span class=\"ez-toc-icon-toggle-span\"><svg style=\"fill: #999;color:#999\" xmlns=\"http:\/\/www.w3.org\/2000\/svg\" class=\"list-377408\" width=\"20px\" height=\"20px\" viewBox=\"0 0 24 24\" fill=\"none\"><path d=\"M6 6H4v2h2V6zm14 0H8v2h12V6zM4 11h2v2H4v-2zm16 0H8v2h12v-2zM4 16h2v2H4v-2zm16 0H8v2h12v-2z\" fill=\"currentColor\"><\/path><\/svg><svg style=\"fill: #999;color:#999\" class=\"arrow-unsorted-368013\" xmlns=\"http:\/\/www.w3.org\/2000\/svg\" width=\"10px\" height=\"10px\" viewBox=\"0 0 24 24\" version=\"1.2\" baseProfile=\"tiny\"><path d=\"M18.2 9.3l-6.2-6.3-6.2 6.3c-.2.2-.3.4-.3.7s.1.5.3.7c.2.2.4.3.7.3h11c.3 0 .5-.1.7-.3.2-.2.3-.5.3-.7s-.1-.5-.3-.7zM5.8 14.7l6.2 6.3 6.2-6.3c.2-.2.3-.5.3-.7s-.1-.5-.3-.7c-.2-.2-.4-.3-.7-.3h-11c-.3 0-.5.1-.7.3-.2.2-.3.5-.3.7s.1.5.3.7z\"\/><\/svg><\/span><\/span><\/span><\/a><\/span><\/div>\n<nav><ul class='ez-toc-list ez-toc-list-level-1 ' ><li class='ez-toc-page-1 ez-toc-heading-level-2'><a class=\"ez-toc-link ez-toc-heading-1\" href=\"https:\/\/dcv-berger-allemand.fr\/fr_fr\/#Bienvenue_sur_la_page_de_lelevage_de_Berger_Allemand_Des_Crocs_Veritables\" >Bienvenue sur la page de l&rsquo;\u00e9levage de Berger Allemand Des Crocs V\u00e9ritables<\/a><\/li><li class='ez-toc-page-1 ez-toc-heading-level-2'><a class=\"ez-toc-link ez-toc-heading-2\" href=\"https:\/\/dcv-berger-allemand.fr\/fr_fr\/#Pourquoi_choisir_un_elevage_de_Berger_Allemand_de_lignee_de_travail\" >Pourquoi choisir un \u00e9levage de Berger Allemand de lign\u00e9e de travail?<\/a><\/li><\/ul><\/nav><\/div>\n<h2><span class=\"ez-toc-section\" id=\"Bienvenue_sur_la_page_de_lelevage_de_Berger_Allemand_Des_Crocs_Veritables\"><\/span>Bienvenue sur la page de l&rsquo;\u00e9levage de Berger Allemand Des Crocs V\u00e9ritables<span class=\"ez-toc-section-end\"><\/span><\/h2>\r\n<p style=\"text-align: left;\"><br \/>\u00c9levage de Berger Allemand avant tout familial et passionn\u00e9, nous vous invitons \u00e0 d\u00e9couvrir notre vision du Berger Allemand de lign\u00e9e de travail : rustique, \u00e9quilibr\u00e9 et polyvalent.<\/p>\r\n<p><img loading=\"lazy\" decoding=\"async\" class=\"size-medium wp-image-673 aligncenter\" src=\"https:\/\/dcv-berger-allemand.fr\/wp-content\/uploads\/2025\/04\/IMG_20250422_180123-300x225.jpg\" alt=\"\u00c9levage de Berger Allemand \" width=\"300\" height=\"225\" srcset=\"https:\/\/dcv-berger-allemand.fr\/wp-content\/uploads\/2025\/04\/IMG_20250422_180123-300x225.jpg 300w, https:\/\/dcv-berger-allemand.fr\/wp-content\/uploads\/2025\/04\/IMG_20250422_180123-1024x768.jpg 1024w, https:\/\/dcv-berger-allemand.fr\/wp-content\/uploads\/2025\/04\/IMG_20250422_180123-768x576.jpg 768w, https:\/\/dcv-berger-allemand.fr\/wp-content\/uploads\/2025\/04\/IMG_20250422_180123-1536x1152.jpg 1536w, https:\/\/dcv-berger-allemand.fr\/wp-content\/uploads\/2025\/04\/IMG_20250422_180123-scaled.jpg 2048w\" sizes=\"auto, (max-width: 300px) 100vw, 300px\" \/><\/p>\r\n<p>\u00c0 travers nos pages, vous trouverez de nombreuses informations et r\u00e9flexions sur la race : <span style=\"color: #3366ff;\"><a style=\"color: #3366ff;\" href=\"https:\/\/dcv-berger-allemand.fr\/le-berger-allemand\/histoire-de-la-race\/\">Histoire<\/a>, <a style=\"color: #3366ff;\" href=\"https:\/\/dcv-berger-allemand.fr\/le-berger-allemand\/le-standard\/\">Standard<\/a>, <a style=\"color: #3366ff;\" href=\"https:\/\/dcv-berger-allemand.fr\/selection\/\">S\u00e9lection<\/a>, <a style=\"color: #3366ff;\" href=\"https:\/\/dcv-berger-allemand.fr\/sante\/\">Sant\u00e9<\/a>, <a style=\"color: #3366ff;\" href=\"https:\/\/dcv-berger-allemand.fr\/education-et-dressage\/\">Education<\/a><a style=\"color: #3366ff;\" href=\"https:\/\/dcv-berger-allemand.fr\/vivre-avec-un-berger-allemand\/\">, Vivre avec un Berger Allemand<\/a><\/span><\/p>\r\n<p>N&rsquo;h\u00e9sitez pas \u00e0 naviguer \u00e9galement dans les rubriques pratiques<span style=\"color: #3366ff;\"> <a style=\"color: #3366ff;\" href=\"https:\/\/dcv-berger-allemand.fr\/elevage\/\">\u00c9levage<\/a>, <a style=\"color: #3366ff;\" href=\"https:\/\/dcv-berger-allemand.fr\/contact\/\">Contact<\/a> ou <a style=\"color: #3366ff;\" href=\"https:\/\/dcv-berger-allemand.fr\/photos-et-videos\/\">Photos et vid\u00e9os<\/a><\/span>,\u00a0 vous y trouverez les informations sur nos chiens, les port\u00e9es en cours etc..<\/p>\r\n<p><img loading=\"lazy\" decoding=\"async\" class=\"size-medium wp-image-437 aligncenter\" src=\"https:\/\/dcv-berger-allemand.fr\/wp-content\/uploads\/2025\/04\/Screenshot_20250422_185844_com_instagram_android_InstagramMainActivity_edit_65020677227487-1-300x298.jpg\" alt=\"\u00c9levage de Berger Allemand \" width=\"300\" height=\"298\" srcset=\"https:\/\/dcv-berger-allemand.fr\/wp-content\/uploads\/2025\/04\/Screenshot_20250422_185844_com_instagram_android_InstagramMainActivity_edit_65020677227487-1-300x298.jpg 300w, https:\/\/dcv-berger-allemand.fr\/wp-content\/uploads\/2025\/04\/Screenshot_20250422_185844_com_instagram_android_InstagramMainActivity_edit_65020677227487-1-1024x1016.jpg 1024w, https:\/\/dcv-berger-allemand.fr\/wp-content\/uploads\/2025\/04\/Screenshot_20250422_185844_com_instagram_android_InstagramMainActivity_edit_65020677227487-1-150x150.jpg 150w, https:\/\/dcv-berger-allemand.fr\/wp-content\/uploads\/2025\/04\/Screenshot_20250422_185844_com_instagram_android_InstagramMainActivity_edit_65020677227487-1-768x762.jpg 768w, https:\/\/dcv-berger-allemand.fr\/wp-content\/uploads\/2025\/04\/Screenshot_20250422_185844_com_instagram_android_InstagramMainActivity_edit_65020677227487-1.jpg 1224w\" sizes=\"auto, (max-width: 300px) 100vw, 300px\" \/><\/p>\r\n<p>Install\u00e9s dans le Loiret, \u00e0 proximit\u00e9 de Paris, Montargis, Orl\u00e9ans, Sens ou Auxerre, notre \u00e9levage de Berger Allemand tente de s\u00e9lectionner des chiens robustes,\u00a0 bien construits et dot\u00e9s d\u2019un caract\u00e8re affirm\u00e9.<\/p>\r\n<h2><span class=\"ez-toc-section\" id=\"Pourquoi_choisir_un_elevage_de_Berger_Allemand_de_lignee_de_travail\"><\/span>Pourquoi choisir un \u00e9levage de Berger Allemand de lign\u00e9e de travail?<span class=\"ez-toc-section-end\"><\/span><\/h2>\r\n<p>Nos Bergers Allemands sont \u00e9lev\u00e9s dans un cadre naturel avec exigence et respect. Ces chiens portent en eux leurs instincts originels polyvalents de travail, de garde et de compagnie.<\/p>\r\n<p>C&rsquo;est ce qui permet qu\u2019ils puissent s\u2019\u00e9panouir autant en famille qu\u2019en activit\u00e9 (garde, sport, s\u00e9curit\u00e9, troupeau\u2026).<\/p>\r\n<p><img loading=\"lazy\" decoding=\"async\" class=\"aligncenter wp-image-644 size-medium\" src=\"https:\/\/dcv-berger-allemand.fr\/wp-content\/uploads\/2025\/04\/Screenshot_20250428_135809_com_hihonor_photos_SlotAlbumActivity_edit_210597893404402-300x164.jpg\" alt=\"\u00c9levage de Berger Allemand \" width=\"300\" height=\"164\" srcset=\"https:\/\/dcv-berger-allemand.fr\/wp-content\/uploads\/2025\/04\/Screenshot_20250428_135809_com_hihonor_photos_SlotAlbumActivity_edit_210597893404402-300x164.jpg 300w, https:\/\/dcv-berger-allemand.fr\/wp-content\/uploads\/2025\/04\/Screenshot_20250428_135809_com_hihonor_photos_SlotAlbumActivity_edit_210597893404402-1024x559.jpg 1024w, https:\/\/dcv-berger-allemand.fr\/wp-content\/uploads\/2025\/04\/Screenshot_20250428_135809_com_hihonor_photos_SlotAlbumActivity_edit_210597893404402-768x419.jpg 768w, https:\/\/dcv-berger-allemand.fr\/wp-content\/uploads\/2025\/04\/Screenshot_20250428_135809_com_hihonor_photos_SlotAlbumActivity_edit_210597893404402.jpg 1224w\" sizes=\"auto, (max-width: 300px) 100vw, 300px\" \/><\/p>\r\n<p>Un chien de caract\u00e8re, fid\u00e8le, rustique et protecteur !<\/p>\r\n<div style=\"display: flex; flex-wrap: wrap; justify-content: center; gap: 10px; margin-top: 30px;\"><span style=\"color: #666666; text-align: center;\">\u00a9 2025 \u00c9levage des Crocs V\u00e9ritables<\/span><\/div>\r\n<p>&nbsp;<\/p>\r\n<div style=\"text-align: center; font-size: 16px; margin-top: 20px;\"><strong>Navigation rapide :<\/strong><\/div>\r\n<div style=\"text-align: center; font-size: 16px; margin-top: 20px;\"><a href=\"https:\/\/dcv-berger-allemand.fr\/\">Accueil<\/a><\/div>\r\n<div style=\"text-align: center; font-size: 16px; margin-top: 20px;\"><span style=\"color: #ff0000;\"><a style=\"color: #ff0000;\" href=\"\/elevage\/\">\u00c9l<em>evage<\/em><\/a><em><a style=\"color: #ff0000;\" href=\"\/le-berger-allemand\/\"> |<\/a><a style=\"color: #ff0000;\" href=\"\/contact\/\">Contact<\/a><a style=\"color: #ff0000;\" href=\"\/le-berger-allemand\/\"> |<\/a><\/em><\/span><br \/><a href=\"\/le-berger-allemand\/\">Le Berger Allemand<\/a> | <a href=\"\/sante\/\">Sant\u00e9<\/a> | <a href=\"\/selection\/\">S\u00e9lection<\/a> | <a href=\"\/vivre-avec-un-berger-allemand\/\">Vivre avec un Berger Allemand<\/a> | <a href=\"\/education-et-dressage\/\">\u00c9ducation et dressage<\/a> | \u00a0<a href=\"\/photos-et-videos\/\">Photos<\/a> |\u00a0<a href=\"\/liens-et-bibliographie\/\">Liens <\/a> | <em><span style=\"color: #339966;\"><a style=\"color: #339966;\" href=\"https:\/\/dcv-berger-allemand.fr\/articles-et-reflexions\/\">Articles et R\u00e9flexions<\/a><\/span><\/em><\/div>","protected":false},"excerpt":{"rendered":"<p>Bienvenue sur la page de l&rsquo;\u00e9levage de Berger Allemand Des Crocs V\u00e9ritables \u00c9levage de Berger Allemand avant tout familial et passionn\u00e9, nous vous invitons \u00e0 d\u00e9couvrir notre vision du Berger Allemand de lign\u00e9e de travail : rustique, \u00e9quilibr\u00e9 et polyvalent. \u00c0 travers nos pages, vous trouverez de nombreuses informations et r\u00e9flexions sur la race : [&hellip;]<\/p>\n","protected":false},"author":1,"featured_media":0,"parent":0,"menu_order":0,"comment_status":"closed","ping_status":"closed","template":"","meta":{"footnotes":""},"class_list":["post-119","page","type-page","status-publish","hentry"],"_links":{"self":[{"href":"https:\/\/dcv-berger-allemand.fr\/fr_fr\/wp-json\/wp\/v2\/pages\/119","targetHints":{"allow":["GET"]}}],"collection":[{"href":"https:\/\/dcv-berger-allemand.fr\/fr_fr\/wp-json\/wp\/v2\/pages"}],"about":[{"href":"https:\/\/dcv-berger-allemand.fr\/fr_fr\/wp-json\/wp\/v2\/types\/page"}],"author":[{"embeddable":true,"href":"https:\/\/dcv-berger-allemand.fr\/fr_fr\/wp-json\/wp\/v2\/users\/1"}],"replies":[{"embeddable":true,"href":"https:\/\/dcv-berger-allemand.fr\/fr_fr\/wp-json\/wp\/v2\/comments?post=119"}],"version-history":[{"count":53,"href":"https:\/\/dcv-berger-allemand.fr\/fr_fr\/wp-json\/wp\/v2\/pages\/119\/revisions"}],"predecessor-version":[{"id":1469,"href":"https:\/\/dcv-berger-allemand.fr\/fr_fr\/wp-json\/wp\/v2\/pages\/119\/revisions\/1469"}],"wp:attachment":[{"href":"https:\/\/dcv-berger-allemand.fr\/fr_fr\/wp-json\/wp\/v2\/media?parent=119"}],"curies":[{"name":"wp","href":"https:\/\/api.w.org\/{rel}","templated":true}]}}