{"id":787,"date":"2025-04-29T07:37:17","date_gmt":"2025-04-29T07:37:17","guid":{"rendered":"https:\/\/dcv-berger-allemand.fr\/?page_id=787"},"modified":"2026-04-26T19:32:03","modified_gmt":"2026-04-26T19:32:03","slug":"en-cours","status":"publish","type":"page","link":"https:\/\/dcv-berger-allemand.fr\/en\/elevage\/portees-en-cours-et-a-venir\/en-cours\/","title":{"rendered":"Current and upcoming litters"},"content":{"rendered":"<p><img loading=\"lazy\" decoding=\"async\" class=\"alignnone size-medium wp-image-1600\" src=\"https:\/\/dcv-berger-allemand.fr\/wp-content\/uploads\/2026\/04\/IMG_20260426_171446-300x225.jpg\" alt=\"Saillie et port\u00e9e en cours\" width=\"300\" height=\"225\" srcset=\"https:\/\/dcv-berger-allemand.fr\/wp-content\/uploads\/2026\/04\/IMG_20260426_171446-300x225.jpg 300w, https:\/\/dcv-berger-allemand.fr\/wp-content\/uploads\/2026\/04\/IMG_20260426_171446-1024x768.jpg 1024w, https:\/\/dcv-berger-allemand.fr\/wp-content\/uploads\/2026\/04\/IMG_20260426_171446-768x576.jpg 768w, https:\/\/dcv-berger-allemand.fr\/wp-content\/uploads\/2026\/04\/IMG_20260426_171446-1536x1152.jpg 1536w, https:\/\/dcv-berger-allemand.fr\/wp-content\/uploads\/2026\/04\/IMG_20260426_171446-scaled.jpg 2048w, https:\/\/dcv-berger-allemand.fr\/wp-content\/uploads\/2026\/04\/IMG_20260426_171446-16x12.jpg 16w\" sizes=\"auto, (max-width: 300px) 100vw, 300px\" \/><\/p>\n<div style=\"display: flex; flex-wrap: wrap; justify-content: center; gap: 10px; margin-top: 30px;\">\n<p><span style=\"color: #339966;\"><b>Prochaines port\u00e9es printemps\/\u00e9t\u00e9 2026<\/b><\/span><\/p>\n<p><em><span style=\"color: #ff0000;\">(Cliquez sur le nom des chiens pour plus d&rsquo;informations)<\/span><\/em><\/p>\n<p><span style=\"color: #ff0000;\">SAILLIE R\u00c9ALIS\u00c9E LE 26\/04\/2026<\/span> entre La lice <span style=\"color: #ff00ff;\"><a style=\"color: #ff00ff;\" href=\"https:\/\/www.working-dog.com\/dogs-details\/7299430\/Chanel-von-Hoch-Raiffeisen\" target=\"_blank\" rel=\"noopener\">Chanel von Hoch Raiffeisen<\/a>\u00a0 And <\/span>l&rsquo;\u00e9talon <span style=\"color: #3366ff;\"><a style=\"color: #3366ff;\" href=\"https:\/\/www.working-dog.com\/dogs-details\/7646758\/Th\u00e9o-des-Crocs-V\u00e9ritables\" target=\"_blank\" rel=\"noopener\">Theo Real Fangs<\/a><\/span><\/p>\n<p><img loading=\"lazy\" decoding=\"async\" class=\"alignnone size-medium wp-image-1603\" src=\"https:\/\/dcv-berger-allemand.fr\/wp-content\/uploads\/2026\/04\/IMG-20260308-WA0005-225x300.jpg\" alt=\"Chanel von hoch Raiffeisen \" width=\"225\" height=\"300\" srcset=\"https:\/\/dcv-berger-allemand.fr\/wp-content\/uploads\/2026\/04\/IMG-20260308-WA0005-225x300.jpg 225w, https:\/\/dcv-berger-allemand.fr\/wp-content\/uploads\/2026\/04\/IMG-20260308-WA0005-768x1024.jpg 768w, https:\/\/dcv-berger-allemand.fr\/wp-content\/uploads\/2026\/04\/IMG-20260308-WA0005-1152x1536.jpg 1152w, https:\/\/dcv-berger-allemand.fr\/wp-content\/uploads\/2026\/04\/IMG-20260308-WA0005-9x12.jpg 9w, https:\/\/dcv-berger-allemand.fr\/wp-content\/uploads\/2026\/04\/IMG-20260308-WA0005.jpg 1530w\" sizes=\"auto, (max-width: 225px) 100vw, 225px\" \/><\/p>\n<hr \/>\n<ul>\n<li><img loading=\"lazy\" decoding=\"async\" class=\"alignnone size-medium wp-image-1382\" src=\"https:\/\/dcv-berger-allemand.fr\/wp-content\/uploads\/2025\/07\/IMG_20250713_112414-300x225.jpg\" alt=\"Garde ou d\u00e9fense\" width=\"300\" height=\"225\" srcset=\"https:\/\/dcv-berger-allemand.fr\/wp-content\/uploads\/2025\/07\/IMG_20250713_112414-300x225.jpg 300w, https:\/\/dcv-berger-allemand.fr\/wp-content\/uploads\/2025\/07\/IMG_20250713_112414-16x12.jpg 16w, https:\/\/dcv-berger-allemand.fr\/wp-content\/uploads\/2025\/07\/IMG_20250713_112414.jpg 575w\" sizes=\"auto, (max-width: 300px) 100vw, 300px\" \/><\/li>\n<\/ul>\n<p>&nbsp;<\/p>\n<p>&nbsp;<\/p>\n<h3><\/h3>\n<h3 style=\"padding-left: 40px;\"><span style=\"color: #ff0000;\">GESTATION CONFIRM\u00c9E le 12\/04\/2026, naissance pr\u00e9vue vers 12\/05\/2026<\/span> La lice <span style=\"color: #ff00ff;\"><a style=\"color: #ff00ff;\" href=\"https:\/\/www.working-dog.com\/dogs-details\/7823335\/Crazy-vom-Team-Hoch-Raiffeisen\" target=\"_blank\" rel=\"noopener\">Crazy team von Hoch Raiffeisen<\/a><\/span> \u00e0 \u00e9t\u00e9 saillie le 12\/03\/2026 par l&rsquo;\u00e9talon <span style=\"color: #3366ff;\"><a style=\"color: #3366ff;\" href=\"https:\/\/www.working-dog.com\/dogs-details\/7646758\/Th\u00e9o-des-Crocs-V\u00e9ritables\" target=\"_blank\" rel=\"noopener\">Theo Real Fangs <\/a><\/span><\/h3>\n<ul>\n<li><img loading=\"lazy\" decoding=\"async\" class=\"alignnone size-medium wp-image-84\" src=\"https:\/\/dcv-berger-allemand.fr\/wp-content\/uploads\/2025\/04\/IMG_20250208_211505-scaled-e1771782164686-300x203.jpg\" alt=\"\" width=\"300\" height=\"203\" srcset=\"https:\/\/dcv-berger-allemand.fr\/wp-content\/uploads\/2025\/04\/IMG_20250208_211505-scaled-e1771782164686-300x203.jpg 300w, https:\/\/dcv-berger-allemand.fr\/wp-content\/uploads\/2025\/04\/IMG_20250208_211505-scaled-e1771782164686-1024x693.jpg 1024w, https:\/\/dcv-berger-allemand.fr\/wp-content\/uploads\/2025\/04\/IMG_20250208_211505-scaled-e1771782164686-768x520.jpg 768w, https:\/\/dcv-berger-allemand.fr\/wp-content\/uploads\/2025\/04\/IMG_20250208_211505-scaled-e1771782164686-1536x1040.jpg 1536w, https:\/\/dcv-berger-allemand.fr\/wp-content\/uploads\/2025\/04\/IMG_20250208_211505-scaled-e1771782164686-18x12.jpg 18w, https:\/\/dcv-berger-allemand.fr\/wp-content\/uploads\/2025\/04\/IMG_20250208_211505-scaled-e1771782164686.jpg 1920w\" sizes=\"auto, (max-width: 300px) 100vw, 300px\" \/><img loading=\"lazy\" decoding=\"async\" class=\"alignnone size-medium wp-image-1382\" src=\"https:\/\/dcv-berger-allemand.fr\/wp-content\/uploads\/2025\/07\/IMG_20250713_112414-300x225.jpg\" alt=\"Garde ou d\u00e9fense\" width=\"300\" height=\"225\" srcset=\"https:\/\/dcv-berger-allemand.fr\/wp-content\/uploads\/2025\/07\/IMG_20250713_112414-300x225.jpg 300w, https:\/\/dcv-berger-allemand.fr\/wp-content\/uploads\/2025\/07\/IMG_20250713_112414-16x12.jpg 16w, https:\/\/dcv-berger-allemand.fr\/wp-content\/uploads\/2025\/07\/IMG_20250713_112414.jpg 575w\" sizes=\"auto, (max-width: 300px) 100vw, 300px\" \/><\/li>\n<\/ul>\n<\/div>\n<div style=\"display: flex; flex-wrap: wrap; justify-content: center; gap: 10px; margin-top: 30px;\">\n<p><strong><a href=\"https:\/\/dcv-berger-allemand.fr\/en\/elevage\/portees-en-cours-et-a-venir\/\"><span style=\"color: #0000ff;\">Back to current or upcoming litters here<\/span><\/a><\/strong><\/p>\n<\/div>\n<div style=\"display: flex; flex-wrap: wrap; justify-content: center; gap: 10px; margin-top: 30px;\"><span style=\"color: #666666; text-align: center;\">\u00a9 2025 \u00c9levage des Crocs V\u00e9ritables<\/span><\/div>\n<p>&nbsp;<\/p>\n<div style=\"text-align: center; font-size: 16px; margin-top: 20px;\"><strong>Quick navigation:<\/strong><\/div>\n<div style=\"text-align: center; font-size: 16px; margin-top: 20px;\"><a href=\"https:\/\/dcv-berger-allemand.fr\/en\/\">Home<\/a><br \/>\n<a href=\"\/en\/le-berger-allemand\/\">The German Shepherd<\/a> | <a href=\"\/en\/sante\/\">Health<\/a> | <a href=\"\/en\/selection\/\">Selection<\/a> | <a href=\"\/en\/vivre-avec-un-berger-allemand\/\">Living with a German Shepherd<\/a> | <a href=\"\/en\/education-et-dressage\/\">Education and training<\/a> | <a href=\"\/en\/elevage\/\">Breeding<\/a> | <a href=\"\/en\/photos-et-videos\/\">Photos<\/a> | <a href=\"\/en\/contact\/\">Contact<\/a> | <a href=\"\/en\/liens-et-bibliographie\/\">Links <\/a> | <em><span style=\"color: #339966;\"><a style=\"color: #339966;\" href=\"https:\/\/dcv-berger-allemand.fr\/en\/articles-et-reflexions\/\">Articles and Reflections<\/a><\/span><\/em><\/div>","protected":false},"excerpt":{"rendered":"<p>Prochaines port\u00e9es printemps\/\u00e9t\u00e9 2026 (Cliquez sur le nom des chiens pour plus d&rsquo;informations) SAILLIE R\u00c9ALIS\u00c9E LE 26\/04\/2026 entre La lice Chanel von Hoch Raiffeisen\u00a0 et l&rsquo;\u00e9talon Th\u00e9o Des Crocs V\u00e9ritables &nbsp; &nbsp; GESTATION CONFIRM\u00c9E le 12\/04\/2026, naissance pr\u00e9vue vers 12\/05\/2026 La lice Crazy team von Hoch Raiffeisen \u00e0 \u00e9t\u00e9 saillie le 12\/03\/2026 par l&rsquo;\u00e9talon Th\u00e9o [&hellip;]<\/p>","protected":false},"author":1,"featured_media":0,"parent":289,"menu_order":1,"comment_status":"closed","ping_status":"closed","template":"","meta":{"footnotes":""},"class_list":["post-787","page","type-page","status-publish","hentry"],"_links":{"self":[{"href":"https:\/\/dcv-berger-allemand.fr\/en\/wp-json\/wp\/v2\/pages\/787","targetHints":{"allow":["GET"]}}],"collection":[{"href":"https:\/\/dcv-berger-allemand.fr\/en\/wp-json\/wp\/v2\/pages"}],"about":[{"href":"https:\/\/dcv-berger-allemand.fr\/en\/wp-json\/wp\/v2\/types\/page"}],"author":[{"embeddable":true,"href":"https:\/\/dcv-berger-allemand.fr\/en\/wp-json\/wp\/v2\/users\/1"}],"replies":[{"embeddable":true,"href":"https:\/\/dcv-berger-allemand.fr\/en\/wp-json\/wp\/v2\/comments?post=787"}],"version-history":[{"count":27,"href":"https:\/\/dcv-berger-allemand.fr\/en\/wp-json\/wp\/v2\/pages\/787\/revisions"}],"predecessor-version":[{"id":1604,"href":"https:\/\/dcv-berger-allemand.fr\/en\/wp-json\/wp\/v2\/pages\/787\/revisions\/1604"}],"up":[{"embeddable":true,"href":"https:\/\/dcv-berger-allemand.fr\/en\/wp-json\/wp\/v2\/pages\/289"}],"wp:attachment":[{"href":"https:\/\/dcv-berger-allemand.fr\/en\/wp-json\/wp\/v2\/media?parent=787"}],"curies":[{"name":"wp","href":"https:\/\/api.w.org\/{rel}","templated":true}]}}