{"id":665,"date":"2025-04-28T12:40:03","date_gmt":"2025-04-28T12:40:03","guid":{"rendered":"https:\/\/dcv-berger-allemand.fr\/?page_id=665"},"modified":"2025-10-26T11:51:49","modified_gmt":"2025-10-26T11:51:49","slug":"les-femelles","status":"publish","type":"page","link":"https:\/\/dcv-berger-allemand.fr\/en\/elevage\/reproducteurs\/les-femelles\/","title":{"rendered":"The females"},"content":{"rendered":"<h2>Our breeding females at Des Crocs V\u00e9ritables breeding<\/h2>\n<p>( Chaque chien est test\u00e9 sur le plan de la sant\u00e9 (adn, radios) et sur les instincts ( famille, garde, animaux et aptitudes au travail, ob\u00e9issance, flair, agilit\u00e9 et protection). Il vit soit avec nous en meute et famille, \u00e0 l&rsquo;\u00e9levage o\u00f9 dans une autre famille.<\/p>\n<p>Cliquez sur le nom du chien pour voir son pedigree ainsi que toutes les informations qui vont avec.<\/p>\n<p><a href=\"https:\/\/www.working-dog.com\/dogs-details\/7299430\/Chanel-von-Hoch-Raiffeisen\" target=\"_blank\" rel=\"noopener\">Chanel de Hoch Raiffeisen<\/a><\/p>\n<p><img loading=\"lazy\" decoding=\"async\" class=\"alignnone size-medium wp-image-82\" src=\"https:\/\/dcv-berger-allemand.fr\/wp-content\/uploads\/2025\/04\/IMG_20250209_200654-1-225x300.jpg\" alt=\"Reproducteurs - Les femelles \" width=\"225\" height=\"300\" srcset=\"https:\/\/dcv-berger-allemand.fr\/wp-content\/uploads\/2025\/04\/IMG_20250209_200654-1-225x300.jpg 225w, https:\/\/dcv-berger-allemand.fr\/wp-content\/uploads\/2025\/04\/IMG_20250209_200654-1-768x1023.jpg 768w, https:\/\/dcv-berger-allemand.fr\/wp-content\/uploads\/2025\/04\/IMG_20250209_200654-1-1153x1536.jpg 1153w, https:\/\/dcv-berger-allemand.fr\/wp-content\/uploads\/2025\/04\/IMG_20250209_200654-1-1537x2048.jpg 1537w, https:\/\/dcv-berger-allemand.fr\/wp-content\/uploads\/2025\/04\/IMG_20250209_200654-1-scaled.jpg 1921w\" sizes=\"auto, (max-width: 225px) 100vw, 225px\" \/><\/p>\n<p><a href=\"https:\/\/www.working-dog.com\/dogs-details\/7823335\/Crazy-vom-Team-Hoch-Raiffeisen\" target=\"_blank\" rel=\"noopener\">Crazy Team vom Hoch Raiffeisen<\/a><\/p>\n<p><img loading=\"lazy\" decoding=\"async\" class=\"alignnone size-medium wp-image-676\" src=\"https:\/\/dcv-berger-allemand.fr\/wp-content\/uploads\/2025\/04\/IMG_20250208_121904-300x225.jpg\" alt=\"Femelles lices reproductrices \u00e9levage Des Crocs V\u00e9ritables\" width=\"300\" height=\"225\" srcset=\"https:\/\/dcv-berger-allemand.fr\/wp-content\/uploads\/2025\/04\/IMG_20250208_121904-300x225.jpg 300w, https:\/\/dcv-berger-allemand.fr\/wp-content\/uploads\/2025\/04\/IMG_20250208_121904-1024x768.jpg 1024w, https:\/\/dcv-berger-allemand.fr\/wp-content\/uploads\/2025\/04\/IMG_20250208_121904-768x576.jpg 768w, https:\/\/dcv-berger-allemand.fr\/wp-content\/uploads\/2025\/04\/IMG_20250208_121904-1536x1152.jpg 1536w, https:\/\/dcv-berger-allemand.fr\/wp-content\/uploads\/2025\/04\/IMG_20250208_121904-scaled.jpg 2048w\" sizes=\"auto, (max-width: 300px) 100vw, 300px\" \/><\/p>\n<p><a href=\"https:\/\/www.working-dog.com\/dogs-details\/7054728\/Pantera-von-der-Mohnwiese\" target=\"_blank\" rel=\"noopener\">Pantera von der Mohnwiese<\/a><\/p>\n<p><img loading=\"lazy\" decoding=\"async\" class=\"alignnone size-medium wp-image-86\" src=\"https:\/\/dcv-berger-allemand.fr\/wp-content\/uploads\/2025\/04\/IMG_20250208_195654-1-225x300.jpg\" alt=\"Reproducteurs - Les femelles \" width=\"225\" height=\"300\" srcset=\"https:\/\/dcv-berger-allemand.fr\/wp-content\/uploads\/2025\/04\/IMG_20250208_195654-1-225x300.jpg 225w, https:\/\/dcv-berger-allemand.fr\/wp-content\/uploads\/2025\/04\/IMG_20250208_195654-1-768x1023.jpg 768w, https:\/\/dcv-berger-allemand.fr\/wp-content\/uploads\/2025\/04\/IMG_20250208_195654-1-1153x1536.jpg 1153w, https:\/\/dcv-berger-allemand.fr\/wp-content\/uploads\/2025\/04\/IMG_20250208_195654-1-1537x2048.jpg 1537w, https:\/\/dcv-berger-allemand.fr\/wp-content\/uploads\/2025\/04\/IMG_20250208_195654-1-scaled.jpg 1921w\" sizes=\"auto, (max-width: 225px) 100vw, 225px\" \/><\/p>\n<p><a href=\"https:\/\/www.working-dog.com\/dogs-details\/7295360\/Andi-Hlinasvk\" target=\"_blank\" rel=\"noopener\">Andi Hlinavsk<\/a><\/p>\n<p><img loading=\"lazy\" decoding=\"async\" class=\"alignnone size-medium wp-image-343\" src=\"https:\/\/dcv-berger-allemand.fr\/wp-content\/uploads\/2025\/04\/Screenshot_20250425_203442_com_instagram_android_InstagramMainActivity-300x300.jpg\" alt=\"Reproducteurs - Les femelles \" width=\"300\" height=\"300\" srcset=\"https:\/\/dcv-berger-allemand.fr\/wp-content\/uploads\/2025\/04\/Screenshot_20250425_203442_com_instagram_android_InstagramMainActivity-300x300.jpg 300w, https:\/\/dcv-berger-allemand.fr\/wp-content\/uploads\/2025\/04\/Screenshot_20250425_203442_com_instagram_android_InstagramMainActivity-1024x1024.jpg 1024w, https:\/\/dcv-berger-allemand.fr\/wp-content\/uploads\/2025\/04\/Screenshot_20250425_203442_com_instagram_android_InstagramMainActivity-150x150.jpg 150w, https:\/\/dcv-berger-allemand.fr\/wp-content\/uploads\/2025\/04\/Screenshot_20250425_203442_com_instagram_android_InstagramMainActivity-768x768.jpg 768w, https:\/\/dcv-berger-allemand.fr\/wp-content\/uploads\/2025\/04\/Screenshot_20250425_203442_com_instagram_android_InstagramMainActivity.jpg 1224w\" sizes=\"auto, (max-width: 300px) 100vw, 300px\" \/><\/p>\n<p><a href=\"https:\/\/www.working-dog.com\/dogs-details\/8042055\/Sia-des-Crocs-Veritables\" target=\"_blank\" rel=\"noopener\">Sia des Crocs V\u00e9ritables<\/a><\/p>\n<p><img loading=\"lazy\" decoding=\"async\" class=\"alignnone wp-image-1316 size-medium\" src=\"https:\/\/dcv-berger-allemand.fr\/wp-content\/uploads\/2025\/06\/IMG_20250614_202930-scaled-e1761479178417-300x214.jpg\" alt=\"Reproducteurs - Les femelles \" width=\"300\" height=\"214\" srcset=\"https:\/\/dcv-berger-allemand.fr\/wp-content\/uploads\/2025\/06\/IMG_20250614_202930-scaled-e1761479178417-300x214.jpg 300w, https:\/\/dcv-berger-allemand.fr\/wp-content\/uploads\/2025\/06\/IMG_20250614_202930-scaled-e1761479178417-768x549.jpg 768w, https:\/\/dcv-berger-allemand.fr\/wp-content\/uploads\/2025\/06\/IMG_20250614_202930-scaled-e1761479178417-18x12.jpg 18w, https:\/\/dcv-berger-allemand.fr\/wp-content\/uploads\/2025\/06\/IMG_20250614_202930-scaled-e1761479178417.jpg 966w\" sizes=\"auto, (max-width: 300px) 100vw, 300px\" \/><\/p>\n<p><a href=\"https:\/\/www.working-dog.com\/dogs-details\/8042016\/Valcky-des-Crocs-Veritables\" target=\"_blank\" rel=\"noopener\">Valcky des Crocs V\u00e9ritables<\/a><\/p>\n<p><img loading=\"lazy\" decoding=\"async\" class=\"size-medium wp-image-1173\" src=\"https:\/\/dcv-berger-allemand.fr\/wp-content\/uploads\/2025\/05\/Screenshot_20250518_064830_com_hihonor_photos_SlotAlbumActivity-300x196.jpg\" alt=\"N\u00e9s chez nous, Berger Allemand 100% made in Des Crocs V\u00e9ritables\" width=\"300\" height=\"196\" srcset=\"https:\/\/dcv-berger-allemand.fr\/wp-content\/uploads\/2025\/05\/Screenshot_20250518_064830_com_hihonor_photos_SlotAlbumActivity-300x196.jpg 300w, https:\/\/dcv-berger-allemand.fr\/wp-content\/uploads\/2025\/05\/Screenshot_20250518_064830_com_hihonor_photos_SlotAlbumActivity-1024x668.jpg 1024w, https:\/\/dcv-berger-allemand.fr\/wp-content\/uploads\/2025\/05\/Screenshot_20250518_064830_com_hihonor_photos_SlotAlbumActivity-768x501.jpg 768w, https:\/\/dcv-berger-allemand.fr\/wp-content\/uploads\/2025\/05\/Screenshot_20250518_064830_com_hihonor_photos_SlotAlbumActivity-18x12.jpg 18w, https:\/\/dcv-berger-allemand.fr\/wp-content\/uploads\/2025\/05\/Screenshot_20250518_064830_com_hihonor_photos_SlotAlbumActivity.jpg 1224w\" sizes=\"auto, (max-width: 300px) 100vw, 300px\" \/><\/p>\n<p><span style=\"color: #0000ff;\"><a style=\"color: #0000ff;\" href=\"https:\/\/dcv-berger-allemand.fr\/en\/elevage\/reproducteurs\/\">return to breeders here<\/a><\/span><\/p>\n<p>or continue towards<span style=\"color: #3366ff;\">\u00a0<a style=\"color: #3366ff;\" href=\"https:\/\/dcv-berger-allemand.fr\/en\/elevage\/reproducteurs\/les-males\/\">The males<\/a><\/span><\/p>\n<p>&nbsp;<\/p>\n<div style=\"display: flex; flex-wrap: wrap; justify-content: center; gap: 10px; margin-top: 30px;\"><span style=\"color: #666666; text-align: center;\">\u00a9 2025 \u00c9levage des Crocs V\u00e9ritables<\/span><\/div>\n<p>&nbsp;<\/p>\n<div style=\"text-align: center; font-size: 16px; margin-top: 20px;\"><strong>Quick navigation:<\/strong><\/div>\n<div style=\"text-align: center; font-size: 16px; margin-top: 20px;\"><a href=\"https:\/\/dcv-berger-allemand.fr\/en\/\">Home<\/a><br \/>\n<a href=\"\/en\/le-berger-allemand\/\">The German Shepherd<\/a> | <a href=\"\/en\/sante\/\">Health<\/a> | <a href=\"\/en\/selection\/\">Selection<\/a> | <a href=\"\/en\/vivre-avec-un-berger-allemand\/\">Living with a German Shepherd<\/a> | <a href=\"\/en\/education-et-dressage\/\">Education and training<\/a> | <a href=\"\/en\/elevage\/\">Breeding<\/a> | <a href=\"\/en\/photos-et-videos\/\">Photos<\/a> | <a href=\"\/en\/contact\/\">Contact<\/a> | <a href=\"\/en\/liens-et-bibliographie\/\">Links <\/a> | <em><span style=\"color: #339966;\"><a style=\"color: #339966;\" href=\"https:\/\/dcv-berger-allemand.fr\/en\/articles-et-reflexions\/\">Articles and Reflections<\/a><\/span><\/em><\/div>","protected":false},"excerpt":{"rendered":"<p>Nos femelles lices reproductrices \u00e9levage Des Crocs V\u00e9ritables ( Chaque chien est test\u00e9 sur le plan de la sant\u00e9 (adn, radios) et sur les instincts ( famille, garde, animaux et aptitudes au travail, ob\u00e9issance, flair, agilit\u00e9 et protection). Il vit soit avec nous en meute et famille, \u00e0 l&rsquo;\u00e9levage o\u00f9 dans une autre famille. Cliquez [&hellip;]<\/p>","protected":false},"author":1,"featured_media":0,"parent":283,"menu_order":2,"comment_status":"closed","ping_status":"closed","template":"","meta":{"footnotes":""},"class_list":["post-665","page","type-page","status-publish","hentry"],"_links":{"self":[{"href":"https:\/\/dcv-berger-allemand.fr\/en\/wp-json\/wp\/v2\/pages\/665","targetHints":{"allow":["GET"]}}],"collection":[{"href":"https:\/\/dcv-berger-allemand.fr\/en\/wp-json\/wp\/v2\/pages"}],"about":[{"href":"https:\/\/dcv-berger-allemand.fr\/en\/wp-json\/wp\/v2\/types\/page"}],"author":[{"embeddable":true,"href":"https:\/\/dcv-berger-allemand.fr\/en\/wp-json\/wp\/v2\/users\/1"}],"replies":[{"embeddable":true,"href":"https:\/\/dcv-berger-allemand.fr\/en\/wp-json\/wp\/v2\/comments?post=665"}],"version-history":[{"count":13,"href":"https:\/\/dcv-berger-allemand.fr\/en\/wp-json\/wp\/v2\/pages\/665\/revisions"}],"predecessor-version":[{"id":1462,"href":"https:\/\/dcv-berger-allemand.fr\/en\/wp-json\/wp\/v2\/pages\/665\/revisions\/1462"}],"up":[{"embeddable":true,"href":"https:\/\/dcv-berger-allemand.fr\/en\/wp-json\/wp\/v2\/pages\/283"}],"wp:attachment":[{"href":"https:\/\/dcv-berger-allemand.fr\/en\/wp-json\/wp\/v2\/media?parent=665"}],"curies":[{"name":"wp","href":"https:\/\/api.w.org\/{rel}","templated":true}]}}