{"id":662,"date":"2025-04-28T12:37:13","date_gmt":"2025-04-28T12:37:13","guid":{"rendered":"https:\/\/dcv-berger-allemand.fr\/?page_id=662"},"modified":"2025-10-26T11:32:11","modified_gmt":"2025-10-26T11:32:11","slug":"les-males","status":"publish","type":"page","link":"https:\/\/dcv-berger-allemand.fr\/en\/elevage\/reproducteurs\/les-males\/","title":{"rendered":"The males"},"content":{"rendered":"<h3>Our stallion males from Des Crocs V\u00e9ritables breeding<\/h3>\n<p>( Chaque chien est test\u00e9 sur le plan de la sant\u00e9 (adn, radios) et sur les instincts ( famille, garde, animaux et aptitudes au travail, ob\u00e9issance, flair, agilit\u00e9 et protection). Il vit soit avec nous en meute et famille, \u00e0 l&rsquo;\u00e9levage o\u00f9 dans une autre famille.<\/p>\n<p>Cliquez sur le nom du chien pour voir son pedigree ainsi que toutes les informations qui vont avec.<\/p>\n<p><a href=\"https:\/\/www.working-dog.com\/dogs-details\/7367880\/OGun-du-chateau-de-werde\" target=\"_blank\" rel=\"noopener\">O&rsquo;Gun du ch\u00e2teau de Werde<\/a><\/p>\n<p><img loading=\"lazy\" decoding=\"async\" class=\"alignnone size-medium wp-image-678\" src=\"https:\/\/dcv-berger-allemand.fr\/wp-content\/uploads\/2025\/04\/IMG_20250428_155622-225x300.jpg\" alt=\"M\u00e2les \u00e9talon des Crocs V\u00e9ritables Berger Allemand\" width=\"225\" height=\"300\" srcset=\"https:\/\/dcv-berger-allemand.fr\/wp-content\/uploads\/2025\/04\/IMG_20250428_155622-225x300.jpg 225w, https:\/\/dcv-berger-allemand.fr\/wp-content\/uploads\/2025\/04\/IMG_20250428_155622-768x1024.jpg 768w, https:\/\/dcv-berger-allemand.fr\/wp-content\/uploads\/2025\/04\/IMG_20250428_155622-1152x1536.jpg 1152w, https:\/\/dcv-berger-allemand.fr\/wp-content\/uploads\/2025\/04\/IMG_20250428_155622.jpg 1200w\" sizes=\"auto, (max-width: 225px) 100vw, 225px\" \/><\/p>\n<p><a href=\"https:\/\/www.working-dog.com\/dogs-details\/7646758\/Th%C3%A9o-des-Crocs-V%C3%A9ritables\" target=\"_blank\" rel=\"noopener\">Theo Real Fangs\u00a0<\/a><\/p>\n<p><img loading=\"lazy\" decoding=\"async\" class=\"alignnone size-medium wp-image-1382\" src=\"https:\/\/dcv-berger-allemand.fr\/wp-content\/uploads\/2025\/07\/IMG_20250713_112414-300x225.jpg\" alt=\"Garde ou d\u00e9fense\" width=\"300\" height=\"225\" srcset=\"https:\/\/dcv-berger-allemand.fr\/wp-content\/uploads\/2025\/07\/IMG_20250713_112414-300x225.jpg 300w, https:\/\/dcv-berger-allemand.fr\/wp-content\/uploads\/2025\/07\/IMG_20250713_112414-16x12.jpg 16w, https:\/\/dcv-berger-allemand.fr\/wp-content\/uploads\/2025\/07\/IMG_20250713_112414.jpg 575w\" sizes=\"auto, (max-width: 300px) 100vw, 300px\" \/><\/p>\n<p><a href=\"https:\/\/www.working-dog.com\/dogs-details\/7299436\/Eddy-von-Hoch-Raiffeisen\" target=\"_blank\" rel=\"noopener\">Eddy von Hoch Raiffeisen\u00a0<\/a><\/p>\n<p><img loading=\"lazy\" decoding=\"async\" class=\"alignnone size-medium wp-image-1456\" src=\"https:\/\/dcv-berger-allemand.fr\/wp-content\/uploads\/2025\/10\/Screenshot_20251026_122133_com_android_chrome_ChromeTabbedActivity-300x207.jpg\" alt=\"Reproducteurs - Les m\u00e2les\" width=\"300\" height=\"207\" srcset=\"https:\/\/dcv-berger-allemand.fr\/wp-content\/uploads\/2025\/10\/Screenshot_20251026_122133_com_android_chrome_ChromeTabbedActivity-300x207.jpg 300w, https:\/\/dcv-berger-allemand.fr\/wp-content\/uploads\/2025\/10\/Screenshot_20251026_122133_com_android_chrome_ChromeTabbedActivity-1024x706.jpg 1024w, https:\/\/dcv-berger-allemand.fr\/wp-content\/uploads\/2025\/10\/Screenshot_20251026_122133_com_android_chrome_ChromeTabbedActivity-768x529.jpg 768w, https:\/\/dcv-berger-allemand.fr\/wp-content\/uploads\/2025\/10\/Screenshot_20251026_122133_com_android_chrome_ChromeTabbedActivity-18x12.jpg 18w, https:\/\/dcv-berger-allemand.fr\/wp-content\/uploads\/2025\/10\/Screenshot_20251026_122133_com_android_chrome_ChromeTabbedActivity.jpg 1135w\" sizes=\"auto, (max-width: 300px) 100vw, 300px\" \/><\/p>\n<p>&nbsp;<\/p>\n<p><a href=\"https:\/\/www.working-dog.com\/dogs-details\/7865860\/Defender-del-Camino-Duro\" target=\"_blank\" rel=\"noopener\">Defender Del Camino Duro<\/a><\/p>\n<p><img loading=\"lazy\" decoding=\"async\" class=\"alignnone size-medium wp-image-1450\" src=\"https:\/\/dcv-berger-allemand.fr\/wp-content\/uploads\/2025\/10\/IMG_20250719_111556_edit_730764950699983-300x169.jpg\" alt=\"Reproducteurs - Les m\u00e2les \" width=\"300\" height=\"169\" srcset=\"https:\/\/dcv-berger-allemand.fr\/wp-content\/uploads\/2025\/10\/IMG_20250719_111556_edit_730764950699983-300x169.jpg 300w, https:\/\/dcv-berger-allemand.fr\/wp-content\/uploads\/2025\/10\/IMG_20250719_111556_edit_730764950699983-18x10.jpg 18w, https:\/\/dcv-berger-allemand.fr\/wp-content\/uploads\/2025\/10\/IMG_20250719_111556_edit_730764950699983.jpg 444w\" sizes=\"auto, (max-width: 300px) 100vw, 300px\" \/><\/p>\n<p><a href=\"https:\/\/www.working-dog.com\/dogs-details\/8041234\/Knurris-Alvin\" target=\"_blank\" rel=\"noopener\">Knurri&rsquo;s Alvin<\/a><\/p>\n<p><img loading=\"lazy\" decoding=\"async\" class=\"alignnone size-medium wp-image-1457\" src=\"https:\/\/dcv-berger-allemand.fr\/wp-content\/uploads\/2025\/10\/IMG_20250930_182908_edit_1094846979370524-300x225.jpg\" alt=\"Reproducteurs - Les m\u00e2les \" width=\"300\" height=\"225\" srcset=\"https:\/\/dcv-berger-allemand.fr\/wp-content\/uploads\/2025\/10\/IMG_20250930_182908_edit_1094846979370524-300x225.jpg 300w, https:\/\/dcv-berger-allemand.fr\/wp-content\/uploads\/2025\/10\/IMG_20250930_182908_edit_1094846979370524-1024x768.jpg 1024w, https:\/\/dcv-berger-allemand.fr\/wp-content\/uploads\/2025\/10\/IMG_20250930_182908_edit_1094846979370524-768x576.jpg 768w, https:\/\/dcv-berger-allemand.fr\/wp-content\/uploads\/2025\/10\/IMG_20250930_182908_edit_1094846979370524-1536x1152.jpg 1536w, https:\/\/dcv-berger-allemand.fr\/wp-content\/uploads\/2025\/10\/IMG_20250930_182908_edit_1094846979370524-16x12.jpg 16w, https:\/\/dcv-berger-allemand.fr\/wp-content\/uploads\/2025\/10\/IMG_20250930_182908_edit_1094846979370524.jpg 1740w\" sizes=\"auto, (max-width: 300px) 100vw, 300px\" \/><\/p>\n<p>&nbsp;<\/p>\n<p><span style=\"color: #0000ff;\"><a style=\"color: #0000ff;\" href=\"https:\/\/dcv-berger-allemand.fr\/en\/elevage\/reproducteurs\/\">return to Breeders here<\/a><\/span><\/p>\n<p>or continue towards\u00a0<span style=\"color: #3366ff;\"><a style=\"color: #3366ff;\" href=\"https:\/\/dcv-berger-allemand.fr\/en\/elevage\/reproducteurs\/les-femelles\/\">The females<\/a><\/span><span style=\"color: #3366ff;\">\u00a0<\/span><\/p>\n<div style=\"display: flex; flex-wrap: wrap; justify-content: center; gap: 10px; margin-top: 30px;\"><span style=\"color: #666666; text-align: center;\">\u00a9 2025 \u00c9levage des Crocs V\u00e9ritables<\/span><\/div>\n<p>&nbsp;<\/p>\n<div style=\"text-align: center; font-size: 16px; margin-top: 20px;\"><strong>Quick navigation:<\/strong><\/div>\n<div style=\"text-align: center; font-size: 16px; margin-top: 20px;\"><a href=\"https:\/\/dcv-berger-allemand.fr\/en\/\">Home<\/a><br \/>\n<a href=\"\/en\/le-berger-allemand\/\">The German Shepherd<\/a> | <a href=\"\/en\/sante\/\">Health<\/a> | <a href=\"\/en\/selection\/\">Selection<\/a> | <a href=\"\/en\/vivre-avec-un-berger-allemand\/\">Living with a German Shepherd<\/a> | <a href=\"\/en\/education-et-dressage\/\">Education and training<\/a> | <a href=\"\/en\/elevage\/\">Breeding<\/a> | <a href=\"\/en\/photos-et-videos\/\">Photos<\/a> | <a href=\"\/en\/contact\/\">Contact<\/a> | <a href=\"\/en\/liens-et-bibliographie\/\">Links <\/a> | <em><span style=\"color: #339966;\"><a style=\"color: #339966;\" href=\"https:\/\/dcv-berger-allemand.fr\/en\/articles-et-reflexions\/\">Articles and Reflections<\/a><\/span><\/em><\/div>","protected":false},"excerpt":{"rendered":"<p>Nos m\u00e2les \u00e9talons \u00e9levage Des Crocs V\u00e9ritables ( Chaque chien est test\u00e9 sur le plan de la sant\u00e9 (adn, radios) et sur les instincts ( famille, garde, animaux et aptitudes au travail, ob\u00e9issance, flair, agilit\u00e9 et protection). Il vit soit avec nous en meute et famille, \u00e0 l&rsquo;\u00e9levage o\u00f9 dans une autre famille. Cliquez sur [&hellip;]<\/p>","protected":false},"author":1,"featured_media":0,"parent":283,"menu_order":1,"comment_status":"closed","ping_status":"closed","template":"","meta":{"footnotes":""},"class_list":["post-662","page","type-page","status-publish","hentry"],"_links":{"self":[{"href":"https:\/\/dcv-berger-allemand.fr\/en\/wp-json\/wp\/v2\/pages\/662","targetHints":{"allow":["GET"]}}],"collection":[{"href":"https:\/\/dcv-berger-allemand.fr\/en\/wp-json\/wp\/v2\/pages"}],"about":[{"href":"https:\/\/dcv-berger-allemand.fr\/en\/wp-json\/wp\/v2\/types\/page"}],"author":[{"embeddable":true,"href":"https:\/\/dcv-berger-allemand.fr\/en\/wp-json\/wp\/v2\/users\/1"}],"replies":[{"embeddable":true,"href":"https:\/\/dcv-berger-allemand.fr\/en\/wp-json\/wp\/v2\/comments?post=662"}],"version-history":[{"count":11,"href":"https:\/\/dcv-berger-allemand.fr\/en\/wp-json\/wp\/v2\/pages\/662\/revisions"}],"predecessor-version":[{"id":1458,"href":"https:\/\/dcv-berger-allemand.fr\/en\/wp-json\/wp\/v2\/pages\/662\/revisions\/1458"}],"up":[{"embeddable":true,"href":"https:\/\/dcv-berger-allemand.fr\/en\/wp-json\/wp\/v2\/pages\/283"}],"wp:attachment":[{"href":"https:\/\/dcv-berger-allemand.fr\/en\/wp-json\/wp\/v2\/media?parent=662"}],"curies":[{"name":"wp","href":"https:\/\/api.w.org\/{rel}","templated":true}]}}