{"id":320,"date":"2025-04-25T15:30:27","date_gmt":"2025-04-25T15:30:27","guid":{"rendered":"https:\/\/dcv-berger-allemand.fr\/?page_id=320"},"modified":"2025-05-24T17:31:57","modified_gmt":"2025-05-24T17:31:57","slug":"profils-de-maitres-adaptes","status":"publish","type":"page","link":"https:\/\/dcv-berger-allemand.fr\/en\/vivre-avec-un-berger-allemand\/profils-de-maitres-adaptes\/","title":{"rendered":"Adapted master profiles"},"content":{"rendered":"<div class=\"page\" title=\"Page 54\">\n<div class=\"layoutArea\">\n<div class=\"column\">\n<div id=\"ez-toc-container\" class=\"ez-toc-v2_0_76 counter-hierarchy ez-toc-counter ez-toc-grey ez-toc-container-direction\">\n<div class=\"ez-toc-title-container\">\n<p class=\"ez-toc-title\" style=\"cursor:inherit\">Page contents<\/p>\n<span class=\"ez-toc-title-toggle\"><a href=\"#\" class=\"ez-toc-pull-right ez-toc-btn ez-toc-btn-xs ez-toc-btn-default ez-toc-toggle\" aria-label=\"Toggle Table of Content\"><span class=\"ez-toc-js-icon-con\"><span class=\"\"><span class=\"eztoc-hide\" style=\"display:none;\">Toggle<\/span><span class=\"ez-toc-icon-toggle-span\"><svg style=\"fill: #999;color:#999\" xmlns=\"http:\/\/www.w3.org\/2000\/svg\" class=\"list-377408\" width=\"20px\" height=\"20px\" viewbox=\"0 0 24 24\" fill=\"none\"><path d=\"M6 6H4v2h2V6zm14 0H8v2h12V6zM4 11h2v2H4v-2zm16 0H8v2h12v-2zM4 16h2v2H4v-2zm16 0H8v2h12v-2z\" fill=\"currentColor\"><\/path><\/svg><svg style=\"fill: #999;color:#999\" class=\"arrow-unsorted-368013\" xmlns=\"http:\/\/www.w3.org\/2000\/svg\" width=\"10px\" height=\"10px\" viewbox=\"0 0 24 24\" version=\"1.2\" baseprofile=\"tiny\"><path d=\"M18.2 9.3l-6.2-6.3-6.2 6.3c-.2.2-.3.4-.3.7s.1.5.3.7c.2.2.4.3.7.3h11c.3 0 .5-.1.7-.3.2-.2.3-.5.3-.7s-.1-.5-.3-.7zM5.8 14.7l6.2 6.3 6.2-6.3c.2-.2.3-.5.3-.7s-.1-.5-.3-.7c-.2-.2-.4-.3-.7-.3h-11c-.3 0-.5.1-.7.3-.2.2-.3.5-.3.7s.1.5.3.7z\"\/><\/svg><\/span><\/span><\/span><\/a><\/span><\/div>\n<nav><ul class='ez-toc-list ez-toc-list-level-1' ><li class='ez-toc-page-1 ez-toc-heading-level-3'><a class=\"ez-toc-link ez-toc-heading-1\" href=\"https:\/\/dcv-berger-allemand.fr\/en\/vivre-avec-un-berger-allemand\/profils-de-maitres-adaptes\/#Quels_sont_les_profils_de_maitres_adaptes_a_ce_merveilleux_compagnon\" >What are the profiles of owners suited to this wonderful companion?<\/a><\/li><li class='ez-toc-page-1 ez-toc-heading-level-3'><a class=\"ez-toc-link ez-toc-heading-2\" href=\"https:\/\/dcv-berger-allemand.fr\/en\/vivre-avec-un-berger-allemand\/profils-de-maitres-adaptes\/#Et_existe-t-il_des_profils_adaptes_pour_les_familles_qui_ont_besoin_dun_chien_de_garde\" >And are there suitable profiles for families who need a guard dog?<\/a><\/li><\/ul><\/nav><\/div>\n<h3><span class=\"ez-toc-section\" id=\"Quels_sont_les_profils_de_maitres_adaptes_a_ce_merveilleux_compagnon\"><\/span>What are the profiles of owners suited to this wonderful companion?<span class=\"ez-toc-section-end\"><\/span><\/h3>\n<p>The German Shepherd isn&#039;t just for professionals. But it&#039;s not for everyone either. It&#039;s perfect for active, dedicated people who enjoy spending time with their dog, training it, and sharing activities: hiking, canicross, tracking, obedience, etc.<\/p>\n<p><img loading=\"lazy\" decoding=\"async\" class=\"aligncenter wp-image-76\" src=\"https:\/\/dcv-berger-allemand.fr\/wp-content\/uploads\/2025\/04\/Screenshot_20250422_184233_com_google_android_apps_photos_StoryViewActivity_edit_66938052398944-162x300.jpg\" alt=\"Profils de ma\u00eetres adapt\u00e9s, Yannick Le Gallou et son bin\u00f4me O'Gun du Chateau de Werde (\u00e9talon utilis\u00e9 par Des Crocs V\u00e9ritables)\" width=\"211\" height=\"391\" srcset=\"https:\/\/dcv-berger-allemand.fr\/wp-content\/uploads\/2025\/04\/Screenshot_20250422_184233_com_google_android_apps_photos_StoryViewActivity_edit_66938052398944-162x300.jpg 162w, https:\/\/dcv-berger-allemand.fr\/wp-content\/uploads\/2025\/04\/Screenshot_20250422_184233_com_google_android_apps_photos_StoryViewActivity_edit_66938052398944-552x1024.jpg 552w, https:\/\/dcv-berger-allemand.fr\/wp-content\/uploads\/2025\/04\/Screenshot_20250422_184233_com_google_android_apps_photos_StoryViewActivity_edit_66938052398944-768x1425.jpg 768w, https:\/\/dcv-berger-allemand.fr\/wp-content\/uploads\/2025\/04\/Screenshot_20250422_184233_com_google_android_apps_photos_StoryViewActivity_edit_66938052398944-828x1536.jpg 828w, https:\/\/dcv-berger-allemand.fr\/wp-content\/uploads\/2025\/04\/Screenshot_20250422_184233_com_google_android_apps_photos_StoryViewActivity_edit_66938052398944-1104x2048.jpg 1104w, https:\/\/dcv-berger-allemand.fr\/wp-content\/uploads\/2025\/04\/Screenshot_20250422_184233_com_google_android_apps_photos_StoryViewActivity_edit_66938052398944.jpg 1224w\" sizes=\"auto, (max-width: 211px) 100vw, 211px\" \/><\/p>\n<p style=\"text-align: center;\">Yannick Le Gallou and his partner O&#039;Gun du Chateau de Werde (stallion used by Des Crocs V\u00e9ritables)<\/p>\n<p>It is also a wonderful companion dog as long as it is given the opportunity to fully develop: movement, connection, a mission.<\/p>\n<div class=\"page\" title=\"Page 56\">\n<div class=\"layoutArea\">\n<div class=\"column\">\n<h3><span class=\"ez-toc-section\" id=\"Et_existe-t-il_des_profils_adaptes_pour_les_familles_qui_ont_besoin_dun_chien_de_garde\"><\/span><strong>And are there suitable profiles for families who need a guard dog?<\/strong><span class=\"ez-toc-section-end\"><\/span><\/h3>\n<p><img loading=\"lazy\" decoding=\"async\" class=\"size-full wp-image-382 aligncenter\" src=\"https:\/\/dcv-berger-allemand.fr\/wp-content\/uploads\/2025\/04\/download-5-20.30.14.jpg\" alt=\"\" width=\"243\" height=\"207\" \/><\/p>\n<p>In a world where the<a href=\"https:\/\/www.interieur.gouv.fr \u203a communiques-de-presse\">insecurity increases<\/a>, more and more families are looking for a dog capable of protecting their home, especially if they live in an isolated house. The German Shepherd can perfectly fulfill this role. But one should not confuse guard instinct with poorly channeled aggression. A good guard dog is a stable, lucid dog, capable of deterring without being dangerous to those around him.<\/p>\n<p><img loading=\"lazy\" decoding=\"async\" class=\"aligncenter wp-image-582\" src=\"https:\/\/dcv-berger-allemand.fr\/wp-content\/uploads\/2025\/04\/IMG_20250428_090038_edit_207469843294137-225x300.jpg\" alt=\"La fiabilit\u00e9 envers la famille, la vigilance et la dissuasion, 3 qualit\u00e9s indispensables au chien de garde\" width=\"257\" height=\"343\" srcset=\"https:\/\/dcv-berger-allemand.fr\/wp-content\/uploads\/2025\/04\/IMG_20250428_090038_edit_207469843294137-225x300.jpg 225w, https:\/\/dcv-berger-allemand.fr\/wp-content\/uploads\/2025\/04\/IMG_20250428_090038_edit_207469843294137-768x1024.jpg 768w, https:\/\/dcv-berger-allemand.fr\/wp-content\/uploads\/2025\/04\/IMG_20250428_090038_edit_207469843294137-1152x1536.jpg 1152w, https:\/\/dcv-berger-allemand.fr\/wp-content\/uploads\/2025\/04\/IMG_20250428_090038_edit_207469843294137.jpg 1412w\" sizes=\"auto, (max-width: 257px) 100vw, 257px\" \/><\/p>\n<p style=\"text-align: center;\">Reliability towards the family, vigilance and deterrence, 3 essential qualities for a guard dog<\/p>\n<\/div>\n<\/div>\n<\/div>\n<div class=\"page\" title=\"Page 57\">\n<div class=\"layoutArea\">\n<div class=\"column\">\n<p>In this register, if we must talk about the profiles of owners, we must also talk about the profiles of dogs! For it to be able to guard effectively, the dog must have a strong bond with its family, know its territory, and have been first selected and then guided in this function. This cannot be improvised.<\/p>\n<p><img loading=\"lazy\" decoding=\"async\" class=\"aligncenter wp-image-431\" src=\"https:\/\/dcv-berger-allemand.fr\/wp-content\/uploads\/2025\/04\/IMG20230122160554-1-225x300.jpg\" alt=\"Le m\u00eame chien doit \u00eatre intransigeant envers les \u00e9trangers et totalement inoffensif avec sa famille\" width=\"327\" height=\"436\" srcset=\"https:\/\/dcv-berger-allemand.fr\/wp-content\/uploads\/2025\/04\/IMG20230122160554-1-225x300.jpg 225w, https:\/\/dcv-berger-allemand.fr\/wp-content\/uploads\/2025\/04\/IMG20230122160554-1-768x1024.jpg 768w, https:\/\/dcv-berger-allemand.fr\/wp-content\/uploads\/2025\/04\/IMG20230122160554-1-1152x1536.jpg 1152w, https:\/\/dcv-berger-allemand.fr\/wp-content\/uploads\/2025\/04\/IMG20230122160554-1-1536x2048.jpg 1536w, https:\/\/dcv-berger-allemand.fr\/wp-content\/uploads\/2025\/04\/IMG20230122160554-1-scaled.jpg 1920w\" sizes=\"auto, (max-width: 327px) 100vw, 327px\" \/><\/p>\n<p style=\"text-align: center;\">The same dog must be uncompromising towards strangers and totally harmless with his family<\/p>\n<p>The suitable master profiles are then families living in houses with a large plot of land, particularly if it is isolated.<\/p>\n<p>Furthermore, we recommend that families seeking truly effective guarding consider adopting two dogs, one male and one female. This duo is often more complementary, more balanced: they stand guard together, take turns, and train each other without excessive rivalry. The female is often more responsive, the male more dissuasive, and their spontaneous cooperation makes it a natural and effective solution for guarding an estate.<\/p>\n<p>Of course, this requires a little more organization and resources, but for those who need a real warning and deterrence system, it is an option to seriously consider.<\/p>\n<p><strong>(for more information on this topic also read the section<\/strong> <a href=\"https:\/\/dcv-berger-allemand.fr\/en\/education-et-dressage\/garde\/\">Education\/Childcare<\/a> And <a href=\"https:\/\/dcv-berger-allemand.fr\/en\/selection\/la-garde-un-travail\/\">Selection\/Guard<\/a>)<\/p>\n<\/div>\n<\/div>\n<\/div>\n<p><img loading=\"lazy\" decoding=\"async\" class=\"aligncenter wp-image-434\" src=\"https:\/\/dcv-berger-allemand.fr\/wp-content\/uploads\/2025\/04\/IMG_20240825_203335-1-225x300.jpg\" alt=\"Le chien membre de la famille\" width=\"312\" height=\"416\" srcset=\"https:\/\/dcv-berger-allemand.fr\/wp-content\/uploads\/2025\/04\/IMG_20240825_203335-1-225x300.jpg 225w, https:\/\/dcv-berger-allemand.fr\/wp-content\/uploads\/2025\/04\/IMG_20240825_203335-1-768x1024.jpg 768w, https:\/\/dcv-berger-allemand.fr\/wp-content\/uploads\/2025\/04\/IMG_20240825_203335-1-1152x1536.jpg 1152w, https:\/\/dcv-berger-allemand.fr\/wp-content\/uploads\/2025\/04\/IMG_20240825_203335-1-1536x2048.jpg 1536w, https:\/\/dcv-berger-allemand.fr\/wp-content\/uploads\/2025\/04\/IMG_20240825_203335-1-scaled.jpg 1920w\" sizes=\"auto, (max-width: 312px) 100vw, 312px\" \/><\/p>\n<\/div>\n<\/div>\n<\/div>\n<p style=\"text-align: center;\">The dog as a member of the family<\/p>\n<p>&nbsp;<\/p>\n<p><a class=\"continue-button\" style=\"display: inline-block; background-color: #2c3e50; color: #ffffff; padding: 12px 24px; border-radius: 8px; text-decoration: none; font-size: 18px; transition: background-color 0.3s ease;\" href=\"https:\/\/dcv-berger-allemand.fr\/en\/vivre-avec-un-berger-allemand\/les-bonnes-questions-a-se-poser\/\"><br \/>\nContinue to the next section<br \/>\n<\/a><\/p>\n<div style=\"display: flex; flex-wrap: wrap; justify-content: center; gap: 10px; margin-top: 30px;\"><span style=\"color: #666666; text-align: center;\">\u00a9 2025 \u00c9levage des Crocs V\u00e9ritables<\/span><\/div>\n<p>&nbsp;<\/p>\n<div style=\"text-align: center; font-size: 16px; margin-top: 20px;\"><strong>Quick navigation:<\/strong><\/div>\n<div style=\"text-align: center; font-size: 16px; margin-top: 20px;\"><a href=\"https:\/\/dcv-berger-allemand.fr\/en\/\">Home<\/a><br \/><a href=\"\/en\/le-berger-allemand\/\">The German Shepherd<\/a> | <a href=\"\/en\/sante\/\">Health<\/a> | <a href=\"\/en\/selection\/\">Selection<\/a> | <a href=\"\/en\/vivre-avec-un-berger-allemand\/\">Living with a German Shepherd<\/a> | <a href=\"\/en\/education-et-dressage\/\">Education and training<\/a> | <a href=\"\/en\/elevage\/\">Breeding<\/a> | <a href=\"\/en\/photos-et-videos\/\">Photos<\/a> | <a href=\"\/en\/contact\/\">Contact<\/a> | <a href=\"\/en\/liens-et-bibliographie\/\">Links <\/a> | <em><span style=\"color: #339966;\"><a style=\"color: #339966;\" href=\"https:\/\/dcv-berger-allemand.fr\/en\/articles-et-reflexions\/\">Articles and Reflections<\/a><\/span><\/em><\/div>","protected":false},"excerpt":{"rendered":"<p>Quels sont les profils de ma\u00eetres adapt\u00e9s \u00e0 ce merveilleux compagnon? Le Berger Allemand n\u2019est pas re\u0301serve\u0301 aux seuls professionnels. Mais il ne convient pas non plus a\u0300 tout le monde. Il est parfait pour les personnes actives, investies, qui aiment passer du temps avec leur chien, l\u2019e\u0301duquer, partager des activite\u0301s : randonne\u0301e, cani-cross, pistage, [&hellip;]<\/p>","protected":false},"author":1,"featured_media":0,"parent":141,"menu_order":0,"comment_status":"closed","ping_status":"closed","template":"","meta":{"footnotes":""},"class_list":["post-320","page","type-page","status-publish","hentry"],"_links":{"self":[{"href":"https:\/\/dcv-berger-allemand.fr\/en\/wp-json\/wp\/v2\/pages\/320","targetHints":{"allow":["GET"]}}],"collection":[{"href":"https:\/\/dcv-berger-allemand.fr\/en\/wp-json\/wp\/v2\/pages"}],"about":[{"href":"https:\/\/dcv-berger-allemand.fr\/en\/wp-json\/wp\/v2\/types\/page"}],"author":[{"embeddable":true,"href":"https:\/\/dcv-berger-allemand.fr\/en\/wp-json\/wp\/v2\/users\/1"}],"replies":[{"embeddable":true,"href":"https:\/\/dcv-berger-allemand.fr\/en\/wp-json\/wp\/v2\/comments?post=320"}],"version-history":[{"count":12,"href":"https:\/\/dcv-berger-allemand.fr\/en\/wp-json\/wp\/v2\/pages\/320\/revisions"}],"predecessor-version":[{"id":1269,"href":"https:\/\/dcv-berger-allemand.fr\/en\/wp-json\/wp\/v2\/pages\/320\/revisions\/1269"}],"up":[{"embeddable":true,"href":"https:\/\/dcv-berger-allemand.fr\/en\/wp-json\/wp\/v2\/pages\/141"}],"wp:attachment":[{"href":"https:\/\/dcv-berger-allemand.fr\/en\/wp-json\/wp\/v2\/media?parent=320"}],"curies":[{"name":"wp","href":"https:\/\/api.w.org\/{rel}","templated":true}]}}