{"id":317,"date":"2025-04-25T15:29:07","date_gmt":"2025-04-25T15:29:07","guid":{"rendered":"https:\/\/dcv-berger-allemand.fr\/?page_id=317"},"modified":"2025-05-24T17:31:18","modified_gmt":"2025-05-24T17:31:18","slug":"choisir-la-bonne-lignee-et-le-bon-elevage","status":"publish","type":"page","link":"https:\/\/dcv-berger-allemand.fr\/en\/vivre-avec-un-berger-allemand\/choisir-la-bonne-lignee-et-le-bon-elevage\/","title":{"rendered":"Choosing the right line and breeding"},"content":{"rendered":"<div class=\"page\" title=\"Page 53\">\n<div class=\"layoutArea\">\n<div class=\"column\">\n<h3>Choosing the right line and breeding: an essential point?<\/h3>\n<p>A German Shepherd is not born by chance. <a href=\"https:\/\/www.centrale-canine.fr\/recherche-par-race\/portees\" target=\"_blank\" rel=\"noopener\">The choice of breeding<\/a> and the lineage is capital (<a href=\"https:\/\/dcv-berger-allemand.fr\/en\/le-berger-allemand\/comparatif-des-lignees\/\">see the section The German Shepherd \/ Comparison of lines<\/a>) .<\/p>\n<p>A good breeder doesn&#039;t sell a puppy; they build a relationship, guide, advise, and select. They know their dogs, their strengths, and their needs.<\/p>\n<p><img loading=\"lazy\" decoding=\"async\" class=\"aligncenter wp-image-50\" src=\"https:\/\/dcv-berger-allemand.fr\/wp-content\/uploads\/2025\/04\/Screenshot_20250422_185721_com_instagram_android_InstagramMainActivity_edit_65090230804492-300x292.jpg\" alt=\"Choisir la bonne lign\u00e9e et le bon \u00e9levage, Socialisation avec enfants \u00e0 l'\u00e9levage Des Crocs V\u00e9ritables\" width=\"379\" height=\"369\" srcset=\"https:\/\/dcv-berger-allemand.fr\/wp-content\/uploads\/2025\/04\/Screenshot_20250422_185721_com_instagram_android_InstagramMainActivity_edit_65090230804492-300x292.jpg 300w, https:\/\/dcv-berger-allemand.fr\/wp-content\/uploads\/2025\/04\/Screenshot_20250422_185721_com_instagram_android_InstagramMainActivity_edit_65090230804492-1024x997.jpg 1024w, https:\/\/dcv-berger-allemand.fr\/wp-content\/uploads\/2025\/04\/Screenshot_20250422_185721_com_instagram_android_InstagramMainActivity_edit_65090230804492-768x748.jpg 768w, https:\/\/dcv-berger-allemand.fr\/wp-content\/uploads\/2025\/04\/Screenshot_20250422_185721_com_instagram_android_InstagramMainActivity_edit_65090230804492.jpg 1224w\" sizes=\"auto, (max-width: 379px) 100vw, 379px\" \/><\/p>\n<p style=\"text-align: center;\">Socialization with children at the Des Crocs V\u00e9ritables breeding farm<\/p>\n<p>Choosing then means being guided, because among all puppies, not all are equal, even in a good litter: some will be calmer, others more nervous, more independent or closer to humans, dominant or submissive, suspicious or friendly. The role of the breeder is to observe, understand and guide the adopter towards the puppy that suits him.<\/p>\n<\/div>\n<\/div>\n<\/div>\n<p>&nbsp;<\/p>\n<p>&nbsp;<\/p>\n<p><a class=\"continue-button\" style=\"display: inline-block; background-color: #2c3e50; color: #ffffff; padding: 12px 24px; border-radius: 8px; text-decoration: none; font-size: 18px; transition: background-color 0.3s ease;\" href=\"https:\/\/dcv-berger-allemand.fr\/en\/vivre-avec-un-berger-allemand\/profils-de-maitres-adaptes\/\"><br \/>\nContinue to the next section<br \/>\n<\/a><\/p>\n<div style=\"display: flex; flex-wrap: wrap; justify-content: center; gap: 10px; margin-top: 30px;\"><span style=\"color: #666666; text-align: center;\">\u00a9 2025 \u00c9levage des Crocs V\u00e9ritables<\/span><\/div>\n<p>&nbsp;<\/p>\n<div style=\"text-align: center; font-size: 16px; margin-top: 20px;\"><strong>Quick navigation:<\/strong><\/div>\n<div style=\"text-align: center; font-size: 16px; margin-top: 20px;\"><a href=\"https:\/\/dcv-berger-allemand.fr\/en\/\">Home<\/a><br \/><a href=\"\/en\/le-berger-allemand\/\">The German Shepherd<\/a> | <a href=\"\/en\/sante\/\">Health<\/a> | <a href=\"\/en\/selection\/\">Selection<\/a> | <a href=\"\/en\/vivre-avec-un-berger-allemand\/\">Living with a German Shepherd<\/a> | <a href=\"\/en\/education-et-dressage\/\">Education and training<\/a> | <a href=\"\/en\/elevage\/\">Breeding<\/a> | <a href=\"\/en\/photos-et-videos\/\">Photos<\/a> | <a href=\"\/en\/contact\/\">Contact<\/a> | <a href=\"\/en\/liens-et-bibliographie\/\">Links <\/a> | <em><span style=\"color: #339966;\"><a style=\"color: #339966;\" href=\"https:\/\/dcv-berger-allemand.fr\/en\/articles-et-reflexions\/\">Articles and Reflections<\/a><\/span><\/em><\/div>","protected":false},"excerpt":{"rendered":"<p>Choisir la bonne lign\u00e9e et le bon \u00e9levage un point essentiel? Un Berger Allemand ne nai\u0302t pas au hasard. Le choix de l\u2019e\u0301levage et de la ligne\u0301e est capital (voir la section Le Berger Allemand\/ Comparatif des lign\u00e9es) . Un bon e\u0301leveur ne vend pas un chiot, il construit une relation, oriente, conseille, se\u0301lectionne. Il [&hellip;]<\/p>","protected":false},"author":1,"featured_media":0,"parent":141,"menu_order":0,"comment_status":"closed","ping_status":"closed","template":"","meta":{"footnotes":""},"class_list":["post-317","page","type-page","status-publish","hentry"],"_links":{"self":[{"href":"https:\/\/dcv-berger-allemand.fr\/en\/wp-json\/wp\/v2\/pages\/317","targetHints":{"allow":["GET"]}}],"collection":[{"href":"https:\/\/dcv-berger-allemand.fr\/en\/wp-json\/wp\/v2\/pages"}],"about":[{"href":"https:\/\/dcv-berger-allemand.fr\/en\/wp-json\/wp\/v2\/types\/page"}],"author":[{"embeddable":true,"href":"https:\/\/dcv-berger-allemand.fr\/en\/wp-json\/wp\/v2\/users\/1"}],"replies":[{"embeddable":true,"href":"https:\/\/dcv-berger-allemand.fr\/en\/wp-json\/wp\/v2\/comments?post=317"}],"version-history":[{"count":11,"href":"https:\/\/dcv-berger-allemand.fr\/en\/wp-json\/wp\/v2\/pages\/317\/revisions"}],"predecessor-version":[{"id":1268,"href":"https:\/\/dcv-berger-allemand.fr\/en\/wp-json\/wp\/v2\/pages\/317\/revisions\/1268"}],"up":[{"embeddable":true,"href":"https:\/\/dcv-berger-allemand.fr\/en\/wp-json\/wp\/v2\/pages\/141"}],"wp:attachment":[{"href":"https:\/\/dcv-berger-allemand.fr\/en\/wp-json\/wp\/v2\/media?parent=317"}],"curies":[{"name":"wp","href":"https:\/\/api.w.org\/{rel}","templated":true}]}}