{"id":304,"date":"2025-04-25T15:19:58","date_gmt":"2025-04-25T15:19:58","guid":{"rendered":"https:\/\/dcv-berger-allemand.fr\/?page_id=304"},"modified":"2025-05-24T17:26:25","modified_gmt":"2025-05-24T17:26:25","slug":"rusticite-equilibre-nerveux-et-polyvalence","status":"publish","type":"page","link":"https:\/\/dcv-berger-allemand.fr\/en\/selection\/rusticite-equilibre-nerveux-et-polyvalence\/","title":{"rendered":"Hardiness, nervous balance and versatility"},"content":{"rendered":"<div class=\"page\" title=\"Page 49\">\n<div class=\"layoutArea\">\n<div class=\"column\">\n<h3>The German Shepherd&#039;s hardiness and nervous balance are essential qualities that make it versatile.<\/h3>\n<p>The German Shepherd is originally a sheepdog, therefore a dog <a href=\"https:\/\/www.larousse.fr \u203a dictionnaires \u203a francais \u203a rustique\">rustic<\/a>, enduring, who can also be calm and balanced.<\/p>\n<\/div>\n<p><img loading=\"lazy\" decoding=\"async\" class=\"aligncenter wp-image-587\" src=\"https:\/\/dcv-berger-allemand.fr\/wp-content\/uploads\/2025\/04\/Screenshot_20250428_091456_com_hihonor_photos_SlotAlbumActivity_edit_207972094702175-273x300.jpg\" alt=\"Rusticit\u00e9 et Equilibre, Instinct de berger: le chien patrouille\" width=\"440\" height=\"484\" srcset=\"https:\/\/dcv-berger-allemand.fr\/wp-content\/uploads\/2025\/04\/Screenshot_20250428_091456_com_hihonor_photos_SlotAlbumActivity_edit_207972094702175-273x300.jpg 273w, https:\/\/dcv-berger-allemand.fr\/wp-content\/uploads\/2025\/04\/Screenshot_20250428_091456_com_hihonor_photos_SlotAlbumActivity_edit_207972094702175-931x1024.jpg 931w, https:\/\/dcv-berger-allemand.fr\/wp-content\/uploads\/2025\/04\/Screenshot_20250428_091456_com_hihonor_photos_SlotAlbumActivity_edit_207972094702175-768x845.jpg 768w, https:\/\/dcv-berger-allemand.fr\/wp-content\/uploads\/2025\/04\/Screenshot_20250428_091456_com_hihonor_photos_SlotAlbumActivity_edit_207972094702175.jpg 1224w\" sizes=\"auto, (max-width: 440px) 100vw, 440px\" \/><\/p>\n<div class=\"column\">\n<p style=\"text-align: center;\">Shepherd instinct: the dog patrols<\/p>\n<p>These qualities have been selected by shepherds over the centuries, passed down from generation to generation in the form of instincts that allow for a wide range of applications: this is what we seek to preserve.<\/p>\n<\/div>\n<\/div>\n<\/div>\n<div class=\"page\" title=\"Page 50\">\n<div class=\"layoutArea\">\n<div class=\"column\">\n<p>We test our breeding animals in a real setting, in contact with farm animals, especially the most fragile ones (chickens, lambs, kids, cats) which they are supposed to protect from predators and not kill.<\/p>\n<p><img loading=\"lazy\" decoding=\"async\" class=\"aligncenter wp-image-588\" src=\"https:\/\/dcv-berger-allemand.fr\/wp-content\/uploads\/2025\/04\/Screenshot_20250428_091442_com_hihonor_photos_SlotAlbumActivity_edit_207954637227650-300x169.jpg\" alt=\"Berger Allemand et poules\" width=\"531\" height=\"299\" srcset=\"https:\/\/dcv-berger-allemand.fr\/wp-content\/uploads\/2025\/04\/Screenshot_20250428_091442_com_hihonor_photos_SlotAlbumActivity_edit_207954637227650-300x169.jpg 300w, https:\/\/dcv-berger-allemand.fr\/wp-content\/uploads\/2025\/04\/Screenshot_20250428_091442_com_hihonor_photos_SlotAlbumActivity_edit_207954637227650-1024x576.jpg 1024w, https:\/\/dcv-berger-allemand.fr\/wp-content\/uploads\/2025\/04\/Screenshot_20250428_091442_com_hihonor_photos_SlotAlbumActivity_edit_207954637227650-768x432.jpg 768w, https:\/\/dcv-berger-allemand.fr\/wp-content\/uploads\/2025\/04\/Screenshot_20250428_091442_com_hihonor_photos_SlotAlbumActivity_edit_207954637227650.jpg 1223w\" sizes=\"auto, (max-width: 531px) 100vw, 531px\" \/><\/p>\n<p style=\"text-align: center;\">German Shepherd and Chickens<\/p>\n<p>Remember, it is these instincts that allow them to be harmless around your children.<\/p>\n<\/div>\n<\/div>\n<\/div>\n<div class=\"page\" title=\"Page 51\">\n<div class=\"layoutArea\">\n<div class=\"column\">\n<p>The ability to adapt, to reflect, to modulate one&#039;s behavior according to the context: this is what we expect.<\/p>\n<blockquote><p><em><img loading=\"lazy\" decoding=\"async\" class=\"aligncenter wp-image-590\" src=\"https:\/\/dcv-berger-allemand.fr\/wp-content\/uploads\/2025\/04\/Screenshot_20250428_091413_com_hihonor_photos_SlotAlbumActivity_edit_207929433472868-300x167.jpg\" alt=\"Berger Allemand et chevreaux\" width=\"501\" height=\"279\" srcset=\"https:\/\/dcv-berger-allemand.fr\/wp-content\/uploads\/2025\/04\/Screenshot_20250428_091413_com_hihonor_photos_SlotAlbumActivity_edit_207929433472868-300x167.jpg 300w, https:\/\/dcv-berger-allemand.fr\/wp-content\/uploads\/2025\/04\/Screenshot_20250428_091413_com_hihonor_photos_SlotAlbumActivity_edit_207929433472868-1024x571.jpg 1024w, https:\/\/dcv-berger-allemand.fr\/wp-content\/uploads\/2025\/04\/Screenshot_20250428_091413_com_hihonor_photos_SlotAlbumActivity_edit_207929433472868-768x428.jpg 768w, https:\/\/dcv-berger-allemand.fr\/wp-content\/uploads\/2025\/04\/Screenshot_20250428_091413_com_hihonor_photos_SlotAlbumActivity_edit_207929433472868.jpg 1224w\" sizes=\"auto, (max-width: 501px) 100vw, 501px\" \/><\/em><\/p><\/blockquote>\n<\/div>\n<\/div>\n<\/div>\n<p style=\"text-align: center;\">German Shepherd and kids<\/p>\n<p><span style=\"color: #0000ff;\">(This topic is also covered in the section <a style=\"color: #0000ff;\" href=\"https:\/\/dcv-berger-allemand.fr\/en\/sante\/rusticite\/\">Health\/Hardiness<\/a>)<\/span><\/p>\n<p>&nbsp;<\/p>\n<p><a class=\"continue-button\" style=\"display: inline-block; background-color: #2c3e50; color: #ffffff; padding: 12px 24px; border-radius: 8px; text-decoration: none; font-size: 18px; transition: background-color 0.3s ease;\" href=\"https:\/\/dcv-berger-allemand.fr\/en\/selection\/tous-les-chiens\/\"><br \/>\nContinue to the next section<br \/>\n<\/a><\/p>\n<div style=\"display: flex; flex-wrap: wrap; justify-content: center; gap: 10px; margin-top: 30px;\"><span style=\"color: #666666; text-align: center;\">\u00a9 2025 \u00c9levage des Crocs V\u00e9ritables<\/span><\/div>\n<p>&nbsp;<\/p>\n<div style=\"text-align: center; font-size: 16px; margin-top: 20px;\"><strong>Quick navigation:<\/strong><\/div>\n<div style=\"text-align: center; font-size: 16px; margin-top: 20px;\"><a href=\"https:\/\/dcv-berger-allemand.fr\/en\/\">Home<\/a><br \/><a href=\"\/en\/le-berger-allemand\/\">The German Shepherd<\/a> | <a href=\"\/en\/sante\/\">Health<\/a> | <a href=\"\/en\/selection\/\">Selection<\/a> | <a href=\"\/en\/vivre-avec-un-berger-allemand\/\">Living with a German Shepherd<\/a> | <a href=\"\/en\/education-et-dressage\/\">Education and training<\/a> | <a href=\"\/en\/elevage\/\">Breeding<\/a> | <a href=\"\/en\/photos-et-videos\/\">Photos<\/a> | <a href=\"\/en\/contact\/\">Contact<\/a> | <a href=\"\/en\/liens-et-bibliographie\/\">Links <\/a> | <em><span style=\"color: #339966;\"><a style=\"color: #339966;\" href=\"https:\/\/dcv-berger-allemand.fr\/en\/articles-et-reflexions\/\">Articles and Reflections<\/a><\/span><\/em><\/div>","protected":false},"excerpt":{"rendered":"<p>Rusticit\u00e9 et \u00e9quilibre nerveux du Berger Allemand des qualit\u00e9s essentielles qui en font sa polyvalence Le Berger Allemand est a\u0300 l\u2019origine un chien de berger, donc un chien rustique, endurant, qui peut aussi e\u0302tre calme et e\u0301quilibre\u0301. Instinct de berger: le chien patrouille Ces qualit\u00e9s ont \u00e9t\u00e9 s\u00e9lectionn\u00e9es par les bergers au fil des si\u00e8cles, [&hellip;]<\/p>","protected":false},"author":1,"featured_media":0,"parent":140,"menu_order":0,"comment_status":"closed","ping_status":"closed","template":"","meta":{"footnotes":""},"class_list":["post-304","page","type-page","status-publish","hentry"],"_links":{"self":[{"href":"https:\/\/dcv-berger-allemand.fr\/en\/wp-json\/wp\/v2\/pages\/304","targetHints":{"allow":["GET"]}}],"collection":[{"href":"https:\/\/dcv-berger-allemand.fr\/en\/wp-json\/wp\/v2\/pages"}],"about":[{"href":"https:\/\/dcv-berger-allemand.fr\/en\/wp-json\/wp\/v2\/types\/page"}],"author":[{"embeddable":true,"href":"https:\/\/dcv-berger-allemand.fr\/en\/wp-json\/wp\/v2\/users\/1"}],"replies":[{"embeddable":true,"href":"https:\/\/dcv-berger-allemand.fr\/en\/wp-json\/wp\/v2\/comments?post=304"}],"version-history":[{"count":13,"href":"https:\/\/dcv-berger-allemand.fr\/en\/wp-json\/wp\/v2\/pages\/304\/revisions"}],"predecessor-version":[{"id":1263,"href":"https:\/\/dcv-berger-allemand.fr\/en\/wp-json\/wp\/v2\/pages\/304\/revisions\/1263"}],"up":[{"embeddable":true,"href":"https:\/\/dcv-berger-allemand.fr\/en\/wp-json\/wp\/v2\/pages\/140"}],"wp:attachment":[{"href":"https:\/\/dcv-berger-allemand.fr\/en\/wp-json\/wp\/v2\/media?parent=304"}],"curies":[{"name":"wp","href":"https:\/\/api.w.org\/{rel}","templated":true}]}}