{"id":297,"date":"2025-04-25T15:17:39","date_gmt":"2025-04-25T15:17:39","guid":{"rendered":"https:\/\/dcv-berger-allemand.fr\/?page_id=297"},"modified":"2025-05-24T17:24:59","modified_gmt":"2025-05-24T17:24:59","slug":"limites-sport","status":"publish","type":"page","link":"https:\/\/dcv-berger-allemand.fr\/en\/selection\/limites-sport\/","title":{"rendered":"Limits of a sports-centered selection"},"content":{"rendered":"<div class=\"page\" title=\"Page 48\">\n<div class=\"layoutArea\">\n<div class=\"column\">\n<h3>What are the limits of a sports-centric selection?<\/h3>\n<p>Disciplines such as <a href=\"https:\/\/www.centrale-canine.fr\/articles\/tout-savoir-sur-le-mordant\" target=\"_blank\" rel=\"noopener\">ring, the mondioring, the IGP<\/a> or tracking have helped preserve certain qualities of the German Shepherd: commitment, obedience, flair, reactivity. They have their usefulness and their interest, far from us to deny it. But a selection exclusively oriented towards these sports often ends up producing overconditioned dogs, where natural instinct is crushed by training, where aptitude for real life is sometimes secondary.<\/p>\n<p><img loading=\"lazy\" decoding=\"async\" class=\"aligncenter wp-image-35\" src=\"https:\/\/dcv-berger-allemand.fr\/wp-content\/uploads\/2025\/04\/Screenshot_20250422_183851_com_hihonor_photos_SlotAlbumActivity-300x96.jpg\" alt=\"Limites d'une s\u00e9lection centr\u00e9e sur le sport, Morsure Ring fran\u00e7ais chiot Des Crocs V\u00e9ritables de 5 mois\" width=\"614\" height=\"197\" srcset=\"https:\/\/dcv-berger-allemand.fr\/wp-content\/uploads\/2025\/04\/Screenshot_20250422_183851_com_hihonor_photos_SlotAlbumActivity-300x96.jpg 300w, https:\/\/dcv-berger-allemand.fr\/wp-content\/uploads\/2025\/04\/Screenshot_20250422_183851_com_hihonor_photos_SlotAlbumActivity-768x247.jpg 768w, https:\/\/dcv-berger-allemand.fr\/wp-content\/uploads\/2025\/04\/Screenshot_20250422_183851_com_hihonor_photos_SlotAlbumActivity.jpg 788w\" sizes=\"auto, (max-width: 614px) 100vw, 614px\" \/><\/p>\n<\/div>\n<\/div>\n<\/div>\n<div class=\"page\" title=\"Page 49\">\n<div class=\"layoutArea\">\n<div class=\"column\">\n<p style=\"text-align: center;\">French Ring bite puppy Des Crocs V\u00e9ritables 5 Months Old<\/p>\n<p>Heightened prey instinct, biting that has become a stereotypical reflex, extreme submission, conditioning pushed to the limit... so many traits which, while useful in competition, in no way guarantee a balanced dog in everyday life.<\/p>\n<p>Moreover, it is often confused between the titles won by the team behind the dog and the dog&#039;s ability. Simply adding two champions together is not enough. Genetics works in a more subtle way; in our opinion, a more comprehensive approach is required.<\/p>\n<p>We can therefore sometimes favor less titled dogs, but whose instincts we can test for a variety of reasons and whose qualities are concretely verified: in security, in detection, in herds or in real guarding and who remain reliable in the family.<\/p>\n<p><strong>It is these dogs, effective without artifice, that interest us.<\/strong><\/p>\n<p><img loading=\"lazy\" decoding=\"async\" class=\"wp-image-29 aligncenter\" src=\"https:\/\/dcv-berger-allemand.fr\/wp-content\/uploads\/2025\/04\/IMG20230122160554-225x300.jpg\" alt=\"\" width=\"366\" height=\"488\" srcset=\"https:\/\/dcv-berger-allemand.fr\/wp-content\/uploads\/2025\/04\/IMG20230122160554-225x300.jpg 225w, https:\/\/dcv-berger-allemand.fr\/wp-content\/uploads\/2025\/04\/IMG20230122160554-768x1024.jpg 768w, https:\/\/dcv-berger-allemand.fr\/wp-content\/uploads\/2025\/04\/IMG20230122160554-1152x1536.jpg 1152w, https:\/\/dcv-berger-allemand.fr\/wp-content\/uploads\/2025\/04\/IMG20230122160554-1536x2048.jpg 1536w, https:\/\/dcv-berger-allemand.fr\/wp-content\/uploads\/2025\/04\/IMG20230122160554-scaled.jpg 1920w\" sizes=\"auto, (max-width: 366px) 100vw, 366px\" \/><\/p>\n<\/div>\n<\/div>\n<\/div>\n<p>&nbsp;<\/p>\n<p><a class=\"continue-button\" style=\"display: inline-block; background-color: #2c3e50; color: #ffffff; padding: 12px 24px; border-radius: 8px; text-decoration: none; font-size: 18px; transition: background-color 0.3s ease;\" href=\"https:\/\/dcv-berger-allemand.fr\/en\/selection\/la-garde-un-travail\/\"><br \/>\nContinue to the next section<br \/>\n<\/a><\/p>\n<div style=\"display: flex; flex-wrap: wrap; justify-content: center; gap: 10px; margin-top: 30px;\"><span style=\"color: #666666; text-align: center;\">\u00a9 2025 \u00c9levage des Crocs V\u00e9ritables<\/span><\/div>\n<p>&nbsp;<\/p>\n<div style=\"text-align: center; font-size: 16px; margin-top: 20px;\"><strong>Quick navigation:<\/strong><\/div>\n<div style=\"text-align: center; font-size: 16px; margin-top: 20px;\"><a href=\"https:\/\/dcv-berger-allemand.fr\/en\/\">Home<\/a><br \/><a href=\"\/en\/le-berger-allemand\/\">The German Shepherd<\/a> | <a href=\"\/en\/sante\/\">Health<\/a> | <a href=\"\/en\/selection\/\">Selection<\/a> | <a href=\"\/en\/vivre-avec-un-berger-allemand\/\">Living with a German Shepherd<\/a> | <a href=\"\/en\/education-et-dressage\/\">Education and training<\/a> | <a href=\"\/en\/elevage\/\">Breeding<\/a> | <a href=\"\/en\/photos-et-videos\/\">Photos<\/a> | <a href=\"\/en\/contact\/\">Contact<\/a> | <a href=\"\/en\/liens-et-bibliographie\/\">Links <\/a> | <em><span style=\"color: #339966;\"><a style=\"color: #339966;\" href=\"https:\/\/dcv-berger-allemand.fr\/en\/articles-et-reflexions\/\">Articles and Reflections<\/a><\/span><\/em><\/div>","protected":false},"excerpt":{"rendered":"<p>Quelles sont les limites d&rsquo;une s\u00e9lection centr\u00e9e sur le sport? Les disciplines comme le ring, le mondioring, l\u2019IGP ou le pistage ont permis de pre\u0301server certaines qualite\u0301s du Berger Allemand : engagement, obe\u0301issance, flair, re\u0301activite\u0301. Elles ont leur utilite\u0301 et leur inte\u0301re\u0302t, loin de nous de le nier. Mais une se\u0301lection exclusivement oriente\u0301e vers ces [&hellip;]<\/p>","protected":false},"author":1,"featured_media":0,"parent":140,"menu_order":0,"comment_status":"closed","ping_status":"closed","template":"","meta":{"footnotes":""},"class_list":["post-297","page","type-page","status-publish","hentry"],"_links":{"self":[{"href":"https:\/\/dcv-berger-allemand.fr\/en\/wp-json\/wp\/v2\/pages\/297","targetHints":{"allow":["GET"]}}],"collection":[{"href":"https:\/\/dcv-berger-allemand.fr\/en\/wp-json\/wp\/v2\/pages"}],"about":[{"href":"https:\/\/dcv-berger-allemand.fr\/en\/wp-json\/wp\/v2\/types\/page"}],"author":[{"embeddable":true,"href":"https:\/\/dcv-berger-allemand.fr\/en\/wp-json\/wp\/v2\/users\/1"}],"replies":[{"embeddable":true,"href":"https:\/\/dcv-berger-allemand.fr\/en\/wp-json\/wp\/v2\/comments?post=297"}],"version-history":[{"count":15,"href":"https:\/\/dcv-berger-allemand.fr\/en\/wp-json\/wp\/v2\/pages\/297\/revisions"}],"predecessor-version":[{"id":1261,"href":"https:\/\/dcv-berger-allemand.fr\/en\/wp-json\/wp\/v2\/pages\/297\/revisions\/1261"}],"up":[{"embeddable":true,"href":"https:\/\/dcv-berger-allemand.fr\/en\/wp-json\/wp\/v2\/pages\/140"}],"wp:attachment":[{"href":"https:\/\/dcv-berger-allemand.fr\/en\/wp-json\/wp\/v2\/media?parent=297"}],"curies":[{"name":"wp","href":"https:\/\/api.w.org\/{rel}","templated":true}]}}