{"id":289,"date":"2025-04-25T14:49:49","date_gmt":"2025-04-25T14:49:49","guid":{"rendered":"https:\/\/dcv-berger-allemand.fr\/?page_id=289"},"modified":"2026-04-13T09:33:22","modified_gmt":"2026-04-13T09:33:22","slug":"portees-en-cours-et-a-venir","status":"publish","type":"page","link":"https:\/\/dcv-berger-allemand.fr\/en\/elevage\/portees-en-cours-et-a-venir\/","title":{"rendered":"Current and upcoming litters"},"content":{"rendered":"<div id=\"ez-toc-container\" class=\"ez-toc-v2_0_76 counter-hierarchy ez-toc-counter ez-toc-grey ez-toc-container-direction\">\n<div class=\"ez-toc-title-container\">\n<p class=\"ez-toc-title\" style=\"cursor:inherit\">Page contents<\/p>\n<span class=\"ez-toc-title-toggle\"><a href=\"#\" class=\"ez-toc-pull-right ez-toc-btn ez-toc-btn-xs ez-toc-btn-default ez-toc-toggle\" aria-label=\"Toggle Table of Content\"><span class=\"ez-toc-js-icon-con\"><span class=\"\"><span class=\"eztoc-hide\" style=\"display:none;\">Toggle<\/span><span class=\"ez-toc-icon-toggle-span\"><svg style=\"fill: #999;color:#999\" xmlns=\"http:\/\/www.w3.org\/2000\/svg\" class=\"list-377408\" width=\"20px\" height=\"20px\" viewbox=\"0 0 24 24\" fill=\"none\"><path d=\"M6 6H4v2h2V6zm14 0H8v2h12V6zM4 11h2v2H4v-2zm16 0H8v2h12v-2zM4 16h2v2H4v-2zm16 0H8v2h12v-2z\" fill=\"currentColor\"><\/path><\/svg><svg style=\"fill: #999;color:#999\" class=\"arrow-unsorted-368013\" xmlns=\"http:\/\/www.w3.org\/2000\/svg\" width=\"10px\" height=\"10px\" viewbox=\"0 0 24 24\" version=\"1.2\" baseprofile=\"tiny\"><path d=\"M18.2 9.3l-6.2-6.3-6.2 6.3c-.2.2-.3.4-.3.7s.1.5.3.7c.2.2.4.3.7.3h11c.3 0 .5-.1.7-.3.2-.2.3-.5.3-.7s-.1-.5-.3-.7zM5.8 14.7l6.2 6.3 6.2-6.3c.2-.2.3-.5.3-.7s-.1-.5-.3-.7c-.2-.2-.4-.3-.7-.3h-11c-.3 0-.5.1-.7.3-.2.2-.3.5-.3.7s.1.5.3.7z\"\/><\/svg><\/span><\/span><\/span><\/a><\/span><\/div>\n<nav><ul class='ez-toc-list ez-toc-list-level-1' ><li class='ez-toc-page-1 ez-toc-heading-level-2'><a class=\"ez-toc-link ez-toc-heading-1\" href=\"https:\/\/dcv-berger-allemand.fr\/en\/elevage\/portees-en-cours-et-a-venir\/#_Portees_a_venir_et_en_cours\" >*\u00a0 Port\u00e9es \u00e0 venir et en cours<\/a><\/li><li class='ez-toc-page-1 ez-toc-heading-level-2'><a class=\"ez-toc-link ez-toc-heading-2\" href=\"https:\/\/dcv-berger-allemand.fr\/en\/elevage\/portees-en-cours-et-a-venir\/#_Jeunes_ou_adultes_disponibles_immediatement\" >* Jeunes ou adultes disponibles imm\u00e9diatement<\/a><\/li><\/ul><\/nav><\/div>\n<p><em><strong>Want to know if we have any current or upcoming litters? You&#039;ve come to the right place!<\/strong><\/em><\/p>\n<p><em><strong><img loading=\"lazy\" decoding=\"async\" class=\"aligncenter wp-image-59 size-medium\" src=\"https:\/\/dcv-berger-allemand.fr\/wp-content\/uploads\/2025\/04\/Screenshot_20250422_190012_com_instagram_android_InstagramMainActivity_edit_64922645048931-300x227.jpg\" alt=\"Port\u00e9es en cours ou \u00e0 venir \u00e9levage de Berger Allemand Des Crocs V\u00e9ritables\" width=\"300\" height=\"227\" srcset=\"https:\/\/dcv-berger-allemand.fr\/wp-content\/uploads\/2025\/04\/Screenshot_20250422_190012_com_instagram_android_InstagramMainActivity_edit_64922645048931-300x227.jpg 300w, https:\/\/dcv-berger-allemand.fr\/wp-content\/uploads\/2025\/04\/Screenshot_20250422_190012_com_instagram_android_InstagramMainActivity_edit_64922645048931-1024x774.jpg 1024w, https:\/\/dcv-berger-allemand.fr\/wp-content\/uploads\/2025\/04\/Screenshot_20250422_190012_com_instagram_android_InstagramMainActivity_edit_64922645048931-768x581.jpg 768w, https:\/\/dcv-berger-allemand.fr\/wp-content\/uploads\/2025\/04\/Screenshot_20250422_190012_com_instagram_android_InstagramMainActivity_edit_64922645048931.jpg 1222w\" sizes=\"auto, (max-width: 300px) 100vw, 300px\" \/><\/strong><\/em><\/p>\n<p>On this page, which we will try to update as best we can, you will find current or upcoming litters or matings, as well as, where applicable, young trained dogs available or even retired dogs to be placed.<\/p>\n<p><a href=\"https:\/\/dcv-berger-allemand.fr\/en\/contact\/\"><span style=\"color: #3366ff;\">If you would like information, to register on the reservation list or to make a reservation, please contact us.<\/span><\/a><\/p>\n<p>All profiles, pedigrees and results verifiable on<a href=\"https:\/\/www.centrale-canine.fr\/lofselect\/recherche-chien\" target=\"_blank\" rel=\"noopener\"> the canine center website here <\/a>or on <a href=\"https:\/\/fr.working-dog.com\" target=\"_blank\" rel=\"noopener\">working dog<\/a>, link by tapping on the dog&#039;s name<\/p>\n<p style=\"text-align: center;\"><em><strong>Click on the links for more information<\/strong><\/em><\/p>\n<h2 style=\"text-align: left;\"><span class=\"ez-toc-section\" id=\"_Portees_a_venir_et_en_cours\"><\/span><span style=\"color: #339966;\"><a style=\"color: #339966;\" href=\"https:\/\/dcv-berger-allemand.fr\/en\/elevage\/portees-en-cours-et-a-venir\/en-cours\/\"><strong>*\u00a0 Port\u00e9es \u00e0 venir et en cours<\/strong><\/a><\/span><span class=\"ez-toc-section-end\"><\/span><\/h2>\n<h2 style=\"text-align: left;\"><span class=\"ez-toc-section\" id=\"_Jeunes_ou_adultes_disponibles_immediatement\"><\/span><a href=\"https:\/\/dcv-berger-allemand.fr\/en\/elevage\/portees-en-cours-et-a-venir\/jeunes\/\"><span style=\"color: #ff0000;\">* Jeunes ou adultes disponibles imm\u00e9diatement <\/span><\/a><span class=\"ez-toc-section-end\"><\/span><\/h2>\n<p><img loading=\"lazy\" decoding=\"async\" class=\"aligncenter wp-image-45 size-medium\" src=\"https:\/\/dcv-berger-allemand.fr\/wp-content\/uploads\/2025\/04\/Screenshot_20250422_185502_com_instagram_android_InstagramMainActivity_edit_65175747506126-300x256.jpg\" alt=\"Port\u00e9es en cours ou \u00e0 venir Berger Allemand Des Crocs V\u00e9ritables\" width=\"300\" height=\"256\" srcset=\"https:\/\/dcv-berger-allemand.fr\/wp-content\/uploads\/2025\/04\/Screenshot_20250422_185502_com_instagram_android_InstagramMainActivity_edit_65175747506126-300x256.jpg 300w, https:\/\/dcv-berger-allemand.fr\/wp-content\/uploads\/2025\/04\/Screenshot_20250422_185502_com_instagram_android_InstagramMainActivity_edit_65175747506126-1024x873.jpg 1024w, https:\/\/dcv-berger-allemand.fr\/wp-content\/uploads\/2025\/04\/Screenshot_20250422_185502_com_instagram_android_InstagramMainActivity_edit_65175747506126-768x655.jpg 768w, https:\/\/dcv-berger-allemand.fr\/wp-content\/uploads\/2025\/04\/Screenshot_20250422_185502_com_instagram_android_InstagramMainActivity_edit_65175747506126.jpg 1222w\" sizes=\"auto, (max-width: 300px) 100vw, 300px\" \/><\/p>\n<p>&nbsp;<\/p>\n<p><a class=\"continue-button\" style=\"display: inline-block; background-color: #2c3e50; color: #ffffff; padding: 12px 24px; border-radius: 8px; text-decoration: none; font-size: 18px; transition: background-color 0.3s ease;\" href=\"https:\/\/dcv-berger-allemand.fr\/en\/elevage\/nes-chez-nous\/\"><br \/>\nContinue to the next section<br \/>\n<\/a><\/p>\n<div style=\"display: flex; flex-wrap: wrap; justify-content: center; gap: 10px; margin-top: 30px;\"><span style=\"color: #666666; text-align: center;\">\u00a9 2025 \u00c9levage des Crocs V\u00e9ritables<\/span><\/div>\n<p>&nbsp;<\/p>\n<div style=\"text-align: center; font-size: 16px; margin-top: 20px;\"><strong>Quick navigation:<\/strong><\/div>\n<div style=\"text-align: center; font-size: 16px; margin-top: 20px;\"><a href=\"https:\/\/dcv-berger-allemand.fr\/en\/\">Home<\/a><br \/>\n<a href=\"\/en\/le-berger-allemand\/\">The German Shepherd<\/a> | <a href=\"\/en\/sante\/\">Health<\/a> | <a href=\"\/en\/selection\/\">Selection<\/a> | <a href=\"\/en\/vivre-avec-un-berger-allemand\/\">Living with a German Shepherd<\/a> | <a href=\"\/en\/education-et-dressage\/\">Education and training<\/a> | <a href=\"\/en\/elevage\/\">Breeding<\/a> | <a href=\"\/en\/photos-et-videos\/\">Photos<\/a> | <a href=\"\/en\/contact\/\">Contact<\/a> | <a href=\"\/en\/liens-et-bibliographie\/\">Links <\/a> | <em><span style=\"color: #339966;\"><a style=\"color: #339966;\" href=\"https:\/\/dcv-berger-allemand.fr\/en\/articles-et-reflexions\/\">Articles and Reflections<\/a><\/span><\/em><\/div>","protected":false},"excerpt":{"rendered":"<p>Vous souhaitez savoir si nous avons des port\u00e9es en cours ou \u00e0 venir ? Vous \u00eates au bon endroit! Vous trouverez sur cette page que nous tenterons d&rsquo;actualiser au mieux, les port\u00e9es ou saillies en cours ou \u00e0 venir, ainsi que le cas \u00e9ch\u00e9ant des jeunes chiens dress\u00e9s disponibles ou encore des retrait\u00e9s \u00e0 placer. [&hellip;]<\/p>","protected":false},"author":1,"featured_media":0,"parent":143,"menu_order":0,"comment_status":"closed","ping_status":"closed","template":"","meta":{"footnotes":""},"class_list":["post-289","page","type-page","status-publish","hentry"],"_links":{"self":[{"href":"https:\/\/dcv-berger-allemand.fr\/en\/wp-json\/wp\/v2\/pages\/289","targetHints":{"allow":["GET"]}}],"collection":[{"href":"https:\/\/dcv-berger-allemand.fr\/en\/wp-json\/wp\/v2\/pages"}],"about":[{"href":"https:\/\/dcv-berger-allemand.fr\/en\/wp-json\/wp\/v2\/types\/page"}],"author":[{"embeddable":true,"href":"https:\/\/dcv-berger-allemand.fr\/en\/wp-json\/wp\/v2\/users\/1"}],"replies":[{"embeddable":true,"href":"https:\/\/dcv-berger-allemand.fr\/en\/wp-json\/wp\/v2\/comments?post=289"}],"version-history":[{"count":39,"href":"https:\/\/dcv-berger-allemand.fr\/en\/wp-json\/wp\/v2\/pages\/289\/revisions"}],"predecessor-version":[{"id":1596,"href":"https:\/\/dcv-berger-allemand.fr\/en\/wp-json\/wp\/v2\/pages\/289\/revisions\/1596"}],"up":[{"embeddable":true,"href":"https:\/\/dcv-berger-allemand.fr\/en\/wp-json\/wp\/v2\/pages\/143"}],"wp:attachment":[{"href":"https:\/\/dcv-berger-allemand.fr\/en\/wp-json\/wp\/v2\/media?parent=289"}],"curies":[{"name":"wp","href":"https:\/\/api.w.org\/{rel}","templated":true}]}}