{"id":286,"date":"2025-04-25T14:48:42","date_gmt":"2025-04-25T14:48:42","guid":{"rendered":"https:\/\/dcv-berger-allemand.fr\/?page_id=286"},"modified":"2025-05-24T17:43:18","modified_gmt":"2025-05-24T17:43:18","slug":"participer-au-programme-delevage","status":"publish","type":"page","link":"https:\/\/dcv-berger-allemand.fr\/en\/elevage\/participer-au-programme-delevage\/","title":{"rendered":"Participate in the breeding program"},"content":{"rendered":"<div class=\"page\" title=\"Page 66\">\n<div class=\"section\">\n<div class=\"layoutArea\">\n<div class=\"column\">\n<h3>How to participate in the breeding program?<\/h3>\n<p>Some families, <a href=\"https:\/\/maps.app.goo.gl\/m82HHVtkz81ZbRfXA\" target=\"_blank\" rel=\"noopener\">living less than 30 minutes from the farm<\/a>, can actively participate in our breeding program.<\/p>\n<p>This involves welcoming a selected puppy, who will live with a family, practice an activity (sport, obedience, guard, herd, etc.), or a job and will reproduce at least once, under conditions defined together (at the breeder or at home, as the case may be).<\/p>\n<\/div>\n<\/div>\n<\/div>\n<\/div>\n<div class=\"page\" title=\"Page 67\">\n<div class=\"section\">\n<div class=\"layoutArea\">\n<div class=\"column\">\n<p>This lifestyle contributes to the mental well-being of the dog: it flourishes in a rich and useful life, while participating in the preservation of its lineage.<\/p>\n<p>The dog will be confirmed at the required age, x-rayed (hips and elbows), tested for behavior and genetics, and regularly monitored by the breeder. This program is aimed at serious families, ready to collaborate with us in a climate of trust and transparency.<\/p>\n<p><a href=\"https:\/\/dcv-berger-allemand.fr\/en\/contact\/\"><strong>Contact us for conditions and to apply.<\/strong><\/a><\/p>\n<p><img loading=\"lazy\" decoding=\"async\" class=\"aligncenter wp-image-420\" src=\"https:\/\/dcv-berger-allemand.fr\/wp-content\/uploads\/2025\/04\/Screenshot_20250422_185602_com_instagram_android_InstagramMainActivity_edit_65137553332964-1-300x293.jpg\" alt=\"Participer au programme d'\u00e9levage , Chiot Des Crocs V\u00e9ritables r\u00e9cemment n\u00e9s\" width=\"486\" height=\"475\" srcset=\"https:\/\/dcv-berger-allemand.fr\/wp-content\/uploads\/2025\/04\/Screenshot_20250422_185602_com_instagram_android_InstagramMainActivity_edit_65137553332964-1-300x293.jpg 300w, https:\/\/dcv-berger-allemand.fr\/wp-content\/uploads\/2025\/04\/Screenshot_20250422_185602_com_instagram_android_InstagramMainActivity_edit_65137553332964-1-1024x1001.jpg 1024w, https:\/\/dcv-berger-allemand.fr\/wp-content\/uploads\/2025\/04\/Screenshot_20250422_185602_com_instagram_android_InstagramMainActivity_edit_65137553332964-1-768x750.jpg 768w, https:\/\/dcv-berger-allemand.fr\/wp-content\/uploads\/2025\/04\/Screenshot_20250422_185602_com_instagram_android_InstagramMainActivity_edit_65137553332964-1.jpg 1223w\" sizes=\"auto, (max-width: 486px) 100vw, 486px\" \/><\/p>\n<\/div>\n<\/div>\n<\/div>\n<\/div>\n<p style=\"text-align: center;\">Newly born Des Crocs V\u00e9ritables Puppies<\/p>\n<p>&nbsp;<\/p>\n<p><a class=\"continue-button\" style=\"display: inline-block; background-color: #2c3e50; color: #ffffff; padding: 12px 24px; border-radius: 8px; text-decoration: none; font-size: 18px; transition: background-color 0.3s ease;\" href=\"https:\/\/dcv-berger-allemand.fr\/en\/elevage\/reproducteurs\/\"><br \/>\nContinue to the next section<br \/>\n<\/a><\/p>\n<div style=\"display: flex; flex-wrap: wrap; justify-content: center; gap: 10px; margin-top: 30px;\"><span style=\"color: #666666; text-align: center;\">\u00a9 2025 \u00c9levage des Crocs V\u00e9ritables<\/span><\/div>\n<p>&nbsp;<\/p>\n<div style=\"text-align: center; font-size: 16px; margin-top: 20px;\"><strong>Quick navigation:<\/strong><\/div>\n<div style=\"text-align: center; font-size: 16px; margin-top: 20px;\"><a href=\"https:\/\/dcv-berger-allemand.fr\/en\/\">Home<\/a><br \/><a href=\"\/en\/le-berger-allemand\/\">The German Shepherd<\/a> | <a href=\"\/en\/sante\/\">Health<\/a> | <a href=\"\/en\/selection\/\">Selection<\/a> | <a href=\"\/en\/vivre-avec-un-berger-allemand\/\">Living with a German Shepherd<\/a> | <a href=\"\/en\/education-et-dressage\/\">Education and training<\/a> | <a href=\"\/en\/elevage\/\">Breeding<\/a> | <a href=\"\/en\/photos-et-videos\/\">Photos<\/a> | <a href=\"\/en\/contact\/\">Contact<\/a> | <a href=\"\/en\/liens-et-bibliographie\/\">Links <\/a> | <em><span style=\"color: #339966;\"><a style=\"color: #339966;\" href=\"https:\/\/dcv-berger-allemand.fr\/en\/articles-et-reflexions\/\">Articles and Reflections<\/a><\/span><\/em><\/div>","protected":false},"excerpt":{"rendered":"<p>Comment participer au programme d&rsquo;\u00e9levage? Certaines familles, vivant a\u0300 moins de 30 minutes de l\u2019e\u0301levage, peuvent participer activement a\u0300 notre programme d\u2019e\u0301levage. Cela consiste a\u0300 accueillir un chiot se\u0301lectionne\u0301, qui vivra en famille, pratiquera une activite\u0301 (sport, obe\u0301issance, garde, troupeau&#8230;), ou un travail et reproduira au moins une fois, dans des conditions de\u0301finies ensemble (a\u0300 [&hellip;]<\/p>","protected":false},"author":1,"featured_media":0,"parent":143,"menu_order":0,"comment_status":"closed","ping_status":"closed","template":"","meta":{"footnotes":""},"class_list":["post-286","page","type-page","status-publish","hentry"],"_links":{"self":[{"href":"https:\/\/dcv-berger-allemand.fr\/en\/wp-json\/wp\/v2\/pages\/286","targetHints":{"allow":["GET"]}}],"collection":[{"href":"https:\/\/dcv-berger-allemand.fr\/en\/wp-json\/wp\/v2\/pages"}],"about":[{"href":"https:\/\/dcv-berger-allemand.fr\/en\/wp-json\/wp\/v2\/types\/page"}],"author":[{"embeddable":true,"href":"https:\/\/dcv-berger-allemand.fr\/en\/wp-json\/wp\/v2\/users\/1"}],"replies":[{"embeddable":true,"href":"https:\/\/dcv-berger-allemand.fr\/en\/wp-json\/wp\/v2\/comments?post=286"}],"version-history":[{"count":11,"href":"https:\/\/dcv-berger-allemand.fr\/en\/wp-json\/wp\/v2\/pages\/286\/revisions"}],"predecessor-version":[{"id":1282,"href":"https:\/\/dcv-berger-allemand.fr\/en\/wp-json\/wp\/v2\/pages\/286\/revisions\/1282"}],"up":[{"embeddable":true,"href":"https:\/\/dcv-berger-allemand.fr\/en\/wp-json\/wp\/v2\/pages\/143"}],"wp:attachment":[{"href":"https:\/\/dcv-berger-allemand.fr\/en\/wp-json\/wp\/v2\/media?parent=286"}],"curies":[{"name":"wp","href":"https:\/\/api.w.org\/{rel}","templated":true}]}}