{"id":279,"date":"2025-04-25T14:43:55","date_gmt":"2025-04-25T14:43:55","guid":{"rendered":"https:\/\/dcv-berger-allemand.fr\/?page_id=279"},"modified":"2025-05-24T17:42:45","modified_gmt":"2025-05-24T17:42:45","slug":"acquerir-un-chiot","status":"publish","type":"page","link":"https:\/\/dcv-berger-allemand.fr\/en\/elevage\/acquerir-un-chiot\/","title":{"rendered":"Acquire a puppy"},"content":{"rendered":"<div class=\"page\" title=\"Page 65\">\n<div class=\"section\">\n<div class=\"layoutArea\">\n<div class=\"column\">\n<div id=\"ez-toc-container\" class=\"ez-toc-v2_0_76 counter-hierarchy ez-toc-counter ez-toc-grey ez-toc-container-direction\">\n<div class=\"ez-toc-title-container\">\n<p class=\"ez-toc-title\" style=\"cursor:inherit\">Page contents<\/p>\n<span class=\"ez-toc-title-toggle\"><a href=\"#\" class=\"ez-toc-pull-right ez-toc-btn ez-toc-btn-xs ez-toc-btn-default ez-toc-toggle\" aria-label=\"Toggle Table of Content\"><span class=\"ez-toc-js-icon-con\"><span class=\"\"><span class=\"eztoc-hide\" style=\"display:none;\">Toggle<\/span><span class=\"ez-toc-icon-toggle-span\"><svg style=\"fill: #999;color:#999\" xmlns=\"http:\/\/www.w3.org\/2000\/svg\" class=\"list-377408\" width=\"20px\" height=\"20px\" viewbox=\"0 0 24 24\" fill=\"none\"><path d=\"M6 6H4v2h2V6zm14 0H8v2h12V6zM4 11h2v2H4v-2zm16 0H8v2h12v-2zM4 16h2v2H4v-2zm16 0H8v2h12v-2z\" fill=\"currentColor\"><\/path><\/svg><svg style=\"fill: #999;color:#999\" class=\"arrow-unsorted-368013\" xmlns=\"http:\/\/www.w3.org\/2000\/svg\" width=\"10px\" height=\"10px\" viewbox=\"0 0 24 24\" version=\"1.2\" baseprofile=\"tiny\"><path d=\"M18.2 9.3l-6.2-6.3-6.2 6.3c-.2.2-.3.4-.3.7s.1.5.3.7c.2.2.4.3.7.3h11c.3 0 .5-.1.7-.3.2-.2.3-.5.3-.7s-.1-.5-.3-.7zM5.8 14.7l6.2 6.3 6.2-6.3c.2-.2.3-.5.3-.7s-.1-.5-.3-.7c-.2-.2-.4-.3-.7-.3h-11c-.3 0-.5.1-.7.3-.2.2-.3.5-.3.7s.1.5.3.7z\"\/><\/svg><\/span><\/span><\/span><\/a><\/span><\/div>\n<nav><ul class='ez-toc-list ez-toc-list-level-1' ><ul class='ez-toc-list-level-3' ><li class='ez-toc-heading-level-3'><a class=\"ez-toc-link ez-toc-heading-1\" href=\"https:\/\/dcv-berger-allemand.fr\/en\/elevage\/acquerir-un-chiot\/#Comment_acquerir_un_chiot_Berger_Allemand_a_lelevage_Des_Crocs_Veritables\" >How to acquire a German Shepherd puppy from Des Crocs V\u00e9ritables?<\/a><\/li><\/ul><\/li><li class='ez-toc-page-1 ez-toc-heading-level-2'><a class=\"ez-toc-link ez-toc-heading-2\" href=\"https:\/\/dcv-berger-allemand.fr\/en\/elevage\/acquerir-un-chiot\/#Vous_souhaitez_des_informations_vous_inscrire_sur_liste_de_reservation_acquerir_ou_reserver_contactez-nous_ici\" >If you would like information, to register on the reservation list, to purchase or to reserve, contact us here.<\/a><\/li><\/ul><\/nav><\/div>\n<h3><span class=\"ez-toc-section\" id=\"Comment_acquerir_un_chiot_Berger_Allemand_a_lelevage_Des_Crocs_Veritables\"><\/span>How to acquire a German Shepherd puppy from Des Crocs V\u00e9ritables?<span class=\"ez-toc-section-end\"><\/span><\/h3>\n<p><img loading=\"lazy\" decoding=\"async\" class=\"wp-image-360 aligncenter\" src=\"https:\/\/dcv-berger-allemand.fr\/wp-content\/uploads\/2025\/04\/images-1-20.30.14.jpg\" alt=\"\" width=\"457\" height=\"300\" \/><\/p>\n<p><strong>We do not confirm puppy reservations without a prior interview.<\/strong> This moment of exchange allows us to understand your life project, your expectations, and to assess compatibility with the available lines.<\/p>\n<p>Once the interview has been approved, a reservation is possible via contract, with a deposit payment. We are committed to assisting you in choosing the right puppy, based on your criteria and our observation of each individual.<\/p>\n<\/div>\n<\/div>\n<\/div>\n<\/div>\n<div class=\"page\" title=\"Page 66\">\n<div class=\"section\">\n<div class=\"layoutArea\">\n<div class=\"column\">\n<p>The basic price includes for each puppy a departure until the age of 9 weeks, the time necessary for complete weaning, an initial phase of socialization, and construction of the behavioral foundations (we only accept a departure at 8 weeks for puppies intended to join a pack.)<\/p>\n<p>For departures outside France, the minimum age is 15 weeks, booster vaccination and rabies vaccinations are carried out at 12 weeks, which generates an additional cost on the basic price, contact us for more information).<\/p>\n<p><a href=\"https:\/\/www.centrale-canine.fr\/des-vallees-engissoises\/articles\/documents-exiger-lors-de-lachat-dun-chiot\" target=\"_blank\" rel=\"noopener\">Are given for each puppy<\/a>:<\/p>\n<p>Reservation certificate, health record, veterinary certificate of good health, identification card, purchase invoice, personalized advice leaflet, pedigree, lifelong monitoring and advice.<\/p>\n<p>We provide personalized support, before and after the puppy&#039;s arrival.<\/p>\n<\/div>\n<h2><span class=\"ez-toc-section\" id=\"Vous_souhaitez_des_informations_vous_inscrire_sur_liste_de_reservation_acquerir_ou_reserver_contactez-nous_ici\"><\/span><a href=\"https:\/\/dcv-berger-allemand.fr\/en\/contact\/\"><span style=\"color: #3366ff;\">If you would like information, to register on the reservation list, to purchase or to reserve, contact us here.<\/span><\/a><span class=\"ez-toc-section-end\"><\/span><\/h2>\n<\/div>\n<\/div>\n<\/div>\n<p><img loading=\"lazy\" decoding=\"async\" class=\"aligncenter wp-image-49\" src=\"https:\/\/dcv-berger-allemand.fr\/wp-content\/uploads\/2025\/04\/Screenshot_20250422_185715_com_instagram_android_InstagramMainActivity_edit_65107870160006-300x293.jpg\" alt=\"Acqu\u00e9rir un chiot Berger Allemand \u00e0 l'\u00e9levage Des Crocs V\u00e9ritables\" width=\"480\" height=\"469\" srcset=\"https:\/\/dcv-berger-allemand.fr\/wp-content\/uploads\/2025\/04\/Screenshot_20250422_185715_com_instagram_android_InstagramMainActivity_edit_65107870160006-300x293.jpg 300w, https:\/\/dcv-berger-allemand.fr\/wp-content\/uploads\/2025\/04\/Screenshot_20250422_185715_com_instagram_android_InstagramMainActivity_edit_65107870160006-1024x999.jpg 1024w, https:\/\/dcv-berger-allemand.fr\/wp-content\/uploads\/2025\/04\/Screenshot_20250422_185715_com_instagram_android_InstagramMainActivity_edit_65107870160006-768x749.jpg 768w, https:\/\/dcv-berger-allemand.fr\/wp-content\/uploads\/2025\/04\/Screenshot_20250422_185715_com_instagram_android_InstagramMainActivity_edit_65107870160006.jpg 1223w\" sizes=\"auto, (max-width: 480px) 100vw, 480px\" \/><\/p>\n<p><a class=\"continue-button\" style=\"display: inline-block; background-color: #2c3e50; color: #ffffff; padding: 12px 24px; border-radius: 8px; text-decoration: none; font-size: 18px; transition: background-color 0.3s ease;\" href=\"https:\/\/dcv-berger-allemand.fr\/en\/elevage\/participer-au-programme-delevage\/\"><br \/>\nContinue to the next section<br \/>\n<\/a><\/p>\n<div style=\"display: flex; flex-wrap: wrap; justify-content: center; gap: 10px; margin-top: 30px;\"><span style=\"color: #666666; text-align: center;\">\u00a9 2025 \u00c9levage des Crocs V\u00e9ritables<\/span><\/div>\n<p>&nbsp;<\/p>\n<div style=\"text-align: center; font-size: 16px; margin-top: 20px;\"><strong>Quick navigation:<\/strong><\/div>\n<div style=\"text-align: center; font-size: 16px; margin-top: 20px;\"><a href=\"https:\/\/dcv-berger-allemand.fr\/en\/\">Home<\/a><br \/><a href=\"\/en\/le-berger-allemand\/\">The German Shepherd<\/a> | <a href=\"\/en\/sante\/\">Health<\/a> | <a href=\"\/en\/selection\/\">Selection<\/a> | <a href=\"\/en\/vivre-avec-un-berger-allemand\/\">Living with a German Shepherd<\/a> | <a href=\"\/en\/education-et-dressage\/\">Education and training<\/a> | <a href=\"\/en\/elevage\/\">Breeding<\/a> | <a href=\"\/en\/photos-et-videos\/\">Photos<\/a> | <a href=\"\/en\/contact\/\">Contact<\/a> | <a href=\"\/en\/liens-et-bibliographie\/\">Links <\/a> | <em><span style=\"color: #339966;\"><a style=\"color: #339966;\" href=\"https:\/\/dcv-berger-allemand.fr\/en\/articles-et-reflexions\/\">Articles and Reflections<\/a><\/span><\/em><\/div>","protected":false},"excerpt":{"rendered":"<p>Comment acqu\u00e9rir un chiot Berger Allemand \u00e0 l&rsquo;\u00e9levage Des Crocs V\u00e9ritables? Nous ne validons pas de re\u0301servation de chiot sans un entretien pre\u0301alable. Ce moment d\u2019e\u0301change nous permet de comprendre votre projet de vie, vos attentes, et d\u2019e\u0301valuer la compatibilite\u0301 avec les ligne\u0301es disponibles. Une fois l\u2019entretien valide\u0301, une re\u0301servation est possible par contrat, avec [&hellip;]<\/p>","protected":false},"author":1,"featured_media":0,"parent":143,"menu_order":0,"comment_status":"closed","ping_status":"closed","template":"","meta":{"footnotes":""},"class_list":["post-279","page","type-page","status-publish","hentry"],"_links":{"self":[{"href":"https:\/\/dcv-berger-allemand.fr\/en\/wp-json\/wp\/v2\/pages\/279","targetHints":{"allow":["GET"]}}],"collection":[{"href":"https:\/\/dcv-berger-allemand.fr\/en\/wp-json\/wp\/v2\/pages"}],"about":[{"href":"https:\/\/dcv-berger-allemand.fr\/en\/wp-json\/wp\/v2\/types\/page"}],"author":[{"embeddable":true,"href":"https:\/\/dcv-berger-allemand.fr\/en\/wp-json\/wp\/v2\/users\/1"}],"replies":[{"embeddable":true,"href":"https:\/\/dcv-berger-allemand.fr\/en\/wp-json\/wp\/v2\/comments?post=279"}],"version-history":[{"count":11,"href":"https:\/\/dcv-berger-allemand.fr\/en\/wp-json\/wp\/v2\/pages\/279\/revisions"}],"predecessor-version":[{"id":1281,"href":"https:\/\/dcv-berger-allemand.fr\/en\/wp-json\/wp\/v2\/pages\/279\/revisions\/1281"}],"up":[{"embeddable":true,"href":"https:\/\/dcv-berger-allemand.fr\/en\/wp-json\/wp\/v2\/pages\/143"}],"wp:attachment":[{"href":"https:\/\/dcv-berger-allemand.fr\/en\/wp-json\/wp\/v2\/media?parent=279"}],"curies":[{"name":"wp","href":"https:\/\/api.w.org\/{rel}","templated":true}]}}