{"id":273,"date":"2025-04-25T13:59:13","date_gmt":"2025-04-25T13:59:13","guid":{"rendered":"https:\/\/dcv-berger-allemand.fr\/?page_id=273"},"modified":"2025-05-24T17:22:39","modified_gmt":"2025-05-24T17:22:39","slug":"lidentification-genetique","status":"publish","type":"page","link":"https:\/\/dcv-berger-allemand.fr\/en\/sante\/lidentification-genetique\/","title":{"rendered":"Genetic identification"},"content":{"rendered":"<div class=\"page\" title=\"Page 47\">\n<div class=\"layoutArea\">\n<div class=\"column\">\n<p><img loading=\"lazy\" decoding=\"async\" class=\"wp-image-21 aligncenter\" src=\"https:\/\/dcv-berger-allemand.fr\/wp-content\/uploads\/2025\/04\/IMG_20250114_164629-300x225.jpg\" alt=\"\" width=\"490\" height=\"367\" srcset=\"https:\/\/dcv-berger-allemand.fr\/wp-content\/uploads\/2025\/04\/IMG_20250114_164629-300x225.jpg 300w, https:\/\/dcv-berger-allemand.fr\/wp-content\/uploads\/2025\/04\/IMG_20250114_164629-1024x768.jpg 1024w, https:\/\/dcv-berger-allemand.fr\/wp-content\/uploads\/2025\/04\/IMG_20250114_164629-768x576.jpg 768w, https:\/\/dcv-berger-allemand.fr\/wp-content\/uploads\/2025\/04\/IMG_20250114_164629-1536x1152.jpg 1536w, https:\/\/dcv-berger-allemand.fr\/wp-content\/uploads\/2025\/04\/IMG_20250114_164629.jpg 2048w\" sizes=\"auto, (max-width: 490px) 100vw, 490px\" \/><\/p>\n<h2>Genetic identification: a guarantee of security and traceability<\/h2>\n<p>A DNA sample from the breeders is analyzed, which allows a genetic fingerprint to be traced and transmitted to the offspring.<\/p>\n<p>When a puppy is registered with the LOF with verified parentage, this means that its relationship with its parents has been scientifically validated, thus ensuring total transparency regarding its origins. This approach, in addition to being a guarantee of seriousness, is a fundamental tool for rigorous and responsible breeding work.<\/p>\n<p>All our breeding animals are genetically identified by DNA, <a href=\"https:\/\/www.centrale-canine.fr\/articles\/ladn-obligatoire-pour-les-reproducteurs\" target=\"_blank\" rel=\"noopener\">in accordance with the recommendations of the SCC<\/a>. <strong>This DNA profiling makes it possible to guarantee with <\/strong><strong>certainty of the traceability of lineages and the authenticity of filiations<\/strong><\/p>\n<\/div>\n<\/div>\n<div class=\"section\">\n<div class=\"layoutArea\">\n<p><img loading=\"lazy\" decoding=\"async\" class=\"aligncenter wp-image-22\" src=\"https:\/\/dcv-berger-allemand.fr\/wp-content\/uploads\/2025\/04\/IMG_20250128_163024-300x225.jpg\" alt=\"L'identification g\u00e9n\u00e9tique\" width=\"548\" height=\"411\" srcset=\"https:\/\/dcv-berger-allemand.fr\/wp-content\/uploads\/2025\/04\/IMG_20250128_163024-300x225.jpg 300w, https:\/\/dcv-berger-allemand.fr\/wp-content\/uploads\/2025\/04\/IMG_20250128_163024-1024x768.jpg 1024w, https:\/\/dcv-berger-allemand.fr\/wp-content\/uploads\/2025\/04\/IMG_20250128_163024-768x576.jpg 768w, https:\/\/dcv-berger-allemand.fr\/wp-content\/uploads\/2025\/04\/IMG_20250128_163024-1536x1152.jpg 1536w, https:\/\/dcv-berger-allemand.fr\/wp-content\/uploads\/2025\/04\/IMG_20250128_163024-scaled.jpg 2048w\" sizes=\"auto, (max-width: 548px) 100vw, 548px\" \/><\/p>\n<\/div>\n<\/div>\n<\/div>\n<div class=\"page\" title=\"Page 48\"><\/div>\n<p>&nbsp;<\/p>\n<p>&nbsp;<\/p>\n<p>&nbsp;<\/p>\n<p><a class=\"continue-button\" style=\"display: inline-block; background-color: #2c3e50; color: #ffffff; padding: 12px 24px; border-radius: 8px; text-decoration: none; font-size: 18px; transition: background-color 0.3s ease;\" href=\"https:\/\/dcv-berger-allemand.fr\/en\/selection\/\"><br \/>\nContinue to the next section<br \/>\n<\/a><\/p>\n<div style=\"display: flex; flex-wrap: wrap; justify-content: center; gap: 10px; margin-top: 30px;\"><span style=\"color: #666666; text-align: center;\">\u00a9 2025 \u00c9levage des Crocs V\u00e9ritables<\/span><\/div>\n<p>&nbsp;<\/p>\n<div style=\"text-align: center; font-size: 16px; margin-top: 20px;\"><strong>Quick navigation:<\/strong><\/div>\n<div style=\"text-align: center; font-size: 16px; margin-top: 20px;\"><a href=\"https:\/\/dcv-berger-allemand.fr\/en\/\">Home<\/a><br \/><a href=\"\/en\/le-berger-allemand\/\">The German Shepherd<\/a> | <a href=\"\/en\/sante\/\">Health<\/a> | <a href=\"\/en\/selection\/\">Selection<\/a> | <a href=\"\/en\/vivre-avec-un-berger-allemand\/\">Living with a German Shepherd<\/a> | <a href=\"\/en\/education-et-dressage\/\">Education and training<\/a> | <a href=\"\/en\/elevage\/\">Breeding<\/a> | <a href=\"\/en\/photos-et-videos\/\">Photos<\/a> | <a href=\"\/en\/contact\/\">Contact<\/a> | <a href=\"\/en\/liens-et-bibliographie\/\">Links <\/a> | <em><span style=\"color: #339966;\"><a style=\"color: #339966;\" href=\"https:\/\/dcv-berger-allemand.fr\/en\/articles-et-reflexions\/\">Articles and Reflections<\/a><\/span><\/em><\/div>","protected":false},"excerpt":{"rendered":"<p>L&rsquo;identification g\u00e9n\u00e9tique un gage de s\u00e9curit\u00e9 et de tra\u00e7abilit\u00e9 Un pr\u00e9l\u00e8vement d&rsquo;ADN des reproducteurs est analys\u00e9 ce qui permet de tracer une empreinte g\u00e9n\u00e9tique transmise \u00e0 la descendance. Lorsqu\u2019un chiot est inscrit au LOF avec filiation ve\u0301rifie\u0301e, cela signifie que son lien de parente\u0301 avec ses parents a e\u0301te\u0301 valide\u0301 scientifiquement, assurant ainsi une transparence [&hellip;]<\/p>","protected":false},"author":1,"featured_media":0,"parent":139,"menu_order":7,"comment_status":"closed","ping_status":"closed","template":"","meta":{"footnotes":""},"class_list":["post-273","page","type-page","status-publish","hentry"],"_links":{"self":[{"href":"https:\/\/dcv-berger-allemand.fr\/en\/wp-json\/wp\/v2\/pages\/273","targetHints":{"allow":["GET"]}}],"collection":[{"href":"https:\/\/dcv-berger-allemand.fr\/en\/wp-json\/wp\/v2\/pages"}],"about":[{"href":"https:\/\/dcv-berger-allemand.fr\/en\/wp-json\/wp\/v2\/types\/page"}],"author":[{"embeddable":true,"href":"https:\/\/dcv-berger-allemand.fr\/en\/wp-json\/wp\/v2\/users\/1"}],"replies":[{"embeddable":true,"href":"https:\/\/dcv-berger-allemand.fr\/en\/wp-json\/wp\/v2\/comments?post=273"}],"version-history":[{"count":12,"href":"https:\/\/dcv-berger-allemand.fr\/en\/wp-json\/wp\/v2\/pages\/273\/revisions"}],"predecessor-version":[{"id":1258,"href":"https:\/\/dcv-berger-allemand.fr\/en\/wp-json\/wp\/v2\/pages\/273\/revisions\/1258"}],"up":[{"embeddable":true,"href":"https:\/\/dcv-berger-allemand.fr\/en\/wp-json\/wp\/v2\/pages\/139"}],"wp:attachment":[{"href":"https:\/\/dcv-berger-allemand.fr\/en\/wp-json\/wp\/v2\/media?parent=273"}],"curies":[{"name":"wp","href":"https:\/\/api.w.org\/{rel}","templated":true}]}}