{"id":246,"date":"2025-04-25T10:50:46","date_gmt":"2025-04-25T10:50:46","guid":{"rendered":"https:\/\/dcv-berger-allemand.fr\/?page_id=246"},"modified":"2025-05-24T17:38:21","modified_gmt":"2025-05-24T17:38:21","slug":"garde","status":"publish","type":"page","link":"https:\/\/dcv-berger-allemand.fr\/en\/education-et-dressage\/garde\/","title":{"rendered":"Property custody"},"content":{"rendered":"<div class=\"page\" title=\"Page 63\">\n<div class=\"section\">\n<div class=\"layoutArea\">\n<div class=\"column\">\n<h3>Guarding, a role in its own right!<\/h3>\n<p><img loading=\"lazy\" decoding=\"async\" class=\"wp-image-372 aligncenter\" src=\"https:\/\/dcv-berger-allemand.fr\/wp-content\/uploads\/2025\/04\/download-2-20.30.14.jpg\" alt=\"\" width=\"316\" height=\"315\" srcset=\"https:\/\/dcv-berger-allemand.fr\/wp-content\/uploads\/2025\/04\/download-2-20.30.14.jpg 225w, https:\/\/dcv-berger-allemand.fr\/wp-content\/uploads\/2025\/04\/download-2-20.30.14-150x150.jpg 150w\" sizes=\"auto, (max-width: 316px) 100vw, 316px\" \/><\/p>\n<p>The family guard dog is neither a sporting dog nor a police dog. It should not be confused with defense and protection. Its role is more subtle: the dog alerts, deters, and protects its territory with discernment, often completely autonomously.<\/p>\n<p>Be careful! This is not an aggressive or fearful dog; most good guard dogs are very tolerant outside their territory. They have a strong defensive instinct and will try to deter any stranger from approaching and entering their territory.<\/p>\n<p><img loading=\"lazy\" decoding=\"async\" class=\"aligncenter wp-image-582\" src=\"https:\/\/dcv-berger-allemand.fr\/wp-content\/uploads\/2025\/04\/IMG_20250428_090038_edit_207469843294137-225x300.jpg\" alt=\"Chien de garde de propri\u00e9t\u00e9 Eddy von Hoch Raiffeisen (propri\u00e9t\u00e9 Des Crocs V\u00e9ritables)\" width=\"353\" height=\"471\" srcset=\"https:\/\/dcv-berger-allemand.fr\/wp-content\/uploads\/2025\/04\/IMG_20250428_090038_edit_207469843294137-225x300.jpg 225w, https:\/\/dcv-berger-allemand.fr\/wp-content\/uploads\/2025\/04\/IMG_20250428_090038_edit_207469843294137-768x1024.jpg 768w, https:\/\/dcv-berger-allemand.fr\/wp-content\/uploads\/2025\/04\/IMG_20250428_090038_edit_207469843294137-1152x1536.jpg 1152w, https:\/\/dcv-berger-allemand.fr\/wp-content\/uploads\/2025\/04\/IMG_20250428_090038_edit_207469843294137.jpg 1412w\" sizes=\"auto, (max-width: 353px) 100vw, 353px\" \/><\/p>\n<p style=\"text-align: center;\">Eddy von Hoch Raiffeisen (owned by Les Crocs V\u00e9ritables)<\/p>\n<p>This type of dog must not practice civil biting, which is prohibited in France. It also does not need to practice <a href=\"https:\/\/www.centrale-canine.fr\/articles\/tout-savoir-sur-le-mordant\" target=\"_blank\" rel=\"noopener\">sporty bite<\/a>, which is a game and should not be practiced outside of approved dog clubs.<\/p>\n<p><strong>It is not a question of making him a weapon, but a reliable, balanced, and safe protector with children as well as with legitimate visitors.<\/strong><\/p>\n<\/div>\n<p><img loading=\"lazy\" decoding=\"async\" class=\"aligncenter wp-image-29\" src=\"https:\/\/dcv-berger-allemand.fr\/wp-content\/uploads\/2025\/04\/IMG20230122160554-225x300.jpg\" alt=\"Berger Allemand de garde de propri\u00e9t\u00e9 la fiabilit\u00e9 avant tout\" width=\"338\" height=\"451\" srcset=\"https:\/\/dcv-berger-allemand.fr\/wp-content\/uploads\/2025\/04\/IMG20230122160554-225x300.jpg 225w, https:\/\/dcv-berger-allemand.fr\/wp-content\/uploads\/2025\/04\/IMG20230122160554-768x1024.jpg 768w, https:\/\/dcv-berger-allemand.fr\/wp-content\/uploads\/2025\/04\/IMG20230122160554-1152x1536.jpg 1152w, https:\/\/dcv-berger-allemand.fr\/wp-content\/uploads\/2025\/04\/IMG20230122160554-1536x2048.jpg 1536w, https:\/\/dcv-berger-allemand.fr\/wp-content\/uploads\/2025\/04\/IMG20230122160554-scaled.jpg 1920w\" sizes=\"auto, (max-width: 338px) 100vw, 338px\" \/><\/p>\n<\/div>\n<\/div>\n<\/div>\n<div class=\"page\" title=\"Page 64\">\n<div class=\"section\">\n<div class=\"layoutArea\">\n<div class=\"column\">\n<p><strong>For this, selection is essential: lines adapted to this type of role, stable temperaments, well-marked territorial instinct.<\/strong><\/p>\n<p>Training should be considered a long-term strategy: reinforcing good behavior, exposing the individual to a variety of situations, and, above all, being guided by a specialist. This area is poorly understood, often confused with bite or protection training. <strong>Our breeding places a central place on this type of selection and education, do not hesitate to contact us for more information.<\/strong><\/p>\n<p><img loading=\"lazy\" decoding=\"async\" class=\"wp-image-53 aligncenter\" src=\"https:\/\/dcv-berger-allemand.fr\/wp-content\/uploads\/2025\/04\/Screenshot_20250422_185825_com_instagram_android_InstagramMainActivity_edit_65037451818054-300x284.jpg\" alt=\"\" width=\"358\" height=\"339\" srcset=\"https:\/\/dcv-berger-allemand.fr\/wp-content\/uploads\/2025\/04\/Screenshot_20250422_185825_com_instagram_android_InstagramMainActivity_edit_65037451818054-300x284.jpg 300w, https:\/\/dcv-berger-allemand.fr\/wp-content\/uploads\/2025\/04\/Screenshot_20250422_185825_com_instagram_android_InstagramMainActivity_edit_65037451818054-1024x970.jpg 1024w, https:\/\/dcv-berger-allemand.fr\/wp-content\/uploads\/2025\/04\/Screenshot_20250422_185825_com_instagram_android_InstagramMainActivity_edit_65037451818054-768x727.jpg 768w, https:\/\/dcv-berger-allemand.fr\/wp-content\/uploads\/2025\/04\/Screenshot_20250422_185825_com_instagram_android_InstagramMainActivity_edit_65037451818054.jpg 1224w\" sizes=\"auto, (max-width: 358px) 100vw, 358px\" \/><\/p>\n<p>Finally, <strong>If the dog lives outside on a large property, it is essential that it be accompanied: a male and female pair<\/strong>, well socialized, ensures both better deterrent effectiveness and emotional well-being. A dog alone, even a guard dog, can suffer from loneliness, which affects its behavior. It is obvious that the dog must in all cases have free access to an isolated and suitable shelter.<\/p>\n<\/div>\n<\/div>\n<\/div>\n<\/div>\n<p>&nbsp;<\/p>\n<p>&nbsp;<\/p>\n<p><a class=\"continue-button\" style=\"display: inline-block; background-color: #2c3e50; color: #ffffff; padding: 12px 24px; border-radius: 8px; text-decoration: none; font-size: 18px; transition: background-color 0.3s ease;\" href=\"https:\/\/dcv-berger-allemand.fr\/en\/elevage\/\"><br \/>\nContinue to the next section<br \/>\n<\/a><\/p>\n<div style=\"display: flex; flex-wrap: wrap; justify-content: center; gap: 10px; margin-top: 30px;\"><span style=\"color: #666666; text-align: center;\">\u00a9 2025 \u00c9levage des Crocs V\u00e9ritables<\/span><\/div>\n<p>&nbsp;<\/p>\n<div style=\"text-align: center; font-size: 16px; margin-top: 20px;\"><strong>Quick navigation:<\/strong><\/div>\n<div style=\"text-align: center; font-size: 16px; margin-top: 20px;\"><a href=\"https:\/\/dcv-berger-allemand.fr\/en\/\">Home<\/a><br \/><a href=\"\/en\/le-berger-allemand\/\">The German Shepherd<\/a> | <a href=\"\/en\/sante\/\">Health<\/a> | <a href=\"\/en\/selection\/\">Selection<\/a> | <a href=\"\/en\/vivre-avec-un-berger-allemand\/\">Living with a German Shepherd<\/a> | <a href=\"\/en\/education-et-dressage\/\">Education and training<\/a> | <a href=\"\/en\/elevage\/\">Breeding<\/a> | <a href=\"\/en\/photos-et-videos\/\">Photos<\/a> | <a href=\"\/en\/contact\/\">Contact<\/a> | <a href=\"\/en\/liens-et-bibliographie\/\">Links <\/a> | <em><span style=\"color: #339966;\"><a style=\"color: #339966;\" href=\"https:\/\/dcv-berger-allemand.fr\/en\/articles-et-reflexions\/\">Articles and Reflections<\/a><\/span><\/em><\/div>","protected":false},"excerpt":{"rendered":"<p>La garde, un ro\u0302le a\u0300 part entie\u0300re! Le chien de garde familial n\u2019est ni un chien de sport ni un chien de police. Elle ne doit pas e\u0302tre confondue avec la de\u0301fense et la protection. Son ro\u0302le est plus subtil : le chien alerte, dissuade, et prote\u0300ge son territoire avec discernement, souvent en toute autonomie. [&hellip;]<\/p>","protected":false},"author":1,"featured_media":0,"parent":142,"menu_order":0,"comment_status":"closed","ping_status":"closed","template":"","meta":{"footnotes":""},"class_list":["post-246","page","type-page","status-publish","hentry"],"_links":{"self":[{"href":"https:\/\/dcv-berger-allemand.fr\/en\/wp-json\/wp\/v2\/pages\/246","targetHints":{"allow":["GET"]}}],"collection":[{"href":"https:\/\/dcv-berger-allemand.fr\/en\/wp-json\/wp\/v2\/pages"}],"about":[{"href":"https:\/\/dcv-berger-allemand.fr\/en\/wp-json\/wp\/v2\/types\/page"}],"author":[{"embeddable":true,"href":"https:\/\/dcv-berger-allemand.fr\/en\/wp-json\/wp\/v2\/users\/1"}],"replies":[{"embeddable":true,"href":"https:\/\/dcv-berger-allemand.fr\/en\/wp-json\/wp\/v2\/comments?post=246"}],"version-history":[{"count":11,"href":"https:\/\/dcv-berger-allemand.fr\/en\/wp-json\/wp\/v2\/pages\/246\/revisions"}],"predecessor-version":[{"id":1276,"href":"https:\/\/dcv-berger-allemand.fr\/en\/wp-json\/wp\/v2\/pages\/246\/revisions\/1276"}],"up":[{"embeddable":true,"href":"https:\/\/dcv-berger-allemand.fr\/en\/wp-json\/wp\/v2\/pages\/142"}],"wp:attachment":[{"href":"https:\/\/dcv-berger-allemand.fr\/en\/wp-json\/wp\/v2\/media?parent=246"}],"curies":[{"name":"wp","href":"https:\/\/api.w.org\/{rel}","templated":true}]}}