{"id":142,"date":"2025-04-24T19:14:52","date_gmt":"2025-04-24T19:14:52","guid":{"rendered":"http:\/\/dcv-berger-allemand.fr\/?page_id=142"},"modified":"2025-10-26T17:58:28","modified_gmt":"2025-10-26T17:58:28","slug":"education-et-dressage","status":"publish","type":"page","link":"https:\/\/dcv-berger-allemand.fr\/en\/education-et-dressage\/","title":{"rendered":"Education and Training"},"content":{"rendered":"<p style=\"text-align: center;\">\u2013 Subsections \u2013<\/p>\n<p style=\"text-align: center;\"><em>(please click on the links to read more)<\/em><\/p>\n<ul style=\"list-style-type: none; padding: 0;\">\n<li style=\"margin-bottom: 20px;\">\n<div id=\"ez-toc-container\" class=\"ez-toc-v2_0_76 counter-hierarchy ez-toc-counter ez-toc-grey ez-toc-container-direction\">\n<div class=\"ez-toc-title-container\">\n<p class=\"ez-toc-title\" style=\"cursor:inherit\">Page contents<\/p>\n<span class=\"ez-toc-title-toggle\"><a href=\"#\" class=\"ez-toc-pull-right ez-toc-btn ez-toc-btn-xs ez-toc-btn-default ez-toc-toggle\" aria-label=\"Toggle Table of Content\"><span class=\"ez-toc-js-icon-con\"><span class=\"\"><span class=\"eztoc-hide\" style=\"display:none;\">Toggle<\/span><span class=\"ez-toc-icon-toggle-span\"><svg style=\"fill: #999;color:#999\" xmlns=\"http:\/\/www.w3.org\/2000\/svg\" class=\"list-377408\" width=\"20px\" height=\"20px\" viewbox=\"0 0 24 24\" fill=\"none\"><path d=\"M6 6H4v2h2V6zm14 0H8v2h12V6zM4 11h2v2H4v-2zm16 0H8v2h12v-2zM4 16h2v2H4v-2zm16 0H8v2h12v-2z\" fill=\"currentColor\"><\/path><\/svg><svg style=\"fill: #999;color:#999\" class=\"arrow-unsorted-368013\" xmlns=\"http:\/\/www.w3.org\/2000\/svg\" width=\"10px\" height=\"10px\" viewbox=\"0 0 24 24\" version=\"1.2\" baseprofile=\"tiny\"><path d=\"M18.2 9.3l-6.2-6.3-6.2 6.3c-.2.2-.3.4-.3.7s.1.5.3.7c.2.2.4.3.7.3h11c.3 0 .5-.1.7-.3.2-.2.3-.5.3-.7s-.1-.5-.3-.7zM5.8 14.7l6.2 6.3 6.2-6.3c.2-.2.3-.5.3-.7s-.1-.5-.3-.7c-.2-.2-.4-.3-.7-.3h-11c-.3 0-.5.1-.7.3-.2.2-.3.5-.3.7s.1.5.3.7z\"\/><\/svg><\/span><\/span><\/span><\/a><\/span><\/div>\n<nav><ul class='ez-toc-list ez-toc-list-level-1' ><li class='ez-toc-page-1 ez-toc-heading-level-2'><a class=\"ez-toc-link ez-toc-heading-1\" href=\"https:\/\/dcv-berger-allemand.fr\/en\/education-et-dressage\/#Comprendre_les_grands_concepts\" >Understanding the big concepts<\/a><\/li><li class='ez-toc-page-1 ez-toc-heading-level-2'><a class=\"ez-toc-link ez-toc-heading-2\" href=\"https:\/\/dcv-berger-allemand.fr\/en\/education-et-dressage\/#Interet_de_lecole_du_chiot_et_la_socialisation\" >The importance of puppy school and socialization<\/a><\/li><li class='ez-toc-page-1 ez-toc-heading-level-2'><a class=\"ez-toc-link ez-toc-heading-3\" href=\"https:\/\/dcv-berger-allemand.fr\/en\/education-et-dressage\/#Les_sports_canins_un_terrain_dexpression\" >Dog sports: a field of expression<\/a><\/li><li class='ez-toc-page-1 ez-toc-heading-level-2'><a class=\"ez-toc-link ez-toc-heading-4\" href=\"https:\/\/dcv-berger-allemand.fr\/en\/education-et-dressage\/#La_garde_de_propriete_un_role_a_part_entiere\" >Property custody: a role in its own right<\/a><\/li><\/ul><\/nav><\/div>\n<h2><span class=\"ez-toc-section\" id=\"Comprendre_les_grands_concepts\"><\/span><a style=\"font-size: 18px; font-weight: bold; text-decoration: none; color: #2c3e50;\" href=\"https:\/\/dcv-berger-allemand.fr\/en\/education-et-dressage\/comprendre-les-grands-concepts\/\">Understanding the big concepts<\/a><span class=\"ez-toc-section-end\"><\/span><\/h2>\n<p><span style=\"font-size: 14px; color: #555;\">Educating, raising, and creating a harmonious relationship with your German Shepherd, like any other dog, is easier if you know the basic concepts and respect and channel its instincts. A little theory and a lot of practice are the necessary ingredients!<\/span><\/li>\n<li style=\"margin-bottom: 20px;\">\n<h2><span class=\"ez-toc-section\" id=\"Interet_de_lecole_du_chiot_et_la_socialisation\"><\/span><a style=\"font-size: 18px; font-weight: bold; text-decoration: none; color: #2c3e50;\" href=\"https:\/\/dcv-berger-allemand.fr\/en\/education-et-dressage\/lecole-du-chiot\/\">The importance of puppy school and socialization<\/a><span class=\"ez-toc-section-end\"><\/span><\/h2>\n<\/li>\n<li style=\"margin-bottom: 20px;\">\n<h2><img loading=\"lazy\" decoding=\"async\" class=\"size-medium wp-image-44 aligncenter\" src=\"https:\/\/dcv-berger-allemand.fr\/wp-content\/uploads\/2025\/04\/Screenshot_20250422_185449_com_instagram_android_InstagramMainActivity_edit_65193614763255-300x288.jpg\" alt=\"\u00c9ducation et dressage chiot\" width=\"300\" height=\"288\" srcset=\"https:\/\/dcv-berger-allemand.fr\/wp-content\/uploads\/2025\/04\/Screenshot_20250422_185449_com_instagram_android_InstagramMainActivity_edit_65193614763255-300x288.jpg 300w, https:\/\/dcv-berger-allemand.fr\/wp-content\/uploads\/2025\/04\/Screenshot_20250422_185449_com_instagram_android_InstagramMainActivity_edit_65193614763255-1024x984.jpg 1024w, https:\/\/dcv-berger-allemand.fr\/wp-content\/uploads\/2025\/04\/Screenshot_20250422_185449_com_instagram_android_InstagramMainActivity_edit_65193614763255-768x738.jpg 768w, https:\/\/dcv-berger-allemand.fr\/wp-content\/uploads\/2025\/04\/Screenshot_20250422_185449_com_instagram_android_InstagramMainActivity_edit_65193614763255.jpg 1224w\" sizes=\"auto, (max-width: 300px) 100vw, 300px\" \/><\/h2>\n<p><span style=\"font-size: 14px; color: #555;\">The first few weeks are crucial: gentle immersion in the world, confidence, managing emotions and rules of life.<\/span><\/li>\n<li style=\"margin-bottom: 20px;\">\n<h2><span class=\"ez-toc-section\" id=\"Les_sports_canins_un_terrain_dexpression\"><\/span><a style=\"font-size: 18px; font-weight: bold; text-decoration: none; color: #2c3e50;\" href=\"https:\/\/dcv-berger-allemand.fr\/en\/education-et-dressage\/les-sports\/\">Dog sports: a field of expression<\/a><span class=\"ez-toc-section-end\"><\/span><\/h2>\n<p><span style=\"font-size: 14px; color: #555;\"><a href=\"https:\/\/www.sports-canins.net\/\" target=\"_blank\" rel=\"noopener\">Ring, obedience, tracking, agility<\/a> : useful and enriching disciplines when they are integrated with coherence and respect.\u00a0<\/span><\/li>\n<li style=\"margin-bottom: 20px;\">\n<h2><span class=\"ez-toc-section\" id=\"La_garde_de_propriete_un_role_a_part_entiere\"><\/span><a style=\"font-size: 18px; font-weight: bold; text-decoration: none; color: #2c3e50;\" href=\"https:\/\/dcv-berger-allemand.fr\/en\/education-et-dressage\/garde\/\">Property custody: a role in its own right<\/a><span class=\"ez-toc-section-end\"><\/span><\/h2>\n<p><span style=\"font-size: 14px; color: #555;\"><img loading=\"lazy\" decoding=\"async\" class=\"size-full wp-image-376 aligncenter\" src=\"https:\/\/dcv-berger-allemand.fr\/wp-content\/uploads\/2025\/04\/download-3-20.30.14.jpg\" alt=\"\u00c9ducation et dressage, la garde de propri\u00e9t\u00e9 \" width=\"210\" height=\"240\" \/><\/span><\/li>\n<li style=\"margin-bottom: 20px;\"><span style=\"font-size: 14px; color: #555;\">A guard dog cannot be improvised: understand natural instincts, establish a clear framework and offer a balanced life.<\/span><\/li>\n<\/ul>\n<div style=\"display: flex; flex-wrap: wrap; justify-content: center; gap: 10px; margin-top: 30px;\"><span style=\"color: #666666; text-align: center;\">\u00a9 2025 \u00c9levage des Crocs V\u00e9ritables<\/span><\/div>\n<p>&nbsp;<\/p>\n<div style=\"text-align: center; font-size: 16px; margin-top: 20px;\">\n<div style=\"text-align: center; font-size: 16px; margin-top: 20px;\"><a href=\"https:\/\/dcv-berger-allemand.fr\/en\/\">Home<\/a><\/div>\n<div style=\"text-align: center; font-size: 16px; margin-top: 20px;\"><span style=\"color: #ff0000;\"><a style=\"color: #ff0000;\" href=\"\/en\/elevage\/\">\u00c9l<em>evage<\/em><\/a><em><a style=\"color: #ff0000;\" href=\"\/en\/le-berger-allemand\/\"> |<\/a><a style=\"color: #ff0000;\" href=\"\/en\/contact\/\">Contact<\/a><a style=\"color: #ff0000;\" href=\"\/en\/le-berger-allemand\/\"> |<\/a><\/em><\/span><br \/>\n<a href=\"\/en\/le-berger-allemand\/\">The German Shepherd<\/a> | <a href=\"\/en\/sante\/\">Health<\/a> | <a href=\"\/en\/selection\/\">Selection<\/a> | <a href=\"\/en\/vivre-avec-un-berger-allemand\/\">Living with a German Shepherd<\/a> | <a href=\"\/en\/education-et-dressage\/\">Education and training<\/a> | \u00a0<a href=\"\/en\/photos-et-videos\/\">Photos<\/a> |\u00a0<a href=\"\/en\/liens-et-bibliographie\/\">Links <\/a> | <em><span style=\"color: #339966;\"><a style=\"color: #339966;\" href=\"https:\/\/dcv-berger-allemand.fr\/en\/articles-et-reflexions\/\">Articles and Reflections<\/a><\/span><\/em><\/div>\n<\/div>","protected":false},"excerpt":{"rendered":"<p>&#8211; Sous-sections &#8211; (veuillez cliquer sur les liens pour en lire plus) Comprendre les grands concepts \u00c9duquer, \u00e9lever, cr\u00e9er une relation harmonieuse avec son Berger Allemand, comme tout chien d&rsquo;ailleurs, se r\u00e9alise plus facilement si l&rsquo;on conna\u00eet les concepts de base, que l&rsquo;on respecte et canalise ses instincts. Un peu de th\u00e9orie et beaucoup de [&hellip;]<\/p>","protected":false},"author":1,"featured_media":0,"parent":0,"menu_order":6,"comment_status":"closed","ping_status":"closed","template":"","meta":{"footnotes":""},"class_list":["post-142","page","type-page","status-publish","hentry"],"_links":{"self":[{"href":"https:\/\/dcv-berger-allemand.fr\/en\/wp-json\/wp\/v2\/pages\/142","targetHints":{"allow":["GET"]}}],"collection":[{"href":"https:\/\/dcv-berger-allemand.fr\/en\/wp-json\/wp\/v2\/pages"}],"about":[{"href":"https:\/\/dcv-berger-allemand.fr\/en\/wp-json\/wp\/v2\/types\/page"}],"author":[{"embeddable":true,"href":"https:\/\/dcv-berger-allemand.fr\/en\/wp-json\/wp\/v2\/users\/1"}],"replies":[{"embeddable":true,"href":"https:\/\/dcv-berger-allemand.fr\/en\/wp-json\/wp\/v2\/comments?post=142"}],"version-history":[{"count":25,"href":"https:\/\/dcv-berger-allemand.fr\/en\/wp-json\/wp\/v2\/pages\/142\/revisions"}],"predecessor-version":[{"id":1474,"href":"https:\/\/dcv-berger-allemand.fr\/en\/wp-json\/wp\/v2\/pages\/142\/revisions\/1474"}],"wp:attachment":[{"href":"https:\/\/dcv-berger-allemand.fr\/en\/wp-json\/wp\/v2\/media?parent=142"}],"curies":[{"name":"wp","href":"https:\/\/api.w.org\/{rel}","templated":true}]}}