{"id":139,"date":"2025-04-24T19:19:31","date_gmt":"2025-04-24T19:19:31","guid":{"rendered":"http:\/\/dcv-berger-allemand.fr\/?page_id=139"},"modified":"2025-10-26T17:56:15","modified_gmt":"2025-10-26T17:56:15","slug":"sante","status":"publish","type":"page","link":"https:\/\/dcv-berger-allemand.fr\/en\/sante\/","title":{"rendered":"Health"},"content":{"rendered":"<p style=\"text-align: center;\"><strong>\u2013 Subsections \u2013<\/strong><\/p>\n<p style=\"text-align: center;\"><em>(please click on the links to read more)<\/em><\/p>\n<p>The health of your German Shepherd is of paramount importance. In these chapters, you&#039;ll find a wealth of information on the major categories you need to know. Through these chapters, we aim to show you the various pillars we use to maintain your health.<\/p>\n<p>That said, let&#039;s not forget that every living being is also subject to its own destiny; dogs are not robots or clones. With living things, there is always an element of unpredictability; it is essential in breeding not to lose sight of these concepts.<\/p>\n<ul style=\"list-style-type: none; padding: 0;\">\n<li style=\"margin-bottom: 20px;\">\n<div id=\"ez-toc-container\" class=\"ez-toc-v2_0_76 counter-hierarchy ez-toc-counter ez-toc-grey ez-toc-container-direction\">\n<div class=\"ez-toc-title-container\">\n<p class=\"ez-toc-title\" style=\"cursor:inherit\">Page contents<\/p>\n<span class=\"ez-toc-title-toggle\"><a href=\"#\" class=\"ez-toc-pull-right ez-toc-btn ez-toc-btn-xs ez-toc-btn-default ez-toc-toggle\" aria-label=\"Toggle Table of Content\"><span class=\"ez-toc-js-icon-con\"><span class=\"\"><span class=\"eztoc-hide\" style=\"display:none;\">Toggle<\/span><span class=\"ez-toc-icon-toggle-span\"><svg style=\"fill: #999;color:#999\" xmlns=\"http:\/\/www.w3.org\/2000\/svg\" class=\"list-377408\" width=\"20px\" height=\"20px\" viewbox=\"0 0 24 24\" fill=\"none\"><path d=\"M6 6H4v2h2V6zm14 0H8v2h12V6zM4 11h2v2H4v-2zm16 0H8v2h12v-2zM4 16h2v2H4v-2zm16 0H8v2h12v-2z\" fill=\"currentColor\"><\/path><\/svg><svg style=\"fill: #999;color:#999\" class=\"arrow-unsorted-368013\" xmlns=\"http:\/\/www.w3.org\/2000\/svg\" width=\"10px\" height=\"10px\" viewbox=\"0 0 24 24\" version=\"1.2\" baseprofile=\"tiny\"><path d=\"M18.2 9.3l-6.2-6.3-6.2 6.3c-.2.2-.3.4-.3.7s.1.5.3.7c.2.2.4.3.7.3h11c.3 0 .5-.1.7-.3.2-.2.3-.5.3-.7s-.1-.5-.3-.7zM5.8 14.7l6.2 6.3 6.2-6.3c.2-.2.3-.5.3-.7s-.1-.5-.3-.7c-.2-.2-.4-.3-.7-.3h-11c-.3 0-.5.1-.7.3-.2.2-.3.5-.3.7s.1.5.3.7z\"\/><\/svg><\/span><\/span><\/span><\/a><\/span><\/div>\n<nav><ul class='ez-toc-list ez-toc-list-level-1' ><li class='ez-toc-page-1 ez-toc-heading-level-2'><a class=\"ez-toc-link ez-toc-heading-1\" href=\"https:\/\/dcv-berger-allemand.fr\/en\/sante\/#La_dysplasie_chez_le_Berger_Allemand\" >Dysplasia in German Shepherds<\/a><\/li><li class='ez-toc-page-1 ez-toc-heading-level-2'><a class=\"ez-toc-link ez-toc-heading-2\" href=\"https:\/\/dcv-berger-allemand.fr\/en\/sante\/#Maladies_genetiques_depistees\" >Genetic diseases screened for<\/a><\/li><li class='ez-toc-page-1 ez-toc-heading-level-2'><a class=\"ez-toc-link ez-toc-heading-3\" href=\"https:\/\/dcv-berger-allemand.fr\/en\/sante\/#Prevention_et_suivi_veterinaire\" >Prevention and veterinary monitoring<\/a><\/li><li class='ez-toc-page-1 ez-toc-heading-level-2'><a class=\"ez-toc-link ez-toc-heading-4\" href=\"https:\/\/dcv-berger-allemand.fr\/en\/sante\/#Preserver_la_rusticite\" >Preserve rusticity<\/a><\/li><li class='ez-toc-page-1 ez-toc-heading-level-2'><a class=\"ez-toc-link ez-toc-heading-5\" href=\"https:\/\/dcv-berger-allemand.fr\/en\/sante\/#_Lalimentation\" >\u00a0Food<\/a><\/li><li class='ez-toc-page-1 ez-toc-heading-level-2'><a class=\"ez-toc-link ez-toc-heading-6\" href=\"https:\/\/dcv-berger-allemand.fr\/en\/sante\/#Comprendre_la_consanguinite\" >Understanding inbreeding<\/a><\/li><li class='ez-toc-page-1 ez-toc-heading-level-2'><a class=\"ez-toc-link ez-toc-heading-7\" href=\"https:\/\/dcv-berger-allemand.fr\/en\/sante\/#_Lidentification_genetique\" >\u00a0Genetic identification<\/a><\/li><\/ul><\/nav><\/div>\n<h2><span class=\"ez-toc-section\" id=\"La_dysplasie_chez_le_Berger_Allemand\"><\/span><a style=\"font-size: 18px; font-weight: bold; text-decoration: none; color: #2c3e50;\" href=\"https:\/\/dcv-berger-allemand.fr\/en\/sant\u00e9\/dysplasie\/\">Dysplasia in German Shepherds<\/a><span class=\"ez-toc-section-end\"><\/span><\/h2>\n<p><span style=\"font-size: 14px; color: #555;\"><img loading=\"lazy\" decoding=\"async\" class=\"size-full wp-image-365 aligncenter\" src=\"https:\/\/dcv-berger-allemand.fr\/wp-content\/uploads\/2025\/04\/download-17.08.21.jpg\" alt=\"Sant\u00e9 du berger allemand\" width=\"209\" height=\"242\" \/><\/span><\/li>\n<li style=\"margin-bottom: 20px;\"><span style=\"font-size: 14px; color: #555;\">Understanding this common joint condition, its genetic origins, existing screenings and preventive measures in breeding.<\/span><\/li>\n<li style=\"margin-bottom: 20px;\">\n<h2><span class=\"ez-toc-section\" id=\"Maladies_genetiques_depistees\"><\/span><a style=\"font-size: 18px; font-weight: bold; text-decoration: none; color: #2c3e50;\" href=\"https:\/\/dcv-berger-allemand.fr\/en\/sante\/maladies\/\">Genetic diseases screened for<\/a><span class=\"ez-toc-section-end\"><\/span><\/h2>\n<p><span style=\"font-size: 14px; color: #555;\"><img loading=\"lazy\" decoding=\"async\" class=\"aligncenter wp-image-375 size-full\" src=\"https:\/\/dcv-berger-allemand.fr\/wp-content\/uploads\/2025\/04\/download-3-17.08.21.jpg\" alt=\"Sant\u00e9 berger allemand\" width=\"300\" height=\"168\" \/><\/span><\/li>\n<li style=\"margin-bottom: 20px;\"><span style=\"font-size: 14px; color: #555;\">Overview of the main hereditary conditions tested in our breeding: degenerative myelopathy, MDR1, pituitary dwarfism, etc.<\/span><\/li>\n<li style=\"margin-bottom: 20px;\">\n<h2><span class=\"ez-toc-section\" id=\"Prevention_et_suivi_veterinaire\"><\/span><a style=\"font-size: 18px; font-weight: bold; text-decoration: none; color: #2c3e50;\" href=\"https:\/\/dcv-berger-allemand.fr\/en\/sante\/prevention\/\">Prevention and veterinary monitoring<\/a><span class=\"ez-toc-section-end\"><\/span><\/h2>\n<p><span style=\"font-size: 14px; color: #555;\">Vaccination, deworming, growth assessments: our health monitoring protocol for each puppy and adult.<\/span><\/li>\n<li style=\"margin-bottom: 20px;\">\n<h2><span class=\"ez-toc-section\" id=\"Preserver_la_rusticite\"><\/span><a style=\"font-size: 18px; font-weight: bold; text-decoration: none; color: #2c3e50;\" href=\"https:\/\/dcv-berger-allemand.fr\/en\/sante\/rusticite\/\">Preserve rusticity<\/a><span class=\"ez-toc-section-end\"><\/span><\/h2>\n<p><span style=\"font-size: 14px; color: #555;\"><img loading=\"lazy\" decoding=\"async\" class=\"size-medium wp-image-418 aligncenter\" src=\"https:\/\/dcv-berger-allemand.fr\/wp-content\/uploads\/2025\/04\/Screenshot_20250422_194558_com_facebook_katana_FbMainTabActivity_edit_65730670516019-300x220.jpg\" alt=\"Sant\u00e9 berger allemand\" width=\"300\" height=\"220\" srcset=\"https:\/\/dcv-berger-allemand.fr\/wp-content\/uploads\/2025\/04\/Screenshot_20250422_194558_com_facebook_katana_FbMainTabActivity_edit_65730670516019-300x220.jpg 300w, https:\/\/dcv-berger-allemand.fr\/wp-content\/uploads\/2025\/04\/Screenshot_20250422_194558_com_facebook_katana_FbMainTabActivity_edit_65730670516019-1024x750.jpg 1024w, https:\/\/dcv-berger-allemand.fr\/wp-content\/uploads\/2025\/04\/Screenshot_20250422_194558_com_facebook_katana_FbMainTabActivity_edit_65730670516019-768x562.jpg 768w, https:\/\/dcv-berger-allemand.fr\/wp-content\/uploads\/2025\/04\/Screenshot_20250422_194558_com_facebook_katana_FbMainTabActivity_edit_65730670516019.jpg 1220w\" sizes=\"auto, (max-width: 300px) 100vw, 300px\" \/><\/span><\/li>\n<li style=\"margin-bottom: 20px;\"><span style=\"font-size: 14px; color: #555;\">Natural health comes from careful selection, a healthy environment and gradual exposure to real-world stimuli.<\/span><\/li>\n<li style=\"margin-bottom: 20px;\">\n<h2><span class=\"ez-toc-section\" id=\"_Lalimentation\"><\/span><a style=\"font-size: 18px; font-weight: bold; text-decoration: none; color: #2c3e50;\" href=\"https:\/\/dcv-berger-allemand.fr\/en\/sante\/lalimentation\/\">\u00a0Food<\/a><span class=\"ez-toc-section-end\"><\/span><\/h2>\n<\/li>\n<li><img loading=\"lazy\" decoding=\"async\" class=\"size-medium wp-image-378 aligncenter\" src=\"https:\/\/dcv-berger-allemand.fr\/wp-content\/uploads\/2025\/04\/download-4-17.08.21-300x162.jpg\" alt=\"Sant\u00e9 berger allemand alimentation\" width=\"300\" height=\"162\" srcset=\"https:\/\/dcv-berger-allemand.fr\/wp-content\/uploads\/2025\/04\/download-4-17.08.21-300x162.jpg 300w, https:\/\/dcv-berger-allemand.fr\/wp-content\/uploads\/2025\/04\/download-4-17.08.21.jpg 305w\" sizes=\"auto, (max-width: 300px) 100vw, 300px\" \/><\/li>\n<li><\/li>\n<li><span style=\"font-size: 14px; color: #555;\">Kibble, homemade ration or BARF: our food choices for an active, robust and well-digested dog.<\/span><\/li>\n<\/ul>\n<ul style=\"list-style-type: none; padding: 0;\">\n<li style=\"margin-bottom: 20px;\">\n<h2><span class=\"ez-toc-section\" id=\"Comprendre_la_consanguinite\"><\/span><a style=\"font-size: 18px; font-weight: bold; text-decoration: none; color: #2c3e50;\" href=\"https:\/\/dcv-berger-allemand.fr\/en\/sante\/comprendre-la-consanguinite\/\">Understanding inbreeding<\/a><span class=\"ez-toc-section-end\"><\/span><\/h2>\n<p><span style=\"font-size: 14px; color: #555;\">Calculation methods, reasonable thresholds, risks and avoidance strategies in the rational selection of the German Shepherd.\u00a0<\/span><\/li>\n<li style=\"margin-bottom: 20px;\">\n<h2><span class=\"ez-toc-section\" id=\"_Lidentification_genetique\"><\/span><a style=\"font-size: 18px; font-weight: bold; text-decoration: none; color: #2c3e50;\" href=\"https:\/\/dcv-berger-allemand.fr\/en\/sante\/lidentification-genetique\/\">\u00a0Genetic identification<\/a><span class=\"ez-toc-section-end\"><\/span><\/h2>\n<p><span style=\"font-size: 14px; color: #555;\">Why we systematically carry out DNA profiles on our dogs, and how this protects the seriousness of parentage. As a reminder, genetic identification of breeding dogs is mandatory ( <a href=\"https:\/\/www.centrale-canine.fr\/recherche?searchQuery=Adn\" target=\"_blank\" rel=\"noopener\"><span style=\"color: #3366ff;\">see the SCC website here<\/span><\/a>)\u00a0<\/span><\/li>\n<\/ul>\n<div style=\"display: flex; flex-wrap: wrap; justify-content: center; gap: 10px; margin-top: 30px;\"><span style=\"color: #666666; text-align: center;\">\u00a9 2025 \u00c9levage des Crocs V\u00e9ritables<\/span><\/div>\n<p>&nbsp;<\/p>\n<div style=\"text-align: center; font-size: 16px; margin-top: 20px;\"><strong>Quick navigation:<\/strong><\/div>\n<div style=\"text-align: center; font-size: 16px; margin-top: 20px;\"><a href=\"https:\/\/dcv-berger-allemand.fr\/en\/\">Home<\/a><\/div>\n<div style=\"text-align: center; font-size: 16px; margin-top: 20px;\"><span style=\"color: #ff0000;\"><a style=\"color: #ff0000;\" href=\"\/en\/elevage\/\">\u00c9l<em>evage<\/em><\/a><em><a style=\"color: #ff0000;\" href=\"\/en\/le-berger-allemand\/\"> |<\/a><a style=\"color: #ff0000;\" href=\"\/en\/contact\/\">Contact<\/a><a style=\"color: #ff0000;\" href=\"\/en\/le-berger-allemand\/\"> |<\/a><\/em><\/span><br \/>\n<a href=\"\/en\/le-berger-allemand\/\">The German Shepherd<\/a> | <a href=\"\/en\/sante\/\">Health<\/a> | <a href=\"\/en\/selection\/\">Selection<\/a> | <a href=\"\/en\/vivre-avec-un-berger-allemand\/\">Living with a German Shepherd<\/a> | <a href=\"\/en\/education-et-dressage\/\">Education and training<\/a> | \u00a0<a href=\"\/en\/photos-et-videos\/\">Photos<\/a> |\u00a0<a href=\"\/en\/liens-et-bibliographie\/\">Links <\/a> | <em><span style=\"color: #339966;\"><a style=\"color: #339966;\" href=\"https:\/\/dcv-berger-allemand.fr\/en\/articles-et-reflexions\/\">Articles and Reflections<\/a><\/span><\/em><\/div>\n<p>&nbsp;<\/p>","protected":false},"excerpt":{"rendered":"<p>&#8211; Sous-sections &#8211; (veuillez cliquer sur les liens pour en lire plus) La sant\u00e9 du Berger Allemand est un point primordial, vous trouverez dans ces diff\u00e9rents chapitres de nombreuses informations sur les grandes cat\u00e9gories \u00e0 conna\u00eetre. Par ces diff\u00e9rents chapitre nous avons \u00e0 coeur de vous montrer les diff\u00e9rents pilier que nous utilisons pour\u00a0 la [&hellip;]<\/p>","protected":false},"author":1,"featured_media":0,"parent":0,"menu_order":2,"comment_status":"closed","ping_status":"closed","template":"","meta":{"footnotes":""},"class_list":["post-139","page","type-page","status-publish","hentry"],"_links":{"self":[{"href":"https:\/\/dcv-berger-allemand.fr\/en\/wp-json\/wp\/v2\/pages\/139","targetHints":{"allow":["GET"]}}],"collection":[{"href":"https:\/\/dcv-berger-allemand.fr\/en\/wp-json\/wp\/v2\/pages"}],"about":[{"href":"https:\/\/dcv-berger-allemand.fr\/en\/wp-json\/wp\/v2\/types\/page"}],"author":[{"embeddable":true,"href":"https:\/\/dcv-berger-allemand.fr\/en\/wp-json\/wp\/v2\/users\/1"}],"replies":[{"embeddable":true,"href":"https:\/\/dcv-berger-allemand.fr\/en\/wp-json\/wp\/v2\/comments?post=139"}],"version-history":[{"count":35,"href":"https:\/\/dcv-berger-allemand.fr\/en\/wp-json\/wp\/v2\/pages\/139\/revisions"}],"predecessor-version":[{"id":1471,"href":"https:\/\/dcv-berger-allemand.fr\/en\/wp-json\/wp\/v2\/pages\/139\/revisions\/1471"}],"wp:attachment":[{"href":"https:\/\/dcv-berger-allemand.fr\/en\/wp-json\/wp\/v2\/media?parent=139"}],"curies":[{"name":"wp","href":"https:\/\/api.w.org\/{rel}","templated":true}]}}