{"id":124,"date":"2025-04-24T10:33:57","date_gmt":"2025-04-24T10:33:57","guid":{"rendered":"http:\/\/dcv-berger-allemand.fr\/?page_id=124"},"modified":"2025-10-26T17:55:33","modified_gmt":"2025-10-26T17:55:33","slug":"le-berger-allemand","status":"publish","type":"page","link":"https:\/\/dcv-berger-allemand.fr\/en\/le-berger-allemand\/","title":{"rendered":"The German Shepherd"},"content":{"rendered":"<p style=\"text-align: center;\">-Subsections \u2013<\/p>\n<p style=\"text-align: center;\"><em>(please click on the links to read more)<\/em><\/p>\n<p><img loading=\"lazy\" decoding=\"async\" class=\"wp-image-590 size-medium aligncenter\" src=\"https:\/\/dcv-berger-allemand.fr\/wp-content\/uploads\/2025\/04\/Screenshot_20250428_091413_com_hihonor_photos_SlotAlbumActivity_edit_207929433472868-300x167.jpg\" alt=\"Berger Allemand\" width=\"300\" height=\"167\" srcset=\"https:\/\/dcv-berger-allemand.fr\/wp-content\/uploads\/2025\/04\/Screenshot_20250428_091413_com_hihonor_photos_SlotAlbumActivity_edit_207929433472868-300x167.jpg 300w, https:\/\/dcv-berger-allemand.fr\/wp-content\/uploads\/2025\/04\/Screenshot_20250428_091413_com_hihonor_photos_SlotAlbumActivity_edit_207929433472868-1024x571.jpg 1024w, https:\/\/dcv-berger-allemand.fr\/wp-content\/uploads\/2025\/04\/Screenshot_20250428_091413_com_hihonor_photos_SlotAlbumActivity_edit_207929433472868-768x428.jpg 768w, https:\/\/dcv-berger-allemand.fr\/wp-content\/uploads\/2025\/04\/Screenshot_20250428_091413_com_hihonor_photos_SlotAlbumActivity_edit_207929433472868.jpg 1224w\" sizes=\"auto, (max-width: 300px) 100vw, 300px\" \/><\/p>\n<ul style=\"list-style-type: none; padding: 0;\">\n<li style=\"margin-bottom: 20px;\">\n<div id=\"ez-toc-container\" class=\"ez-toc-v2_0_76 counter-hierarchy ez-toc-counter ez-toc-grey ez-toc-container-direction\">\n<div class=\"ez-toc-title-container\">\n<p class=\"ez-toc-title\" style=\"cursor:inherit\">Page contents<\/p>\n<span class=\"ez-toc-title-toggle\"><a href=\"#\" class=\"ez-toc-pull-right ez-toc-btn ez-toc-btn-xs ez-toc-btn-default ez-toc-toggle\" aria-label=\"Toggle Table of Content\"><span class=\"ez-toc-js-icon-con\"><span class=\"\"><span class=\"eztoc-hide\" style=\"display:none;\">Toggle<\/span><span class=\"ez-toc-icon-toggle-span\"><svg style=\"fill: #999;color:#999\" xmlns=\"http:\/\/www.w3.org\/2000\/svg\" class=\"list-377408\" width=\"20px\" height=\"20px\" viewbox=\"0 0 24 24\" fill=\"none\"><path d=\"M6 6H4v2h2V6zm14 0H8v2h12V6zM4 11h2v2H4v-2zm16 0H8v2h12v-2zM4 16h2v2H4v-2zm16 0H8v2h12v-2z\" fill=\"currentColor\"><\/path><\/svg><svg style=\"fill: #999;color:#999\" class=\"arrow-unsorted-368013\" xmlns=\"http:\/\/www.w3.org\/2000\/svg\" width=\"10px\" height=\"10px\" viewbox=\"0 0 24 24\" version=\"1.2\" baseprofile=\"tiny\"><path d=\"M18.2 9.3l-6.2-6.3-6.2 6.3c-.2.2-.3.4-.3.7s.1.5.3.7c.2.2.4.3.7.3h11c.3 0 .5-.1.7-.3.2-.2.3-.5.3-.7s-.1-.5-.3-.7zM5.8 14.7l6.2 6.3 6.2-6.3c.2-.2.3-.5.3-.7s-.1-.5-.3-.7c-.2-.2-.4-.3-.7-.3h-11c-.3 0-.5.1-.7.3-.2.2-.3.5-.3.7s.1.5.3.7z\"\/><\/svg><\/span><\/span><\/span><\/a><\/span><\/div>\n<nav><ul class='ez-toc-list ez-toc-list-level-1' ><li class='ez-toc-page-1 ez-toc-heading-level-2'><a class=\"ez-toc-link ez-toc-heading-1\" href=\"https:\/\/dcv-berger-allemand.fr\/en\/le-berger-allemand\/#Le_Berger_Allemand_%E2%80%93_Histoire_de_la_race\" >The German Shepherd \u2013 History of the Breed\u00a0<\/a><\/li><li class='ez-toc-page-1 ez-toc-heading-level-2'><a class=\"ez-toc-link ez-toc-heading-2\" href=\"https:\/\/dcv-berger-allemand.fr\/en\/le-berger-allemand\/#Le_Berger_Allemand_%E2%80%93_Comparatif_des_lignees\" >The German Shepherd \u2013 Comparison of lines\u00a0\u00a0<\/a><\/li><li class='ez-toc-page-1 ez-toc-heading-level-2'><a class=\"ez-toc-link ez-toc-heading-3\" href=\"https:\/\/dcv-berger-allemand.fr\/en\/le-berger-allemand\/#Le_Berger_Allemand_%E2%80%93_Le_standard\" >The German Shepherd \u2013 The standard\u00a0<\/a><\/li><\/ul><\/nav><\/div>\n<h2><span class=\"ez-toc-section\" id=\"Le_Berger_Allemand_%E2%80%93_Histoire_de_la_race\"><\/span><strong><a style=\"font-size: 18px; font-weight: bold; text-decoration: none; color: #2c3e50;\" href=\"https:\/\/dcv-berger-allemand.fr\/en\/le-berger-allemand\/histoire-de-la-race\/\"><span style=\"font-size: 14px; color: #555;\">The German Shepherd \u2013 History of the Breed\u00a0<\/span><\/a><\/strong><span class=\"ez-toc-section-end\"><\/span><\/h2>\n<\/li>\n<li style=\"margin-bottom: 20px;\"><span style=\"font-size: 14px; color: #555;\">Discover the exciting evolution of a utility breed that has become iconic, the German Shepherd, from its rural origins to the creation of the modern standard by Captain Von Stephanitz. In this chapter we attempt to trace the major phases that, from its origins to the present day, gave birth to the German Shepherd that still exists today. Knowing where we come from is a step towards knowing where we are going!<\/span><\/li>\n<li><\/li>\n<li><img loading=\"lazy\" decoding=\"async\" class=\"wp-image-225 size-full aligncenter\" src=\"https:\/\/dcv-berger-allemand.fr\/wp-content\/uploads\/2025\/04\/download-1.jpg\" alt=\"Berger Allemand - Histoire de la race\" width=\"198\" height=\"255\" \/><\/li>\n<li><\/li>\n<li style=\"margin-bottom: 20px;\">\n<h2><span class=\"ez-toc-section\" id=\"Le_Berger_Allemand_%E2%80%93_Comparatif_des_lignees\"><\/span><a style=\"font-size: 18px; font-weight: bold; text-decoration: none; color: #2c3e50;\" href=\"https:\/\/dcv-berger-allemand.fr\/en\/le-berger-allemand\/comparatif-des-lignees\/\"><span style=\"font-size: 14px; color: #555;\">The German Shepherd \u2013 Comparison of lines\u00a0\u00a0<\/span><\/a><span class=\"ez-toc-section-end\"><\/span><\/h2>\n<\/li>\n<li style=\"margin-bottom: 20px;\"><span style=\"font-size: 14px; color: #555;\">What are the differences between the German Shepherd working line and the beauty line, the DDR line, the Czech line, the West line, the sport line, and the utility line? In this chapter, we attempt to highlight the main characteristics that differentiate them. Knowing where you come from is a step toward knowing where you&#039;re going!<\/span><\/li>\n<li><strong><img loading=\"lazy\" decoding=\"async\" class=\"wp-image-85 size-medium aligncenter\" src=\"https:\/\/dcv-berger-allemand.fr\/wp-content\/uploads\/2025\/04\/IMG_20250208_211109-225x300.jpg\" alt=\"Berger Allemand - Comparatif des lign\u00e9es\" width=\"225\" height=\"300\" srcset=\"https:\/\/dcv-berger-allemand.fr\/wp-content\/uploads\/2025\/04\/IMG_20250208_211109-225x300.jpg 225w, https:\/\/dcv-berger-allemand.fr\/wp-content\/uploads\/2025\/04\/IMG_20250208_211109-768x1023.jpg 768w, https:\/\/dcv-berger-allemand.fr\/wp-content\/uploads\/2025\/04\/IMG_20250208_211109-1153x1536.jpg 1153w, https:\/\/dcv-berger-allemand.fr\/wp-content\/uploads\/2025\/04\/IMG_20250208_211109-1537x2048.jpg 1537w, https:\/\/dcv-berger-allemand.fr\/wp-content\/uploads\/2025\/04\/IMG_20250208_211109-scaled.jpg 1921w\" sizes=\"auto, (max-width: 225px) 100vw, 225px\" \/><\/strong><\/li>\n<li style=\"margin-bottom: 20px;\">\n<h2><span class=\"ez-toc-section\" id=\"Le_Berger_Allemand_%E2%80%93_Le_standard\"><\/span><strong><a href=\"https:\/\/dcv-berger-allemand.fr\/en\/le-berger-allemand\/le-standard\/\"><span style=\"font-size: 14px; color: #555;\">The German Shepherd \u2013 The standard\u00a0<\/span><\/a><\/strong><span class=\"ez-toc-section-end\"><\/span><\/h2>\n<p><span style=\"font-size: 14px; color: #555;\">Thoughts on the official standard of the German Shepherd according to the FCI ( <span style=\"color: #3366ff;\"><a style=\"color: #3366ff;\" href=\"https:\/\/berger-allemand.net\/les-standard\/\" target=\"_blank\" rel=\"noopener\">see here<\/a><\/span>): morphological criteria, colors, temperament and functional abilities. Although a single standard exists, interpretations are multiple, each federation, each judge, almost each breeder ultimately has their own vision. We will attempt here to highlight the main deviations as well as to put into perspective the objectives which should guide the selection of a dog whose goal is primarily utility.<\/span><\/li>\n<\/ul>\n<p><img loading=\"lazy\" decoding=\"async\" class=\"aligncenter wp-image-224 size-full\" src=\"https:\/\/dcv-berger-allemand.fr\/wp-content\/uploads\/2025\/04\/download.jpg\" alt=\"Berger Allemand\" width=\"269\" height=\"187\" \/><\/p>\n<p>&nbsp;<\/p>\n<div style=\"display: flex; flex-wrap: wrap; justify-content: center; gap: 10px; margin-top: 30px;\"><span style=\"color: #666666; text-align: center;\">\u00a9 2025 \u00c9levage des Crocs V\u00e9ritables<\/span><\/div>\n<p>&nbsp;<\/p>\n<div style=\"text-align: center; font-size: 16px; margin-top: 20px;\"><strong>Quick navigation:<\/strong><\/div>\n<div style=\"text-align: center; font-size: 16px; margin-top: 20px;\"><a href=\"https:\/\/dcv-berger-allemand.fr\/en\/\">Home<\/a><\/div>\n<div style=\"text-align: center; font-size: 16px; margin-top: 20px;\"><span style=\"color: #ff0000;\"><a style=\"color: #ff0000;\" href=\"\/en\/elevage\/\">\u00c9l<em>evage<\/em><\/a><em><a style=\"color: #ff0000;\" href=\"\/en\/le-berger-allemand\/\"> |<\/a><a style=\"color: #ff0000;\" href=\"\/en\/contact\/\">Contact<\/a><a style=\"color: #ff0000;\" href=\"\/en\/le-berger-allemand\/\"> |<\/a><\/em><\/span><br \/>\n<a href=\"\/en\/le-berger-allemand\/\">The German Shepherd<\/a> | <a href=\"\/en\/sante\/\">Health<\/a> | <a href=\"\/en\/selection\/\">Selection<\/a> | <a href=\"\/en\/vivre-avec-un-berger-allemand\/\">Living with a German Shepherd<\/a> | <a href=\"\/en\/education-et-dressage\/\">Education and training<\/a> | \u00a0<a href=\"\/en\/photos-et-videos\/\">Photos<\/a> |\u00a0<a href=\"\/en\/liens-et-bibliographie\/\">Links <\/a> | <em><span style=\"color: #339966;\"><a style=\"color: #339966;\" href=\"https:\/\/dcv-berger-allemand.fr\/en\/articles-et-reflexions\/\">Articles and Reflections<\/a><\/span><\/em><\/div>\n<p>&nbsp;<\/p>","protected":false},"excerpt":{"rendered":"<p>-Sous-sections &#8211; (veuillez cliquer sur les liens pour en lire plus) Le Berger Allemand &#8211; Histoire de la race\u00a0 D\u00e9couvrez l\u2019\u00e9volution passionnante d\u2019une race utilitaire devenue embl\u00e9matique, le Berger Allemand, de ses origines rurales \u00e0 la cr\u00e9ation du standard moderne par le capitaine Von Stephanitz, . Dans ce chapitre nous tentons de tracer les grandes [&hellip;]<\/p>","protected":false},"author":1,"featured_media":0,"parent":0,"menu_order":1,"comment_status":"closed","ping_status":"closed","template":"","meta":{"footnotes":""},"class_list":["post-124","page","type-page","status-publish","hentry"],"_links":{"self":[{"href":"https:\/\/dcv-berger-allemand.fr\/en\/wp-json\/wp\/v2\/pages\/124","targetHints":{"allow":["GET"]}}],"collection":[{"href":"https:\/\/dcv-berger-allemand.fr\/en\/wp-json\/wp\/v2\/pages"}],"about":[{"href":"https:\/\/dcv-berger-allemand.fr\/en\/wp-json\/wp\/v2\/types\/page"}],"author":[{"embeddable":true,"href":"https:\/\/dcv-berger-allemand.fr\/en\/wp-json\/wp\/v2\/users\/1"}],"replies":[{"embeddable":true,"href":"https:\/\/dcv-berger-allemand.fr\/en\/wp-json\/wp\/v2\/comments?post=124"}],"version-history":[{"count":36,"href":"https:\/\/dcv-berger-allemand.fr\/en\/wp-json\/wp\/v2\/pages\/124\/revisions"}],"predecessor-version":[{"id":1470,"href":"https:\/\/dcv-berger-allemand.fr\/en\/wp-json\/wp\/v2\/pages\/124\/revisions\/1470"}],"wp:attachment":[{"href":"https:\/\/dcv-berger-allemand.fr\/en\/wp-json\/wp\/v2\/media?parent=124"}],"curies":[{"name":"wp","href":"https:\/\/api.w.org\/{rel}","templated":true}]}}