{"id":1168,"date":"2025-05-20T08:33:44","date_gmt":"2025-05-20T08:33:44","guid":{"rendered":"https:\/\/dcv-berger-allemand.fr\/?page_id=1168"},"modified":"2025-05-24T18:02:33","modified_gmt":"2025-05-24T18:02:33","slug":"nes-chez-nous","status":"publish","type":"page","link":"https:\/\/dcv-berger-allemand.fr\/en\/elevage\/nes-chez-nous\/","title":{"rendered":"Born in our country"},"content":{"rendered":"<h2>And yes, they were born here!<\/h2>\n<p>They were just adorable little ones <a href=\"https:\/\/fr.wikipedia.org\/wiki\/Hamster\" target=\"_blank\" rel=\"noopener\">hamsters<\/a> At birth and after passing through the Tyranosaurus stage, they have become beautiful German Shepherds 100% made in Des Crocs V\u00e9ritables!!!<\/p>\n<p><img loading=\"lazy\" decoding=\"async\" class=\"size-medium wp-image-1185 aligncenter\" src=\"https:\/\/dcv-berger-allemand.fr\/wp-content\/uploads\/2025\/05\/file_00000000a27861f4ae0bba0db8731c1e-300x200.png\" alt=\"N\u00e9s chez nous\" width=\"300\" height=\"200\" srcset=\"https:\/\/dcv-berger-allemand.fr\/wp-content\/uploads\/2025\/05\/file_00000000a27861f4ae0bba0db8731c1e-300x200.png 300w, https:\/\/dcv-berger-allemand.fr\/wp-content\/uploads\/2025\/05\/file_00000000a27861f4ae0bba0db8731c1e-1024x683.png 1024w, https:\/\/dcv-berger-allemand.fr\/wp-content\/uploads\/2025\/05\/file_00000000a27861f4ae0bba0db8731c1e-768x512.png 768w, https:\/\/dcv-berger-allemand.fr\/wp-content\/uploads\/2025\/05\/file_00000000a27861f4ae0bba0db8731c1e-18x12.png 18w, https:\/\/dcv-berger-allemand.fr\/wp-content\/uploads\/2025\/05\/file_00000000a27861f4ae0bba0db8731c1e.png 1536w\" sizes=\"auto, (max-width: 300px) 100vw, 300px\" \/><\/p>\n<p>For your viewing pleasure, here they are in pictures\u2026<\/p>\n<div id='gallery-1' class='gallery galleryid-1168 gallery-columns-3 gallery-size-thumbnail'><figure class='gallery-item'>\n\t\t\t<div class='gallery-icon landscape'>\n\t\t\t\t<a href=\"https:\/\/dcv-berger-allemand.fr\/wp-content\/uploads\/2025\/05\/Screenshot_20250518_064830_com_hihonor_photos_SlotAlbumActivity.jpg\"><img loading=\"lazy\" decoding=\"async\" width=\"150\" height=\"150\" src=\"https:\/\/dcv-berger-allemand.fr\/wp-content\/uploads\/2025\/05\/Screenshot_20250518_064830_com_hihonor_photos_SlotAlbumActivity-150x150.jpg\" class=\"attachment-thumbnail size-thumbnail\" alt=\"N\u00e9s chez nous, Berger Allemand 100% made in Des Crocs V\u00e9ritables\" aria-describedby=\"gallery-1-1173\" \/><\/a>\n\t\t\t<\/div>\n\t\t\t\t<figcaption class='wp-caption-text gallery-caption' id='gallery-1-1173'>\n\t\t\t\tValcky Real Crocs\n\t\t\t\t<\/figcaption><\/figure><figure class='gallery-item'>\n\t\t\t<div class='gallery-icon portrait'>\n\t\t\t\t<a href=\"https:\/\/dcv-berger-allemand.fr\/wp-content\/uploads\/2025\/05\/IMG-20250222-WA0009.jpg\"><img loading=\"lazy\" decoding=\"async\" width=\"150\" height=\"150\" src=\"https:\/\/dcv-berger-allemand.fr\/wp-content\/uploads\/2025\/05\/IMG-20250222-WA0009-150x150.jpg\" class=\"attachment-thumbnail size-thumbnail\" alt=\"\" aria-describedby=\"gallery-1-1178\" \/><\/a>\n\t\t\t<\/div>\n\t\t\t\t<figcaption class='wp-caption-text gallery-caption' id='gallery-1-1178'>\n\t\t\t\tVera Real Crocs\n\t\t\t\t<\/figcaption><\/figure><figure class='gallery-item'>\n\t\t\t<div class='gallery-icon landscape'>\n\t\t\t\t<a href=\"https:\/\/dcv-berger-allemand.fr\/wp-content\/uploads\/2025\/05\/IMG_20250511_100901_edit_660707535703948-scaled.jpg\"><img loading=\"lazy\" decoding=\"async\" width=\"150\" height=\"150\" src=\"https:\/\/dcv-berger-allemand.fr\/wp-content\/uploads\/2025\/05\/IMG_20250511_100901_edit_660707535703948-150x150.jpg\" class=\"attachment-thumbnail size-thumbnail\" alt=\"\" aria-describedby=\"gallery-1-1179\" \/><\/a>\n\t\t\t<\/div>\n\t\t\t\t<figcaption class='wp-caption-text gallery-caption' id='gallery-1-1179'>\n\t\t\t\tSia Real Fangs\n\t\t\t\t<\/figcaption><\/figure><figure class='gallery-item'>\n\t\t\t<div class='gallery-icon portrait'>\n\t\t\t\t<a href=\"https:\/\/dcv-berger-allemand.fr\/wp-content\/uploads\/2025\/05\/IMG-20250225-WA0000.jpg\"><img loading=\"lazy\" decoding=\"async\" width=\"150\" height=\"150\" src=\"https:\/\/dcv-berger-allemand.fr\/wp-content\/uploads\/2025\/05\/IMG-20250225-WA0000-150x150.jpg\" class=\"attachment-thumbnail size-thumbnail\" alt=\"\" aria-describedby=\"gallery-1-1177\" \/><\/a>\n\t\t\t<\/div>\n\t\t\t\t<figcaption class='wp-caption-text gallery-caption' id='gallery-1-1177'>\n\t\t\t\tReal Fangs Volcano\n\t\t\t\t<\/figcaption><\/figure><figure class='gallery-item'>\n\t\t\t<div class='gallery-icon landscape'>\n\t\t\t\t<a href=\"https:\/\/dcv-berger-allemand.fr\/wp-content\/uploads\/2025\/05\/IMG-20250523-WA0009.jpg\"><img loading=\"lazy\" decoding=\"async\" width=\"150\" height=\"150\" src=\"https:\/\/dcv-berger-allemand.fr\/wp-content\/uploads\/2025\/05\/IMG-20250523-WA0009-150x150.jpg\" class=\"attachment-thumbnail size-thumbnail\" alt=\"\" aria-describedby=\"gallery-1-1241\" \/><\/a>\n\t\t\t<\/div>\n\t\t\t\t<figcaption class='wp-caption-text gallery-caption' id='gallery-1-1241'>\n\t\t\t\tUktena Real Crocs\n\t\t\t\t<\/figcaption><\/figure><figure class='gallery-item'>\n\t\t\t<div class='gallery-icon portrait'>\n\t\t\t\t<a href=\"https:\/\/dcv-berger-allemand.fr\/wp-content\/uploads\/2025\/05\/IMG-20250331-WA0039.jpg\"><img loading=\"lazy\" decoding=\"async\" width=\"150\" height=\"150\" src=\"https:\/\/dcv-berger-allemand.fr\/wp-content\/uploads\/2025\/05\/IMG-20250331-WA0039-150x150.jpg\" class=\"attachment-thumbnail size-thumbnail\" alt=\"\" aria-describedby=\"gallery-1-1175\" \/><\/a>\n\t\t\t<\/div>\n\t\t\t\t<figcaption class='wp-caption-text gallery-caption' id='gallery-1-1175'>\n\t\t\t\tU&#039;Stark Real Fangs\n\t\t\t\t<\/figcaption><\/figure><figure class='gallery-item'>\n\t\t\t<div class='gallery-icon portrait'>\n\t\t\t\t<a href=\"https:\/\/dcv-berger-allemand.fr\/wp-content\/uploads\/2025\/05\/Screenshot_20250518_093817_com_whatsapp_MediaViewActivity_edit_809907707085157.jpg\"><img loading=\"lazy\" decoding=\"async\" width=\"150\" height=\"150\" src=\"https:\/\/dcv-berger-allemand.fr\/wp-content\/uploads\/2025\/05\/Screenshot_20250518_093817_com_whatsapp_MediaViewActivity_edit_809907707085157-150x150.jpg\" class=\"attachment-thumbnail size-thumbnail\" alt=\"\" aria-describedby=\"gallery-1-1170\" \/><\/a>\n\t\t\t<\/div>\n\t\t\t\t<figcaption class='wp-caption-text gallery-caption' id='gallery-1-1170'>\n\t\t\t\tTikka Real Crocs\n\t\t\t\t<\/figcaption><\/figure><figure class='gallery-item'>\n\t\t\t<div class='gallery-icon landscape'>\n\t\t\t\t<a href=\"https:\/\/dcv-berger-allemand.fr\/wp-content\/uploads\/2025\/05\/IMG-20250518-WA0005.jpg\"><img loading=\"lazy\" decoding=\"async\" width=\"150\" height=\"150\" src=\"https:\/\/dcv-berger-allemand.fr\/wp-content\/uploads\/2025\/05\/IMG-20250518-WA0005-150x150.jpg\" class=\"attachment-thumbnail size-thumbnail\" alt=\"\" aria-describedby=\"gallery-1-1169\" \/><\/a>\n\t\t\t<\/div>\n\t\t\t\t<figcaption class='wp-caption-text gallery-caption' id='gallery-1-1169'>\n\t\t\t\tValeera Real Fangs\n\t\t\t\t<\/figcaption><\/figure><figure class='gallery-item'>\n\t\t\t<div class='gallery-icon portrait'>\n\t\t\t\t<a href=\"https:\/\/dcv-berger-allemand.fr\/wp-content\/uploads\/2025\/05\/Screenshot_20250518_090720_com_whatsapp_MediaViewActivity_edit_808486691050022.jpg\"><img loading=\"lazy\" decoding=\"async\" width=\"150\" height=\"150\" src=\"https:\/\/dcv-berger-allemand.fr\/wp-content\/uploads\/2025\/05\/Screenshot_20250518_090720_com_whatsapp_MediaViewActivity_edit_808486691050022-150x150.jpg\" class=\"attachment-thumbnail size-thumbnail\" alt=\"Garde ou d\u00e9fense\" aria-describedby=\"gallery-1-1171\" \/><\/a>\n\t\t\t<\/div>\n\t\t\t\t<figcaption class='wp-caption-text gallery-caption' id='gallery-1-1171'>\n\t\t\t\tUther of True Fangs\n\t\t\t\t<\/figcaption><\/figure><figure class='gallery-item'>\n\t\t\t<div class='gallery-icon landscape'>\n\t\t\t\t<a href=\"https:\/\/dcv-berger-allemand.fr\/wp-content\/uploads\/2025\/05\/IMG-20250316-WA0007.jpg\"><img loading=\"lazy\" decoding=\"async\" width=\"150\" height=\"150\" src=\"https:\/\/dcv-berger-allemand.fr\/wp-content\/uploads\/2025\/05\/IMG-20250316-WA0007-150x150.jpg\" class=\"attachment-thumbnail size-thumbnail\" alt=\"N\u00e9s chez nous, Berger Allemand 100% made in Des Crocs V\u00e9ritables\" aria-describedby=\"gallery-1-1176\" \/><\/a>\n\t\t\t<\/div>\n\t\t\t\t<figcaption class='wp-caption-text gallery-caption' id='gallery-1-1176'>\n\t\t\t\tV-Isa Real Fangs\n\t\t\t\t<\/figcaption><\/figure><figure class='gallery-item'>\n\t\t\t<div class='gallery-icon landscape'>\n\t\t\t\t<a href=\"https:\/\/dcv-berger-allemand.fr\/wp-content\/uploads\/2025\/05\/Screenshot_20250518_082749_com_whatsapp_MediaViewActivity_edit_806917088475725.jpg\"><img loading=\"lazy\" decoding=\"async\" width=\"150\" height=\"150\" src=\"https:\/\/dcv-berger-allemand.fr\/wp-content\/uploads\/2025\/05\/Screenshot_20250518_082749_com_whatsapp_MediaViewActivity_edit_806917088475725-150x150.jpg\" class=\"attachment-thumbnail size-thumbnail\" alt=\"\" aria-describedby=\"gallery-1-1172\" \/><\/a>\n\t\t\t<\/div>\n\t\t\t\t<figcaption class='wp-caption-text gallery-caption' id='gallery-1-1172'>\n\t\t\t\tTheo Real Fangs\n\t\t\t\t<\/figcaption><\/figure><figure class='gallery-item'>\n\t\t\t<div class='gallery-icon portrait'>\n\t\t\t\t<a href=\"https:\/\/dcv-berger-allemand.fr\/wp-content\/uploads\/2025\/05\/IMG_20250428_214758.jpg\"><img loading=\"lazy\" decoding=\"async\" width=\"150\" height=\"150\" src=\"https:\/\/dcv-berger-allemand.fr\/wp-content\/uploads\/2025\/05\/IMG_20250428_214758-150x150.jpg\" class=\"attachment-thumbnail size-thumbnail\" alt=\"\" aria-describedby=\"gallery-1-1174\" \/><\/a>\n\t\t\t<\/div>\n\t\t\t\t<figcaption class='wp-caption-text gallery-caption' id='gallery-1-1174'>\n\t\t\t\tSeven Real Fangs\n\t\t\t\t<\/figcaption><\/figure>\n\t\t<\/div>\n\n<p>If you want to see your dog here, send us a nice photo and we&#039;ll be happy to post it!<\/p>\n<p><a class=\"continue-button\" style=\"display: inline-block; background-color: #2c3e50; color: #ffffff; padding: 12px 24px; border-radius: 8px; text-decoration: none; font-size: 18px; transition: background-color 0.3s ease;\" href=\"https:\/\/dcv-berger-allemand.fr\/en\/photos-et-videos\/\"><br \/>\nContinue to the next section<br \/>\n<\/a><br \/>\n&nbsp;<\/p>\n<div style=\"display: flex; flex-wrap: wrap; justify-content: center; gap: 10px; margin-top: 30px;\"><span style=\"color: #666666; text-align: center;\">\u00a9 2025 \u00c9levage des Crocs V\u00e9ritables<\/span><\/div>\n<p>&nbsp;<\/p>\n<div style=\"text-align: center; font-size: 16px; margin-top: 20px;\"><strong>Quick navigation:<\/strong><\/div>\n<div style=\"text-align: center; font-size: 16px; margin-top: 20px;\"><a href=\"https:\/\/dcv-berger-allemand.fr\/en\/\">Home<\/a><br \/><a href=\"\/en\/le-berger-allemand\/\">The German Shepherd<\/a> | <a href=\"\/en\/sante\/\">Health<\/a> | <a href=\"\/en\/selection\/\">Selection<\/a> | <a href=\"\/en\/vivre-avec-un-berger-allemand\/\">Living with a German Shepherd<\/a> | <a href=\"\/en\/education-et-dressage\/\">Education and training<\/a> | <a href=\"\/en\/elevage\/\">Breeding<\/a> | <a href=\"\/en\/photos-et-videos\/\">Photos<\/a> | <a href=\"\/en\/contact\/\">Contact<\/a> | <a href=\"\/en\/liens-et-bibliographie\/\">Links <\/a> | <em><span style=\"color: #339966;\"><a style=\"color: #339966;\" href=\"https:\/\/dcv-berger-allemand.fr\/en\/articles-et-reflexions\/\">Articles and Reflections<\/a><\/span><\/em><\/div>","protected":false},"excerpt":{"rendered":"<p>Et oui ils sont n\u00e9s chez nous! Ils n&rsquo;\u00e9taient que d&rsquo;adorables petits hamsters \u00e0 leur naissance et apr\u00e8s \u00eatre pass\u00e9s par le stade Tyranosaure les voil\u00e0 devenus de beaux berger allemand 100% made in Des Crocs V\u00e9ritables!!! Pour le plaisir des yeux les voici en image&#8230; Si vous voulez voir votre chien ici envoyez-nous une [&hellip;]<\/p>","protected":false},"author":1,"featured_media":0,"parent":143,"menu_order":5,"comment_status":"closed","ping_status":"closed","template":"","meta":{"footnotes":""},"class_list":["post-1168","page","type-page","status-publish","hentry"],"_links":{"self":[{"href":"https:\/\/dcv-berger-allemand.fr\/en\/wp-json\/wp\/v2\/pages\/1168","targetHints":{"allow":["GET"]}}],"collection":[{"href":"https:\/\/dcv-berger-allemand.fr\/en\/wp-json\/wp\/v2\/pages"}],"about":[{"href":"https:\/\/dcv-berger-allemand.fr\/en\/wp-json\/wp\/v2\/types\/page"}],"author":[{"embeddable":true,"href":"https:\/\/dcv-berger-allemand.fr\/en\/wp-json\/wp\/v2\/users\/1"}],"replies":[{"embeddable":true,"href":"https:\/\/dcv-berger-allemand.fr\/en\/wp-json\/wp\/v2\/comments?post=1168"}],"version-history":[{"count":9,"href":"https:\/\/dcv-berger-allemand.fr\/en\/wp-json\/wp\/v2\/pages\/1168\/revisions"}],"predecessor-version":[{"id":1297,"href":"https:\/\/dcv-berger-allemand.fr\/en\/wp-json\/wp\/v2\/pages\/1168\/revisions\/1297"}],"up":[{"embeddable":true,"href":"https:\/\/dcv-berger-allemand.fr\/en\/wp-json\/wp\/v2\/pages\/143"}],"wp:attachment":[{"href":"https:\/\/dcv-berger-allemand.fr\/en\/wp-json\/wp\/v2\/media?parent=1168"}],"curies":[{"name":"wp","href":"https:\/\/api.w.org\/{rel}","templated":true}]}}